{"id":4346,"date":"2014-03-07T09:59:33","date_gmt":"2014-03-07T09:59:33","guid":{"rendered":"http:\/\/textinova.lu\/accueil\/?lang=en"},"modified":"2017-06-08T15:29:49","modified_gmt":"2017-06-08T13:29:49","slug":"accueil","status":"publish","type":"page","link":"https:\/\/textinova.lu\/en\/accueil\/","title":{"rendered":"Home"},"content":{"rendered":"<p>[ig_row width=&#8221;no_cont&#8221; r_class=&#8221;none&#8221; background=&#8221;none&#8221; border_width_value_=&#8221;0&#8243; border_style=&#8221;solid&#8221; border_color=&#8221;#000&#8243; div_padding_top=&#8221;0&#8243; div_padding_right=&#8221;0&#8243; div_padding_bottom=&#8221;0&#8243; div_padding_left=&#8221;0&#8243; ][ig_column span=&#8221;span12&#8243;][ig_ti_text el_title=&#8221;Slider&#8221; text_type=&#8221;normal&#8221; enable_dropcap=&#8221;no&#8221; disabled_el=&#8221;no&#8221; ]<\/p>\n<div class=\"banner-wrap\">\n\t\t\t<!-- START Main Slider REVOLUTION SLIDER 6.6.14 --><p class=\"rs-p-wp-fix\"><\/p>\n\t\t\t<rs-module-wrap id=\"rev_slider_3_1_wrapper\" data-source=\"gallery\" style=\"visibility:hidden;background:#E9E9E9;padding:0;margin:0px auto;margin-top:0;margin-bottom:0;\">\n\t\t\t\t<rs-module id=\"rev_slider_3_1\" style=\"\" data-version=\"6.6.14\">\n\t\t\t\t\t<rs-slides style=\"overflow: hidden; position: absolute;\">\n\t\t\t\t\t\t<rs-slide style=\"position: absolute;\" data-key=\"rs-141\" data-title=\"Slide\" data-thumb=\"\/\/textinova.lu\/wp-content\/uploads\/2015\/08\/ARVORE-DA-VIDA-100x50.jpg\" data-anim=\"adpr:false;\" data-in=\"o:0;\" data-out=\"a:false;\">\n\t\t\t\t\t\t\t<img decoding=\"async\" src=\"\/\/textinova.lu\/wp-content\/plugins\/revslider\/public\/assets\/assets\/dummy.png\" alt=\"\" title=\"Home\" class=\"rev-slidebg tp-rs-img rs-lazyload\" data-lazyload=\"\/\/textinova.lu\/wp-content\/uploads\/2015\/08\/ARVORE-DA-VIDA.jpg\" data-panzoom=\"d:10000;ss:120;se:100;os:0\/120;oe:0\/100;\" data-no-retina>\n<!---->\t\t\t\t\t\t<\/rs-slide>\n\t\t\t\t\t\t<rs-slide style=\"position: absolute;\" data-key=\"rs-445\" data-title=\"Slide\" data-thumb=\"\/\/textinova.lu\/wp-content\/uploads\/2026\/03\/MAQUETTE-FILIGRANA-2026-100x50.png\" data-anim=\"adpr:false;\" data-in=\"o:0;\" data-out=\"a:false;\">\n\t\t\t\t\t\t\t<img decoding=\"async\" src=\"\/\/textinova.lu\/wp-content\/plugins\/revslider\/public\/assets\/assets\/dummy.png\" alt=\"\" title=\"MAQUETTE FILIGRANA 2026\" width=\"1882\" height=\"826\" class=\"rev-slidebg tp-rs-img rs-lazyload\" data-lazyload=\"\/\/textinova.lu\/wp-content\/uploads\/2026\/03\/MAQUETTE-FILIGRANA-2026.png\" data-panzoom=\"d:10000;ss:130%;se:100;\" data-no-retina>\n<!--\n\t\t\t\t\t\t\t--><rs-layer\n\t\t\t\t\t\t\t\tid=\"slider-3-slide-445-layer-1\" \n\t\t\t\t\t\t\t\tdata-type=\"text\"\n\t\t\t\t\t\t\t\tdata-color=\"#ffcc00\"\n\t\t\t\t\t\t\t\tdata-rsp_ch=\"on\"\n\t\t\t\t\t\t\t\tdata-xy=\"x:c;y:223px;\"\n\t\t\t\t\t\t\t\tdata-text=\"s:70;l:95;a:inherit;\"\n\t\t\t\t\t\t\t\tdata-frame_0=\"y:-50;\"\n\t\t\t\t\t\t\t\tdata-frame_1=\"sp:1000;\"\n\t\t\t\t\t\t\t\tdata-frame_999=\"o:0;st:2500;sR:2200;\"\n\t\t\t\t\t\t\t\tstyle=\"z-index:6;background-color:rgba(76,217,100,0.5);font-family:'Arial';\"\n\t\t\t\t\t\t\t>En vente  sur notre stand \n\t\t\t\t\t\t\t<\/rs-layer><!--\n\n\t\t\t\t\t\t\t--><rs-layer\n\t\t\t\t\t\t\t\tid=\"slider-3-slide-445-layer-2\" \n\t\t\t\t\t\t\t\tdata-type=\"text\"\n\t\t\t\t\t\t\t\tdata-color=\"#ffcc00\"\n\t\t\t\t\t\t\t\tdata-rsp_ch=\"on\"\n\t\t\t\t\t\t\t\tdata-xy=\"x:c;y:49px;\"\n\t\t\t\t\t\t\t\tdata-text=\"s:60;l:95;a:inherit;\"\n\t\t\t\t\t\t\t\tdata-frame_0=\"y:-50;\"\n\t\t\t\t\t\t\t\tdata-frame_1=\"sp:1000;\"\n\t\t\t\t\t\t\t\tdata-frame_999=\"y:50;o:0;st:2500;sp:1000;\"\n\t\t\t\t\t\t\t\tstyle=\"z-index:7;background-color:rgba(76,217,100,0.5);font-family:'Arial';\"\n\t\t\t\t\t\t\t>Bijou Filigrane,\nl' \u00e9l\u00e9gance intemporelle \n\t\t\t\t\t\t\t<\/rs-layer><!--\n-->\t\t\t\t\t\t<\/rs-slide>\n\t\t\t\t\t\t<rs-slide style=\"position: absolute;\" data-key=\"rs-465\" data-title=\"Slide\" data-thumb=\"\/\/textinova.lu\/wp-content\/uploads\/2023\/07\/347433662_730052439124822_2863361771243813052_n-100x50.jpg\" data-anim=\"adpr:false;\" data-in=\"o:0;\" data-out=\"a:false;\">\n\t\t\t\t\t\t\t<img decoding=\"async\" src=\"\/\/textinova.lu\/wp-content\/plugins\/revslider\/public\/assets\/assets\/dummy.png\" alt=\"\" title=\"347433662_730052439124822_2863361771243813052_n\" width=\"2048\" height=\"1562\" class=\"rev-slidebg tp-rs-img rs-lazyload\" data-lazyload=\"\/\/textinova.lu\/wp-content\/uploads\/2023\/07\/347433662_730052439124822_2863361771243813052_n.jpg\" data-panzoom=\"d:10000;ss:100%;se:120%;\" data-no-retina>\n<!--\n\t\t\t\t\t\t\t--><rs-layer\n\t\t\t\t\t\t\t\tid=\"slider-3-slide-465-layer-3\" \n\t\t\t\t\t\t\t\tdata-type=\"text\"\n\t\t\t\t\t\t\t\tdata-color=\"#ffcc00\"\n\t\t\t\t\t\t\t\tdata-rsp_ch=\"on\"\n\t\t\t\t\t\t\t\tdata-xy=\"x:c;xo:-9px;y:71px;\"\n\t\t\t\t\t\t\t\tdata-text=\"s:80;l:95;a:inherit;\"\n\t\t\t\t\t\t\t\tdata-dim=\"w:579px;\"\n\t\t\t\t\t\t\t\tdata-frame_0=\"y:-100%;\"\n\t\t\t\t\t\t\t\tdata-frame_0_mask=\"u:t;\"\n\t\t\t\t\t\t\t\tdata-frame_1=\"sp:1200;\"\n\t\t\t\t\t\t\t\tdata-frame_1_mask=\"u:t;\"\n\t\t\t\t\t\t\t\tdata-frame_999=\"o:0;st:w;sR:2200;\"\n\t\t\t\t\t\t\t\tstyle=\"z-index:6;background-color:rgba(76,217,100,0.5);font-family:'Arial';\"\n\t\t\t\t\t\t\t>Stand Textinova \n\t\t\t\t\t\t\t<\/rs-layer><!--\n-->\t\t\t\t\t\t<\/rs-slide>\n\t\t\t\t\t\t<rs-slide style=\"position: absolute;\" data-key=\"rs-367\" data-title=\"Slide\" data-thumb=\"\/\/textinova.lu\/wp-content\/uploads\/2026\/03\/Sans-titre-100x50.png\" data-anim=\"adpr:false;\" data-in=\"o:0;\" data-out=\"a:false;\">\n\t\t\t\t\t\t\t<img decoding=\"async\" src=\"\/\/textinova.lu\/wp-content\/plugins\/revslider\/public\/assets\/assets\/dummy.png\" alt=\"\" title=\"Sans titre\" width=\"1265\" height=\"889\" class=\"rev-slidebg tp-rs-img rs-lazyload\" data-lazyload=\"\/\/textinova.lu\/wp-content\/uploads\/2026\/03\/Sans-titre.png\" data-panzoom=\"d:10000;ss:110;se:120;\" data-no-retina>\n<!--\n\t\t\t\t\t\t\t--><rs-layer\n\t\t\t\t\t\t\t\tid=\"slider-3-slide-367-layer-1\" \n\t\t\t\t\t\t\t\tdata-type=\"text\"\n\t\t\t\t\t\t\t\tdata-color=\"#ffcc00\"\n\t\t\t\t\t\t\t\tdata-rsp_ch=\"on\"\n\t\t\t\t\t\t\t\tdata-xy=\"x:c;y:170px;\"\n\t\t\t\t\t\t\t\tdata-text=\"s:95;l:95;a:inherit;\"\n\t\t\t\t\t\t\t\tdata-frame_0=\"x:-100%;o:1;\"\n\t\t\t\t\t\t\t\tdata-frame_0_mask=\"u:t;\"\n\t\t\t\t\t\t\t\tdata-frame_1=\"sp:1500;\"\n\t\t\t\t\t\t\t\tdata-frame_1_mask=\"u:t;\"\n\t\t\t\t\t\t\t\tdata-frame_999=\"o:0;st:2499.9996948242;sR:2199.9996948242;\"\n\t\t\t\t\t\t\t\tstyle=\"z-index:6;background-color:rgba(76,217,100,0.5);font-family:'Arial';\"\n\t\t\t\t\t\t\t>Made in Portugal \n\t\t\t\t\t\t\t<\/rs-layer><!--\n\n\t\t\t\t\t\t\t--><rs-layer\n\t\t\t\t\t\t\t\tid=\"slider-3-slide-367-layer-3\" \n\t\t\t\t\t\t\t\tdata-type=\"text\"\n\t\t\t\t\t\t\t\tdata-color=\"#ffcc00\"\n\t\t\t\t\t\t\t\tdata-rsp_ch=\"on\"\n\t\t\t\t\t\t\t\tdata-xy=\"x:c;y:323px;\"\n\t\t\t\t\t\t\t\tdata-text=\"s:60;l:60;a:inherit;\"\n\t\t\t\t\t\t\t\tdata-frame_0=\"x:175%;o:1;\"\n\t\t\t\t\t\t\t\tdata-frame_0_mask=\"u:t;x:-100%;\"\n\t\t\t\t\t\t\t\tdata-frame_1=\"e:power3.out;sp:1500;\"\n\t\t\t\t\t\t\t\tdata-frame_1_mask=\"u:t;\"\n\t\t\t\t\t\t\t\tdata-frame_999=\"o:0;st:2499.9996948242;sR:2199.9996948242;\"\n\t\t\t\t\t\t\t\tstyle=\"z-index:7;background-color:rgba(76,217,100,0.5);font-family:'Arial';\"\n\t\t\t\t\t\t\t>Vegan Shoes \n\t\t\t\t\t\t\t<\/rs-layer><!--\n-->\t\t\t\t\t\t<\/rs-slide>\n\t\t\t\t\t\t<rs-slide style=\"position: absolute;\" data-key=\"rs-483\" data-title=\"Slide\" data-thumb=\"\/\/textinova.lu\/wp-content\/uploads\/2026\/03\/PORTES-MONNAIES-100x50.jpeg\" data-in=\"o:0;\" data-out=\"a:false;\">\n\t\t\t\t\t\t\t<img decoding=\"async\" src=\"\/\/textinova.lu\/wp-content\/plugins\/revslider\/public\/assets\/assets\/dummy.png\" alt=\"\" title=\"PORTES MONNAIES\" width=\"2016\" height=\"1512\" class=\"rev-slidebg tp-rs-img rs-lazyload\" data-lazyload=\"\/\/textinova.lu\/wp-content\/uploads\/2026\/03\/PORTES-MONNAIES.jpeg\" data-panzoom=\"d:10000;ss:120%;se:100;\" data-no-retina>\n<!--\n\t\t\t\t\t\t\t--><rs-layer\n\t\t\t\t\t\t\t\tid=\"slider-3-slide-483-layer-12\" \n\t\t\t\t\t\t\t\tdata-type=\"text\"\n\t\t\t\t\t\t\t\tdata-color=\"#ffcc00\"\n\t\t\t\t\t\t\t\tdata-rsp_ch=\"on\"\n\t\t\t\t\t\t\t\tdata-xy=\"x:347px;y:130px;\"\n\t\t\t\t\t\t\t\tdata-text=\"w:normal;s:85;l:95;a:center;\"\n\t\t\t\t\t\t\t\tdata-frame_0=\"o:1;\"\n\t\t\t\t\t\t\t\tdata-frame_0_chars=\"d:5;y:100%;o:0;rZ:-35deg;\"\n\t\t\t\t\t\t\t\tdata-frame_0_mask=\"u:t;\"\n\t\t\t\t\t\t\t\tdata-frame_1=\"sp:1200;\"\n\t\t\t\t\t\t\t\tdata-frame_1_chars=\"e:power4.inOut;d:10;rZ:0deg;\"\n\t\t\t\t\t\t\t\tdata-frame_1_mask=\"u:t;\"\n\t\t\t\t\t\t\t\tdata-frame_999=\"o:0;st:w;\"\n\t\t\t\t\t\t\t\tstyle=\"z-index:5;background-color:rgba(76,217,100,0.53);font-family:'Roboto';\"\n\t\t\t\t\t\t\t> \n\t\t\t\t\t\t\t<\/rs-layer><!--\n-->\t\t\t\t\t\t<\/rs-slide>\n\t\t\t\t\t\t<rs-slide style=\"position: absolute;\" data-key=\"rs-449\" data-title=\"Slide\" data-thumb=\"\/\/textinova.lu\/wp-content\/uploads\/2026\/03\/TROIS-SACS-SITE-100x50.jpeg\" data-anim=\"adpr:false;d:30;\" data-in=\"o:0;\" data-out=\"a:false;\">\n\t\t\t\t\t\t\t<img decoding=\"async\" src=\"\/\/textinova.lu\/wp-content\/plugins\/revslider\/public\/assets\/assets\/dummy.png\" alt=\"\" title=\"TROIS SACS SITE\" width=\"2016\" height=\"1512\" class=\"rev-slidebg tp-rs-img rs-lazyload\" data-lazyload=\"\/\/textinova.lu\/wp-content\/uploads\/2026\/03\/TROIS-SACS-SITE.jpeg\" data-panzoom=\"d:10000;ss:120;se:100;\" data-no-retina>\n<!--\n\t\t\t\t\t\t\t--><rs-layer\n\t\t\t\t\t\t\t\tid=\"slider-3-slide-449-layer-1\" \n\t\t\t\t\t\t\t\tdata-type=\"text\"\n\t\t\t\t\t\t\t\tdata-color=\"#ffcc00\"\n\t\t\t\t\t\t\t\tdata-rsp_ch=\"on\"\n\t\t\t\t\t\t\t\tdata-xy=\"x:c;y:100px;\"\n\t\t\t\t\t\t\t\tdata-text=\"s:90;l:98;a:inherit;\"\n\t\t\t\t\t\t\t\tdata-frame_0=\"x:-100%;o:1;\"\n\t\t\t\t\t\t\t\tdata-frame_0_mask=\"u:t;\"\n\t\t\t\t\t\t\t\tdata-frame_1=\"sp:1500;\"\n\t\t\t\t\t\t\t\tdata-frame_1_mask=\"u:t;\"\n\t\t\t\t\t\t\t\tdata-frame_999=\"o:0;st:2500.0003051758;sR:1000.0003051758;\"\n\t\t\t\t\t\t\t\tstyle=\"z-index:5;background-color:rgba(76,217,100,0.5);font-family:'Arial';\"\n\t\t\t\t\t\t\t>Collection 2026 \n\t\t\t\t\t\t\t<\/rs-layer><!--\n-->\t\t\t\t\t\t<\/rs-slide>\n\t\t\t\t\t<\/rs-slides>\n\t\t\t\t<\/rs-module>\n\t\t\t\t<script>\n\t\t\t\t\tsetREVStartSize({c: 'rev_slider_3_1',rl:[1240,1024,778,480],el:[620],gw:[1170],gh:[620],type:'standard',justify:'',layout:'fullwidth',mh:\"620\"});if (window.RS_MODULES!==undefined && window.RS_MODULES.modules!==undefined && window.RS_MODULES.modules[\"revslider31\"]!==undefined) {window.RS_MODULES.modules[\"revslider31\"].once = false;window.revapi3 = undefined;if (window.RS_MODULES.checkMinimal!==undefined) window.RS_MODULES.checkMinimal()}\n\t\t\t\t<\/script>\n\t\t\t<\/rs-module-wrap>\n\t\t\t<!-- END REVOLUTION SLIDER -->\n<\/div>\n<p>[\/ig_ti_text][ig_spacer div_margin_top=&#8221;10&#8243; div_margin_bottom=&#8221;10&#8243; disabled_el=&#8221;no&#8221; copy_style_from=&#8221;0&#8243; ][\/ig_spacer][\/ig_column][\/ig_row][ig_row width=&#8221;boxed&#8221; r_class=&#8221;none&#8221; background=&#8221;none&#8221; solid_color_value=&#8221;#FFFFFF&#8221; solid_color_color=&#8221;#ffffff&#8221; gradient_color=&#8221;0% #FFFFFF,100% #000000&#8243; gradient_direction=&#8221;vertical&#8221; repeat=&#8221;full&#8221; stretch=&#8221;none&#8221; position=&#8221;center center&#8221; paralax=&#8221;no&#8221; border_width_value_=&#8221;0&#8243; border_style=&#8221;solid&#8221; border_color=&#8221;#000&#8243; div_padding_top=&#8221;10&#8243; div_padding_bottom=&#8221;10&#8243; div_padding_right=&#8221;10&#8243; div_padding_left=&#8221;10&#8243; ][ig_column span=&#8221;span4&#8243;][ig_ti_text el_title=&#8221;No Markup Text&#8221; text_type=&#8221;normal&#8221; enable_dropcap=&#8221;no&#8221; disabled_el=&#8221;no&#8221; ]<\/p>\n<h4 class=\"sm-title\"><span style=\"color: #ff6600;\"><strong>A very special tree<\/strong><\/span><\/h4>\n<p class=\"sm-title\">This tree has very special characteristics as it gets to live to up to 200 years even at the expense of decortication (removal of the outer layer) by man throughout its life. Each 9 years a decortication takes place which can sum up to at total of around 16 decortications. Its extracted barks provide a vegetal fiber which can be used for countless purposes that go far beyond the simple and traditional cork cap for bottles.[\/ig_ti_text][\/ig_column][ig_column span=&#8221;span4&#8243;][ig_ti_text el_title=&#8221;No Markup Text&#8221; text_type=&#8221;normal&#8221; enable_dropcap=&#8221;no&#8221; disabled_el=&#8221;no&#8221; ]<\/p>\n<h4 class=\"sm-title\"><span style=\"color: #ff6600;\"><strong>A natural fabric<\/strong><\/span><\/h4>\n<p>This carefully harvested plant tissue possesses incomparable qualities which haven&#8217;t been imitated or overcome by any other material to this day. Cork is the ultimate lightweight material, resistant to liquid and gas aswell as an excellent acoustic and thermal insolation..[\/ig_ti_text][\/ig_column][ig_column span=&#8221;span4&#8243;][ig_ti_text el_title=&#8221;No Markup Text&#8221; text_type=&#8221;normal&#8221; enable_dropcap=&#8221;no&#8221; disabled_el=&#8221;no&#8221; ]<\/p>\n<h4 class=\"sm-title\"><span style=\"color: #339966;\"><strong>100% Biological<\/strong><\/span><\/h4>\n<p class=\"sm-title\">Above all it is a 100% natural material which is recyclable, biodegradable, waterproof and easy to clean with soap . Simply wipe the dirty stain with a clean cloth and a little soap and water. Remove any excess soap with a moist cloth and allow the product to dry naturally.<\/p>\n<p class=\"sm-title\"><span style=\"color: #003300;\"><span style=\"color: #339966;\">Less pollution, use cork !<\/span> <\/span>[\/ig_ti_text][\/ig_column][\/ig_row][ig_row width=&#8221;boxed&#8221; r_class=&#8221;none&#8221; background=&#8221;none&#8221; solid_color_value=&#8221;#FFFFFF&#8221; solid_color_color=&#8221;#ffffff&#8221; gradient_color=&#8221;0% #FFFFFF,100% #000000&#8243; gradient_direction=&#8221;vertical&#8221; repeat=&#8221;full&#8221; stretch=&#8221;none&#8221; position=&#8221;center center&#8221; paralax=&#8221;no&#8221; border_width_value_=&#8221;0&#8243; border_style=&#8221;solid&#8221; border_color=&#8221;#000&#8243; div_padding_top=&#8221;10&#8243; div_padding_bottom=&#8221;10&#8243; div_padding_right=&#8221;10&#8243; div_padding_left=&#8221;10&#8243; ][ig_column span=&#8221;span12&#8243;][ig_spacer div_margin_top=&#8221;10&#8243; div_margin_bottom=&#8221;10&#8243; disabled_el=&#8221;no&#8221; copy_style_from=&#8221;0&#8243; ][\/ig_spacer][\/ig_column][\/ig_row]<\/p>\n","protected":false},"excerpt":{"rendered":"<p>[ig_row width=&#8221;no_cont&#8221; r_class=&#8221;none&#8221; background=&#8221;none&#8221; border_width_value_=&#8221;0&#8243; border_style=&#8221;solid&#8221; border_color=&#8221;#000&#8243; div_padding_top=&#8221;0&#8243; div_padding_right=&#8221;0&#8243; div_padding_bottom=&#8221;0&#8243; div_padding_left=&#8221;0&#8243; ][ig_column span=&#8221;span12&#8243;][ig_ti_text el_title=&#8221;Slider&#8221; text_type=&#8221;normal&#8221; enable_dropcap=&#8221;no&#8221; disabled_el=&#8221;no&#8221; ] [&hellip;]<\/p>\n","protected":false},"author":946,"featured_media":0,"parent":0,"menu_order":0,"comment_status":"closed","ping_status":"closed","template":"","meta":{"footnotes":""},"class_list":["post-4346","page","type-page","status-publish","hentry"],"yoast_head":"<!-- This site is optimized with the Yoast SEO plugin v25.5 - https:\/\/yoast.com\/wordpress\/plugins\/seo\/ -->\n<title>Home - Design Textinova - Articles en Li\u00e8ge -Cr\u00e9ateur sacs en Li\u00e8ge,Bijouterie en Li\u00e8ge,accesoires en Li\u00e8ge<\/title>\n<meta name=\"robots\" content=\"index, follow, max-snippet:-1, max-image-preview:large, max-video-preview:-1\" \/>\n<link rel=\"canonical\" href=\"https:\/\/textinova.lu\/en\/accueil\/\" \/>\n<meta property=\"og:locale\" content=\"en_US\" \/>\n<meta property=\"og:type\" content=\"article\" \/>\n<meta property=\"og:title\" content=\"Home - Design Textinova - Articles en Li\u00e8ge -Cr\u00e9ateur sacs en Li\u00e8ge,Bijouterie en Li\u00e8ge,accesoires en Li\u00e8ge\" \/>\n<meta property=\"og:description\" content=\"[ig_row width=&#8221;no_cont&#8221; r_class=&#8221;none&#8221; background=&#8221;none&#8221; border_width_value_=&#8221;0&#8243; border_style=&#8221;solid&#8221; border_color=&#8221;#000&#8243; div_padding_top=&#8221;0&#8243; div_padding_right=&#8221;0&#8243; div_padding_bottom=&#8221;0&#8243; div_padding_left=&#8221;0&#8243; ][ig_column span=&#8221;span12&#8243;][ig_ti_text el_title=&#8221;Slider&#8221; text_type=&#8221;normal&#8221; enable_dropcap=&#8221;no&#8221; disabled_el=&#8221;no&#8221; ] [&hellip;]\" \/>\n<meta property=\"og:url\" content=\"https:\/\/textinova.lu\/en\/accueil\/\" \/>\n<meta property=\"og:site_name\" content=\"Design Textinova - Articles en Li\u00e8ge -Cr\u00e9ateur sacs en Li\u00e8ge,Bijouterie en Li\u00e8ge,accesoires en Li\u00e8ge\" \/>\n<meta property=\"article:modified_time\" content=\"2017-06-08T13:29:49+00:00\" \/>\n<meta name=\"twitter:card\" content=\"summary_large_image\" \/>\n<meta name=\"twitter:label1\" content=\"Est. reading time\" \/>\n\t<meta name=\"twitter:data1\" content=\"2 minutes\" \/>\n<script type=\"application\/ld+json\" class=\"yoast-schema-graph\">{\"@context\":\"https:\/\/schema.org\",\"@graph\":[{\"@type\":\"WebPage\",\"@id\":\"https:\/\/textinova.lu\/en\/accueil\/\",\"url\":\"https:\/\/textinova.lu\/en\/accueil\/\",\"name\":\"Home - Design Textinova - Articles en Li\u00e8ge -Cr\u00e9ateur sacs en Li\u00e8ge,Bijouterie en Li\u00e8ge,accesoires en Li\u00e8ge\",\"isPartOf\":{\"@id\":\"https:\/\/textinova.lu\/#website\"},\"datePublished\":\"2014-03-07T09:59:33+00:00\",\"dateModified\":\"2017-06-08T13:29:49+00:00\",\"breadcrumb\":{\"@id\":\"https:\/\/textinova.lu\/en\/accueil\/#breadcrumb\"},\"inLanguage\":\"en-US\",\"potentialAction\":[{\"@type\":\"ReadAction\",\"target\":[\"https:\/\/textinova.lu\/en\/accueil\/\"]}]},{\"@type\":\"BreadcrumbList\",\"@id\":\"https:\/\/textinova.lu\/en\/accueil\/#breadcrumb\",\"itemListElement\":[{\"@type\":\"ListItem\",\"position\":1,\"name\":\"Accueil\",\"item\":\"https:\/\/textinova.lu\/en\/\"},{\"@type\":\"ListItem\",\"position\":2,\"name\":\"Home\"}]},{\"@type\":\"WebSite\",\"@id\":\"https:\/\/textinova.lu\/#website\",\"url\":\"https:\/\/textinova.lu\/\",\"name\":\"Textinova\",\"description\":\"Cr\u00e9ations Artisanales en Li\u00e8ge 100% Naturel\",\"publisher\":{\"@id\":\"https:\/\/textinova.lu\/#organization\"},\"potentialAction\":[{\"@type\":\"SearchAction\",\"target\":{\"@type\":\"EntryPoint\",\"urlTemplate\":\"https:\/\/textinova.lu\/?s={search_term_string}\"},\"query-input\":{\"@type\":\"PropertyValueSpecification\",\"valueRequired\":true,\"valueName\":\"search_term_string\"}}],\"inLanguage\":\"en-US\"},{\"@type\":\"Organization\",\"@id\":\"https:\/\/textinova.lu\/#organization\",\"name\":\"Textinova\",\"url\":\"https:\/\/textinova.lu\/\",\"logo\":{\"@type\":\"ImageObject\",\"inLanguage\":\"en-US\",\"@id\":\"https:\/\/textinova.lu\/#\/schema\/logo\/image\/\",\"url\":\"https:\/\/textinova.lu\/wp-content\/uploads\/2023\/05\/logo-textinova-cork-luxdesign.-2015jpg.jpg\",\"contentUrl\":\"https:\/\/textinova.lu\/wp-content\/uploads\/2023\/05\/logo-textinova-cork-luxdesign.-2015jpg.jpg\",\"width\":300,\"height\":190,\"caption\":\"Textinova\"},\"image\":{\"@id\":\"https:\/\/textinova.lu\/#\/schema\/logo\/image\/\"},\"sameAs\":[\"https:\/\/www.youtube.com\/channel\/UC-re5faHketDuAZHsyjnxFw\"]}]}<\/script>\n<!-- \/ Yoast SEO plugin. -->","yoast_head_json":{"title":"Home - Design Textinova - Articles en Li\u00e8ge -Cr\u00e9ateur sacs en Li\u00e8ge,Bijouterie en Li\u00e8ge,accesoires en Li\u00e8ge","robots":{"index":"index","follow":"follow","max-snippet":"max-snippet:-1","max-image-preview":"max-image-preview:large","max-video-preview":"max-video-preview:-1"},"canonical":"https:\/\/textinova.lu\/en\/accueil\/","og_locale":"en_US","og_type":"article","og_title":"Home - Design Textinova - Articles en Li\u00e8ge -Cr\u00e9ateur sacs en Li\u00e8ge,Bijouterie en Li\u00e8ge,accesoires en Li\u00e8ge","og_description":"[ig_row width=&#8221;no_cont&#8221; r_class=&#8221;none&#8221; background=&#8221;none&#8221; border_width_value_=&#8221;0&#8243; border_style=&#8221;solid&#8221; border_color=&#8221;#000&#8243; div_padding_top=&#8221;0&#8243; div_padding_right=&#8221;0&#8243; div_padding_bottom=&#8221;0&#8243; div_padding_left=&#8221;0&#8243; ][ig_column span=&#8221;span12&#8243;][ig_ti_text el_title=&#8221;Slider&#8221; text_type=&#8221;normal&#8221; enable_dropcap=&#8221;no&#8221; disabled_el=&#8221;no&#8221; ] [&hellip;]","og_url":"https:\/\/textinova.lu\/en\/accueil\/","og_site_name":"Design Textinova - Articles en Li\u00e8ge -Cr\u00e9ateur sacs en Li\u00e8ge,Bijouterie en Li\u00e8ge,accesoires en Li\u00e8ge","article_modified_time":"2017-06-08T13:29:49+00:00","twitter_card":"summary_large_image","twitter_misc":{"Est. reading time":"2 minutes"},"schema":{"@context":"https:\/\/schema.org","@graph":[{"@type":"WebPage","@id":"https:\/\/textinova.lu\/en\/accueil\/","url":"https:\/\/textinova.lu\/en\/accueil\/","name":"Home - Design Textinova - Articles en Li\u00e8ge -Cr\u00e9ateur sacs en Li\u00e8ge,Bijouterie en Li\u00e8ge,accesoires en Li\u00e8ge","isPartOf":{"@id":"https:\/\/textinova.lu\/#website"},"datePublished":"2014-03-07T09:59:33+00:00","dateModified":"2017-06-08T13:29:49+00:00","breadcrumb":{"@id":"https:\/\/textinova.lu\/en\/accueil\/#breadcrumb"},"inLanguage":"en-US","potentialAction":[{"@type":"ReadAction","target":["https:\/\/textinova.lu\/en\/accueil\/"]}]},{"@type":"BreadcrumbList","@id":"https:\/\/textinova.lu\/en\/accueil\/#breadcrumb","itemListElement":[{"@type":"ListItem","position":1,"name":"Accueil","item":"https:\/\/textinova.lu\/en\/"},{"@type":"ListItem","position":2,"name":"Home"}]},{"@type":"WebSite","@id":"https:\/\/textinova.lu\/#website","url":"https:\/\/textinova.lu\/","name":"Textinova","description":"Cr\u00e9ations Artisanales en Li\u00e8ge 100% Naturel","publisher":{"@id":"https:\/\/textinova.lu\/#organization"},"potentialAction":[{"@type":"SearchAction","target":{"@type":"EntryPoint","urlTemplate":"https:\/\/textinova.lu\/?s={search_term_string}"},"query-input":{"@type":"PropertyValueSpecification","valueRequired":true,"valueName":"search_term_string"}}],"inLanguage":"en-US"},{"@type":"Organization","@id":"https:\/\/textinova.lu\/#organization","name":"Textinova","url":"https:\/\/textinova.lu\/","logo":{"@type":"ImageObject","inLanguage":"en-US","@id":"https:\/\/textinova.lu\/#\/schema\/logo\/image\/","url":"https:\/\/textinova.lu\/wp-content\/uploads\/2023\/05\/logo-textinova-cork-luxdesign.-2015jpg.jpg","contentUrl":"https:\/\/textinova.lu\/wp-content\/uploads\/2023\/05\/logo-textinova-cork-luxdesign.-2015jpg.jpg","width":300,"height":190,"caption":"Textinova"},"image":{"@id":"https:\/\/textinova.lu\/#\/schema\/logo\/image\/"},"sameAs":["https:\/\/www.youtube.com\/channel\/UC-re5faHketDuAZHsyjnxFw"]}]}},"_links":{"self":[{"href":"https:\/\/textinova.lu\/en\/wp-json\/wp\/v2\/pages\/4346","targetHints":{"allow":["GET"]}}],"collection":[{"href":"https:\/\/textinova.lu\/en\/wp-json\/wp\/v2\/pages"}],"about":[{"href":"https:\/\/textinova.lu\/en\/wp-json\/wp\/v2\/types\/page"}],"author":[{"embeddable":true,"href":"https:\/\/textinova.lu\/en\/wp-json\/wp\/v2\/users\/946"}],"replies":[{"embeddable":true,"href":"https:\/\/textinova.lu\/en\/wp-json\/wp\/v2\/comments?post=4346"}],"version-history":[{"count":30,"href":"https:\/\/textinova.lu\/en\/wp-json\/wp\/v2\/pages\/4346\/revisions"}],"predecessor-version":[{"id":10215,"href":"https:\/\/textinova.lu\/en\/wp-json\/wp\/v2\/pages\/4346\/revisions\/10215"}],"wp:attachment":[{"href":"https:\/\/textinova.lu\/en\/wp-json\/wp\/v2\/media?parent=4346"}],"curies":[{"name":"wp","href":"https:\/\/api.w.org\/{rel}","templated":true}]}}