{"id":5608,"date":"2015-12-12T08:46:35","date_gmt":"2015-12-12T08:46:35","guid":{"rendered":"http:\/\/textinova.lu\/?page_id=5608&#038;lang=en"},"modified":"2018-11-24T11:18:38","modified_gmt":"2018-11-24T09:18:38","slug":"terms-and-general-conditions-of-sale","status":"publish","type":"page","link":"https:\/\/textinova.lu\/en\/terms-and-general-conditions-of-sale\/","title":{"rendered":"Terms and Conditions of Sale"},"content":{"rendered":"<p style=\"text-align: center;\"><strong> Textinova S.\u00e0.r.l ( Soci\u00e9t\u00e9 \u00e0 responsabilit\u00e9 limit\u00e9e)<br \/>\n6 Rue Pierre Risch<br \/>\nL-5450 Stadtbredimus<br \/>\nTel \/ 00352 621 497 337<br \/>\nRCS : B 158615 ( Registre du Commerce et des Soci\u00e9t\u00e9s Luxembourg)<br \/>\nTVA: LU24517266 ( intra Communautaire)<br \/>\nDate de Constitution 18\/01\/2011<br \/>\n<\/strong><\/p>\n<h1 style=\"text-align: center;\"><b style=\"font-size: 16px;\"><span style=\"font-size: 16px;\">Terms &amp; Conditions for Sale of Goods<\/span><\/b><\/h1>\n<p class=\"p1\" style=\"font-size: 16px; text-align: center;\"><b style=\"font-size: 16px;\"><\/b><b style=\"font-size: 16px;\"><b style=\"font-size: 16px;\"><b style=\"font-size: 16px;\"><span style=\"font-size: 16px;\"><br \/>\n<span style=\"text-decoration: underline; color: #008000;\">1. Definitions<\/span><br \/>\nIn this document the following words shall have the following meanings: \u201cBuyer\u201d means the organisation or person who buys Goods \u201cGoods\u201d means the articles to be supplied to the Buyer by the Seller; \u201cIntellectual Property Rights\u201d means all patents, registered and unregistered designs, copyright, trademarks, know-how and all other forms of intellectual property wherever in the world enforceable; \u201cSeller\u201d means Textinova S\u00e0rl, 6 rue Pierre Risch, L-5450 STADTBREDIMUS.<\/span><\/b><\/b><\/b><\/p>\n<p class=\"p1\" style=\"font-size: 16px; text-align: center;\"><b style=\"font-size: 16px;\"><b style=\"font-size: 16px;\"><b style=\"font-size: 16px;\"><span style=\"font-size: 16px;\"><br \/>\n<span style=\"text-decoration: underline; color: #339966;\">2. General<\/span><br \/>\nThese Terms and Conditions shall apply to sales of Goods by the Seller to the Buyer to the exclusion of all other terms and conditions referred to, offered or relied on by the Buyer whether in negotiation or at any stage in the dealings between the parties, including any standard or printed terms tendered by the Buyer, unless the Buyer specifically states in writing, separately from such terms, that it wishes such terms to apply and this has been acknowledged by the Seller in writing. Any variation to these Terms and Conditions (including any special terms and conditions agreed between the parties) shall be inapplicable unless agreed in writing by the Seller.<br \/>\n<\/span><\/b><\/b><\/b><\/p>\n<p class=\"p1\" style=\"font-size: 16px; text-align: center;\"><b style=\"font-size: 16px;\"><b style=\"font-size: 16px;\"><b style=\"font-size: 16px;\"><span style=\"font-size: 16px;\"><span style=\"text-decoration: underline; color: #339966;\">3. Goods<\/span><br \/>\nThe Seller certifies that the goods are 100% natural cork with Portuguese origins.<br \/>\n<\/span><\/b><\/b><\/b><\/p>\n<p class=\"p1\" style=\"font-size: 16px; text-align: center;\"><b style=\"font-size: 16px;\"><b style=\"font-size: 16px;\"><b style=\"font-size: 16px;\"><span style=\"font-size: 16px;\"><span style=\"text-decoration: underline; color: #339966;\">4. Description<\/span><br \/>\nAny description given or applied to the Goods is given by way of identification only and the use of such description shall not constitute a sale by description. For the avoidance of doubt, the Buyer hereby affirms that it does not in any way rely on any description when entering into the contract.<br \/>\n<\/span><\/b><\/b><\/b><\/p>\n<p class=\"p1\" style=\"font-size: 16px; text-align: center;\"><b style=\"font-size: 16px;\"><b style=\"font-size: 16px;\"><b style=\"font-size: 16px;\"><span style=\"font-size: 16px;\"><span style=\"text-decoration: underline; color: #339966;\">5. Price and Payment<\/span><br \/>\nThe price shall be the Recommended Retail Price less agreed discount, unless otherwise agreed in writing between the parties. The price is inclusive of VAT. The Seller reserves the right to modify the prices at any moment. Credit terms may be offered subject to satisfactory credit vetting of the Buyer by the Seller. The offer of credit as well as the conditions will be at the sole discretion of the Seller. The seller offers a secure payment transaction through PayPal whereat no personal information will be stored at the sellers end.<br \/>\n<\/span><\/b><\/b><\/b><\/p>\n<p class=\"p1\" style=\"font-size: 16px; text-align: center;\"><b style=\"font-size: 16px;\"><b style=\"font-size: 16px;\"><b style=\"font-size: 16px;\"><span style=\"font-size: 16px;\"><span style=\"text-decoration: underline; color: #339966;\">6. Order<\/span><br \/>\nThe buyer who desires to acquire a good must fill out the identification form indicating the contact details, fill out the order form indicating the chosen goods and their quantities, verify and confirm the order form and carry out the payment under the established conditions.<br \/>\n<\/span><\/b><\/b><\/b><\/p>\n<p class=\"p1\" style=\"font-size: 16px; text-align: center;\"><b style=\"font-size: 16px;\"><b style=\"font-size: 16px;\"><b style=\"font-size: 16px;\"><span style=\"font-size: 16px;\"><span style=\"text-decoration: underline; color: #339966;\">7. Sample<\/span><br \/>\nWhere a sample of the Goods is shown to and inspected by the Buyer, the parties hereto accept that such a sample is representative in nature and the bulk of the order may differ slightly as a result of the manufacturing process.<br \/>\n<\/span><\/b><\/b><\/b><\/p>\n<p class=\"p1\" style=\"font-size: 16px; text-align: center;\"><b style=\"font-size: 16px;\"><b style=\"font-size: 16px;\"><b style=\"font-size: 16px;\"><span style=\"font-size: 16px;\"><span style=\"text-decoration: underline; color: #339966;\">8. Delivery<\/span><br \/>\nUnless otherwise agreed in writing, delivery of the Goods shall take place at the address specified by the Buyer on, or as close as possible to the date required by the Buyer. The Buyer shall make all arrangements necessary to take delivery of the Goods whenever they are tendered for delivery. If the Seller is unable to deliver the Goods because of actions or circumstances under the control of the Buyer, then the Seller shall be entitled to place the Goods in storage until such times as delivery may be effected and the Buyer shall be liable for any expense associated with such storage. Any damages, shortages, over deliveries and duplicated orders should be reported and justified to the Seller within 7 days of signed receipt to enable replacement or refund.<br \/>\n<\/span><\/b><\/b><\/b><\/p>\n<p class=\"p1\" style=\"font-size: 16px; text-align: center;\"><b style=\"font-size: 16px;\"><b style=\"font-size: 16px;\"><b style=\"font-size: 16px;\"><span style=\"font-size: 16px;\"><span style=\"text-decoration: underline; color: #339966;\">9. Risk<\/span><br \/>\nRisk in the Goods shall pass to the Buyer upon receipt of the goods. Where the Buyer chooses to collect the Goods itself, risk will pass when the Goods are entrusted to it or set aside for its collection, whichever happens first.<\/span><\/b><\/b><\/b><\/p>\n<p class=\"p1\" style=\"font-size: 16px; text-align: center;\"><b style=\"font-size: 16px;\"><b style=\"font-size: 16px;\"><b style=\"font-size: 16px;\"><span style=\"font-size: 16px;\"><br \/>\n<span style=\"text-decoration: underline; color: #339966;\">10. Return of unused goods<\/span><br \/>\nAll goods are sold on a firm sale basis, i.e. the Seller will not take back any goods not required by the Buyer, unless otherwise agreed, in which case the following terms apply. Any returns must be authorised by a representative of the Seller before any credit will be given. Any order can also be returned at the Seller\u2019s official location. Where the Seller agrees to accept the return of goods that are not damaged the Buyer will be responsible for the cost of carriage and will ensure that they are carefully packaged to avoid any damage in transit. The Seller will not be obliged to accept any goods that are damaged in any way. The Seller will only accept returns that appear in the Sellers current Publication List. Credit of amounts due or paid in will only be given for goods that are in saleable condition and occur within 30 days<br \/>\n<\/span><\/b><\/b><\/b><\/p>\n<p class=\"p1\" style=\"font-size: 16px; text-align: center;\"><b style=\"font-size: 16px;\"><b style=\"font-size: 16px;\"><b style=\"font-size: 16px;\"><span style=\"font-size: 16px;\"><span style=\"text-decoration: underline; color: #339966;\">11. Intellectual property rights<\/span><br \/>\nAll Intellectual Property Rights produced from or arising as a result of the performance of this Agreement shall, so far as not already vested, become the absolute property of the Seller, and the Buyer shall do all that is reasonably necessary to ensure that such rights vest in the Seller by the execution of appropriate instruments or the making of agreements with third parties.<br \/>\n<\/span><\/b><\/b><\/b><\/p>\n<p class=\"p1\" style=\"font-size: 16px; text-align: center;\"><b style=\"font-size: 16px;\"><b style=\"font-size: 16px;\"><b style=\"font-size: 16px;\"><span style=\"font-size: 16px;\"><span style=\"text-decoration: underline; color: #339966;\">12. Force majeure<\/span><br \/>\nThe Seller shall not be liable for any delay or failure to perform any of its obligations if the delay or failure results from events or circumstances outside its reasonable control, including but not limited to acts of God, strikes, lock outs, accidents, war, fire, breakdown of plant or machinery or shortage or unavailability of raw materials from a natural source of supply, and the Seller shall be entitled to a reasonable extension of its obligations. If the delay persists for such time as the Seller considers unreasonable, it may, without liability on its part, terminate the contract.<br \/>\n<\/span><\/b><\/b><\/b><\/p>\n<p class=\"p1\" style=\"font-size: 16px; text-align: center;\"><b style=\"font-size: 16px;\"><b style=\"font-size: 16px;\"><b style=\"font-size: 16px;\"><span style=\"font-size: 16px;\"><span style=\"text-decoration: underline; color: #339966;\">13. Relationship of parties<\/span><br \/>\nNothing contained in these Terms and Conditions shall be construed as establishing or implying any partnership or joint venture between the parties and nothing in these Terms and Conditions shall be deemed to construe either of the parties as the agent of the other.<br \/>\n<\/span><\/b><\/b><\/b><\/p>\n<p class=\"p1\" style=\"font-size: 16px; text-align: center;\"><b style=\"font-size: 16px;\"><b style=\"font-size: 16px;\"><b style=\"font-size: 16px;\"><span style=\"font-size: 16px;\"><span style=\"text-decoration: underline; color: #339966;\">14. Assignment and sub-contracting<\/span><br \/>\nThe contract between the Buyer and Seller for the sale of Goods shall not be assigned or transferred, nor the performance of any obligation sub-contracted, in either case by the Buyer, without the prior written consent of the Seller.<br \/>\n<\/span><\/b><\/b><\/b><\/p>\n<p class=\"p1\" style=\"font-size: 16px; text-align: center;\"><b style=\"font-size: 16px;\"><b style=\"font-size: 16px;\"><b style=\"font-size: 16px;\"><span style=\"font-size: 16px;\"><span style=\"text-decoration: underline; color: #339966;\">15. Waiver<\/span><br \/>\nThe failure by either party to enforce at any time or for any period any one or more of the Terms and Conditions herein shall not be a waiver of them or of the right at any time subsequently to enforce all Terms and Conditions of this Agreement.<\/span><\/b><\/b><\/b><\/p>\n<p class=\"p1\" style=\"font-size: 16px; text-align: center;\"><b><span style=\"color: #339966;\">\u00a016.\u00a0 Data\u00a0protection\u00a0and\u00a0Cookies<\/span><\/b><\/p>\n<p style=\"text-align: center;\"><strong>The personal data concerning the Customer is necessary for the management of his online order and all commercial purposes. They can only be passed on to companies that contribute to these relationships, such as those responsible for the execution of the desired services, their management, execution, processing and payment. This information and data are also kept for security purposes, in order to comply with legal and regulatory obligations and to enable<\/strong><\/p>\n<p style=\"text-align: center;\"><strong>\u00a0\u00a0\u00a0\u00a0\u00a0\u00a0\u00a0\u00a0\u00a0 \u00a0 \u00a0 \u00a0 \u00a0\u00a0 Textinova S.\u00e0.r.l\u00a0 to\u00a0improve and personalize the services offered and the information provided.<br \/>\n<\/strong><br \/>\n<strong>In\u00a0accordance\u00a0with\u00a0the\u00a0Data\u00a0Protection\u00a0Act\u00a0of\u00a0January\u00a06,\u00a01978,\u00a0the Customer\u00a0has\u00a0a\u00a0right\u00a0of\u00a0access\u00a0 and\u00a0rectification<\/strong><br \/>\n<strong>\u00a0\u00a0\u00a0 and\u00a0opposition\u00a0to personal\u00a0data\u00a0concerning\u00a0him. \u00a0All\u00a0he\u00a0has\u00a0to\u00a0do\u00a0is\u00a0write\u00a0to\u00a0Customer Service\u00a0online or\u00a0by\u00a0mail\u00a0<\/strong><br \/>\n<strong>\u00a0\u00a0\u00a0\u00a0\u00a0\u00a0\u00a0\u00a0\u00a0\u00a0\u00a0\u00a0\u00a0 to\u00a0Textinova\u00a0S.\u00e0.r.l\u00a06\u00a0Rue\u00a0Pierre\u00a0Risch 5450 Stadtbredimus\u00a0Luxembourg \u00a0indicating\u00a0first\u00a0name,<\/strong><br \/>\n<strong>\u00a0\u00a0\u00a0\u00a0\u00a0\u00a0 e-mail address.\u00a0In\u00a0accordance\u00a0with\u00a0the\u00a0regulations\u00a0in\u00a0force,\u00a0the\u00a0application must be signed and a copy\u00a0<\/strong><strong> of an valid\u00a0\u00a0\u00a0 identity document with the Client&#8217;s signature should be added as well as a specified address to which the<\/strong><br \/>\n<strong>\u00a0\u00a0\u00a0\u00a0\u00a0\u00a0\u00a0\u00a0\u00a0\u00a0\u00a0\u00a0\u00a0\u00a0\u00a0\u00a0\u00a0 reply\u00a0must\u00a0be\u00a0sent.\u00a0An\u00a0answer\u00a0will\u00a0then\u00a0be\u00a0sent\u00a0within\u00a02\u00a0months\u00a0of receiving\u00a0the\u00a0request.<\/strong><\/p>\n<p style=\"text-align: center;\"><strong>The Site uses also cookies. Cookies may be placed on your computer or internet-enabled device whenever you visit us\u00a0\u00a0\u00a0\u00a0 online. This allows the site to remember your computer or device and serves a number of purposes.<\/strong><br \/>\n<strong>On our web site, a notification banner will appear requiring your consent to collect cookies. If you do not provide consent, your computer or internet-enabled device will not be tracked for marketing-related activities. A secondary type of cookie referred to as &#8220;user-input&#8221; cookies may still be required for necessary functionality. Such cookies will not be blocked through the use of this notification banner and may only be blocked through your own browser\u2019s settings.If you wish to revoke your selection, you may do so by clearing your browser&#8217;s cookies. Although most browsers automatically accept cookies, you can choose whether or not to accept cookies via your browser&#8217;s settings<\/strong><\/p>\n<p style=\"text-align: center;\"><strong>\u00a0 (often found in your browser&#8217;s Tools\u00a0 or Preferences menu)<\/strong><\/p>\n<h6><\/h6>\n<h6 class=\"p1\"><span style=\"color: #339966;\"><b>\u00a0\u00a0\u00a0\u00a0\u00a0\u00a0\u00a0\u00a0\u00a0\u00a0\u00a0\u00a0\u00a0\u00a0\u00a0\u00a0\u00a0\u00a0\u00a0\u00a0\u00a0\u00a0\u00a0\u00a0\u00a0\u00a0\u00a0\u00a0\u00a0\u00a0\u00a0\u00a0\u00a0\u00a0\u00a0\u00a0\u00a0\u00a0\u00a0\u00a0\u00a0\u00a0\u00a0\u00a0\u00a0\u00a0\u00a0\u00a0\u00a0\u00a0\u00a0\u00a0\u00a0\u00a0\u00a0\u00a0\u00a0\u00a0\u00a0\u00a0\u00a0\u00a0\u00a0\u00a0 \u00a0 \u00a0 \u00a0 \u00a0 \u00a0\u00a0 17. Governing law and jurisdiction<\/b><\/span><\/h6>\n<p><b>\u00a0\u00a0\u00a0\u00a0\u00a0\u00a0\u00a0\u00a0\u00a0\u00a0\u00a0\u00a0\u00a0 \u00a0 \u00a0 \u00a0\u00a0 \u00a0 This Agreement shall be governed by and construed in accordance with the laws of Luxembourg<\/b><\/p>\n<p><b>\u00a0\u00a0\u00a0\u00a0\u00a0\u00a0\u00a0\u00a0\u00a0\u00a0\u00a0\u00a0\u00a0\u00a0 \u00a0 \u00a0 \u00a0 \u00a0 \u00a0\u00a0 \u00a0 and the parties hereby submit to the exclusive jurisdiction of the Luxembourgian courts.\u00a0<\/b><\/p>\n<h6 class=\"p1\" style=\"font-size: 16px; text-align: center;\"><b style=\"font-size: 16px;\"><b style=\"font-size: 16px;\"><b style=\"font-size: 16px;\"><span style=\"font-size: 16px;\"><span style=\"text-decoration: underline; color: #339966;\">\u00a0<\/span><\/span><\/b><\/b><\/b><\/h6>\n<p>&nbsp;<\/p>\n<p style=\"text-align: center;\">\n","protected":false},"excerpt":{"rendered":"<p>Textinova S.\u00e0.r.l ( Soci\u00e9t\u00e9 \u00e0 responsabilit\u00e9 limit\u00e9e) 6 Rue Pierre Risch L-5450 Stadtbredimus Tel \/ 00352 621 497 [&hellip;]<\/p>\n","protected":false},"author":946,"featured_media":0,"parent":0,"menu_order":0,"comment_status":"closed","ping_status":"closed","template":"","meta":{"footnotes":""},"class_list":["post-5608","page","type-page","status-publish","hentry"],"yoast_head":"<!-- This site is optimized with the Yoast SEO plugin v25.5 - https:\/\/yoast.com\/wordpress\/plugins\/seo\/ -->\n<title>Terms and Conditions of Sale - Design Textinova - Articles en Li\u00e8ge -Cr\u00e9ateur sacs en Li\u00e8ge,Bijouterie en Li\u00e8ge,accesoires en Li\u00e8ge<\/title>\n<meta name=\"robots\" content=\"index, follow, max-snippet:-1, max-image-preview:large, max-video-preview:-1\" \/>\n<link rel=\"canonical\" href=\"https:\/\/textinova.lu\/en\/terms-and-general-conditions-of-sale\/\" \/>\n<meta property=\"og:locale\" content=\"en_US\" \/>\n<meta property=\"og:type\" content=\"article\" \/>\n<meta property=\"og:title\" content=\"Terms and Conditions of Sale - Design Textinova - Articles en Li\u00e8ge -Cr\u00e9ateur sacs en Li\u00e8ge,Bijouterie en Li\u00e8ge,accesoires en Li\u00e8ge\" \/>\n<meta property=\"og:description\" content=\"Textinova S.\u00e0.r.l ( Soci\u00e9t\u00e9 \u00e0 responsabilit\u00e9 limit\u00e9e) 6 Rue Pierre Risch L-5450 Stadtbredimus Tel \/ 00352 621 497 [&hellip;]\" \/>\n<meta property=\"og:url\" content=\"https:\/\/textinova.lu\/en\/terms-and-general-conditions-of-sale\/\" \/>\n<meta property=\"og:site_name\" content=\"Design Textinova - Articles en Li\u00e8ge -Cr\u00e9ateur sacs en Li\u00e8ge,Bijouterie en Li\u00e8ge,accesoires en Li\u00e8ge\" \/>\n<meta property=\"article:modified_time\" content=\"2018-11-24T09:18:38+00:00\" \/>\n<meta name=\"twitter:card\" content=\"summary_large_image\" \/>\n<meta name=\"twitter:label1\" content=\"Est. reading time\" \/>\n\t<meta name=\"twitter:data1\" content=\"7 minutes\" \/>\n<script type=\"application\/ld+json\" class=\"yoast-schema-graph\">{\"@context\":\"https:\/\/schema.org\",\"@graph\":[{\"@type\":\"WebPage\",\"@id\":\"https:\/\/textinova.lu\/en\/terms-and-general-conditions-of-sale\/\",\"url\":\"https:\/\/textinova.lu\/en\/terms-and-general-conditions-of-sale\/\",\"name\":\"Terms and Conditions of Sale - Design Textinova - Articles en Li\u00e8ge -Cr\u00e9ateur sacs en Li\u00e8ge,Bijouterie en Li\u00e8ge,accesoires en Li\u00e8ge\",\"isPartOf\":{\"@id\":\"https:\/\/textinova.lu\/#website\"},\"datePublished\":\"2015-12-12T08:46:35+00:00\",\"dateModified\":\"2018-11-24T09:18:38+00:00\",\"breadcrumb\":{\"@id\":\"https:\/\/textinova.lu\/en\/terms-and-general-conditions-of-sale\/#breadcrumb\"},\"inLanguage\":\"en-US\",\"potentialAction\":[{\"@type\":\"ReadAction\",\"target\":[\"https:\/\/textinova.lu\/en\/terms-and-general-conditions-of-sale\/\"]}]},{\"@type\":\"BreadcrumbList\",\"@id\":\"https:\/\/textinova.lu\/en\/terms-and-general-conditions-of-sale\/#breadcrumb\",\"itemListElement\":[{\"@type\":\"ListItem\",\"position\":1,\"name\":\"Accueil\",\"item\":\"https:\/\/textinova.lu\/en\/\"},{\"@type\":\"ListItem\",\"position\":2,\"name\":\"Terms and Conditions of Sale\"}]},{\"@type\":\"WebSite\",\"@id\":\"https:\/\/textinova.lu\/#website\",\"url\":\"https:\/\/textinova.lu\/\",\"name\":\"Textinova\",\"description\":\"Cr\u00e9ations Artisanales en Li\u00e8ge 100% Naturel\",\"publisher\":{\"@id\":\"https:\/\/textinova.lu\/#organization\"},\"potentialAction\":[{\"@type\":\"SearchAction\",\"target\":{\"@type\":\"EntryPoint\",\"urlTemplate\":\"https:\/\/textinova.lu\/?s={search_term_string}\"},\"query-input\":{\"@type\":\"PropertyValueSpecification\",\"valueRequired\":true,\"valueName\":\"search_term_string\"}}],\"inLanguage\":\"en-US\"},{\"@type\":\"Organization\",\"@id\":\"https:\/\/textinova.lu\/#organization\",\"name\":\"Textinova\",\"url\":\"https:\/\/textinova.lu\/\",\"logo\":{\"@type\":\"ImageObject\",\"inLanguage\":\"en-US\",\"@id\":\"https:\/\/textinova.lu\/#\/schema\/logo\/image\/\",\"url\":\"https:\/\/textinova.lu\/wp-content\/uploads\/2023\/05\/logo-textinova-cork-luxdesign.-2015jpg.jpg\",\"contentUrl\":\"https:\/\/textinova.lu\/wp-content\/uploads\/2023\/05\/logo-textinova-cork-luxdesign.-2015jpg.jpg\",\"width\":300,\"height\":190,\"caption\":\"Textinova\"},\"image\":{\"@id\":\"https:\/\/textinova.lu\/#\/schema\/logo\/image\/\"},\"sameAs\":[\"https:\/\/www.youtube.com\/channel\/UC-re5faHketDuAZHsyjnxFw\"]}]}<\/script>\n<!-- \/ Yoast SEO plugin. -->","yoast_head_json":{"title":"Terms and Conditions of Sale - Design Textinova - Articles en Li\u00e8ge -Cr\u00e9ateur sacs en Li\u00e8ge,Bijouterie en Li\u00e8ge,accesoires en Li\u00e8ge","robots":{"index":"index","follow":"follow","max-snippet":"max-snippet:-1","max-image-preview":"max-image-preview:large","max-video-preview":"max-video-preview:-1"},"canonical":"https:\/\/textinova.lu\/en\/terms-and-general-conditions-of-sale\/","og_locale":"en_US","og_type":"article","og_title":"Terms and Conditions of Sale - Design Textinova - Articles en Li\u00e8ge -Cr\u00e9ateur sacs en Li\u00e8ge,Bijouterie en Li\u00e8ge,accesoires en Li\u00e8ge","og_description":"Textinova S.\u00e0.r.l ( Soci\u00e9t\u00e9 \u00e0 responsabilit\u00e9 limit\u00e9e) 6 Rue Pierre Risch L-5450 Stadtbredimus Tel \/ 00352 621 497 [&hellip;]","og_url":"https:\/\/textinova.lu\/en\/terms-and-general-conditions-of-sale\/","og_site_name":"Design Textinova - Articles en Li\u00e8ge -Cr\u00e9ateur sacs en Li\u00e8ge,Bijouterie en Li\u00e8ge,accesoires en Li\u00e8ge","article_modified_time":"2018-11-24T09:18:38+00:00","twitter_card":"summary_large_image","twitter_misc":{"Est. reading time":"7 minutes"},"schema":{"@context":"https:\/\/schema.org","@graph":[{"@type":"WebPage","@id":"https:\/\/textinova.lu\/en\/terms-and-general-conditions-of-sale\/","url":"https:\/\/textinova.lu\/en\/terms-and-general-conditions-of-sale\/","name":"Terms and Conditions of Sale - Design Textinova - Articles en Li\u00e8ge -Cr\u00e9ateur sacs en Li\u00e8ge,Bijouterie en Li\u00e8ge,accesoires en Li\u00e8ge","isPartOf":{"@id":"https:\/\/textinova.lu\/#website"},"datePublished":"2015-12-12T08:46:35+00:00","dateModified":"2018-11-24T09:18:38+00:00","breadcrumb":{"@id":"https:\/\/textinova.lu\/en\/terms-and-general-conditions-of-sale\/#breadcrumb"},"inLanguage":"en-US","potentialAction":[{"@type":"ReadAction","target":["https:\/\/textinova.lu\/en\/terms-and-general-conditions-of-sale\/"]}]},{"@type":"BreadcrumbList","@id":"https:\/\/textinova.lu\/en\/terms-and-general-conditions-of-sale\/#breadcrumb","itemListElement":[{"@type":"ListItem","position":1,"name":"Accueil","item":"https:\/\/textinova.lu\/en\/"},{"@type":"ListItem","position":2,"name":"Terms and Conditions of Sale"}]},{"@type":"WebSite","@id":"https:\/\/textinova.lu\/#website","url":"https:\/\/textinova.lu\/","name":"Textinova","description":"Cr\u00e9ations Artisanales en Li\u00e8ge 100% Naturel","publisher":{"@id":"https:\/\/textinova.lu\/#organization"},"potentialAction":[{"@type":"SearchAction","target":{"@type":"EntryPoint","urlTemplate":"https:\/\/textinova.lu\/?s={search_term_string}"},"query-input":{"@type":"PropertyValueSpecification","valueRequired":true,"valueName":"search_term_string"}}],"inLanguage":"en-US"},{"@type":"Organization","@id":"https:\/\/textinova.lu\/#organization","name":"Textinova","url":"https:\/\/textinova.lu\/","logo":{"@type":"ImageObject","inLanguage":"en-US","@id":"https:\/\/textinova.lu\/#\/schema\/logo\/image\/","url":"https:\/\/textinova.lu\/wp-content\/uploads\/2023\/05\/logo-textinova-cork-luxdesign.-2015jpg.jpg","contentUrl":"https:\/\/textinova.lu\/wp-content\/uploads\/2023\/05\/logo-textinova-cork-luxdesign.-2015jpg.jpg","width":300,"height":190,"caption":"Textinova"},"image":{"@id":"https:\/\/textinova.lu\/#\/schema\/logo\/image\/"},"sameAs":["https:\/\/www.youtube.com\/channel\/UC-re5faHketDuAZHsyjnxFw"]}]}},"_links":{"self":[{"href":"https:\/\/textinova.lu\/en\/wp-json\/wp\/v2\/pages\/5608","targetHints":{"allow":["GET"]}}],"collection":[{"href":"https:\/\/textinova.lu\/en\/wp-json\/wp\/v2\/pages"}],"about":[{"href":"https:\/\/textinova.lu\/en\/wp-json\/wp\/v2\/types\/page"}],"author":[{"embeddable":true,"href":"https:\/\/textinova.lu\/en\/wp-json\/wp\/v2\/users\/946"}],"replies":[{"embeddable":true,"href":"https:\/\/textinova.lu\/en\/wp-json\/wp\/v2\/comments?post=5608"}],"version-history":[{"count":26,"href":"https:\/\/textinova.lu\/en\/wp-json\/wp\/v2\/pages\/5608\/revisions"}],"predecessor-version":[{"id":10798,"href":"https:\/\/textinova.lu\/en\/wp-json\/wp\/v2\/pages\/5608\/revisions\/10798"}],"wp:attachment":[{"href":"https:\/\/textinova.lu\/en\/wp-json\/wp\/v2\/media?parent=5608"}],"curies":[{"name":"wp","href":"https:\/\/api.w.org\/{rel}","templated":true}]}}