{"id":6261,"date":"2015-08-06T08:34:43","date_gmt":"2015-08-06T08:34:43","guid":{"rendered":"http:\/\/textinova.lu\/en\/informations\/"},"modified":"2026-03-13T13:47:44","modified_gmt":"2026-03-13T11:47:44","slug":"informations","status":"publish","type":"page","link":"https:\/\/textinova.lu\/en\/informations\/","title":{"rendered":"Informations"},"content":{"rendered":"<p>&nbsp;<\/p>\n<p><img loading=\"lazy\" decoding=\"async\" class=\"alignnone wp-image-21584\" src=\"https:\/\/textinova.lu\/wp-content\/uploads\/2026\/03\/APROVED-VEGAN-500x500.webp\" alt=\"\" width=\"207\" height=\"207\" srcset=\"https:\/\/textinova.lu\/wp-content\/uploads\/2026\/03\/APROVED-VEGAN-500x500.webp 500w, https:\/\/textinova.lu\/wp-content\/uploads\/2026\/03\/APROVED-VEGAN-200x200.webp 200w, https:\/\/textinova.lu\/wp-content\/uploads\/2026\/03\/APROVED-VEGAN-117x117.webp 117w, https:\/\/textinova.lu\/wp-content\/uploads\/2026\/03\/APROVED-VEGAN-300x300.webp 300w, https:\/\/textinova.lu\/wp-content\/uploads\/2026\/03\/APROVED-VEGAN-100x100.webp 100w, https:\/\/textinova.lu\/wp-content\/uploads\/2026\/03\/APROVED-VEGAN-154x154.webp 154w, https:\/\/textinova.lu\/wp-content\/uploads\/2026\/03\/APROVED-VEGAN.webp 768w\" sizes=\"auto, (max-width: 207px) 100vw, 207px\" \/><\/p>\n<h3><em>Welcome to my online shop<\/em><\/h3>\n<h5><em>Think nature, buy cork products Our products are special and exclusivly created with portuguese cork. They perfectly combine originality and creativity. Cork is an exelent fabric which is soft, ecological, light and easy to clean. All the products are washable with soap and water.<\/em><\/h5>\n<h3><em>About Textinova<\/em><\/h3>\n<h5><em>Textinova is a more than a companie, it&#8217;s a brand. Textinova has established a new approach focused in the innovation, modernity and design of the cork products it sells and adopting a new standard based in the quality and diversity of those products. We work with the biggest manufacturer of cork in Portugal, where the finest cork fabric is produced and attention to detail results in products you will love. Get to know cork in a whole new way. We know you\u2019ll love it as much as we do!<\/em><\/h5>\n<h3><em>Who am i?<\/em><\/h3>\n<p><img loading=\"lazy\" decoding=\"async\" class=\"alignnone size-medium wp-image-16168\" src=\"https:\/\/textinova.lu\/wp-content\/uploads\/2021\/01\/80854142_10156538602866384_8175715559288078336_o-500x388.jpg\" alt=\"\" width=\"500\" height=\"388\" srcset=\"https:\/\/textinova.lu\/wp-content\/uploads\/2021\/01\/80854142_10156538602866384_8175715559288078336_o-500x388.jpg 500w, https:\/\/textinova.lu\/wp-content\/uploads\/2021\/01\/80854142_10156538602866384_8175715559288078336_o-1170x908.jpg 1170w, https:\/\/textinova.lu\/wp-content\/uploads\/2021\/01\/80854142_10156538602866384_8175715559288078336_o-768x596.jpg 768w, https:\/\/textinova.lu\/wp-content\/uploads\/2021\/01\/80854142_10156538602866384_8175715559288078336_o-1536x1193.jpg 1536w, https:\/\/textinova.lu\/wp-content\/uploads\/2021\/01\/80854142_10156538602866384_8175715559288078336_o-670x520.jpg 670w, https:\/\/textinova.lu\/wp-content\/uploads\/2021\/01\/80854142_10156538602866384_8175715559288078336_o-920x714.jpg 920w, https:\/\/textinova.lu\/wp-content\/uploads\/2021\/01\/80854142_10156538602866384_8175715559288078336_o.jpg 2048w\" sizes=\"auto, (max-width: 500px) 100vw, 500px\" \/><\/p>\n<h5><em>Me, Neves Barros! I am the founder of the Textinova website and creator of the<\/em><\/h5>\n<p><em><span style=\"color: #000000;\"><strong> &lt;Neves Barros cork jewellery&gt;\u00a0<\/strong> <strong>collection.<\/strong><\/span><\/em><\/p>\n<h5><em>Alma Lusitana, from one of the most beautiful regions of Portugal &lt;Minho&gt;<\/em><\/h5>\n<h5><em>I would like you to discover my universe, my passion for cork, my personal touch of unique and ecological pieces which seduce my customers through my website textinova.lu, but especially on my exhibitions in Luxembourg.<\/em><\/h5>\n<h5><em>I must thank the welcome of these thousands of customers, for their friendship, especially for their confidence in me when buying on my online shop throughout these 15 years.<\/em><\/h5>\n<h5><em>I invite you to discover on my shop, many cork articles, such as cork handbags, cork wallets, cork belts, cork hats, VEGAN shoes, as well as my cork jewellery collection.<\/em><\/h5>\n<h5><\/h5>\n<h2><em><span style=\"font-size: 24px;\">A 100 % NATURAL GIFT<\/span><\/em><\/h2>\n<p>&nbsp;<\/p>\n<h5><em>Here is a video, where you can see my stand on one of my exhibitions LuxExpo The Box Luxembourg<\/em><\/h5>\n<p><iframe loading=\"lazy\" title=\"Textinova.lu - Love For Cork\" width=\"1100\" height=\"619\" src=\"https:\/\/www.youtube.com\/embed\/IXSPXPl66WA?feature=oembed\" frameborder=\"0\" allow=\"accelerometer; autoplay; clipboard-write; encrypted-media; gyroscope; picture-in-picture; web-share\" referrerpolicy=\"strict-origin-when-cross-origin\" allowfullscreen><\/iframe><\/p>\n<p>&nbsp;<\/p>\n<h5><em><strong>Exclusive\u00a0 Collection MADE IN PORTUGAL<\/strong><\/em><\/h5>\n<p>&nbsp;<\/p>\n<p><iframe loading=\"lazy\" title=\"Cork Lux Fashion -Design Textinova\" width=\"1100\" height=\"825\" src=\"https:\/\/www.youtube.com\/embed\/tlUKIBd2qE0?feature=oembed\" frameborder=\"0\" allow=\"accelerometer; autoplay; clipboard-write; encrypted-media; gyroscope; picture-in-picture; web-share\" referrerpolicy=\"strict-origin-when-cross-origin\" allowfullscreen><\/iframe><\/p>\n<p>&nbsp;<\/p>\n<h3><em>Cork, 100% natural fabric<\/em><\/h3>\n<h5><em>Cork fabric is ideal for upholstery. It provides the sophisticated look and luxurious feel of soft leather or nubuck suede, but without maintenance worries. Cork is easy to clean with a damp cloth and is stain and water resistant and durable. Itt is completely natural and sustainable and you\u2019ll see why it\u2019s the perfect material for environments ranging from your living room to hotel lobbies to private yachts.<\/em><\/h5>\n<h2><em><span style=\"font-size: 20px;\">\u00a0<b style=\"font-size: 20px;\"><br \/>\n<\/b>OUR VIDEO<\/span><\/em><\/h2>\n<p><iframe loading=\"lazy\" src=\"https:\/\/www.youtube.com\/embed\/WswhzGsIyug\" width=\"640\" height=\"360\" frameborder=\"0\"><\/iframe><\/p>\n<p>&nbsp;<\/p>\n<h4><em>Portuguese Montado<\/em><\/h4>\n<h4><\/h4>\n<h4><em>The cork oak is one of the richest ecosystems in the world.<\/em><\/h4>\n<h4><em>Portugal has the largest area of cork oak forest.<\/em><\/h4>\n<p><img loading=\"lazy\" decoding=\"async\" class=\"alignnone wp-image-11102 size-large\" src=\"https:\/\/textinova.lu\/wp-content\/uploads\/2019\/01\/DSCF9510-1170x780.jpg\" alt=\"\" width=\"1100\" height=\"733\" srcset=\"https:\/\/textinova.lu\/wp-content\/uploads\/2019\/01\/DSCF9510-1170x780.jpg 1170w, https:\/\/textinova.lu\/wp-content\/uploads\/2019\/01\/DSCF9510-500x333.jpg 500w, https:\/\/textinova.lu\/wp-content\/uploads\/2019\/01\/DSCF9510-768x512.jpg 768w, https:\/\/textinova.lu\/wp-content\/uploads\/2019\/01\/DSCF9510-920x613.jpg 920w, https:\/\/textinova.lu\/wp-content\/uploads\/2019\/01\/DSCF9510.jpg 1701w\" sizes=\"auto, (max-width: 1100px) 100vw, 1100px\" \/><\/p>\n<p>&nbsp;<\/p>\n<p><img loading=\"lazy\" decoding=\"async\" class=\"alignnone wp-image-11111 size-large\" src=\"https:\/\/textinova.lu\/wp-content\/uploads\/2019\/01\/DSCF9411-1170x780.jpg\" alt=\"\" width=\"1100\" height=\"733\" srcset=\"https:\/\/textinova.lu\/wp-content\/uploads\/2019\/01\/DSCF9411-1170x780.jpg 1170w, https:\/\/textinova.lu\/wp-content\/uploads\/2019\/01\/DSCF9411-500x333.jpg 500w, https:\/\/textinova.lu\/wp-content\/uploads\/2019\/01\/DSCF9411-768x512.jpg 768w, https:\/\/textinova.lu\/wp-content\/uploads\/2019\/01\/DSCF9411-920x613.jpg 920w, https:\/\/textinova.lu\/wp-content\/uploads\/2019\/01\/DSCF9411.jpg 1701w\" sizes=\"auto, (max-width: 1100px) 100vw, 1100px\" \/><\/p>\n<p>&nbsp;<\/p>\n<p><img loading=\"lazy\" decoding=\"async\" class=\"alignnone wp-image-11105 size-large\" src=\"https:\/\/textinova.lu\/wp-content\/uploads\/2019\/01\/20170601_073749-1170x878.jpeg\" alt=\"\" width=\"1100\" height=\"825\" srcset=\"https:\/\/textinova.lu\/wp-content\/uploads\/2019\/01\/20170601_073749-1170x878.jpeg 1170w, https:\/\/textinova.lu\/wp-content\/uploads\/2019\/01\/20170601_073749-500x375.jpeg 500w, https:\/\/textinova.lu\/wp-content\/uploads\/2019\/01\/20170601_073749-768x576.jpeg 768w, https:\/\/textinova.lu\/wp-content\/uploads\/2019\/01\/20170601_073749-920x690.jpeg 920w\" sizes=\"auto, (max-width: 1100px) 100vw, 1100px\" \/><\/p>\n<p>&nbsp;<\/p>\n<p><img loading=\"lazy\" decoding=\"async\" class=\"alignnone wp-image-11109 size-large\" src=\"https:\/\/textinova.lu\/wp-content\/uploads\/2019\/01\/DSCF9282-1170x780.jpg\" alt=\"\" width=\"1100\" height=\"733\" srcset=\"https:\/\/textinova.lu\/wp-content\/uploads\/2019\/01\/DSCF9282-1170x780.jpg 1170w, https:\/\/textinova.lu\/wp-content\/uploads\/2019\/01\/DSCF9282-500x333.jpg 500w, https:\/\/textinova.lu\/wp-content\/uploads\/2019\/01\/DSCF9282-768x512.jpg 768w, https:\/\/textinova.lu\/wp-content\/uploads\/2019\/01\/DSCF9282-920x613.jpg 920w, https:\/\/textinova.lu\/wp-content\/uploads\/2019\/01\/DSCF9282.jpg 1701w\" sizes=\"auto, (max-width: 1100px) 100vw, 1100px\" \/><\/p>\n<p>&nbsp;<\/p>\n<p><img loading=\"lazy\" decoding=\"async\" class=\"alignnone wp-image-11107 size-large\" src=\"https:\/\/textinova.lu\/wp-content\/uploads\/2019\/01\/DSCF9182-1170x780.jpg\" alt=\"\" width=\"1100\" height=\"733\" srcset=\"https:\/\/textinova.lu\/wp-content\/uploads\/2019\/01\/DSCF9182-1170x780.jpg 1170w, https:\/\/textinova.lu\/wp-content\/uploads\/2019\/01\/DSCF9182-500x333.jpg 500w, https:\/\/textinova.lu\/wp-content\/uploads\/2019\/01\/DSCF9182-768x512.jpg 768w, https:\/\/textinova.lu\/wp-content\/uploads\/2019\/01\/DSCF9182-920x613.jpg 920w, https:\/\/textinova.lu\/wp-content\/uploads\/2019\/01\/DSCF9182.jpg 1701w\" sizes=\"auto, (max-width: 1100px) 100vw, 1100px\" \/><\/p>\n","protected":false},"excerpt":{"rendered":"<p>&nbsp; Welcome to my online shop Think nature, buy cork products Our products are special and exclusivly created [&hellip;]<\/p>\n","protected":false},"author":946,"featured_media":0,"parent":0,"menu_order":0,"comment_status":"closed","ping_status":"closed","template":"","meta":{"footnotes":""},"class_list":["post-6261","page","type-page","status-publish","hentry"],"yoast_head":"<!-- This site is optimized with the Yoast SEO plugin v25.5 - https:\/\/yoast.com\/wordpress\/plugins\/seo\/ -->\n<title>Informations - Design Textinova - Articles en Li\u00e8ge -Cr\u00e9ateur sacs en Li\u00e8ge,Bijouterie en Li\u00e8ge,accesoires en Li\u00e8ge<\/title>\n<meta name=\"robots\" content=\"index, follow, max-snippet:-1, max-image-preview:large, max-video-preview:-1\" \/>\n<link rel=\"canonical\" href=\"https:\/\/textinova.lu\/en\/informations\/\" \/>\n<meta property=\"og:locale\" content=\"en_US\" \/>\n<meta property=\"og:type\" content=\"article\" \/>\n<meta property=\"og:title\" content=\"Informations - Design Textinova - Articles en Li\u00e8ge -Cr\u00e9ateur sacs en Li\u00e8ge,Bijouterie en Li\u00e8ge,accesoires en Li\u00e8ge\" \/>\n<meta property=\"og:description\" content=\"&nbsp; Welcome to my online shop Think nature, buy cork products Our products are special and exclusivly created [&hellip;]\" \/>\n<meta property=\"og:url\" content=\"https:\/\/textinova.lu\/en\/informations\/\" \/>\n<meta property=\"og:site_name\" content=\"Design Textinova - Articles en Li\u00e8ge -Cr\u00e9ateur sacs en Li\u00e8ge,Bijouterie en Li\u00e8ge,accesoires en Li\u00e8ge\" \/>\n<meta property=\"article:modified_time\" content=\"2026-03-13T11:47:44+00:00\" \/>\n<meta property=\"og:image\" content=\"https:\/\/textinova.lu\/wp-content\/uploads\/2026\/03\/APROVED-VEGAN.webp\" \/>\n\t<meta property=\"og:image:width\" content=\"768\" \/>\n\t<meta property=\"og:image:height\" content=\"768\" \/>\n\t<meta property=\"og:image:type\" content=\"image\/webp\" \/>\n<meta name=\"twitter:card\" content=\"summary_large_image\" \/>\n<meta name=\"twitter:label1\" content=\"Est. reading time\" \/>\n\t<meta name=\"twitter:data1\" content=\"4 minutes\" \/>\n<script type=\"application\/ld+json\" class=\"yoast-schema-graph\">{\"@context\":\"https:\/\/schema.org\",\"@graph\":[{\"@type\":\"WebPage\",\"@id\":\"https:\/\/textinova.lu\/en\/informations\/\",\"url\":\"https:\/\/textinova.lu\/en\/informations\/\",\"name\":\"Informations - Design Textinova - Articles en Li\u00e8ge -Cr\u00e9ateur sacs en Li\u00e8ge,Bijouterie en Li\u00e8ge,accesoires en Li\u00e8ge\",\"isPartOf\":{\"@id\":\"https:\/\/textinova.lu\/#website\"},\"primaryImageOfPage\":{\"@id\":\"https:\/\/textinova.lu\/en\/informations\/#primaryimage\"},\"image\":{\"@id\":\"https:\/\/textinova.lu\/en\/informations\/#primaryimage\"},\"thumbnailUrl\":\"https:\/\/textinova.lu\/wp-content\/uploads\/2026\/03\/APROVED-VEGAN-500x500.webp\",\"datePublished\":\"2015-08-06T08:34:43+00:00\",\"dateModified\":\"2026-03-13T11:47:44+00:00\",\"breadcrumb\":{\"@id\":\"https:\/\/textinova.lu\/en\/informations\/#breadcrumb\"},\"inLanguage\":\"en-US\",\"potentialAction\":[{\"@type\":\"ReadAction\",\"target\":[\"https:\/\/textinova.lu\/en\/informations\/\"]}]},{\"@type\":\"ImageObject\",\"inLanguage\":\"en-US\",\"@id\":\"https:\/\/textinova.lu\/en\/informations\/#primaryimage\",\"url\":\"https:\/\/textinova.lu\/wp-content\/uploads\/2026\/03\/APROVED-VEGAN-500x500.webp\",\"contentUrl\":\"https:\/\/textinova.lu\/wp-content\/uploads\/2026\/03\/APROVED-VEGAN-500x500.webp\"},{\"@type\":\"BreadcrumbList\",\"@id\":\"https:\/\/textinova.lu\/en\/informations\/#breadcrumb\",\"itemListElement\":[{\"@type\":\"ListItem\",\"position\":1,\"name\":\"Accueil\",\"item\":\"https:\/\/textinova.lu\/en\/\"},{\"@type\":\"ListItem\",\"position\":2,\"name\":\"Informations\"}]},{\"@type\":\"WebSite\",\"@id\":\"https:\/\/textinova.lu\/#website\",\"url\":\"https:\/\/textinova.lu\/\",\"name\":\"Textinova\",\"description\":\"Cr\u00e9ations Artisanales en Li\u00e8ge 100% Naturel\",\"publisher\":{\"@id\":\"https:\/\/textinova.lu\/#organization\"},\"potentialAction\":[{\"@type\":\"SearchAction\",\"target\":{\"@type\":\"EntryPoint\",\"urlTemplate\":\"https:\/\/textinova.lu\/?s={search_term_string}\"},\"query-input\":{\"@type\":\"PropertyValueSpecification\",\"valueRequired\":true,\"valueName\":\"search_term_string\"}}],\"inLanguage\":\"en-US\"},{\"@type\":\"Organization\",\"@id\":\"https:\/\/textinova.lu\/#organization\",\"name\":\"Textinova\",\"url\":\"https:\/\/textinova.lu\/\",\"logo\":{\"@type\":\"ImageObject\",\"inLanguage\":\"en-US\",\"@id\":\"https:\/\/textinova.lu\/#\/schema\/logo\/image\/\",\"url\":\"https:\/\/textinova.lu\/wp-content\/uploads\/2023\/05\/logo-textinova-cork-luxdesign.-2015jpg.jpg\",\"contentUrl\":\"https:\/\/textinova.lu\/wp-content\/uploads\/2023\/05\/logo-textinova-cork-luxdesign.-2015jpg.jpg\",\"width\":300,\"height\":190,\"caption\":\"Textinova\"},\"image\":{\"@id\":\"https:\/\/textinova.lu\/#\/schema\/logo\/image\/\"},\"sameAs\":[\"https:\/\/www.youtube.com\/channel\/UC-re5faHketDuAZHsyjnxFw\"]}]}<\/script>\n<!-- \/ Yoast SEO plugin. -->","yoast_head_json":{"title":"Informations - Design Textinova - Articles en Li\u00e8ge -Cr\u00e9ateur sacs en Li\u00e8ge,Bijouterie en Li\u00e8ge,accesoires en Li\u00e8ge","robots":{"index":"index","follow":"follow","max-snippet":"max-snippet:-1","max-image-preview":"max-image-preview:large","max-video-preview":"max-video-preview:-1"},"canonical":"https:\/\/textinova.lu\/en\/informations\/","og_locale":"en_US","og_type":"article","og_title":"Informations - Design Textinova - Articles en Li\u00e8ge -Cr\u00e9ateur sacs en Li\u00e8ge,Bijouterie en Li\u00e8ge,accesoires en Li\u00e8ge","og_description":"&nbsp; Welcome to my online shop Think nature, buy cork products Our products are special and exclusivly created [&hellip;]","og_url":"https:\/\/textinova.lu\/en\/informations\/","og_site_name":"Design Textinova - Articles en Li\u00e8ge -Cr\u00e9ateur sacs en Li\u00e8ge,Bijouterie en Li\u00e8ge,accesoires en Li\u00e8ge","article_modified_time":"2026-03-13T11:47:44+00:00","og_image":[{"width":768,"height":768,"url":"https:\/\/textinova.lu\/wp-content\/uploads\/2026\/03\/APROVED-VEGAN.webp","type":"image\/webp"}],"twitter_card":"summary_large_image","twitter_misc":{"Est. reading time":"4 minutes"},"schema":{"@context":"https:\/\/schema.org","@graph":[{"@type":"WebPage","@id":"https:\/\/textinova.lu\/en\/informations\/","url":"https:\/\/textinova.lu\/en\/informations\/","name":"Informations - Design Textinova - Articles en Li\u00e8ge -Cr\u00e9ateur sacs en Li\u00e8ge,Bijouterie en Li\u00e8ge,accesoires en Li\u00e8ge","isPartOf":{"@id":"https:\/\/textinova.lu\/#website"},"primaryImageOfPage":{"@id":"https:\/\/textinova.lu\/en\/informations\/#primaryimage"},"image":{"@id":"https:\/\/textinova.lu\/en\/informations\/#primaryimage"},"thumbnailUrl":"https:\/\/textinova.lu\/wp-content\/uploads\/2026\/03\/APROVED-VEGAN-500x500.webp","datePublished":"2015-08-06T08:34:43+00:00","dateModified":"2026-03-13T11:47:44+00:00","breadcrumb":{"@id":"https:\/\/textinova.lu\/en\/informations\/#breadcrumb"},"inLanguage":"en-US","potentialAction":[{"@type":"ReadAction","target":["https:\/\/textinova.lu\/en\/informations\/"]}]},{"@type":"ImageObject","inLanguage":"en-US","@id":"https:\/\/textinova.lu\/en\/informations\/#primaryimage","url":"https:\/\/textinova.lu\/wp-content\/uploads\/2026\/03\/APROVED-VEGAN-500x500.webp","contentUrl":"https:\/\/textinova.lu\/wp-content\/uploads\/2026\/03\/APROVED-VEGAN-500x500.webp"},{"@type":"BreadcrumbList","@id":"https:\/\/textinova.lu\/en\/informations\/#breadcrumb","itemListElement":[{"@type":"ListItem","position":1,"name":"Accueil","item":"https:\/\/textinova.lu\/en\/"},{"@type":"ListItem","position":2,"name":"Informations"}]},{"@type":"WebSite","@id":"https:\/\/textinova.lu\/#website","url":"https:\/\/textinova.lu\/","name":"Textinova","description":"Cr\u00e9ations Artisanales en Li\u00e8ge 100% Naturel","publisher":{"@id":"https:\/\/textinova.lu\/#organization"},"potentialAction":[{"@type":"SearchAction","target":{"@type":"EntryPoint","urlTemplate":"https:\/\/textinova.lu\/?s={search_term_string}"},"query-input":{"@type":"PropertyValueSpecification","valueRequired":true,"valueName":"search_term_string"}}],"inLanguage":"en-US"},{"@type":"Organization","@id":"https:\/\/textinova.lu\/#organization","name":"Textinova","url":"https:\/\/textinova.lu\/","logo":{"@type":"ImageObject","inLanguage":"en-US","@id":"https:\/\/textinova.lu\/#\/schema\/logo\/image\/","url":"https:\/\/textinova.lu\/wp-content\/uploads\/2023\/05\/logo-textinova-cork-luxdesign.-2015jpg.jpg","contentUrl":"https:\/\/textinova.lu\/wp-content\/uploads\/2023\/05\/logo-textinova-cork-luxdesign.-2015jpg.jpg","width":300,"height":190,"caption":"Textinova"},"image":{"@id":"https:\/\/textinova.lu\/#\/schema\/logo\/image\/"},"sameAs":["https:\/\/www.youtube.com\/channel\/UC-re5faHketDuAZHsyjnxFw"]}]}},"_links":{"self":[{"href":"https:\/\/textinova.lu\/en\/wp-json\/wp\/v2\/pages\/6261","targetHints":{"allow":["GET"]}}],"collection":[{"href":"https:\/\/textinova.lu\/en\/wp-json\/wp\/v2\/pages"}],"about":[{"href":"https:\/\/textinova.lu\/en\/wp-json\/wp\/v2\/types\/page"}],"author":[{"embeddable":true,"href":"https:\/\/textinova.lu\/en\/wp-json\/wp\/v2\/users\/946"}],"replies":[{"embeddable":true,"href":"https:\/\/textinova.lu\/en\/wp-json\/wp\/v2\/comments?post=6261"}],"version-history":[{"count":43,"href":"https:\/\/textinova.lu\/en\/wp-json\/wp\/v2\/pages\/6261\/revisions"}],"predecessor-version":[{"id":21694,"href":"https:\/\/textinova.lu\/en\/wp-json\/wp\/v2\/pages\/6261\/revisions\/21694"}],"wp:attachment":[{"href":"https:\/\/textinova.lu\/en\/wp-json\/wp\/v2\/media?parent=6261"}],"curies":[{"name":"wp","href":"https:\/\/api.w.org\/{rel}","templated":true}]}}