{"id":6287,"date":"2015-08-07T11:08:38","date_gmt":"2015-08-07T11:08:38","guid":{"rendered":"http:\/\/textinova.lu\/en\/catalogues\/"},"modified":"2026-03-13T13:36:26","modified_gmt":"2026-03-13T11:36:26","slug":"power","status":"publish","type":"page","link":"https:\/\/textinova.lu\/en\/power\/","title":{"rendered":"Our Collection"},"content":{"rendered":"<div>\n<p style=\"text-align: center;\"><em>POWER\u00a0 COLLLECTION 2026\u00a0<\/em><\/p>\n<p style=\"text-align: center;\"><em>( by Corkdesign )<\/em><\/p>\n<p style=\"text-align: center;\"><em>Hand-painted by Portuguese artist Teresa Viotti<\/em><\/p>\n<p style=\"text-align: center;\"><em>Would you like a personalized tote bag or backpack?<\/em><\/p>\n<p style=\"text-align: center;\"><em>(This collection is available for purchase by special order)<\/em><\/p>\n<p>&nbsp;<\/p>\n<\/div>\n<p><img loading=\"lazy\" decoding=\"async\" class=\"size-medium wp-image-21512 aligncenter\" src=\"https:\/\/textinova.lu\/wp-content\/uploads\/2026\/03\/600474345_1448070873994172_8993266569208829196_n-489x500.jpg\" alt=\"\" width=\"489\" height=\"500\" srcset=\"https:\/\/textinova.lu\/wp-content\/uploads\/2026\/03\/600474345_1448070873994172_8993266569208829196_n-489x500.jpg 489w, https:\/\/textinova.lu\/wp-content\/uploads\/2026\/03\/600474345_1448070873994172_8993266569208829196_n-1144x1170.jpg 1144w, https:\/\/textinova.lu\/wp-content\/uploads\/2026\/03\/600474345_1448070873994172_8993266569208829196_n-768x786.jpg 768w, https:\/\/textinova.lu\/wp-content\/uploads\/2026\/03\/600474345_1448070873994172_8993266569208829196_n-1502x1536.jpg 1502w, https:\/\/textinova.lu\/wp-content\/uploads\/2026\/03\/600474345_1448070873994172_8993266569208829196_n-920x941.jpg 920w, https:\/\/textinova.lu\/wp-content\/uploads\/2026\/03\/600474345_1448070873994172_8993266569208829196_n-151x154.jpg 151w, https:\/\/textinova.lu\/wp-content\/uploads\/2026\/03\/600474345_1448070873994172_8993266569208829196_n.jpg 2002w\" sizes=\"auto, (max-width: 489px) 100vw, 489px\" \/><\/p>\n<div><\/div>\n<p><img loading=\"lazy\" decoding=\"async\" class=\"size-medium wp-image-21539 aligncenter\" src=\"https:\/\/textinova.lu\/wp-content\/uploads\/2026\/03\/SA-A-DOS-475x500.jpeg\" alt=\"\" width=\"475\" height=\"500\" srcset=\"https:\/\/textinova.lu\/wp-content\/uploads\/2026\/03\/SA-A-DOS-475x500.jpeg 475w, https:\/\/textinova.lu\/wp-content\/uploads\/2026\/03\/SA-A-DOS-146x154.jpeg 146w, https:\/\/textinova.lu\/wp-content\/uploads\/2026\/03\/SA-A-DOS.jpeg 608w\" sizes=\"auto, (max-width: 475px) 100vw, 475px\" \/><\/p>\n<div><\/div>\n<p><img loading=\"lazy\" decoding=\"async\" class=\"size-medium wp-image-21554 aligncenter\" src=\"https:\/\/textinova.lu\/wp-content\/uploads\/2026\/03\/TX-\u20131-POWER_c-500x482.jpg\" alt=\"\" width=\"500\" height=\"482\" srcset=\"https:\/\/textinova.lu\/wp-content\/uploads\/2026\/03\/TX-\u20131-POWER_c-500x482.jpg 500w, https:\/\/textinova.lu\/wp-content\/uploads\/2026\/03\/TX-\u20131-POWER_c-1170x1128.jpg 1170w, https:\/\/textinova.lu\/wp-content\/uploads\/2026\/03\/TX-\u20131-POWER_c-768x740.jpg 768w, https:\/\/textinova.lu\/wp-content\/uploads\/2026\/03\/TX-\u20131-POWER_c-533x513.jpg 533w, https:\/\/textinova.lu\/wp-content\/uploads\/2026\/03\/TX-\u20131-POWER_c-920x887.jpg 920w, https:\/\/textinova.lu\/wp-content\/uploads\/2026\/03\/TX-\u20131-POWER_c-160x154.jpg 160w, https:\/\/textinova.lu\/wp-content\/uploads\/2026\/03\/TX-\u20131-POWER_c.jpg 1362w\" sizes=\"auto, (max-width: 500px) 100vw, 500px\" \/><\/p>\n<p><img loading=\"lazy\" decoding=\"async\" class=\"size-medium wp-image-21558 aligncenter\" src=\"https:\/\/textinova.lu\/wp-content\/uploads\/2026\/03\/TX-4-POWER_a-476x500.jpg\" alt=\"\" width=\"476\" height=\"500\" srcset=\"https:\/\/textinova.lu\/wp-content\/uploads\/2026\/03\/TX-4-POWER_a-476x500.jpg 476w, https:\/\/textinova.lu\/wp-content\/uploads\/2026\/03\/TX-4-POWER_a-1113x1170.jpg 1113w, https:\/\/textinova.lu\/wp-content\/uploads\/2026\/03\/TX-4-POWER_a-768x807.jpg 768w, https:\/\/textinova.lu\/wp-content\/uploads\/2026\/03\/TX-4-POWER_a-920x967.jpg 920w, https:\/\/textinova.lu\/wp-content\/uploads\/2026\/03\/TX-4-POWER_a-147x154.jpg 147w, https:\/\/textinova.lu\/wp-content\/uploads\/2026\/03\/TX-4-POWER_a.jpg 1258w\" sizes=\"auto, (max-width: 476px) 100vw, 476px\" \/><img loading=\"lazy\" decoding=\"async\" class=\"size-medium wp-image-21556 aligncenter\" src=\"https:\/\/textinova.lu\/wp-content\/uploads\/2026\/03\/TX-2-POWER_c-478x500.jpg\" alt=\"\" width=\"478\" height=\"500\" srcset=\"https:\/\/textinova.lu\/wp-content\/uploads\/2026\/03\/TX-2-POWER_c-478x500.jpg 478w, https:\/\/textinova.lu\/wp-content\/uploads\/2026\/03\/TX-2-POWER_c-1119x1170.jpg 1119w, https:\/\/textinova.lu\/wp-content\/uploads\/2026\/03\/TX-2-POWER_c-768x803.jpg 768w, https:\/\/textinova.lu\/wp-content\/uploads\/2026\/03\/TX-2-POWER_c-920x962.jpg 920w, https:\/\/textinova.lu\/wp-content\/uploads\/2026\/03\/TX-2-POWER_c-147x154.jpg 147w, https:\/\/textinova.lu\/wp-content\/uploads\/2026\/03\/TX-2-POWER_c.jpg 1275w\" sizes=\"auto, (max-width: 478px) 100vw, 478px\" \/><\/p>\n<div><\/div>\n<div>\n<h3><\/h3>\n<\/div>\n<div><\/div>\n<p>&nbsp;<\/p>\n<div style=\"margin-bottom: 5px;\"><\/div>\n<p>&nbsp;<\/p>\n","protected":false},"excerpt":{"rendered":"<p>POWER\u00a0 COLLLECTION 2026\u00a0 ( by Corkdesign ) Hand-painted by Portuguese artist Teresa Viotti Would you like a personalized [&hellip;]<\/p>\n","protected":false},"author":946,"featured_media":0,"parent":0,"menu_order":0,"comment_status":"closed","ping_status":"closed","template":"","meta":{"footnotes":""},"class_list":["post-6287","page","type-page","status-publish","hentry"],"yoast_head":"<!-- This site is optimized with the Yoast SEO plugin v25.5 - https:\/\/yoast.com\/wordpress\/plugins\/seo\/ -->\n<title>Our Collection - Design Textinova - Articles en Li\u00e8ge -Cr\u00e9ateur sacs en Li\u00e8ge,Bijouterie en Li\u00e8ge,accesoires en Li\u00e8ge<\/title>\n<meta name=\"robots\" content=\"index, follow, max-snippet:-1, max-image-preview:large, max-video-preview:-1\" \/>\n<link rel=\"canonical\" href=\"https:\/\/textinova.lu\/en\/power\/\" \/>\n<meta property=\"og:locale\" content=\"en_US\" \/>\n<meta property=\"og:type\" content=\"article\" \/>\n<meta property=\"og:title\" content=\"Our Collection - Design Textinova - Articles en Li\u00e8ge -Cr\u00e9ateur sacs en Li\u00e8ge,Bijouterie en Li\u00e8ge,accesoires en Li\u00e8ge\" \/>\n<meta property=\"og:description\" content=\"POWER\u00a0 COLLLECTION 2026\u00a0 ( by Corkdesign ) Hand-painted by Portuguese artist Teresa Viotti Would you like a personalized [&hellip;]\" \/>\n<meta property=\"og:url\" content=\"https:\/\/textinova.lu\/en\/power\/\" \/>\n<meta property=\"og:site_name\" content=\"Design Textinova - Articles en Li\u00e8ge -Cr\u00e9ateur sacs en Li\u00e8ge,Bijouterie en Li\u00e8ge,accesoires en Li\u00e8ge\" \/>\n<meta property=\"article:modified_time\" content=\"2026-03-13T11:36:26+00:00\" \/>\n<meta property=\"og:image\" content=\"https:\/\/textinova.lu\/wp-content\/uploads\/2026\/03\/600474345_1448070873994172_8993266569208829196_n.jpg\" \/>\n\t<meta property=\"og:image:width\" content=\"2002\" \/>\n\t<meta property=\"og:image:height\" content=\"2048\" \/>\n\t<meta property=\"og:image:type\" content=\"image\/jpeg\" \/>\n<meta name=\"twitter:card\" content=\"summary_large_image\" \/>\n<meta name=\"twitter:label1\" content=\"Est. reading time\" \/>\n\t<meta name=\"twitter:data1\" content=\"2 minutes\" \/>\n<script type=\"application\/ld+json\" class=\"yoast-schema-graph\">{\"@context\":\"https:\/\/schema.org\",\"@graph\":[{\"@type\":\"WebPage\",\"@id\":\"https:\/\/textinova.lu\/en\/power\/\",\"url\":\"https:\/\/textinova.lu\/en\/power\/\",\"name\":\"Our Collection - Design Textinova - Articles en Li\u00e8ge -Cr\u00e9ateur sacs en Li\u00e8ge,Bijouterie en Li\u00e8ge,accesoires en Li\u00e8ge\",\"isPartOf\":{\"@id\":\"https:\/\/textinova.lu\/#website\"},\"primaryImageOfPage\":{\"@id\":\"https:\/\/textinova.lu\/en\/power\/#primaryimage\"},\"image\":{\"@id\":\"https:\/\/textinova.lu\/en\/power\/#primaryimage\"},\"thumbnailUrl\":\"https:\/\/textinova.lu\/wp-content\/uploads\/2026\/03\/600474345_1448070873994172_8993266569208829196_n-489x500.jpg\",\"datePublished\":\"2015-08-07T11:08:38+00:00\",\"dateModified\":\"2026-03-13T11:36:26+00:00\",\"breadcrumb\":{\"@id\":\"https:\/\/textinova.lu\/en\/power\/#breadcrumb\"},\"inLanguage\":\"en-US\",\"potentialAction\":[{\"@type\":\"ReadAction\",\"target\":[\"https:\/\/textinova.lu\/en\/power\/\"]}]},{\"@type\":\"ImageObject\",\"inLanguage\":\"en-US\",\"@id\":\"https:\/\/textinova.lu\/en\/power\/#primaryimage\",\"url\":\"https:\/\/textinova.lu\/wp-content\/uploads\/2026\/03\/600474345_1448070873994172_8993266569208829196_n-489x500.jpg\",\"contentUrl\":\"https:\/\/textinova.lu\/wp-content\/uploads\/2026\/03\/600474345_1448070873994172_8993266569208829196_n-489x500.jpg\"},{\"@type\":\"BreadcrumbList\",\"@id\":\"https:\/\/textinova.lu\/en\/power\/#breadcrumb\",\"itemListElement\":[{\"@type\":\"ListItem\",\"position\":1,\"name\":\"Accueil\",\"item\":\"https:\/\/textinova.lu\/en\/\"},{\"@type\":\"ListItem\",\"position\":2,\"name\":\"Our Collection\"}]},{\"@type\":\"WebSite\",\"@id\":\"https:\/\/textinova.lu\/#website\",\"url\":\"https:\/\/textinova.lu\/\",\"name\":\"Textinova\",\"description\":\"Cr\u00e9ations Artisanales en Li\u00e8ge 100% Naturel\",\"publisher\":{\"@id\":\"https:\/\/textinova.lu\/#organization\"},\"potentialAction\":[{\"@type\":\"SearchAction\",\"target\":{\"@type\":\"EntryPoint\",\"urlTemplate\":\"https:\/\/textinova.lu\/?s={search_term_string}\"},\"query-input\":{\"@type\":\"PropertyValueSpecification\",\"valueRequired\":true,\"valueName\":\"search_term_string\"}}],\"inLanguage\":\"en-US\"},{\"@type\":\"Organization\",\"@id\":\"https:\/\/textinova.lu\/#organization\",\"name\":\"Textinova\",\"url\":\"https:\/\/textinova.lu\/\",\"logo\":{\"@type\":\"ImageObject\",\"inLanguage\":\"en-US\",\"@id\":\"https:\/\/textinova.lu\/#\/schema\/logo\/image\/\",\"url\":\"https:\/\/textinova.lu\/wp-content\/uploads\/2023\/05\/logo-textinova-cork-luxdesign.-2015jpg.jpg\",\"contentUrl\":\"https:\/\/textinova.lu\/wp-content\/uploads\/2023\/05\/logo-textinova-cork-luxdesign.-2015jpg.jpg\",\"width\":300,\"height\":190,\"caption\":\"Textinova\"},\"image\":{\"@id\":\"https:\/\/textinova.lu\/#\/schema\/logo\/image\/\"},\"sameAs\":[\"https:\/\/www.youtube.com\/channel\/UC-re5faHketDuAZHsyjnxFw\"]}]}<\/script>\n<!-- \/ Yoast SEO plugin. -->","yoast_head_json":{"title":"Our Collection - Design Textinova - Articles en Li\u00e8ge -Cr\u00e9ateur sacs en Li\u00e8ge,Bijouterie en Li\u00e8ge,accesoires en Li\u00e8ge","robots":{"index":"index","follow":"follow","max-snippet":"max-snippet:-1","max-image-preview":"max-image-preview:large","max-video-preview":"max-video-preview:-1"},"canonical":"https:\/\/textinova.lu\/en\/power\/","og_locale":"en_US","og_type":"article","og_title":"Our Collection - Design Textinova - Articles en Li\u00e8ge -Cr\u00e9ateur sacs en Li\u00e8ge,Bijouterie en Li\u00e8ge,accesoires en Li\u00e8ge","og_description":"POWER\u00a0 COLLLECTION 2026\u00a0 ( by Corkdesign ) Hand-painted by Portuguese artist Teresa Viotti Would you like a personalized [&hellip;]","og_url":"https:\/\/textinova.lu\/en\/power\/","og_site_name":"Design Textinova - Articles en Li\u00e8ge -Cr\u00e9ateur sacs en Li\u00e8ge,Bijouterie en Li\u00e8ge,accesoires en Li\u00e8ge","article_modified_time":"2026-03-13T11:36:26+00:00","og_image":[{"width":2002,"height":2048,"url":"https:\/\/textinova.lu\/wp-content\/uploads\/2026\/03\/600474345_1448070873994172_8993266569208829196_n.jpg","type":"image\/jpeg"}],"twitter_card":"summary_large_image","twitter_misc":{"Est. reading time":"2 minutes"},"schema":{"@context":"https:\/\/schema.org","@graph":[{"@type":"WebPage","@id":"https:\/\/textinova.lu\/en\/power\/","url":"https:\/\/textinova.lu\/en\/power\/","name":"Our Collection - Design Textinova - Articles en Li\u00e8ge -Cr\u00e9ateur sacs en Li\u00e8ge,Bijouterie en Li\u00e8ge,accesoires en Li\u00e8ge","isPartOf":{"@id":"https:\/\/textinova.lu\/#website"},"primaryImageOfPage":{"@id":"https:\/\/textinova.lu\/en\/power\/#primaryimage"},"image":{"@id":"https:\/\/textinova.lu\/en\/power\/#primaryimage"},"thumbnailUrl":"https:\/\/textinova.lu\/wp-content\/uploads\/2026\/03\/600474345_1448070873994172_8993266569208829196_n-489x500.jpg","datePublished":"2015-08-07T11:08:38+00:00","dateModified":"2026-03-13T11:36:26+00:00","breadcrumb":{"@id":"https:\/\/textinova.lu\/en\/power\/#breadcrumb"},"inLanguage":"en-US","potentialAction":[{"@type":"ReadAction","target":["https:\/\/textinova.lu\/en\/power\/"]}]},{"@type":"ImageObject","inLanguage":"en-US","@id":"https:\/\/textinova.lu\/en\/power\/#primaryimage","url":"https:\/\/textinova.lu\/wp-content\/uploads\/2026\/03\/600474345_1448070873994172_8993266569208829196_n-489x500.jpg","contentUrl":"https:\/\/textinova.lu\/wp-content\/uploads\/2026\/03\/600474345_1448070873994172_8993266569208829196_n-489x500.jpg"},{"@type":"BreadcrumbList","@id":"https:\/\/textinova.lu\/en\/power\/#breadcrumb","itemListElement":[{"@type":"ListItem","position":1,"name":"Accueil","item":"https:\/\/textinova.lu\/en\/"},{"@type":"ListItem","position":2,"name":"Our Collection"}]},{"@type":"WebSite","@id":"https:\/\/textinova.lu\/#website","url":"https:\/\/textinova.lu\/","name":"Textinova","description":"Cr\u00e9ations Artisanales en Li\u00e8ge 100% Naturel","publisher":{"@id":"https:\/\/textinova.lu\/#organization"},"potentialAction":[{"@type":"SearchAction","target":{"@type":"EntryPoint","urlTemplate":"https:\/\/textinova.lu\/?s={search_term_string}"},"query-input":{"@type":"PropertyValueSpecification","valueRequired":true,"valueName":"search_term_string"}}],"inLanguage":"en-US"},{"@type":"Organization","@id":"https:\/\/textinova.lu\/#organization","name":"Textinova","url":"https:\/\/textinova.lu\/","logo":{"@type":"ImageObject","inLanguage":"en-US","@id":"https:\/\/textinova.lu\/#\/schema\/logo\/image\/","url":"https:\/\/textinova.lu\/wp-content\/uploads\/2023\/05\/logo-textinova-cork-luxdesign.-2015jpg.jpg","contentUrl":"https:\/\/textinova.lu\/wp-content\/uploads\/2023\/05\/logo-textinova-cork-luxdesign.-2015jpg.jpg","width":300,"height":190,"caption":"Textinova"},"image":{"@id":"https:\/\/textinova.lu\/#\/schema\/logo\/image\/"},"sameAs":["https:\/\/www.youtube.com\/channel\/UC-re5faHketDuAZHsyjnxFw"]}]}},"_links":{"self":[{"href":"https:\/\/textinova.lu\/en\/wp-json\/wp\/v2\/pages\/6287","targetHints":{"allow":["GET"]}}],"collection":[{"href":"https:\/\/textinova.lu\/en\/wp-json\/wp\/v2\/pages"}],"about":[{"href":"https:\/\/textinova.lu\/en\/wp-json\/wp\/v2\/types\/page"}],"author":[{"embeddable":true,"href":"https:\/\/textinova.lu\/en\/wp-json\/wp\/v2\/users\/946"}],"replies":[{"embeddable":true,"href":"https:\/\/textinova.lu\/en\/wp-json\/wp\/v2\/comments?post=6287"}],"version-history":[{"count":134,"href":"https:\/\/textinova.lu\/en\/wp-json\/wp\/v2\/pages\/6287\/revisions"}],"predecessor-version":[{"id":21690,"href":"https:\/\/textinova.lu\/en\/wp-json\/wp\/v2\/pages\/6287\/revisions\/21690"}],"wp:attachment":[{"href":"https:\/\/textinova.lu\/en\/wp-json\/wp\/v2\/media?parent=6287"}],"curies":[{"name":"wp","href":"https:\/\/api.w.org\/{rel}","templated":true}]}}