{"id":11244,"date":"2019-02-07T12:00:24","date_gmt":"2019-02-07T10:02:41","guid":{"rendered":"http:\/\/textinova.lu\/?post_type=product&#038;p=11244"},"modified":"2020-04-02T17:10:06","modified_gmt":"2020-04-02T15:10:06","slug":"cork-bracelet-four-colors-2","status":"publish","type":"product","link":"https:\/\/textinova.lu\/en\/boutique\/bracelets-perfect-combinaison\/cork-bracelet-four-colors-2\/","title":{"rendered":"Cork bracelet four colors"},"content":{"rendered":"<pre id=\"tw-target-text\" class=\"tw-data-text tw-ta tw-text-small\" dir=\"ltr\" data-placeholder=\"Traduction\" data-fulltext=\"\"><span lang=\"en\"><strong>CREATIONS NB<\/strong>\r\n\r\nCork Bracelet four round &amp; four colors.\r\ncombined with silver elements.\r\nMagnetic Closure\r\nSize L \/ M\r\n<span style=\"color: #008000;\"><strong>VEGAN PRODUCT &amp; Eco-Friendly<\/strong><\/span>\r\n\r\n<strong><span style=\"color: #008000;\">A stylish, ecological and original fashion choice.\r\n100% natural, recyclable and biodegradable.\r\nCork \u2013 Nature to wear\r\nThink Nature \u2013 Think Bio \u2013 Think Cork<\/span><\/strong><\/span><\/pre>\n","protected":false},"excerpt":{"rendered":"<p>CREATIONS NB Cork Bracelet four round &amp; four colors. combined with silver elements. Magnetic Closure Size L \/ [&hellip;]<\/p>\n","protected":false},"featured_media":13555,"comment_status":"closed","ping_status":"closed","template":"","meta":[],"product_brand":[],"product_cat":[211],"product_tag":[],"class_list":{"0":"post-11244","1":"product","2":"type-product","3":"status-publish","4":"has-post-thumbnail","6":"product_cat-bracelets-perfect-combinaison","8":"first","9":"outofstock","10":"sale","11":"taxable","12":"shipping-taxable","13":"purchasable","14":"product-type-simple"},"yoast_head":"<!-- This site is optimized with the Yoast SEO plugin v25.5 - https:\/\/yoast.com\/wordpress\/plugins\/seo\/ -->\n<title>Cork bracelet four colors - Design Textinova - Articles en Li\u00e8ge -Cr\u00e9ateur sacs en Li\u00e8ge,Bijouterie en Li\u00e8ge,accesoires en Li\u00e8ge<\/title>\n<meta name=\"robots\" content=\"index, follow, max-snippet:-1, max-image-preview:large, max-video-preview:-1\" \/>\n<link rel=\"canonical\" href=\"https:\/\/textinova.lu\/en\/boutique\/bracelets-perfect-combinaison\/cork-bracelet-four-colors-2\/\" \/>\n<meta property=\"og:locale\" content=\"en_US\" \/>\n<meta property=\"og:type\" content=\"article\" \/>\n<meta property=\"og:title\" content=\"Cork bracelet four colors - Design Textinova - Articles en Li\u00e8ge -Cr\u00e9ateur sacs en Li\u00e8ge,Bijouterie en Li\u00e8ge,accesoires en Li\u00e8ge\" \/>\n<meta property=\"og:description\" content=\"CREATIONS NB Cork Bracelet four round &amp; four colors. combined with silver elements. Magnetic Closure Size L \/ [&hellip;]\" \/>\n<meta property=\"og:url\" content=\"https:\/\/textinova.lu\/en\/boutique\/bracelets-perfect-combinaison\/cork-bracelet-four-colors-2\/\" \/>\n<meta property=\"og:site_name\" content=\"Design Textinova - Articles en Li\u00e8ge -Cr\u00e9ateur sacs en Li\u00e8ge,Bijouterie en Li\u00e8ge,accesoires en Li\u00e8ge\" \/>\n<meta property=\"article:modified_time\" content=\"2020-04-02T15:10:06+00:00\" \/>\n<meta property=\"og:image\" content=\"https:\/\/textinova.lu\/wp-content\/uploads\/2019\/02\/REF-PGQ27.png\" \/>\n\t<meta property=\"og:image:width\" content=\"567\" \/>\n\t<meta property=\"og:image:height\" content=\"624\" \/>\n\t<meta property=\"og:image:type\" content=\"image\/png\" \/>\n<meta name=\"twitter:card\" content=\"summary_large_image\" \/>\n<script type=\"application\/ld+json\" class=\"yoast-schema-graph\">{\"@context\":\"https:\/\/schema.org\",\"@graph\":[{\"@type\":\"WebPage\",\"@id\":\"https:\/\/textinova.lu\/en\/boutique\/bracelets-perfect-combinaison\/cork-bracelet-four-colors-2\/\",\"url\":\"https:\/\/textinova.lu\/en\/boutique\/bracelets-perfect-combinaison\/cork-bracelet-four-colors-2\/\",\"name\":\"Cork bracelet four colors - Design Textinova - Articles en Li\u00e8ge -Cr\u00e9ateur sacs en Li\u00e8ge,Bijouterie en Li\u00e8ge,accesoires en Li\u00e8ge\",\"isPartOf\":{\"@id\":\"https:\/\/textinova.lu\/#website\"},\"primaryImageOfPage\":{\"@id\":\"https:\/\/textinova.lu\/en\/boutique\/bracelets-perfect-combinaison\/cork-bracelet-four-colors-2\/#primaryimage\"},\"image\":{\"@id\":\"https:\/\/textinova.lu\/en\/boutique\/bracelets-perfect-combinaison\/cork-bracelet-four-colors-2\/#primaryimage\"},\"thumbnailUrl\":\"https:\/\/textinova.lu\/wp-content\/uploads\/2019\/02\/REF-PGQ27.png\",\"datePublished\":\"2019-02-07T10:02:41+00:00\",\"dateModified\":\"2020-04-02T15:10:06+00:00\",\"breadcrumb\":{\"@id\":\"https:\/\/textinova.lu\/en\/boutique\/bracelets-perfect-combinaison\/cork-bracelet-four-colors-2\/#breadcrumb\"},\"inLanguage\":\"en-US\",\"potentialAction\":[{\"@type\":\"ReadAction\",\"target\":[\"https:\/\/textinova.lu\/en\/boutique\/bracelets-perfect-combinaison\/cork-bracelet-four-colors-2\/\"]}]},{\"@type\":\"ImageObject\",\"inLanguage\":\"en-US\",\"@id\":\"https:\/\/textinova.lu\/en\/boutique\/bracelets-perfect-combinaison\/cork-bracelet-four-colors-2\/#primaryimage\",\"url\":\"https:\/\/textinova.lu\/wp-content\/uploads\/2019\/02\/REF-PGQ27.png\",\"contentUrl\":\"https:\/\/textinova.lu\/wp-content\/uploads\/2019\/02\/REF-PGQ27.png\",\"width\":567,\"height\":624},{\"@type\":\"BreadcrumbList\",\"@id\":\"https:\/\/textinova.lu\/en\/boutique\/bracelets-perfect-combinaison\/cork-bracelet-four-colors-2\/#breadcrumb\",\"itemListElement\":[{\"@type\":\"ListItem\",\"position\":1,\"name\":\"Accueil\",\"item\":\"https:\/\/textinova.lu\/en\/\"},{\"@type\":\"ListItem\",\"position\":2,\"name\":\"Shop\",\"item\":\"https:\/\/textinova.lu\/en\/boutique\/\"},{\"@type\":\"ListItem\",\"position\":3,\"name\":\"Cork bracelet four colors\"}]},{\"@type\":\"WebSite\",\"@id\":\"https:\/\/textinova.lu\/#website\",\"url\":\"https:\/\/textinova.lu\/\",\"name\":\"Textinova\",\"description\":\"Cr\u00e9ations Artisanales en Li\u00e8ge 100% Naturel\",\"publisher\":{\"@id\":\"https:\/\/textinova.lu\/#organization\"},\"potentialAction\":[{\"@type\":\"SearchAction\",\"target\":{\"@type\":\"EntryPoint\",\"urlTemplate\":\"https:\/\/textinova.lu\/?s={search_term_string}\"},\"query-input\":{\"@type\":\"PropertyValueSpecification\",\"valueRequired\":true,\"valueName\":\"search_term_string\"}}],\"inLanguage\":\"en-US\"},{\"@type\":\"Organization\",\"@id\":\"https:\/\/textinova.lu\/#organization\",\"name\":\"Textinova\",\"url\":\"https:\/\/textinova.lu\/\",\"logo\":{\"@type\":\"ImageObject\",\"inLanguage\":\"en-US\",\"@id\":\"https:\/\/textinova.lu\/#\/schema\/logo\/image\/\",\"url\":\"https:\/\/textinova.lu\/wp-content\/uploads\/2023\/05\/logo-textinova-cork-luxdesign.-2015jpg.jpg\",\"contentUrl\":\"https:\/\/textinova.lu\/wp-content\/uploads\/2023\/05\/logo-textinova-cork-luxdesign.-2015jpg.jpg\",\"width\":300,\"height\":190,\"caption\":\"Textinova\"},\"image\":{\"@id\":\"https:\/\/textinova.lu\/#\/schema\/logo\/image\/\"},\"sameAs\":[\"https:\/\/www.youtube.com\/channel\/UC-re5faHketDuAZHsyjnxFw\"]}]}<\/script>\n<!-- \/ Yoast SEO plugin. -->","yoast_head_json":{"title":"Cork bracelet four colors - Design Textinova - Articles en Li\u00e8ge -Cr\u00e9ateur sacs en Li\u00e8ge,Bijouterie en Li\u00e8ge,accesoires en Li\u00e8ge","robots":{"index":"index","follow":"follow","max-snippet":"max-snippet:-1","max-image-preview":"max-image-preview:large","max-video-preview":"max-video-preview:-1"},"canonical":"https:\/\/textinova.lu\/en\/boutique\/bracelets-perfect-combinaison\/cork-bracelet-four-colors-2\/","og_locale":"en_US","og_type":"article","og_title":"Cork bracelet four colors - Design Textinova - Articles en Li\u00e8ge -Cr\u00e9ateur sacs en Li\u00e8ge,Bijouterie en Li\u00e8ge,accesoires en Li\u00e8ge","og_description":"CREATIONS NB Cork Bracelet four round &amp; four colors. combined with silver elements. Magnetic Closure Size L \/ [&hellip;]","og_url":"https:\/\/textinova.lu\/en\/boutique\/bracelets-perfect-combinaison\/cork-bracelet-four-colors-2\/","og_site_name":"Design Textinova - Articles en Li\u00e8ge -Cr\u00e9ateur sacs en Li\u00e8ge,Bijouterie en Li\u00e8ge,accesoires en Li\u00e8ge","article_modified_time":"2020-04-02T15:10:06+00:00","og_image":[{"width":567,"height":624,"url":"https:\/\/textinova.lu\/wp-content\/uploads\/2019\/02\/REF-PGQ27.png","type":"image\/png"}],"twitter_card":"summary_large_image","schema":{"@context":"https:\/\/schema.org","@graph":[{"@type":"WebPage","@id":"https:\/\/textinova.lu\/en\/boutique\/bracelets-perfect-combinaison\/cork-bracelet-four-colors-2\/","url":"https:\/\/textinova.lu\/en\/boutique\/bracelets-perfect-combinaison\/cork-bracelet-four-colors-2\/","name":"Cork bracelet four colors - Design Textinova - Articles en Li\u00e8ge -Cr\u00e9ateur sacs en Li\u00e8ge,Bijouterie en Li\u00e8ge,accesoires en Li\u00e8ge","isPartOf":{"@id":"https:\/\/textinova.lu\/#website"},"primaryImageOfPage":{"@id":"https:\/\/textinova.lu\/en\/boutique\/bracelets-perfect-combinaison\/cork-bracelet-four-colors-2\/#primaryimage"},"image":{"@id":"https:\/\/textinova.lu\/en\/boutique\/bracelets-perfect-combinaison\/cork-bracelet-four-colors-2\/#primaryimage"},"thumbnailUrl":"https:\/\/textinova.lu\/wp-content\/uploads\/2019\/02\/REF-PGQ27.png","datePublished":"2019-02-07T10:02:41+00:00","dateModified":"2020-04-02T15:10:06+00:00","breadcrumb":{"@id":"https:\/\/textinova.lu\/en\/boutique\/bracelets-perfect-combinaison\/cork-bracelet-four-colors-2\/#breadcrumb"},"inLanguage":"en-US","potentialAction":[{"@type":"ReadAction","target":["https:\/\/textinova.lu\/en\/boutique\/bracelets-perfect-combinaison\/cork-bracelet-four-colors-2\/"]}]},{"@type":"ImageObject","inLanguage":"en-US","@id":"https:\/\/textinova.lu\/en\/boutique\/bracelets-perfect-combinaison\/cork-bracelet-four-colors-2\/#primaryimage","url":"https:\/\/textinova.lu\/wp-content\/uploads\/2019\/02\/REF-PGQ27.png","contentUrl":"https:\/\/textinova.lu\/wp-content\/uploads\/2019\/02\/REF-PGQ27.png","width":567,"height":624},{"@type":"BreadcrumbList","@id":"https:\/\/textinova.lu\/en\/boutique\/bracelets-perfect-combinaison\/cork-bracelet-four-colors-2\/#breadcrumb","itemListElement":[{"@type":"ListItem","position":1,"name":"Accueil","item":"https:\/\/textinova.lu\/en\/"},{"@type":"ListItem","position":2,"name":"Shop","item":"https:\/\/textinova.lu\/en\/boutique\/"},{"@type":"ListItem","position":3,"name":"Cork bracelet four colors"}]},{"@type":"WebSite","@id":"https:\/\/textinova.lu\/#website","url":"https:\/\/textinova.lu\/","name":"Textinova","description":"Cr\u00e9ations Artisanales en Li\u00e8ge 100% Naturel","publisher":{"@id":"https:\/\/textinova.lu\/#organization"},"potentialAction":[{"@type":"SearchAction","target":{"@type":"EntryPoint","urlTemplate":"https:\/\/textinova.lu\/?s={search_term_string}"},"query-input":{"@type":"PropertyValueSpecification","valueRequired":true,"valueName":"search_term_string"}}],"inLanguage":"en-US"},{"@type":"Organization","@id":"https:\/\/textinova.lu\/#organization","name":"Textinova","url":"https:\/\/textinova.lu\/","logo":{"@type":"ImageObject","inLanguage":"en-US","@id":"https:\/\/textinova.lu\/#\/schema\/logo\/image\/","url":"https:\/\/textinova.lu\/wp-content\/uploads\/2023\/05\/logo-textinova-cork-luxdesign.-2015jpg.jpg","contentUrl":"https:\/\/textinova.lu\/wp-content\/uploads\/2023\/05\/logo-textinova-cork-luxdesign.-2015jpg.jpg","width":300,"height":190,"caption":"Textinova"},"image":{"@id":"https:\/\/textinova.lu\/#\/schema\/logo\/image\/"},"sameAs":["https:\/\/www.youtube.com\/channel\/UC-re5faHketDuAZHsyjnxFw"]}]}},"_links":{"self":[{"href":"https:\/\/textinova.lu\/en\/wp-json\/wp\/v2\/product\/11244","targetHints":{"allow":["GET"]}}],"collection":[{"href":"https:\/\/textinova.lu\/en\/wp-json\/wp\/v2\/product"}],"about":[{"href":"https:\/\/textinova.lu\/en\/wp-json\/wp\/v2\/types\/product"}],"replies":[{"embeddable":true,"href":"https:\/\/textinova.lu\/en\/wp-json\/wp\/v2\/comments?post=11244"}],"wp:featuredmedia":[{"embeddable":true,"href":"https:\/\/textinova.lu\/en\/wp-json\/wp\/v2\/media\/13555"}],"wp:attachment":[{"href":"https:\/\/textinova.lu\/en\/wp-json\/wp\/v2\/media?parent=11244"}],"wp:term":[{"taxonomy":"product_brand","embeddable":true,"href":"https:\/\/textinova.lu\/en\/wp-json\/wp\/v2\/product_brand?post=11244"},{"taxonomy":"product_cat","embeddable":true,"href":"https:\/\/textinova.lu\/en\/wp-json\/wp\/v2\/product_cat?post=11244"},{"taxonomy":"product_tag","embeddable":true,"href":"https:\/\/textinova.lu\/en\/wp-json\/wp\/v2\/product_tag?post=11244"}],"curies":[{"name":"wp","href":"https:\/\/api.w.org\/{rel}","templated":true}]}}