{"id":11422,"date":"2019-02-21T19:59:29","date_gmt":"2019-02-21T18:03:23","guid":{"rendered":"http:\/\/textinova.lu\/?post_type=product&#038;p=11422"},"modified":"2024-03-27T22:43:28","modified_gmt":"2024-03-27T20:43:28","slug":"single-cork-necklace-pearl-rhinestone","status":"publish","type":"product","link":"https:\/\/textinova.lu\/en\/boutique\/necklaces-elegance-and-refinement\/single-cork-necklace-pearl-rhinestone\/","title":{"rendered":"Single cork necklace, pearl &#038; rhinestone"},"content":{"rendered":"<div class=\"oSioSc\">\n<div id=\"tw-target\">\n<div id=\"tw-target-text-container\" class=\"gsrt tw-ta-container tw-nfl\">\n<pre class=\"tw-data-text tw-ta tw-text-small\" data-placeholder=\"Traduction\" data-fulltext=\"\"><span lang=\"en\"><img loading=\"lazy\" decoding=\"async\" class=\"alignnone size-full wp-image-15734\" src=\"https:\/\/textinova.lu\/wp-content\/uploads\/2021\/01\/neves-barros-logo-petit-articles.jpg\" alt=\"\" width=\"200\" height=\"149\" \/> <img loading=\"lazy\" decoding=\"async\" class=\"alignnone size-full wp-image-15732\" src=\"https:\/\/textinova.lu\/wp-content\/uploads\/2021\/01\/FABRICATION-ARTISANALE.jpg\" alt=\"\" width=\"148\" height=\"66\" \/>\r\nShort necklace with silver elements combined with pearl &amp;<\/span><\/pre>\n<pre id=\"tw-target-text\" class=\"tw-data-text tw-ta tw-text-medium\" data-placeholder=\"Traduction\" data-fulltext=\"\"><span lang=\"en\">white rhinestone<\/span><\/pre>\n<pre class=\"tw-data-text tw-ta tw-text-small\" data-placeholder=\"Traduction\" data-fulltext=\"\"><span lang=\"en\"><strong>Easy to close with adjustable lobster.for adjustment if necessary<\/strong>\r\n<strong>Dimension- 45 cm neck circumference<\/strong>\r\n\r\n<span style=\"color: #008000;\"><strong>Vegan &amp; Eco-Friendly Product <\/strong><\/span><\/span><\/pre>\n<p><span style=\"color: #008000;\"><strong>The natural characteristics of cork assigns a unique character to each piece.<\/strong><\/span><\/p>\n<p><span style=\"color: #008000;\"><strong>A natural texture from Portugal. The harmony of cork and nature.<\/strong><\/span><\/p>\n<p><span style=\"color: #008000;\"><strong>Think nature \u2013 Think ecofriendly \u2013 Buy Cork !<\/strong><\/span><\/p>\n<pre id=\"tw-target-text\" class=\"tw-data-text tw-ta tw-text-small\" data-placeholder=\"Traduction\" data-fulltext=\"\"><\/pre>\n<\/div>\n<\/div>\n<\/div>\n","protected":false},"excerpt":{"rendered":"<p>Short necklace with silver elements combined with pearl &amp; white rhinestone Easy to close with adjustable lobster.for adjustment [&hellip;]<\/p>\n","protected":false},"featured_media":11358,"comment_status":"closed","ping_status":"closed","template":"","meta":[],"product_brand":[],"product_cat":[210],"product_tag":[],"class_list":{"0":"post-11422","1":"product","2":"type-product","3":"status-publish","4":"has-post-thumbnail","6":"product_cat-necklaces-elegance-and-refinement","8":"first","9":"instock","10":"taxable","11":"shipping-taxable","12":"purchasable","13":"product-type-simple"},"yoast_head":"<!-- This site is optimized with the Yoast SEO plugin v25.5 - https:\/\/yoast.com\/wordpress\/plugins\/seo\/ -->\n<title>Single cork necklace, pearl &amp; rhinestone - Design Textinova - Articles en Li\u00e8ge -Cr\u00e9ateur sacs en Li\u00e8ge,Bijouterie en Li\u00e8ge,accesoires en Li\u00e8ge<\/title>\n<meta name=\"robots\" content=\"index, follow, max-snippet:-1, max-image-preview:large, max-video-preview:-1\" \/>\n<link rel=\"canonical\" href=\"https:\/\/textinova.lu\/boutique\/bijoux\/colliers\/collier-single-en-liege-perle-strass\/\" \/>\n<meta property=\"og:locale\" content=\"en_US\" \/>\n<meta property=\"og:type\" content=\"article\" \/>\n<meta property=\"og:title\" content=\"Single cork necklace, pearl &amp; rhinestone - Design Textinova - Articles en Li\u00e8ge -Cr\u00e9ateur sacs en Li\u00e8ge,Bijouterie en Li\u00e8ge,accesoires en Li\u00e8ge\" \/>\n<meta property=\"og:description\" content=\"Short necklace with silver elements combined with pearl &amp; white rhinestone Easy to close with adjustable lobster.for adjustment [&hellip;]\" \/>\n<meta property=\"og:url\" content=\"https:\/\/textinova.lu\/boutique\/bijoux\/colliers\/collier-single-en-liege-perle-strass\/\" \/>\n<meta property=\"og:site_name\" content=\"Design Textinova - Articles en Li\u00e8ge -Cr\u00e9ateur sacs en Li\u00e8ge,Bijouterie en Li\u00e8ge,accesoires en Li\u00e8ge\" \/>\n<meta property=\"article:modified_time\" content=\"2024-03-27T20:43:28+00:00\" \/>\n<meta property=\"og:image\" content=\"https:\/\/textinova.lu\/wp-content\/uploads\/2019\/02\/CSC09.png\" \/>\n\t<meta property=\"og:image:width\" content=\"575\" \/>\n\t<meta property=\"og:image:height\" content=\"685\" \/>\n\t<meta property=\"og:image:type\" content=\"image\/png\" \/>\n<meta name=\"twitter:card\" content=\"summary_large_image\" \/>\n<script type=\"application\/ld+json\" class=\"yoast-schema-graph\">{\"@context\":\"https:\/\/schema.org\",\"@graph\":[{\"@type\":\"WebPage\",\"@id\":\"https:\/\/textinova.lu\/boutique\/bijoux\/colliers\/collier-single-en-liege-perle-strass\/\",\"url\":\"https:\/\/textinova.lu\/boutique\/bijoux\/colliers\/collier-single-en-liege-perle-strass\/\",\"name\":\"Single cork necklace, pearl & rhinestone - Design Textinova - Articles en Li\u00e8ge -Cr\u00e9ateur sacs en Li\u00e8ge,Bijouterie en Li\u00e8ge,accesoires en Li\u00e8ge\",\"isPartOf\":{\"@id\":\"https:\/\/textinova.lu\/#website\"},\"primaryImageOfPage\":{\"@id\":\"https:\/\/textinova.lu\/boutique\/bijoux\/colliers\/collier-single-en-liege-perle-strass\/#primaryimage\"},\"image\":{\"@id\":\"https:\/\/textinova.lu\/boutique\/bijoux\/colliers\/collier-single-en-liege-perle-strass\/#primaryimage\"},\"thumbnailUrl\":\"https:\/\/textinova.lu\/wp-content\/uploads\/2019\/02\/CSC09.png\",\"datePublished\":\"2019-02-21T18:03:23+00:00\",\"dateModified\":\"2024-03-27T20:43:28+00:00\",\"breadcrumb\":{\"@id\":\"https:\/\/textinova.lu\/boutique\/bijoux\/colliers\/collier-single-en-liege-perle-strass\/#breadcrumb\"},\"inLanguage\":\"en-US\",\"potentialAction\":[{\"@type\":\"ReadAction\",\"target\":[\"https:\/\/textinova.lu\/boutique\/bijoux\/colliers\/collier-single-en-liege-perle-strass\/\"]}]},{\"@type\":\"ImageObject\",\"inLanguage\":\"en-US\",\"@id\":\"https:\/\/textinova.lu\/boutique\/bijoux\/colliers\/collier-single-en-liege-perle-strass\/#primaryimage\",\"url\":\"https:\/\/textinova.lu\/wp-content\/uploads\/2019\/02\/CSC09.png\",\"contentUrl\":\"https:\/\/textinova.lu\/wp-content\/uploads\/2019\/02\/CSC09.png\",\"width\":575,\"height\":685},{\"@type\":\"BreadcrumbList\",\"@id\":\"https:\/\/textinova.lu\/boutique\/bijoux\/colliers\/collier-single-en-liege-perle-strass\/#breadcrumb\",\"itemListElement\":[{\"@type\":\"ListItem\",\"position\":1,\"name\":\"Accueil\",\"item\":\"https:\/\/textinova.lu\/en\/\"},{\"@type\":\"ListItem\",\"position\":2,\"name\":\"Shop\",\"item\":\"https:\/\/textinova.lu\/en\/boutique\/\"},{\"@type\":\"ListItem\",\"position\":3,\"name\":\"Single cork necklace, pearl &#038; rhinestone\"}]},{\"@type\":\"WebSite\",\"@id\":\"https:\/\/textinova.lu\/#website\",\"url\":\"https:\/\/textinova.lu\/\",\"name\":\"Textinova\",\"description\":\"Cr\u00e9ations Artisanales en Li\u00e8ge 100% Naturel\",\"publisher\":{\"@id\":\"https:\/\/textinova.lu\/#organization\"},\"potentialAction\":[{\"@type\":\"SearchAction\",\"target\":{\"@type\":\"EntryPoint\",\"urlTemplate\":\"https:\/\/textinova.lu\/?s={search_term_string}\"},\"query-input\":{\"@type\":\"PropertyValueSpecification\",\"valueRequired\":true,\"valueName\":\"search_term_string\"}}],\"inLanguage\":\"en-US\"},{\"@type\":\"Organization\",\"@id\":\"https:\/\/textinova.lu\/#organization\",\"name\":\"Textinova\",\"url\":\"https:\/\/textinova.lu\/\",\"logo\":{\"@type\":\"ImageObject\",\"inLanguage\":\"en-US\",\"@id\":\"https:\/\/textinova.lu\/#\/schema\/logo\/image\/\",\"url\":\"https:\/\/textinova.lu\/wp-content\/uploads\/2023\/05\/logo-textinova-cork-luxdesign.-2015jpg.jpg\",\"contentUrl\":\"https:\/\/textinova.lu\/wp-content\/uploads\/2023\/05\/logo-textinova-cork-luxdesign.-2015jpg.jpg\",\"width\":300,\"height\":190,\"caption\":\"Textinova\"},\"image\":{\"@id\":\"https:\/\/textinova.lu\/#\/schema\/logo\/image\/\"},\"sameAs\":[\"https:\/\/www.youtube.com\/channel\/UC-re5faHketDuAZHsyjnxFw\"]}]}<\/script>\n<!-- \/ Yoast SEO plugin. -->","yoast_head_json":{"title":"Single cork necklace, pearl & rhinestone - Design Textinova - Articles en Li\u00e8ge -Cr\u00e9ateur sacs en Li\u00e8ge,Bijouterie en Li\u00e8ge,accesoires en Li\u00e8ge","robots":{"index":"index","follow":"follow","max-snippet":"max-snippet:-1","max-image-preview":"max-image-preview:large","max-video-preview":"max-video-preview:-1"},"canonical":"https:\/\/textinova.lu\/boutique\/bijoux\/colliers\/collier-single-en-liege-perle-strass\/","og_locale":"en_US","og_type":"article","og_title":"Single cork necklace, pearl & rhinestone - Design Textinova - Articles en Li\u00e8ge -Cr\u00e9ateur sacs en Li\u00e8ge,Bijouterie en Li\u00e8ge,accesoires en Li\u00e8ge","og_description":"Short necklace with silver elements combined with pearl &amp; white rhinestone Easy to close with adjustable lobster.for adjustment [&hellip;]","og_url":"https:\/\/textinova.lu\/boutique\/bijoux\/colliers\/collier-single-en-liege-perle-strass\/","og_site_name":"Design Textinova - Articles en Li\u00e8ge -Cr\u00e9ateur sacs en Li\u00e8ge,Bijouterie en Li\u00e8ge,accesoires en Li\u00e8ge","article_modified_time":"2024-03-27T20:43:28+00:00","og_image":[{"width":575,"height":685,"url":"https:\/\/textinova.lu\/wp-content\/uploads\/2019\/02\/CSC09.png","type":"image\/png"}],"twitter_card":"summary_large_image","schema":{"@context":"https:\/\/schema.org","@graph":[{"@type":"WebPage","@id":"https:\/\/textinova.lu\/boutique\/bijoux\/colliers\/collier-single-en-liege-perle-strass\/","url":"https:\/\/textinova.lu\/boutique\/bijoux\/colliers\/collier-single-en-liege-perle-strass\/","name":"Single cork necklace, pearl & rhinestone - Design Textinova - Articles en Li\u00e8ge -Cr\u00e9ateur sacs en Li\u00e8ge,Bijouterie en Li\u00e8ge,accesoires en Li\u00e8ge","isPartOf":{"@id":"https:\/\/textinova.lu\/#website"},"primaryImageOfPage":{"@id":"https:\/\/textinova.lu\/boutique\/bijoux\/colliers\/collier-single-en-liege-perle-strass\/#primaryimage"},"image":{"@id":"https:\/\/textinova.lu\/boutique\/bijoux\/colliers\/collier-single-en-liege-perle-strass\/#primaryimage"},"thumbnailUrl":"https:\/\/textinova.lu\/wp-content\/uploads\/2019\/02\/CSC09.png","datePublished":"2019-02-21T18:03:23+00:00","dateModified":"2024-03-27T20:43:28+00:00","breadcrumb":{"@id":"https:\/\/textinova.lu\/boutique\/bijoux\/colliers\/collier-single-en-liege-perle-strass\/#breadcrumb"},"inLanguage":"en-US","potentialAction":[{"@type":"ReadAction","target":["https:\/\/textinova.lu\/boutique\/bijoux\/colliers\/collier-single-en-liege-perle-strass\/"]}]},{"@type":"ImageObject","inLanguage":"en-US","@id":"https:\/\/textinova.lu\/boutique\/bijoux\/colliers\/collier-single-en-liege-perle-strass\/#primaryimage","url":"https:\/\/textinova.lu\/wp-content\/uploads\/2019\/02\/CSC09.png","contentUrl":"https:\/\/textinova.lu\/wp-content\/uploads\/2019\/02\/CSC09.png","width":575,"height":685},{"@type":"BreadcrumbList","@id":"https:\/\/textinova.lu\/boutique\/bijoux\/colliers\/collier-single-en-liege-perle-strass\/#breadcrumb","itemListElement":[{"@type":"ListItem","position":1,"name":"Accueil","item":"https:\/\/textinova.lu\/en\/"},{"@type":"ListItem","position":2,"name":"Shop","item":"https:\/\/textinova.lu\/en\/boutique\/"},{"@type":"ListItem","position":3,"name":"Single cork necklace, pearl &#038; rhinestone"}]},{"@type":"WebSite","@id":"https:\/\/textinova.lu\/#website","url":"https:\/\/textinova.lu\/","name":"Textinova","description":"Cr\u00e9ations Artisanales en Li\u00e8ge 100% Naturel","publisher":{"@id":"https:\/\/textinova.lu\/#organization"},"potentialAction":[{"@type":"SearchAction","target":{"@type":"EntryPoint","urlTemplate":"https:\/\/textinova.lu\/?s={search_term_string}"},"query-input":{"@type":"PropertyValueSpecification","valueRequired":true,"valueName":"search_term_string"}}],"inLanguage":"en-US"},{"@type":"Organization","@id":"https:\/\/textinova.lu\/#organization","name":"Textinova","url":"https:\/\/textinova.lu\/","logo":{"@type":"ImageObject","inLanguage":"en-US","@id":"https:\/\/textinova.lu\/#\/schema\/logo\/image\/","url":"https:\/\/textinova.lu\/wp-content\/uploads\/2023\/05\/logo-textinova-cork-luxdesign.-2015jpg.jpg","contentUrl":"https:\/\/textinova.lu\/wp-content\/uploads\/2023\/05\/logo-textinova-cork-luxdesign.-2015jpg.jpg","width":300,"height":190,"caption":"Textinova"},"image":{"@id":"https:\/\/textinova.lu\/#\/schema\/logo\/image\/"},"sameAs":["https:\/\/www.youtube.com\/channel\/UC-re5faHketDuAZHsyjnxFw"]}]}},"_links":{"self":[{"href":"https:\/\/textinova.lu\/en\/wp-json\/wp\/v2\/product\/11422","targetHints":{"allow":["GET"]}}],"collection":[{"href":"https:\/\/textinova.lu\/en\/wp-json\/wp\/v2\/product"}],"about":[{"href":"https:\/\/textinova.lu\/en\/wp-json\/wp\/v2\/types\/product"}],"replies":[{"embeddable":true,"href":"https:\/\/textinova.lu\/en\/wp-json\/wp\/v2\/comments?post=11422"}],"wp:featuredmedia":[{"embeddable":true,"href":"https:\/\/textinova.lu\/en\/wp-json\/wp\/v2\/media\/11358"}],"wp:attachment":[{"href":"https:\/\/textinova.lu\/en\/wp-json\/wp\/v2\/media?parent=11422"}],"wp:term":[{"taxonomy":"product_brand","embeddable":true,"href":"https:\/\/textinova.lu\/en\/wp-json\/wp\/v2\/product_brand?post=11422"},{"taxonomy":"product_cat","embeddable":true,"href":"https:\/\/textinova.lu\/en\/wp-json\/wp\/v2\/product_cat?post=11422"},{"taxonomy":"product_tag","embeddable":true,"href":"https:\/\/textinova.lu\/en\/wp-json\/wp\/v2\/product_tag?post=11422"}],"curies":[{"name":"wp","href":"https:\/\/api.w.org\/{rel}","templated":true}]}}