{"id":11536,"date":"2019-04-09T11:43:43","date_gmt":"2019-04-09T09:45:41","guid":{"rendered":"http:\/\/textinova.lu\/?post_type=product&#038;p=11536"},"modified":"2022-12-02T23:07:25","modified_gmt":"2022-12-02T21:07:25","slug":"purse-made-of-cork-printed-blue-azulejos","status":"publish","type":"product","link":"https:\/\/textinova.lu\/en\/boutique\/cork-fashion-items\/purse-made-of-cork-printed-blue-azulejos\/","title":{"rendered":"Purse made of cork , printed blue Azulejos"},"content":{"rendered":"<p><img loading=\"lazy\" decoding=\"async\" class=\"alignnone size-full wp-image-15708\" src=\"https:\/\/textinova.lu\/wp-content\/uploads\/2021\/01\/MADE-IN-PORTUGAL-PETIT-1.jpg\" alt=\"\" width=\"150\" height=\"153\" \/> <img loading=\"lazy\" decoding=\"async\" class=\"alignnone size-full wp-image-15705\" src=\"https:\/\/textinova.lu\/wp-content\/uploads\/2020\/03\/eco-friendly.jpg\" alt=\"\" width=\"150\" height=\"143\" \/><\/p>\n<p><span id=\"result_box\" class=\"\" lang=\"en\"><span class=\"\">Practical, original this wallet in cork.<\/span><\/span><\/p>\n<p><span class=\"\">Zipper Closure<\/span><\/p>\n<p>Dimensions 10 x 6,5 x 3 cm<\/p>\n<p>Cleaning: Waterproof, washable with soap and water<\/p>\n<p><span style=\"color: #008000;\">A stylish, ecological and original fashion choice.<\/span><br \/>\n<span style=\"color: #008000;\">100% natural, recyclable and biodegradable.<\/span><\/p>\n<p><span style=\"color: #008000;\"><strong>Protect the Nature \u2013 Think Bio \u2013 Buy Cork !<\/strong><\/span><\/p>\n","protected":false},"excerpt":{"rendered":"<p>Practical, original this wallet in cork. Zipper Closure Dimensions 10 x 6,5 x 3 cm Cleaning: Waterproof, washable [&hellip;]<\/p>\n","protected":false},"featured_media":12249,"comment_status":"closed","ping_status":"closed","template":"","meta":[],"product_brand":[],"product_cat":[205],"product_tag":[],"class_list":{"0":"post-11536","1":"product","2":"type-product","3":"status-publish","4":"has-post-thumbnail","6":"product_cat-cork-fashion-items","8":"first","9":"outofstock","10":"taxable","11":"shipping-taxable","12":"purchasable","13":"product-type-simple"},"yoast_head":"<!-- This site is optimized with the Yoast SEO plugin v25.5 - https:\/\/yoast.com\/wordpress\/plugins\/seo\/ -->\n<title>Purse made of cork , printed blue Azulejos - Design Textinova - Articles en Li\u00e8ge -Cr\u00e9ateur sacs en Li\u00e8ge,Bijouterie en Li\u00e8ge,accesoires en Li\u00e8ge<\/title>\n<meta name=\"robots\" content=\"index, follow, max-snippet:-1, max-image-preview:large, max-video-preview:-1\" \/>\n<link rel=\"canonical\" href=\"https:\/\/textinova.lu\/boutique\/accessoires-100-naturel\/porte-monnaies-en-liege-impression-azulejos-bleu\/\" \/>\n<meta property=\"og:locale\" content=\"en_US\" \/>\n<meta property=\"og:type\" content=\"article\" \/>\n<meta property=\"og:title\" content=\"Purse made of cork , printed blue Azulejos - Design Textinova - Articles en Li\u00e8ge -Cr\u00e9ateur sacs en Li\u00e8ge,Bijouterie en Li\u00e8ge,accesoires en Li\u00e8ge\" \/>\n<meta property=\"og:description\" content=\"Practical, original this wallet in cork. Zipper Closure Dimensions 10 x 6,5 x 3 cm Cleaning: Waterproof, washable [&hellip;]\" \/>\n<meta property=\"og:url\" content=\"https:\/\/textinova.lu\/boutique\/accessoires-100-naturel\/porte-monnaies-en-liege-impression-azulejos-bleu\/\" \/>\n<meta property=\"og:site_name\" content=\"Design Textinova - Articles en Li\u00e8ge -Cr\u00e9ateur sacs en Li\u00e8ge,Bijouterie en Li\u00e8ge,accesoires en Li\u00e8ge\" \/>\n<meta property=\"article:modified_time\" content=\"2022-12-02T21:07:25+00:00\" \/>\n<meta property=\"og:image\" content=\"https:\/\/textinova.lu\/wp-content\/uploads\/2019\/04\/74964081_2419974194944822_2641136524598444032_n.jpg\" \/>\n\t<meta property=\"og:image:width\" content=\"608\" \/>\n\t<meta property=\"og:image:height\" content=\"600\" \/>\n\t<meta property=\"og:image:type\" content=\"image\/jpeg\" \/>\n<meta name=\"twitter:card\" content=\"summary_large_image\" \/>\n<script type=\"application\/ld+json\" class=\"yoast-schema-graph\">{\"@context\":\"https:\/\/schema.org\",\"@graph\":[{\"@type\":\"WebPage\",\"@id\":\"https:\/\/textinova.lu\/boutique\/accessoires-100-naturel\/porte-monnaies-en-liege-impression-azulejos-bleu\/\",\"url\":\"https:\/\/textinova.lu\/boutique\/accessoires-100-naturel\/porte-monnaies-en-liege-impression-azulejos-bleu\/\",\"name\":\"Purse made of cork , printed blue Azulejos - Design Textinova - Articles en Li\u00e8ge -Cr\u00e9ateur sacs en Li\u00e8ge,Bijouterie en Li\u00e8ge,accesoires en Li\u00e8ge\",\"isPartOf\":{\"@id\":\"https:\/\/textinova.lu\/#website\"},\"primaryImageOfPage\":{\"@id\":\"https:\/\/textinova.lu\/boutique\/accessoires-100-naturel\/porte-monnaies-en-liege-impression-azulejos-bleu\/#primaryimage\"},\"image\":{\"@id\":\"https:\/\/textinova.lu\/boutique\/accessoires-100-naturel\/porte-monnaies-en-liege-impression-azulejos-bleu\/#primaryimage\"},\"thumbnailUrl\":\"https:\/\/textinova.lu\/wp-content\/uploads\/2019\/04\/74964081_2419974194944822_2641136524598444032_n.jpg\",\"datePublished\":\"2019-04-09T09:45:41+00:00\",\"dateModified\":\"2022-12-02T21:07:25+00:00\",\"breadcrumb\":{\"@id\":\"https:\/\/textinova.lu\/boutique\/accessoires-100-naturel\/porte-monnaies-en-liege-impression-azulejos-bleu\/#breadcrumb\"},\"inLanguage\":\"en-US\",\"potentialAction\":[{\"@type\":\"ReadAction\",\"target\":[\"https:\/\/textinova.lu\/boutique\/accessoires-100-naturel\/porte-monnaies-en-liege-impression-azulejos-bleu\/\"]}]},{\"@type\":\"ImageObject\",\"inLanguage\":\"en-US\",\"@id\":\"https:\/\/textinova.lu\/boutique\/accessoires-100-naturel\/porte-monnaies-en-liege-impression-azulejos-bleu\/#primaryimage\",\"url\":\"https:\/\/textinova.lu\/wp-content\/uploads\/2019\/04\/74964081_2419974194944822_2641136524598444032_n.jpg\",\"contentUrl\":\"https:\/\/textinova.lu\/wp-content\/uploads\/2019\/04\/74964081_2419974194944822_2641136524598444032_n.jpg\",\"width\":608,\"height\":600},{\"@type\":\"BreadcrumbList\",\"@id\":\"https:\/\/textinova.lu\/boutique\/accessoires-100-naturel\/porte-monnaies-en-liege-impression-azulejos-bleu\/#breadcrumb\",\"itemListElement\":[{\"@type\":\"ListItem\",\"position\":1,\"name\":\"Accueil\",\"item\":\"https:\/\/textinova.lu\/en\/\"},{\"@type\":\"ListItem\",\"position\":2,\"name\":\"Shop\",\"item\":\"https:\/\/textinova.lu\/en\/boutique\/\"},{\"@type\":\"ListItem\",\"position\":3,\"name\":\"Purse made of cork , printed blue Azulejos\"}]},{\"@type\":\"WebSite\",\"@id\":\"https:\/\/textinova.lu\/#website\",\"url\":\"https:\/\/textinova.lu\/\",\"name\":\"Textinova\",\"description\":\"Cr\u00e9ations Artisanales en Li\u00e8ge 100% Naturel\",\"publisher\":{\"@id\":\"https:\/\/textinova.lu\/#organization\"},\"potentialAction\":[{\"@type\":\"SearchAction\",\"target\":{\"@type\":\"EntryPoint\",\"urlTemplate\":\"https:\/\/textinova.lu\/?s={search_term_string}\"},\"query-input\":{\"@type\":\"PropertyValueSpecification\",\"valueRequired\":true,\"valueName\":\"search_term_string\"}}],\"inLanguage\":\"en-US\"},{\"@type\":\"Organization\",\"@id\":\"https:\/\/textinova.lu\/#organization\",\"name\":\"Textinova\",\"url\":\"https:\/\/textinova.lu\/\",\"logo\":{\"@type\":\"ImageObject\",\"inLanguage\":\"en-US\",\"@id\":\"https:\/\/textinova.lu\/#\/schema\/logo\/image\/\",\"url\":\"https:\/\/textinova.lu\/wp-content\/uploads\/2023\/05\/logo-textinova-cork-luxdesign.-2015jpg.jpg\",\"contentUrl\":\"https:\/\/textinova.lu\/wp-content\/uploads\/2023\/05\/logo-textinova-cork-luxdesign.-2015jpg.jpg\",\"width\":300,\"height\":190,\"caption\":\"Textinova\"},\"image\":{\"@id\":\"https:\/\/textinova.lu\/#\/schema\/logo\/image\/\"},\"sameAs\":[\"https:\/\/www.youtube.com\/channel\/UC-re5faHketDuAZHsyjnxFw\"]}]}<\/script>\n<!-- \/ Yoast SEO plugin. -->","yoast_head_json":{"title":"Purse made of cork , printed blue Azulejos - Design Textinova - Articles en Li\u00e8ge -Cr\u00e9ateur sacs en Li\u00e8ge,Bijouterie en Li\u00e8ge,accesoires en Li\u00e8ge","robots":{"index":"index","follow":"follow","max-snippet":"max-snippet:-1","max-image-preview":"max-image-preview:large","max-video-preview":"max-video-preview:-1"},"canonical":"https:\/\/textinova.lu\/boutique\/accessoires-100-naturel\/porte-monnaies-en-liege-impression-azulejos-bleu\/","og_locale":"en_US","og_type":"article","og_title":"Purse made of cork , printed blue Azulejos - Design Textinova - Articles en Li\u00e8ge -Cr\u00e9ateur sacs en Li\u00e8ge,Bijouterie en Li\u00e8ge,accesoires en Li\u00e8ge","og_description":"Practical, original this wallet in cork. Zipper Closure Dimensions 10 x 6,5 x 3 cm Cleaning: Waterproof, washable [&hellip;]","og_url":"https:\/\/textinova.lu\/boutique\/accessoires-100-naturel\/porte-monnaies-en-liege-impression-azulejos-bleu\/","og_site_name":"Design Textinova - Articles en Li\u00e8ge -Cr\u00e9ateur sacs en Li\u00e8ge,Bijouterie en Li\u00e8ge,accesoires en Li\u00e8ge","article_modified_time":"2022-12-02T21:07:25+00:00","og_image":[{"width":608,"height":600,"url":"https:\/\/textinova.lu\/wp-content\/uploads\/2019\/04\/74964081_2419974194944822_2641136524598444032_n.jpg","type":"image\/jpeg"}],"twitter_card":"summary_large_image","schema":{"@context":"https:\/\/schema.org","@graph":[{"@type":"WebPage","@id":"https:\/\/textinova.lu\/boutique\/accessoires-100-naturel\/porte-monnaies-en-liege-impression-azulejos-bleu\/","url":"https:\/\/textinova.lu\/boutique\/accessoires-100-naturel\/porte-monnaies-en-liege-impression-azulejos-bleu\/","name":"Purse made of cork , printed blue Azulejos - Design Textinova - Articles en Li\u00e8ge -Cr\u00e9ateur sacs en Li\u00e8ge,Bijouterie en Li\u00e8ge,accesoires en Li\u00e8ge","isPartOf":{"@id":"https:\/\/textinova.lu\/#website"},"primaryImageOfPage":{"@id":"https:\/\/textinova.lu\/boutique\/accessoires-100-naturel\/porte-monnaies-en-liege-impression-azulejos-bleu\/#primaryimage"},"image":{"@id":"https:\/\/textinova.lu\/boutique\/accessoires-100-naturel\/porte-monnaies-en-liege-impression-azulejos-bleu\/#primaryimage"},"thumbnailUrl":"https:\/\/textinova.lu\/wp-content\/uploads\/2019\/04\/74964081_2419974194944822_2641136524598444032_n.jpg","datePublished":"2019-04-09T09:45:41+00:00","dateModified":"2022-12-02T21:07:25+00:00","breadcrumb":{"@id":"https:\/\/textinova.lu\/boutique\/accessoires-100-naturel\/porte-monnaies-en-liege-impression-azulejos-bleu\/#breadcrumb"},"inLanguage":"en-US","potentialAction":[{"@type":"ReadAction","target":["https:\/\/textinova.lu\/boutique\/accessoires-100-naturel\/porte-monnaies-en-liege-impression-azulejos-bleu\/"]}]},{"@type":"ImageObject","inLanguage":"en-US","@id":"https:\/\/textinova.lu\/boutique\/accessoires-100-naturel\/porte-monnaies-en-liege-impression-azulejos-bleu\/#primaryimage","url":"https:\/\/textinova.lu\/wp-content\/uploads\/2019\/04\/74964081_2419974194944822_2641136524598444032_n.jpg","contentUrl":"https:\/\/textinova.lu\/wp-content\/uploads\/2019\/04\/74964081_2419974194944822_2641136524598444032_n.jpg","width":608,"height":600},{"@type":"BreadcrumbList","@id":"https:\/\/textinova.lu\/boutique\/accessoires-100-naturel\/porte-monnaies-en-liege-impression-azulejos-bleu\/#breadcrumb","itemListElement":[{"@type":"ListItem","position":1,"name":"Accueil","item":"https:\/\/textinova.lu\/en\/"},{"@type":"ListItem","position":2,"name":"Shop","item":"https:\/\/textinova.lu\/en\/boutique\/"},{"@type":"ListItem","position":3,"name":"Purse made of cork , printed blue Azulejos"}]},{"@type":"WebSite","@id":"https:\/\/textinova.lu\/#website","url":"https:\/\/textinova.lu\/","name":"Textinova","description":"Cr\u00e9ations Artisanales en Li\u00e8ge 100% Naturel","publisher":{"@id":"https:\/\/textinova.lu\/#organization"},"potentialAction":[{"@type":"SearchAction","target":{"@type":"EntryPoint","urlTemplate":"https:\/\/textinova.lu\/?s={search_term_string}"},"query-input":{"@type":"PropertyValueSpecification","valueRequired":true,"valueName":"search_term_string"}}],"inLanguage":"en-US"},{"@type":"Organization","@id":"https:\/\/textinova.lu\/#organization","name":"Textinova","url":"https:\/\/textinova.lu\/","logo":{"@type":"ImageObject","inLanguage":"en-US","@id":"https:\/\/textinova.lu\/#\/schema\/logo\/image\/","url":"https:\/\/textinova.lu\/wp-content\/uploads\/2023\/05\/logo-textinova-cork-luxdesign.-2015jpg.jpg","contentUrl":"https:\/\/textinova.lu\/wp-content\/uploads\/2023\/05\/logo-textinova-cork-luxdesign.-2015jpg.jpg","width":300,"height":190,"caption":"Textinova"},"image":{"@id":"https:\/\/textinova.lu\/#\/schema\/logo\/image\/"},"sameAs":["https:\/\/www.youtube.com\/channel\/UC-re5faHketDuAZHsyjnxFw"]}]}},"_links":{"self":[{"href":"https:\/\/textinova.lu\/en\/wp-json\/wp\/v2\/product\/11536","targetHints":{"allow":["GET"]}}],"collection":[{"href":"https:\/\/textinova.lu\/en\/wp-json\/wp\/v2\/product"}],"about":[{"href":"https:\/\/textinova.lu\/en\/wp-json\/wp\/v2\/types\/product"}],"replies":[{"embeddable":true,"href":"https:\/\/textinova.lu\/en\/wp-json\/wp\/v2\/comments?post=11536"}],"wp:featuredmedia":[{"embeddable":true,"href":"https:\/\/textinova.lu\/en\/wp-json\/wp\/v2\/media\/12249"}],"wp:attachment":[{"href":"https:\/\/textinova.lu\/en\/wp-json\/wp\/v2\/media?parent=11536"}],"wp:term":[{"taxonomy":"product_brand","embeddable":true,"href":"https:\/\/textinova.lu\/en\/wp-json\/wp\/v2\/product_brand?post=11536"},{"taxonomy":"product_cat","embeddable":true,"href":"https:\/\/textinova.lu\/en\/wp-json\/wp\/v2\/product_cat?post=11536"},{"taxonomy":"product_tag","embeddable":true,"href":"https:\/\/textinova.lu\/en\/wp-json\/wp\/v2\/product_tag?post=11536"}],"curies":[{"name":"wp","href":"https:\/\/api.w.org\/{rel}","templated":true}]}}