{"id":13237,"date":"2020-03-28T12:10:58","date_gmt":"2020-03-28T10:15:58","guid":{"rendered":"https:\/\/textinova.lu\/?post_type=product&#038;p=13237"},"modified":"2024-03-18T21:56:08","modified_gmt":"2024-03-18T19:56:08","slug":"dangling-cork-earrings-with-turquoise-pearl","status":"publish","type":"product","link":"https:\/\/textinova.lu\/en\/boutique\/earrings-the-detail-makes-a-difference\/dangling-cork-earrings-with-turquoise-pearl\/","title":{"rendered":"Dangling Cork earrings with turquoise pearl"},"content":{"rendered":"<p dir=\"ltr\" data-placeholder=\"Traduction\"><strong><img loading=\"lazy\" decoding=\"async\" class=\"alignnone size-full wp-image-15734\" src=\"https:\/\/textinova.lu\/wp-content\/uploads\/2021\/01\/neves-barros-logo-petit-articles.jpg\" alt=\"\" width=\"200\" height=\"149\" \/> <img loading=\"lazy\" decoding=\"async\" class=\"alignnone size-full wp-image-15732\" src=\"https:\/\/textinova.lu\/wp-content\/uploads\/2021\/01\/FABRICATION-ARTISANALE.jpg\" alt=\"\" width=\"148\" height=\"66\" \/><\/strong><\/p>\n<p id=\"tw-target-text\" class=\"tw-data-text tw-text-large tw-ta\" dir=\"ltr\" data-placeholder=\"Traduction\"><span lang=\"en\">Very beautiful these dangling earrings with turquoise pearl.<\/span><\/p>\n<p>A stylish, ecological and original fashion choice.<br \/>\n100% natural, recyclable and biodegradable.<\/p>\n<p><span style=\"color: #008000;\"><strong>VEGAN PRODUCT<\/strong><\/span><\/p>\n<p>Cleaning: Waterproof, washable with soap and water<\/p>\n<p><span style=\"color: #008000;\"><strong>Cork \u2013 The natural wear texture !<\/strong><\/span><\/p>\n<p><span style=\"color: #008000;\">Think Nature \u2013 Think Bio \u2013 Buy Cork !<\/span><\/p>\n","protected":false},"excerpt":{"rendered":"<p>Very beautiful these dangling earrings with turquoise pearl. A stylish, ecological and original fashion choice. 100% natural, recyclable [&hellip;]<\/p>\n","protected":false},"featured_media":13225,"comment_status":"closed","ping_status":"closed","template":"","meta":[],"product_brand":[],"product_cat":[212],"product_tag":[],"class_list":{"0":"post-13237","1":"product","2":"type-product","3":"status-publish","4":"has-post-thumbnail","6":"product_cat-earrings-the-detail-makes-a-difference","8":"first","9":"instock","10":"taxable","11":"shipping-taxable","12":"purchasable","13":"product-type-simple"},"yoast_head":"<!-- This site is optimized with the Yoast SEO plugin v25.5 - https:\/\/yoast.com\/wordpress\/plugins\/seo\/ -->\n<title>Dangling Cork earrings with turquoise pearl - Design Textinova - Articles en Li\u00e8ge -Cr\u00e9ateur sacs en Li\u00e8ge,Bijouterie en Li\u00e8ge,accesoires en Li\u00e8ge<\/title>\n<meta name=\"robots\" content=\"index, follow, max-snippet:-1, max-image-preview:large, max-video-preview:-1\" \/>\n<link rel=\"canonical\" href=\"https:\/\/textinova.lu\/en\/boutique\/earrings-the-detail-makes-a-difference\/dangling-cork-earrings-with-turquoise-pearl\/\" \/>\n<meta property=\"og:locale\" content=\"en_US\" \/>\n<meta property=\"og:type\" content=\"article\" \/>\n<meta property=\"og:title\" content=\"Dangling Cork earrings with turquoise pearl - Design Textinova - Articles en Li\u00e8ge -Cr\u00e9ateur sacs en Li\u00e8ge,Bijouterie en Li\u00e8ge,accesoires en Li\u00e8ge\" \/>\n<meta property=\"og:description\" content=\"Very beautiful these dangling earrings with turquoise pearl. A stylish, ecological and original fashion choice. 100% natural, recyclable [&hellip;]\" \/>\n<meta property=\"og:url\" content=\"https:\/\/textinova.lu\/en\/boutique\/earrings-the-detail-makes-a-difference\/dangling-cork-earrings-with-turquoise-pearl\/\" \/>\n<meta property=\"og:site_name\" content=\"Design Textinova - Articles en Li\u00e8ge -Cr\u00e9ateur sacs en Li\u00e8ge,Bijouterie en Li\u00e8ge,accesoires en Li\u00e8ge\" \/>\n<meta property=\"article:modified_time\" content=\"2024-03-18T19:56:08+00:00\" \/>\n<meta property=\"og:image\" content=\"https:\/\/textinova.lu\/wp-content\/uploads\/2020\/03\/BCN07.png\" \/>\n\t<meta property=\"og:image:width\" content=\"261\" \/>\n\t<meta property=\"og:image:height\" content=\"329\" \/>\n\t<meta property=\"og:image:type\" content=\"image\/png\" \/>\n<meta name=\"twitter:card\" content=\"summary_large_image\" \/>\n<script type=\"application\/ld+json\" class=\"yoast-schema-graph\">{\"@context\":\"https:\/\/schema.org\",\"@graph\":[{\"@type\":\"WebPage\",\"@id\":\"https:\/\/textinova.lu\/en\/boutique\/earrings-the-detail-makes-a-difference\/dangling-cork-earrings-with-turquoise-pearl\/\",\"url\":\"https:\/\/textinova.lu\/en\/boutique\/earrings-the-detail-makes-a-difference\/dangling-cork-earrings-with-turquoise-pearl\/\",\"name\":\"Dangling Cork earrings with turquoise pearl - Design Textinova - Articles en Li\u00e8ge -Cr\u00e9ateur sacs en Li\u00e8ge,Bijouterie en Li\u00e8ge,accesoires en Li\u00e8ge\",\"isPartOf\":{\"@id\":\"https:\/\/textinova.lu\/#website\"},\"primaryImageOfPage\":{\"@id\":\"https:\/\/textinova.lu\/en\/boutique\/earrings-the-detail-makes-a-difference\/dangling-cork-earrings-with-turquoise-pearl\/#primaryimage\"},\"image\":{\"@id\":\"https:\/\/textinova.lu\/en\/boutique\/earrings-the-detail-makes-a-difference\/dangling-cork-earrings-with-turquoise-pearl\/#primaryimage\"},\"thumbnailUrl\":\"https:\/\/textinova.lu\/wp-content\/uploads\/2020\/03\/BCN07.png\",\"datePublished\":\"2020-03-28T10:15:58+00:00\",\"dateModified\":\"2024-03-18T19:56:08+00:00\",\"breadcrumb\":{\"@id\":\"https:\/\/textinova.lu\/en\/boutique\/earrings-the-detail-makes-a-difference\/dangling-cork-earrings-with-turquoise-pearl\/#breadcrumb\"},\"inLanguage\":\"en-US\",\"potentialAction\":[{\"@type\":\"ReadAction\",\"target\":[\"https:\/\/textinova.lu\/en\/boutique\/earrings-the-detail-makes-a-difference\/dangling-cork-earrings-with-turquoise-pearl\/\"]}]},{\"@type\":\"ImageObject\",\"inLanguage\":\"en-US\",\"@id\":\"https:\/\/textinova.lu\/en\/boutique\/earrings-the-detail-makes-a-difference\/dangling-cork-earrings-with-turquoise-pearl\/#primaryimage\",\"url\":\"https:\/\/textinova.lu\/wp-content\/uploads\/2020\/03\/BCN07.png\",\"contentUrl\":\"https:\/\/textinova.lu\/wp-content\/uploads\/2020\/03\/BCN07.png\",\"width\":261,\"height\":329},{\"@type\":\"BreadcrumbList\",\"@id\":\"https:\/\/textinova.lu\/en\/boutique\/earrings-the-detail-makes-a-difference\/dangling-cork-earrings-with-turquoise-pearl\/#breadcrumb\",\"itemListElement\":[{\"@type\":\"ListItem\",\"position\":1,\"name\":\"Accueil\",\"item\":\"https:\/\/textinova.lu\/en\/\"},{\"@type\":\"ListItem\",\"position\":2,\"name\":\"Shop\",\"item\":\"https:\/\/textinova.lu\/en\/boutique\/\"},{\"@type\":\"ListItem\",\"position\":3,\"name\":\"Dangling Cork earrings with turquoise pearl\"}]},{\"@type\":\"WebSite\",\"@id\":\"https:\/\/textinova.lu\/#website\",\"url\":\"https:\/\/textinova.lu\/\",\"name\":\"Textinova\",\"description\":\"Cr\u00e9ations Artisanales en Li\u00e8ge 100% Naturel\",\"publisher\":{\"@id\":\"https:\/\/textinova.lu\/#organization\"},\"potentialAction\":[{\"@type\":\"SearchAction\",\"target\":{\"@type\":\"EntryPoint\",\"urlTemplate\":\"https:\/\/textinova.lu\/?s={search_term_string}\"},\"query-input\":{\"@type\":\"PropertyValueSpecification\",\"valueRequired\":true,\"valueName\":\"search_term_string\"}}],\"inLanguage\":\"en-US\"},{\"@type\":\"Organization\",\"@id\":\"https:\/\/textinova.lu\/#organization\",\"name\":\"Textinova\",\"url\":\"https:\/\/textinova.lu\/\",\"logo\":{\"@type\":\"ImageObject\",\"inLanguage\":\"en-US\",\"@id\":\"https:\/\/textinova.lu\/#\/schema\/logo\/image\/\",\"url\":\"https:\/\/textinova.lu\/wp-content\/uploads\/2023\/05\/logo-textinova-cork-luxdesign.-2015jpg.jpg\",\"contentUrl\":\"https:\/\/textinova.lu\/wp-content\/uploads\/2023\/05\/logo-textinova-cork-luxdesign.-2015jpg.jpg\",\"width\":300,\"height\":190,\"caption\":\"Textinova\"},\"image\":{\"@id\":\"https:\/\/textinova.lu\/#\/schema\/logo\/image\/\"},\"sameAs\":[\"https:\/\/www.youtube.com\/channel\/UC-re5faHketDuAZHsyjnxFw\"]}]}<\/script>\n<!-- \/ Yoast SEO plugin. -->","yoast_head_json":{"title":"Dangling Cork earrings with turquoise pearl - Design Textinova - Articles en Li\u00e8ge -Cr\u00e9ateur sacs en Li\u00e8ge,Bijouterie en Li\u00e8ge,accesoires en Li\u00e8ge","robots":{"index":"index","follow":"follow","max-snippet":"max-snippet:-1","max-image-preview":"max-image-preview:large","max-video-preview":"max-video-preview:-1"},"canonical":"https:\/\/textinova.lu\/en\/boutique\/earrings-the-detail-makes-a-difference\/dangling-cork-earrings-with-turquoise-pearl\/","og_locale":"en_US","og_type":"article","og_title":"Dangling Cork earrings with turquoise pearl - Design Textinova - Articles en Li\u00e8ge -Cr\u00e9ateur sacs en Li\u00e8ge,Bijouterie en Li\u00e8ge,accesoires en Li\u00e8ge","og_description":"Very beautiful these dangling earrings with turquoise pearl. A stylish, ecological and original fashion choice. 100% natural, recyclable [&hellip;]","og_url":"https:\/\/textinova.lu\/en\/boutique\/earrings-the-detail-makes-a-difference\/dangling-cork-earrings-with-turquoise-pearl\/","og_site_name":"Design Textinova - Articles en Li\u00e8ge -Cr\u00e9ateur sacs en Li\u00e8ge,Bijouterie en Li\u00e8ge,accesoires en Li\u00e8ge","article_modified_time":"2024-03-18T19:56:08+00:00","og_image":[{"width":261,"height":329,"url":"https:\/\/textinova.lu\/wp-content\/uploads\/2020\/03\/BCN07.png","type":"image\/png"}],"twitter_card":"summary_large_image","schema":{"@context":"https:\/\/schema.org","@graph":[{"@type":"WebPage","@id":"https:\/\/textinova.lu\/en\/boutique\/earrings-the-detail-makes-a-difference\/dangling-cork-earrings-with-turquoise-pearl\/","url":"https:\/\/textinova.lu\/en\/boutique\/earrings-the-detail-makes-a-difference\/dangling-cork-earrings-with-turquoise-pearl\/","name":"Dangling Cork earrings with turquoise pearl - Design Textinova - Articles en Li\u00e8ge -Cr\u00e9ateur sacs en Li\u00e8ge,Bijouterie en Li\u00e8ge,accesoires en Li\u00e8ge","isPartOf":{"@id":"https:\/\/textinova.lu\/#website"},"primaryImageOfPage":{"@id":"https:\/\/textinova.lu\/en\/boutique\/earrings-the-detail-makes-a-difference\/dangling-cork-earrings-with-turquoise-pearl\/#primaryimage"},"image":{"@id":"https:\/\/textinova.lu\/en\/boutique\/earrings-the-detail-makes-a-difference\/dangling-cork-earrings-with-turquoise-pearl\/#primaryimage"},"thumbnailUrl":"https:\/\/textinova.lu\/wp-content\/uploads\/2020\/03\/BCN07.png","datePublished":"2020-03-28T10:15:58+00:00","dateModified":"2024-03-18T19:56:08+00:00","breadcrumb":{"@id":"https:\/\/textinova.lu\/en\/boutique\/earrings-the-detail-makes-a-difference\/dangling-cork-earrings-with-turquoise-pearl\/#breadcrumb"},"inLanguage":"en-US","potentialAction":[{"@type":"ReadAction","target":["https:\/\/textinova.lu\/en\/boutique\/earrings-the-detail-makes-a-difference\/dangling-cork-earrings-with-turquoise-pearl\/"]}]},{"@type":"ImageObject","inLanguage":"en-US","@id":"https:\/\/textinova.lu\/en\/boutique\/earrings-the-detail-makes-a-difference\/dangling-cork-earrings-with-turquoise-pearl\/#primaryimage","url":"https:\/\/textinova.lu\/wp-content\/uploads\/2020\/03\/BCN07.png","contentUrl":"https:\/\/textinova.lu\/wp-content\/uploads\/2020\/03\/BCN07.png","width":261,"height":329},{"@type":"BreadcrumbList","@id":"https:\/\/textinova.lu\/en\/boutique\/earrings-the-detail-makes-a-difference\/dangling-cork-earrings-with-turquoise-pearl\/#breadcrumb","itemListElement":[{"@type":"ListItem","position":1,"name":"Accueil","item":"https:\/\/textinova.lu\/en\/"},{"@type":"ListItem","position":2,"name":"Shop","item":"https:\/\/textinova.lu\/en\/boutique\/"},{"@type":"ListItem","position":3,"name":"Dangling Cork earrings with turquoise pearl"}]},{"@type":"WebSite","@id":"https:\/\/textinova.lu\/#website","url":"https:\/\/textinova.lu\/","name":"Textinova","description":"Cr\u00e9ations Artisanales en Li\u00e8ge 100% Naturel","publisher":{"@id":"https:\/\/textinova.lu\/#organization"},"potentialAction":[{"@type":"SearchAction","target":{"@type":"EntryPoint","urlTemplate":"https:\/\/textinova.lu\/?s={search_term_string}"},"query-input":{"@type":"PropertyValueSpecification","valueRequired":true,"valueName":"search_term_string"}}],"inLanguage":"en-US"},{"@type":"Organization","@id":"https:\/\/textinova.lu\/#organization","name":"Textinova","url":"https:\/\/textinova.lu\/","logo":{"@type":"ImageObject","inLanguage":"en-US","@id":"https:\/\/textinova.lu\/#\/schema\/logo\/image\/","url":"https:\/\/textinova.lu\/wp-content\/uploads\/2023\/05\/logo-textinova-cork-luxdesign.-2015jpg.jpg","contentUrl":"https:\/\/textinova.lu\/wp-content\/uploads\/2023\/05\/logo-textinova-cork-luxdesign.-2015jpg.jpg","width":300,"height":190,"caption":"Textinova"},"image":{"@id":"https:\/\/textinova.lu\/#\/schema\/logo\/image\/"},"sameAs":["https:\/\/www.youtube.com\/channel\/UC-re5faHketDuAZHsyjnxFw"]}]}},"_links":{"self":[{"href":"https:\/\/textinova.lu\/en\/wp-json\/wp\/v2\/product\/13237","targetHints":{"allow":["GET"]}}],"collection":[{"href":"https:\/\/textinova.lu\/en\/wp-json\/wp\/v2\/product"}],"about":[{"href":"https:\/\/textinova.lu\/en\/wp-json\/wp\/v2\/types\/product"}],"replies":[{"embeddable":true,"href":"https:\/\/textinova.lu\/en\/wp-json\/wp\/v2\/comments?post=13237"}],"wp:featuredmedia":[{"embeddable":true,"href":"https:\/\/textinova.lu\/en\/wp-json\/wp\/v2\/media\/13225"}],"wp:attachment":[{"href":"https:\/\/textinova.lu\/en\/wp-json\/wp\/v2\/media?parent=13237"}],"wp:term":[{"taxonomy":"product_brand","embeddable":true,"href":"https:\/\/textinova.lu\/en\/wp-json\/wp\/v2\/product_brand?post=13237"},{"taxonomy":"product_cat","embeddable":true,"href":"https:\/\/textinova.lu\/en\/wp-json\/wp\/v2\/product_cat?post=13237"},{"taxonomy":"product_tag","embeddable":true,"href":"https:\/\/textinova.lu\/en\/wp-json\/wp\/v2\/product_tag?post=13237"}],"curies":[{"name":"wp","href":"https:\/\/api.w.org\/{rel}","templated":true}]}}