{"id":13627,"date":"2020-04-03T11:44:37","date_gmt":"2020-04-03T09:46:57","guid":{"rendered":"https:\/\/textinova.lu\/?post_type=product&#038;p=13627"},"modified":"2021-01-06T14:53:26","modified_gmt":"2021-01-06T12:53:26","slug":"cork-bracelet-pink-ceramic","status":"publish","type":"product","link":"https:\/\/textinova.lu\/en\/boutique\/bracelets-perfect-combinaison\/cork-bracelet-pink-ceramic\/","title":{"rendered":"Cork Bracelet, pink ceramic"},"content":{"rendered":"<div class=\"oSioSc\">\n<div id=\"tw-target\">\n<div id=\"tw-target-text-container\" class=\"gsrt tw-ta-container tw-nfl\">\n<div class=\"oSioSc\">\n<div id=\"tw-target\">\n<div id=\"tw-target-text-container\" class=\"gsrt tw-ta-container tw-nfl\">\n<p id=\"tw-target-text\" class=\"tw-data-text tw-ta tw-text-small\" dir=\"ltr\" data-placeholder=\"Traduction\"><span lang=\"en\"><strong><img loading=\"lazy\" decoding=\"async\" class=\"alignnone size-full wp-image-15734\" src=\"https:\/\/textinova.lu\/wp-content\/uploads\/2021\/01\/neves-barros-logo-petit-articles.jpg\" alt=\"\" width=\"200\" height=\"149\" \/> <img loading=\"lazy\" decoding=\"async\" class=\"alignnone size-full wp-image-15732\" src=\"https:\/\/textinova.lu\/wp-content\/uploads\/2021\/01\/FABRICATION-ARTISANALE.jpg\" alt=\"\" width=\"148\" height=\"66\" \/><\/strong><\/span><\/p>\n<p>Cork bracelet, combined pink ceramic and silver elements.<\/p>\n<\/div>\n<\/div>\n<\/div>\n<\/div>\n<\/div>\n<\/div>\n<p>Magnetic closure<\/p>\n<p><strong>Available sizes: L or M ( Please mention the number of CM that you need on your order)<\/strong><\/p>\n<p><span style=\"color: #008000;\"><strong>Vegan Product<\/strong><\/span><\/p>\n<p>Cleaning: Waterproof, washable with soap and water<\/p>\n<p><span style=\"color: #008000;\"><strong>A stylish, ecological and original fashion choice.<\/strong><\/span><br \/>\n<span style=\"color: #008000;\"><strong>100% natural, recyclable and biodegradable.<\/strong><\/span><br \/>\n<span style=\"color: #008000;\"><strong>Cork \u2013 The natural wear texture !<\/strong><\/span><\/p>\n<p><span style=\"color: #008000;\"><strong>Think Nature \u2013 Think Bio \u2013 Buy Cork !<\/strong><\/span><\/p>\n","protected":false},"excerpt":{"rendered":"<p>Cork bracelet, combined pink ceramic and silver elements. Magnetic closure Available sizes: L or M ( Please mention [&hellip;]<\/p>\n","protected":false},"featured_media":21347,"comment_status":"closed","ping_status":"closed","template":"","meta":[],"product_brand":[],"product_cat":[211],"product_tag":[],"class_list":{"0":"post-13627","1":"product","2":"type-product","3":"status-publish","4":"has-post-thumbnail","6":"product_cat-bracelets-perfect-combinaison","8":"first","9":"instock","10":"taxable","11":"shipping-taxable","12":"purchasable","13":"product-type-simple"},"yoast_head":"<!-- This site is optimized with the Yoast SEO plugin v25.5 - https:\/\/yoast.com\/wordpress\/plugins\/seo\/ -->\n<title>Cork Bracelet, pink ceramic - Design Textinova - Articles en Li\u00e8ge -Cr\u00e9ateur sacs en Li\u00e8ge,Bijouterie en Li\u00e8ge,accesoires en Li\u00e8ge<\/title>\n<meta name=\"robots\" content=\"index, follow, max-snippet:-1, max-image-preview:large, max-video-preview:-1\" \/>\n<link rel=\"canonical\" href=\"https:\/\/textinova.lu\/en\/boutique\/bracelets-perfect-combinaison\/cork-bracelet-pink-ceramic\/\" \/>\n<meta property=\"og:locale\" content=\"en_US\" \/>\n<meta property=\"og:type\" content=\"article\" \/>\n<meta property=\"og:title\" content=\"Cork Bracelet, pink ceramic - Design Textinova - Articles en Li\u00e8ge -Cr\u00e9ateur sacs en Li\u00e8ge,Bijouterie en Li\u00e8ge,accesoires en Li\u00e8ge\" \/>\n<meta property=\"og:description\" content=\"Cork bracelet, combined pink ceramic and silver elements. Magnetic closure Available sizes: L or M ( Please mention [&hellip;]\" \/>\n<meta property=\"og:url\" content=\"https:\/\/textinova.lu\/en\/boutique\/bracelets-perfect-combinaison\/cork-bracelet-pink-ceramic\/\" \/>\n<meta property=\"og:site_name\" content=\"Design Textinova - Articles en Li\u00e8ge -Cr\u00e9ateur sacs en Li\u00e8ge,Bijouterie en Li\u00e8ge,accesoires en Li\u00e8ge\" \/>\n<meta property=\"article:modified_time\" content=\"2021-01-06T12:53:26+00:00\" \/>\n<meta property=\"og:image\" content=\"https:\/\/textinova.lu\/wp-content\/uploads\/2020\/04\/REF-PGT-51.png\" \/>\n\t<meta property=\"og:image:width\" content=\"535\" \/>\n\t<meta property=\"og:image:height\" content=\"415\" \/>\n\t<meta property=\"og:image:type\" content=\"image\/png\" \/>\n<meta name=\"twitter:card\" content=\"summary_large_image\" \/>\n<script type=\"application\/ld+json\" class=\"yoast-schema-graph\">{\"@context\":\"https:\/\/schema.org\",\"@graph\":[{\"@type\":\"WebPage\",\"@id\":\"https:\/\/textinova.lu\/en\/boutique\/bracelets-perfect-combinaison\/cork-bracelet-pink-ceramic\/\",\"url\":\"https:\/\/textinova.lu\/en\/boutique\/bracelets-perfect-combinaison\/cork-bracelet-pink-ceramic\/\",\"name\":\"Cork Bracelet, pink ceramic - Design Textinova - Articles en Li\u00e8ge -Cr\u00e9ateur sacs en Li\u00e8ge,Bijouterie en Li\u00e8ge,accesoires en Li\u00e8ge\",\"isPartOf\":{\"@id\":\"https:\/\/textinova.lu\/#website\"},\"primaryImageOfPage\":{\"@id\":\"https:\/\/textinova.lu\/en\/boutique\/bracelets-perfect-combinaison\/cork-bracelet-pink-ceramic\/#primaryimage\"},\"image\":{\"@id\":\"https:\/\/textinova.lu\/en\/boutique\/bracelets-perfect-combinaison\/cork-bracelet-pink-ceramic\/#primaryimage\"},\"thumbnailUrl\":\"https:\/\/textinova.lu\/wp-content\/uploads\/2020\/04\/IMG_5015.jpg\",\"datePublished\":\"2020-04-03T09:46:57+00:00\",\"dateModified\":\"2021-01-06T12:53:26+00:00\",\"breadcrumb\":{\"@id\":\"https:\/\/textinova.lu\/en\/boutique\/bracelets-perfect-combinaison\/cork-bracelet-pink-ceramic\/#breadcrumb\"},\"inLanguage\":\"en-US\",\"potentialAction\":[{\"@type\":\"ReadAction\",\"target\":[\"https:\/\/textinova.lu\/en\/boutique\/bracelets-perfect-combinaison\/cork-bracelet-pink-ceramic\/\"]}]},{\"@type\":\"ImageObject\",\"inLanguage\":\"en-US\",\"@id\":\"https:\/\/textinova.lu\/en\/boutique\/bracelets-perfect-combinaison\/cork-bracelet-pink-ceramic\/#primaryimage\",\"url\":\"https:\/\/textinova.lu\/wp-content\/uploads\/2020\/04\/IMG_5015.jpg\",\"contentUrl\":\"https:\/\/textinova.lu\/wp-content\/uploads\/2020\/04\/IMG_5015.jpg\",\"width\":480,\"height\":640},{\"@type\":\"BreadcrumbList\",\"@id\":\"https:\/\/textinova.lu\/en\/boutique\/bracelets-perfect-combinaison\/cork-bracelet-pink-ceramic\/#breadcrumb\",\"itemListElement\":[{\"@type\":\"ListItem\",\"position\":1,\"name\":\"Accueil\",\"item\":\"https:\/\/textinova.lu\/en\/\"},{\"@type\":\"ListItem\",\"position\":2,\"name\":\"Shop\",\"item\":\"https:\/\/textinova.lu\/en\/boutique\/\"},{\"@type\":\"ListItem\",\"position\":3,\"name\":\"Cork Bracelet, pink ceramic\"}]},{\"@type\":\"WebSite\",\"@id\":\"https:\/\/textinova.lu\/#website\",\"url\":\"https:\/\/textinova.lu\/\",\"name\":\"Textinova\",\"description\":\"Cr\u00e9ations Artisanales en Li\u00e8ge 100% Naturel\",\"publisher\":{\"@id\":\"https:\/\/textinova.lu\/#organization\"},\"potentialAction\":[{\"@type\":\"SearchAction\",\"target\":{\"@type\":\"EntryPoint\",\"urlTemplate\":\"https:\/\/textinova.lu\/?s={search_term_string}\"},\"query-input\":{\"@type\":\"PropertyValueSpecification\",\"valueRequired\":true,\"valueName\":\"search_term_string\"}}],\"inLanguage\":\"en-US\"},{\"@type\":\"Organization\",\"@id\":\"https:\/\/textinova.lu\/#organization\",\"name\":\"Textinova\",\"url\":\"https:\/\/textinova.lu\/\",\"logo\":{\"@type\":\"ImageObject\",\"inLanguage\":\"en-US\",\"@id\":\"https:\/\/textinova.lu\/#\/schema\/logo\/image\/\",\"url\":\"https:\/\/textinova.lu\/wp-content\/uploads\/2023\/05\/logo-textinova-cork-luxdesign.-2015jpg.jpg\",\"contentUrl\":\"https:\/\/textinova.lu\/wp-content\/uploads\/2023\/05\/logo-textinova-cork-luxdesign.-2015jpg.jpg\",\"width\":300,\"height\":190,\"caption\":\"Textinova\"},\"image\":{\"@id\":\"https:\/\/textinova.lu\/#\/schema\/logo\/image\/\"},\"sameAs\":[\"https:\/\/www.youtube.com\/channel\/UC-re5faHketDuAZHsyjnxFw\"]}]}<\/script>\n<!-- \/ Yoast SEO plugin. -->","yoast_head_json":{"title":"Cork Bracelet, pink ceramic - Design Textinova - Articles en Li\u00e8ge -Cr\u00e9ateur sacs en Li\u00e8ge,Bijouterie en Li\u00e8ge,accesoires en Li\u00e8ge","robots":{"index":"index","follow":"follow","max-snippet":"max-snippet:-1","max-image-preview":"max-image-preview:large","max-video-preview":"max-video-preview:-1"},"canonical":"https:\/\/textinova.lu\/en\/boutique\/bracelets-perfect-combinaison\/cork-bracelet-pink-ceramic\/","og_locale":"en_US","og_type":"article","og_title":"Cork Bracelet, pink ceramic - Design Textinova - Articles en Li\u00e8ge -Cr\u00e9ateur sacs en Li\u00e8ge,Bijouterie en Li\u00e8ge,accesoires en Li\u00e8ge","og_description":"Cork bracelet, combined pink ceramic and silver elements. Magnetic closure Available sizes: L or M ( Please mention [&hellip;]","og_url":"https:\/\/textinova.lu\/en\/boutique\/bracelets-perfect-combinaison\/cork-bracelet-pink-ceramic\/","og_site_name":"Design Textinova - Articles en Li\u00e8ge -Cr\u00e9ateur sacs en Li\u00e8ge,Bijouterie en Li\u00e8ge,accesoires en Li\u00e8ge","article_modified_time":"2021-01-06T12:53:26+00:00","og_image":[{"width":535,"height":415,"url":"https:\/\/textinova.lu\/wp-content\/uploads\/2020\/04\/REF-PGT-51.png","type":"image\/png"}],"twitter_card":"summary_large_image","schema":{"@context":"https:\/\/schema.org","@graph":[{"@type":"WebPage","@id":"https:\/\/textinova.lu\/en\/boutique\/bracelets-perfect-combinaison\/cork-bracelet-pink-ceramic\/","url":"https:\/\/textinova.lu\/en\/boutique\/bracelets-perfect-combinaison\/cork-bracelet-pink-ceramic\/","name":"Cork Bracelet, pink ceramic - Design Textinova - Articles en Li\u00e8ge -Cr\u00e9ateur sacs en Li\u00e8ge,Bijouterie en Li\u00e8ge,accesoires en Li\u00e8ge","isPartOf":{"@id":"https:\/\/textinova.lu\/#website"},"primaryImageOfPage":{"@id":"https:\/\/textinova.lu\/en\/boutique\/bracelets-perfect-combinaison\/cork-bracelet-pink-ceramic\/#primaryimage"},"image":{"@id":"https:\/\/textinova.lu\/en\/boutique\/bracelets-perfect-combinaison\/cork-bracelet-pink-ceramic\/#primaryimage"},"thumbnailUrl":"https:\/\/textinova.lu\/wp-content\/uploads\/2020\/04\/IMG_5015.jpg","datePublished":"2020-04-03T09:46:57+00:00","dateModified":"2021-01-06T12:53:26+00:00","breadcrumb":{"@id":"https:\/\/textinova.lu\/en\/boutique\/bracelets-perfect-combinaison\/cork-bracelet-pink-ceramic\/#breadcrumb"},"inLanguage":"en-US","potentialAction":[{"@type":"ReadAction","target":["https:\/\/textinova.lu\/en\/boutique\/bracelets-perfect-combinaison\/cork-bracelet-pink-ceramic\/"]}]},{"@type":"ImageObject","inLanguage":"en-US","@id":"https:\/\/textinova.lu\/en\/boutique\/bracelets-perfect-combinaison\/cork-bracelet-pink-ceramic\/#primaryimage","url":"https:\/\/textinova.lu\/wp-content\/uploads\/2020\/04\/IMG_5015.jpg","contentUrl":"https:\/\/textinova.lu\/wp-content\/uploads\/2020\/04\/IMG_5015.jpg","width":480,"height":640},{"@type":"BreadcrumbList","@id":"https:\/\/textinova.lu\/en\/boutique\/bracelets-perfect-combinaison\/cork-bracelet-pink-ceramic\/#breadcrumb","itemListElement":[{"@type":"ListItem","position":1,"name":"Accueil","item":"https:\/\/textinova.lu\/en\/"},{"@type":"ListItem","position":2,"name":"Shop","item":"https:\/\/textinova.lu\/en\/boutique\/"},{"@type":"ListItem","position":3,"name":"Cork Bracelet, pink ceramic"}]},{"@type":"WebSite","@id":"https:\/\/textinova.lu\/#website","url":"https:\/\/textinova.lu\/","name":"Textinova","description":"Cr\u00e9ations Artisanales en Li\u00e8ge 100% Naturel","publisher":{"@id":"https:\/\/textinova.lu\/#organization"},"potentialAction":[{"@type":"SearchAction","target":{"@type":"EntryPoint","urlTemplate":"https:\/\/textinova.lu\/?s={search_term_string}"},"query-input":{"@type":"PropertyValueSpecification","valueRequired":true,"valueName":"search_term_string"}}],"inLanguage":"en-US"},{"@type":"Organization","@id":"https:\/\/textinova.lu\/#organization","name":"Textinova","url":"https:\/\/textinova.lu\/","logo":{"@type":"ImageObject","inLanguage":"en-US","@id":"https:\/\/textinova.lu\/#\/schema\/logo\/image\/","url":"https:\/\/textinova.lu\/wp-content\/uploads\/2023\/05\/logo-textinova-cork-luxdesign.-2015jpg.jpg","contentUrl":"https:\/\/textinova.lu\/wp-content\/uploads\/2023\/05\/logo-textinova-cork-luxdesign.-2015jpg.jpg","width":300,"height":190,"caption":"Textinova"},"image":{"@id":"https:\/\/textinova.lu\/#\/schema\/logo\/image\/"},"sameAs":["https:\/\/www.youtube.com\/channel\/UC-re5faHketDuAZHsyjnxFw"]}]}},"_links":{"self":[{"href":"https:\/\/textinova.lu\/en\/wp-json\/wp\/v2\/product\/13627","targetHints":{"allow":["GET"]}}],"collection":[{"href":"https:\/\/textinova.lu\/en\/wp-json\/wp\/v2\/product"}],"about":[{"href":"https:\/\/textinova.lu\/en\/wp-json\/wp\/v2\/types\/product"}],"replies":[{"embeddable":true,"href":"https:\/\/textinova.lu\/en\/wp-json\/wp\/v2\/comments?post=13627"}],"wp:featuredmedia":[{"embeddable":true,"href":"https:\/\/textinova.lu\/en\/wp-json\/wp\/v2\/media\/21347"}],"wp:attachment":[{"href":"https:\/\/textinova.lu\/en\/wp-json\/wp\/v2\/media?parent=13627"}],"wp:term":[{"taxonomy":"product_brand","embeddable":true,"href":"https:\/\/textinova.lu\/en\/wp-json\/wp\/v2\/product_brand?post=13627"},{"taxonomy":"product_cat","embeddable":true,"href":"https:\/\/textinova.lu\/en\/wp-json\/wp\/v2\/product_cat?post=13627"},{"taxonomy":"product_tag","embeddable":true,"href":"https:\/\/textinova.lu\/en\/wp-json\/wp\/v2\/product_tag?post=13627"}],"curies":[{"name":"wp","href":"https:\/\/api.w.org\/{rel}","templated":true}]}}