{"id":13700,"date":"2020-04-03T19:44:19","date_gmt":"2020-04-03T17:44:19","guid":{"rendered":"https:\/\/textinova.lu\/?post_type=product&#038;p=13700"},"modified":"2020-04-03T19:47:10","modified_gmt":"2020-04-03T17:47:10","slug":"noeud-papillon-en-liege","status":"publish","type":"product","link":"https:\/\/textinova.lu\/en\/boutique\/cork-fashion-men\/noeud-papillon-en-liege\/","title":{"rendered":"N\u0153ud papillon en li\u00e8ge"},"content":{"rendered":"<p><span id=\"fbPhotoSnowliftCaption\" class=\"fbPhotosPhotoCaption\" tabindex=\"0\" aria-live=\"polite\" data-ft=\"{&quot;tn&quot;:&quot;K&quot;}\"><span class=\"hasCaption\"><strong>CR\u00c9ATIONS\u00a0 ARTISANALES NEVES BARROS<\/strong><\/span><\/span><\/p>\n<p><strong>Une exclusivit\u00e9<\/strong><span id=\"fbPhotoSnowliftCaption\" class=\"fbPhotosPhotoCaption\" tabindex=\"0\" aria-live=\"polite\" data-ft=\"{&quot;tn&quot;:&quot;K&quot;}\"><\/span><\/p>\n<p>Noeud papillon ajustable est de retour<br \/>\nAvec un noeud papillon en li\u00e8ge vous ferez sensation c\u2019est certain.<br \/>\nIl apportera la touche finale d\u2019originalit\u00e9 \u00e0 votre tenue.<\/p>\n<p>Entretien<br \/>\nTous nos articles sont faciles \u00e0 nettoyer au savon naturel et de l\u2019eau.<br \/>\nPrendre une \u00e9ponge, et nettoyer la partie sale, avec un chiffon humide enlever tout exc\u00e8s de savon, et laisser s\u00e9cher naturellement.<\/p>\n<p><strong>Nous certifions- Tous nos articles le li\u00e8ge est d\u2019 origine du Portugal<\/strong><\/p>\n<p><span style=\"color: #008000;\"><strong>ARTICLE VEGAN<\/strong><\/span><\/p>\n<p><strong>Une tendance chic,\u00e9cologique, originale<\/strong><\/p>\n<p><span style=\"color: #008000;\"><strong>100% Naturel, recyclable, et Biod\u00e9gradable<\/strong><\/span><\/p>\n<p><span style=\"color: #008000;\"><strong>Li\u00e8ge, la nature \u00e0 porter de main<\/strong><\/span><\/p>\n<p><span style=\"color: #008000;\"><strong>Pensez Nature \u2013 Pensez Bio \u2013 Pensez Li\u00e8ge<\/strong><\/span><\/p>\n","protected":false},"excerpt":{"rendered":"<p>CR\u00c9ATIONS\u00a0 ARTISANALES NEVES BARROS Une exclusivit\u00e9 Noeud papillon ajustable est de retour Avec un noeud papillon en li\u00e8ge [&hellip;]<\/p>\n","protected":false},"featured_media":13701,"comment_status":"closed","ping_status":"closed","template":"","meta":[],"product_brand":[],"product_cat":[203],"product_tag":[],"class_list":{"0":"post-13700","1":"product","2":"type-product","3":"status-publish","4":"has-post-thumbnail","6":"product_cat-cork-fashion-men","8":"first","9":"instock","10":"taxable","11":"shipping-taxable","12":"purchasable","13":"product-type-simple"},"yoast_head":"<!-- This site is optimized with the Yoast SEO plugin v25.5 - https:\/\/yoast.com\/wordpress\/plugins\/seo\/ -->\n<title>N\u0153ud papillon en li\u00e8ge - Design Textinova - Articles en Li\u00e8ge -Cr\u00e9ateur sacs en Li\u00e8ge,Bijouterie en Li\u00e8ge,accesoires en Li\u00e8ge<\/title>\n<meta name=\"robots\" content=\"index, follow, max-snippet:-1, max-image-preview:large, max-video-preview:-1\" \/>\n<link rel=\"canonical\" href=\"https:\/\/textinova.lu\/en\/boutique\/cork-fashion-men\/noeud-papillon-en-liege\/\" \/>\n<meta property=\"og:locale\" content=\"en_US\" \/>\n<meta property=\"og:type\" content=\"article\" \/>\n<meta property=\"og:title\" content=\"N\u0153ud papillon en li\u00e8ge - Design Textinova - Articles en Li\u00e8ge -Cr\u00e9ateur sacs en Li\u00e8ge,Bijouterie en Li\u00e8ge,accesoires en Li\u00e8ge\" \/>\n<meta property=\"og:description\" content=\"CR\u00c9ATIONS\u00a0 ARTISANALES NEVES BARROS Une exclusivit\u00e9 Noeud papillon ajustable est de retour Avec un noeud papillon en li\u00e8ge [&hellip;]\" \/>\n<meta property=\"og:url\" content=\"https:\/\/textinova.lu\/en\/boutique\/cork-fashion-men\/noeud-papillon-en-liege\/\" \/>\n<meta property=\"og:site_name\" content=\"Design Textinova - Articles en Li\u00e8ge -Cr\u00e9ateur sacs en Li\u00e8ge,Bijouterie en Li\u00e8ge,accesoires en Li\u00e8ge\" \/>\n<meta property=\"article:modified_time\" content=\"2020-04-03T17:47:10+00:00\" \/>\n<meta property=\"og:image\" content=\"https:\/\/textinova.lu\/wp-content\/uploads\/2020\/04\/84882565_3227853097229507_5009081586931466240_n.jpg\" \/>\n\t<meta property=\"og:image:width\" content=\"480\" \/>\n\t<meta property=\"og:image:height\" content=\"360\" \/>\n\t<meta property=\"og:image:type\" content=\"image\/jpeg\" \/>\n<meta name=\"twitter:card\" content=\"summary_large_image\" \/>\n<meta name=\"twitter:label1\" content=\"Est. reading time\" \/>\n\t<meta name=\"twitter:data1\" content=\"1 minute\" \/>\n<script type=\"application\/ld+json\" class=\"yoast-schema-graph\">{\"@context\":\"https:\/\/schema.org\",\"@graph\":[{\"@type\":\"WebPage\",\"@id\":\"https:\/\/textinova.lu\/en\/boutique\/cork-fashion-men\/noeud-papillon-en-liege\/\",\"url\":\"https:\/\/textinova.lu\/en\/boutique\/cork-fashion-men\/noeud-papillon-en-liege\/\",\"name\":\"N\u0153ud papillon en li\u00e8ge - Design Textinova - Articles en Li\u00e8ge -Cr\u00e9ateur sacs en Li\u00e8ge,Bijouterie en Li\u00e8ge,accesoires en Li\u00e8ge\",\"isPartOf\":{\"@id\":\"https:\/\/textinova.lu\/#website\"},\"primaryImageOfPage\":{\"@id\":\"https:\/\/textinova.lu\/en\/boutique\/cork-fashion-men\/noeud-papillon-en-liege\/#primaryimage\"},\"image\":{\"@id\":\"https:\/\/textinova.lu\/en\/boutique\/cork-fashion-men\/noeud-papillon-en-liege\/#primaryimage\"},\"thumbnailUrl\":\"https:\/\/textinova.lu\/wp-content\/uploads\/2020\/04\/84882565_3227853097229507_5009081586931466240_n.jpg\",\"datePublished\":\"2020-04-03T17:44:19+00:00\",\"dateModified\":\"2020-04-03T17:47:10+00:00\",\"breadcrumb\":{\"@id\":\"https:\/\/textinova.lu\/en\/boutique\/cork-fashion-men\/noeud-papillon-en-liege\/#breadcrumb\"},\"inLanguage\":\"en-US\",\"potentialAction\":[{\"@type\":\"ReadAction\",\"target\":[\"https:\/\/textinova.lu\/en\/boutique\/cork-fashion-men\/noeud-papillon-en-liege\/\"]}]},{\"@type\":\"ImageObject\",\"inLanguage\":\"en-US\",\"@id\":\"https:\/\/textinova.lu\/en\/boutique\/cork-fashion-men\/noeud-papillon-en-liege\/#primaryimage\",\"url\":\"https:\/\/textinova.lu\/wp-content\/uploads\/2020\/04\/84882565_3227853097229507_5009081586931466240_n.jpg\",\"contentUrl\":\"https:\/\/textinova.lu\/wp-content\/uploads\/2020\/04\/84882565_3227853097229507_5009081586931466240_n.jpg\",\"width\":480,\"height\":360},{\"@type\":\"BreadcrumbList\",\"@id\":\"https:\/\/textinova.lu\/en\/boutique\/cork-fashion-men\/noeud-papillon-en-liege\/#breadcrumb\",\"itemListElement\":[{\"@type\":\"ListItem\",\"position\":1,\"name\":\"Accueil\",\"item\":\"https:\/\/textinova.lu\/en\/\"},{\"@type\":\"ListItem\",\"position\":2,\"name\":\"Shop\",\"item\":\"https:\/\/textinova.lu\/en\/boutique\/\"},{\"@type\":\"ListItem\",\"position\":3,\"name\":\"N\u0153ud papillon en li\u00e8ge\"}]},{\"@type\":\"WebSite\",\"@id\":\"https:\/\/textinova.lu\/#website\",\"url\":\"https:\/\/textinova.lu\/\",\"name\":\"Textinova\",\"description\":\"Cr\u00e9ations Artisanales en Li\u00e8ge 100% Naturel\",\"publisher\":{\"@id\":\"https:\/\/textinova.lu\/#organization\"},\"potentialAction\":[{\"@type\":\"SearchAction\",\"target\":{\"@type\":\"EntryPoint\",\"urlTemplate\":\"https:\/\/textinova.lu\/?s={search_term_string}\"},\"query-input\":{\"@type\":\"PropertyValueSpecification\",\"valueRequired\":true,\"valueName\":\"search_term_string\"}}],\"inLanguage\":\"en-US\"},{\"@type\":\"Organization\",\"@id\":\"https:\/\/textinova.lu\/#organization\",\"name\":\"Textinova\",\"url\":\"https:\/\/textinova.lu\/\",\"logo\":{\"@type\":\"ImageObject\",\"inLanguage\":\"en-US\",\"@id\":\"https:\/\/textinova.lu\/#\/schema\/logo\/image\/\",\"url\":\"https:\/\/textinova.lu\/wp-content\/uploads\/2023\/05\/logo-textinova-cork-luxdesign.-2015jpg.jpg\",\"contentUrl\":\"https:\/\/textinova.lu\/wp-content\/uploads\/2023\/05\/logo-textinova-cork-luxdesign.-2015jpg.jpg\",\"width\":300,\"height\":190,\"caption\":\"Textinova\"},\"image\":{\"@id\":\"https:\/\/textinova.lu\/#\/schema\/logo\/image\/\"},\"sameAs\":[\"https:\/\/www.youtube.com\/channel\/UC-re5faHketDuAZHsyjnxFw\"]}]}<\/script>\n<!-- \/ Yoast SEO plugin. -->","yoast_head_json":{"title":"N\u0153ud papillon en li\u00e8ge - Design Textinova - Articles en Li\u00e8ge -Cr\u00e9ateur sacs en Li\u00e8ge,Bijouterie en Li\u00e8ge,accesoires en Li\u00e8ge","robots":{"index":"index","follow":"follow","max-snippet":"max-snippet:-1","max-image-preview":"max-image-preview:large","max-video-preview":"max-video-preview:-1"},"canonical":"https:\/\/textinova.lu\/en\/boutique\/cork-fashion-men\/noeud-papillon-en-liege\/","og_locale":"en_US","og_type":"article","og_title":"N\u0153ud papillon en li\u00e8ge - Design Textinova - Articles en Li\u00e8ge -Cr\u00e9ateur sacs en Li\u00e8ge,Bijouterie en Li\u00e8ge,accesoires en Li\u00e8ge","og_description":"CR\u00c9ATIONS\u00a0 ARTISANALES NEVES BARROS Une exclusivit\u00e9 Noeud papillon ajustable est de retour Avec un noeud papillon en li\u00e8ge [&hellip;]","og_url":"https:\/\/textinova.lu\/en\/boutique\/cork-fashion-men\/noeud-papillon-en-liege\/","og_site_name":"Design Textinova - Articles en Li\u00e8ge -Cr\u00e9ateur sacs en Li\u00e8ge,Bijouterie en Li\u00e8ge,accesoires en Li\u00e8ge","article_modified_time":"2020-04-03T17:47:10+00:00","og_image":[{"width":480,"height":360,"url":"https:\/\/textinova.lu\/wp-content\/uploads\/2020\/04\/84882565_3227853097229507_5009081586931466240_n.jpg","type":"image\/jpeg"}],"twitter_card":"summary_large_image","twitter_misc":{"Est. reading time":"1 minute"},"schema":{"@context":"https:\/\/schema.org","@graph":[{"@type":"WebPage","@id":"https:\/\/textinova.lu\/en\/boutique\/cork-fashion-men\/noeud-papillon-en-liege\/","url":"https:\/\/textinova.lu\/en\/boutique\/cork-fashion-men\/noeud-papillon-en-liege\/","name":"N\u0153ud papillon en li\u00e8ge - Design Textinova - Articles en Li\u00e8ge -Cr\u00e9ateur sacs en Li\u00e8ge,Bijouterie en Li\u00e8ge,accesoires en Li\u00e8ge","isPartOf":{"@id":"https:\/\/textinova.lu\/#website"},"primaryImageOfPage":{"@id":"https:\/\/textinova.lu\/en\/boutique\/cork-fashion-men\/noeud-papillon-en-liege\/#primaryimage"},"image":{"@id":"https:\/\/textinova.lu\/en\/boutique\/cork-fashion-men\/noeud-papillon-en-liege\/#primaryimage"},"thumbnailUrl":"https:\/\/textinova.lu\/wp-content\/uploads\/2020\/04\/84882565_3227853097229507_5009081586931466240_n.jpg","datePublished":"2020-04-03T17:44:19+00:00","dateModified":"2020-04-03T17:47:10+00:00","breadcrumb":{"@id":"https:\/\/textinova.lu\/en\/boutique\/cork-fashion-men\/noeud-papillon-en-liege\/#breadcrumb"},"inLanguage":"en-US","potentialAction":[{"@type":"ReadAction","target":["https:\/\/textinova.lu\/en\/boutique\/cork-fashion-men\/noeud-papillon-en-liege\/"]}]},{"@type":"ImageObject","inLanguage":"en-US","@id":"https:\/\/textinova.lu\/en\/boutique\/cork-fashion-men\/noeud-papillon-en-liege\/#primaryimage","url":"https:\/\/textinova.lu\/wp-content\/uploads\/2020\/04\/84882565_3227853097229507_5009081586931466240_n.jpg","contentUrl":"https:\/\/textinova.lu\/wp-content\/uploads\/2020\/04\/84882565_3227853097229507_5009081586931466240_n.jpg","width":480,"height":360},{"@type":"BreadcrumbList","@id":"https:\/\/textinova.lu\/en\/boutique\/cork-fashion-men\/noeud-papillon-en-liege\/#breadcrumb","itemListElement":[{"@type":"ListItem","position":1,"name":"Accueil","item":"https:\/\/textinova.lu\/en\/"},{"@type":"ListItem","position":2,"name":"Shop","item":"https:\/\/textinova.lu\/en\/boutique\/"},{"@type":"ListItem","position":3,"name":"N\u0153ud papillon en li\u00e8ge"}]},{"@type":"WebSite","@id":"https:\/\/textinova.lu\/#website","url":"https:\/\/textinova.lu\/","name":"Textinova","description":"Cr\u00e9ations Artisanales en Li\u00e8ge 100% Naturel","publisher":{"@id":"https:\/\/textinova.lu\/#organization"},"potentialAction":[{"@type":"SearchAction","target":{"@type":"EntryPoint","urlTemplate":"https:\/\/textinova.lu\/?s={search_term_string}"},"query-input":{"@type":"PropertyValueSpecification","valueRequired":true,"valueName":"search_term_string"}}],"inLanguage":"en-US"},{"@type":"Organization","@id":"https:\/\/textinova.lu\/#organization","name":"Textinova","url":"https:\/\/textinova.lu\/","logo":{"@type":"ImageObject","inLanguage":"en-US","@id":"https:\/\/textinova.lu\/#\/schema\/logo\/image\/","url":"https:\/\/textinova.lu\/wp-content\/uploads\/2023\/05\/logo-textinova-cork-luxdesign.-2015jpg.jpg","contentUrl":"https:\/\/textinova.lu\/wp-content\/uploads\/2023\/05\/logo-textinova-cork-luxdesign.-2015jpg.jpg","width":300,"height":190,"caption":"Textinova"},"image":{"@id":"https:\/\/textinova.lu\/#\/schema\/logo\/image\/"},"sameAs":["https:\/\/www.youtube.com\/channel\/UC-re5faHketDuAZHsyjnxFw"]}]}},"_links":{"self":[{"href":"https:\/\/textinova.lu\/en\/wp-json\/wp\/v2\/product\/13700","targetHints":{"allow":["GET"]}}],"collection":[{"href":"https:\/\/textinova.lu\/en\/wp-json\/wp\/v2\/product"}],"about":[{"href":"https:\/\/textinova.lu\/en\/wp-json\/wp\/v2\/types\/product"}],"replies":[{"embeddable":true,"href":"https:\/\/textinova.lu\/en\/wp-json\/wp\/v2\/comments?post=13700"}],"wp:featuredmedia":[{"embeddable":true,"href":"https:\/\/textinova.lu\/en\/wp-json\/wp\/v2\/media\/13701"}],"wp:attachment":[{"href":"https:\/\/textinova.lu\/en\/wp-json\/wp\/v2\/media?parent=13700"}],"wp:term":[{"taxonomy":"product_brand","embeddable":true,"href":"https:\/\/textinova.lu\/en\/wp-json\/wp\/v2\/product_brand?post=13700"},{"taxonomy":"product_cat","embeddable":true,"href":"https:\/\/textinova.lu\/en\/wp-json\/wp\/v2\/product_cat?post=13700"},{"taxonomy":"product_tag","embeddable":true,"href":"https:\/\/textinova.lu\/en\/wp-json\/wp\/v2\/product_tag?post=13700"}],"curies":[{"name":"wp","href":"https:\/\/api.w.org\/{rel}","templated":true}]}}