{"id":14360,"date":"2020-05-19T08:46:57","date_gmt":"2020-05-19T06:52:02","guid":{"rendered":"https:\/\/textinova.lu\/?post_type=product&#038;p=14360"},"modified":"2021-01-09T18:49:04","modified_gmt":"2021-01-09T16:49:04","slug":"vintage-cork-hat-made-of-cork-fabric","status":"publish","type":"product","link":"https:\/\/textinova.lu\/en\/boutique\/cork-hats\/vintage-cork-hat-made-of-cork-fabric\/","title":{"rendered":"Vintage cork hat made of cork fabric"},"content":{"rendered":"<p><strong><img loading=\"lazy\" decoding=\"async\" class=\"alignnone size-full wp-image-15708\" src=\"https:\/\/textinova.lu\/wp-content\/uploads\/2021\/01\/MADE-IN-PORTUGAL-PETIT-1.jpg\" alt=\"\" width=\"150\" height=\"153\" \/> <img loading=\"lazy\" decoding=\"async\" class=\"alignnone size-full wp-image-15705\" src=\"https:\/\/textinova.lu\/wp-content\/uploads\/2020\/03\/eco-friendly.jpg\" alt=\"\" width=\"150\" height=\"143\" \/><\/strong><\/p>\n<p><strong>DESIGNER- Neves Barros<\/strong><\/p>\n<p id=\"tw-target-text\" class=\"tw-data-text tw-text-large XcVN5d tw-ta\" dir=\"ltr\" data-placeholder=\"Traduction\"><span lang=\"en\">Vintage cork hat with large brim.<\/span><\/p>\n<p class=\"tw-data-text tw-text-large XcVN5d tw-ta\" dir=\"ltr\" data-placeholder=\"Traduction\"><span lang=\"en\">A model worn in the 1920s by Greta Garbo <\/span><\/p>\n<p id=\"tw-target-text\" class=\"tw-data-text tw-text-large XcVN5d tw-ta\" dir=\"ltr\" data-placeholder=\"Traduction\"><span lang=\"en\">Available sizes 58<\/span><\/p>\n<p><span style=\"color: #008000;\"><strong>VEGAN<\/strong><\/span><\/p>\n<p><strong>A stylish, ecological and original fashion choice.<\/strong><br \/>\n<span style=\"color: #008000;\"><strong>100% natural, recyclable and biodegradable.<\/strong><\/span><br \/>\n<span style=\"color: #008000;\"><strong>Cork \u2013 Nature to wear<\/strong><\/span><br \/>\n<span style=\"color: #008000;\"><strong>Think Nature \u2013 Think Bio \u2013 Think Cork<\/strong><\/span><\/p>\n<p class=\"tw-data-text tw-text-large XcVN5d tw-ta\" dir=\"ltr\" data-placeholder=\"Traduction\"><span lang=\"en\">\u00a0<\/span><\/p>\n<p dir=\"ltr\" data-placeholder=\"Traduction\">\n","protected":false},"excerpt":{"rendered":"<p>DESIGNER- Neves Barros Vintage cork hat with large brim. A model worn in the 1920s by Greta Garbo [&hellip;]<\/p>\n","protected":false},"featured_media":14359,"comment_status":"closed","ping_status":"closed","template":"","meta":[],"product_brand":[],"product_cat":[215],"product_tag":[],"class_list":{"0":"post-14360","1":"product","2":"type-product","3":"status-publish","4":"has-post-thumbnail","6":"product_cat-cork-hats","8":"first","9":"instock","10":"taxable","11":"shipping-taxable","12":"purchasable","13":"product-type-simple"},"yoast_head":"<!-- This site is optimized with the Yoast SEO plugin v25.5 - https:\/\/yoast.com\/wordpress\/plugins\/seo\/ -->\n<title>Vintage cork hat made of cork fabric - Design Textinova - Articles en Li\u00e8ge -Cr\u00e9ateur sacs en Li\u00e8ge,Bijouterie en Li\u00e8ge,accesoires en Li\u00e8ge<\/title>\n<meta name=\"robots\" content=\"index, follow, max-snippet:-1, max-image-preview:large, max-video-preview:-1\" \/>\n<link rel=\"canonical\" href=\"https:\/\/textinova.lu\/boutique\/chapeaux\/chapeau-vintage-en-liege-texture-texas\/\" \/>\n<meta property=\"og:locale\" content=\"en_US\" \/>\n<meta property=\"og:type\" content=\"article\" \/>\n<meta property=\"og:title\" content=\"Vintage cork hat made of cork fabric - Design Textinova - Articles en Li\u00e8ge -Cr\u00e9ateur sacs en Li\u00e8ge,Bijouterie en Li\u00e8ge,accesoires en Li\u00e8ge\" \/>\n<meta property=\"og:description\" content=\"DESIGNER- Neves Barros Vintage cork hat with large brim. A model worn in the 1920s by Greta Garbo [&hellip;]\" \/>\n<meta property=\"og:url\" content=\"https:\/\/textinova.lu\/boutique\/chapeaux\/chapeau-vintage-en-liege-texture-texas\/\" \/>\n<meta property=\"og:site_name\" content=\"Design Textinova - Articles en Li\u00e8ge -Cr\u00e9ateur sacs en Li\u00e8ge,Bijouterie en Li\u00e8ge,accesoires en Li\u00e8ge\" \/>\n<meta property=\"article:modified_time\" content=\"2021-01-09T16:49:04+00:00\" \/>\n<meta property=\"og:image\" content=\"https:\/\/textinova.lu\/wp-content\/uploads\/2020\/05\/P1020445.jpg\" \/>\n\t<meta property=\"og:image:width\" content=\"1000\" \/>\n\t<meta property=\"og:image:height\" content=\"918\" \/>\n\t<meta property=\"og:image:type\" content=\"image\/jpeg\" \/>\n<meta name=\"twitter:card\" content=\"summary_large_image\" \/>\n<script type=\"application\/ld+json\" class=\"yoast-schema-graph\">{\"@context\":\"https:\/\/schema.org\",\"@graph\":[{\"@type\":\"WebPage\",\"@id\":\"https:\/\/textinova.lu\/boutique\/chapeaux\/chapeau-vintage-en-liege-texture-texas\/\",\"url\":\"https:\/\/textinova.lu\/boutique\/chapeaux\/chapeau-vintage-en-liege-texture-texas\/\",\"name\":\"Vintage cork hat made of cork fabric - Design Textinova - Articles en Li\u00e8ge -Cr\u00e9ateur sacs en Li\u00e8ge,Bijouterie en Li\u00e8ge,accesoires en Li\u00e8ge\",\"isPartOf\":{\"@id\":\"https:\/\/textinova.lu\/#website\"},\"primaryImageOfPage\":{\"@id\":\"https:\/\/textinova.lu\/boutique\/chapeaux\/chapeau-vintage-en-liege-texture-texas\/#primaryimage\"},\"image\":{\"@id\":\"https:\/\/textinova.lu\/boutique\/chapeaux\/chapeau-vintage-en-liege-texture-texas\/#primaryimage\"},\"thumbnailUrl\":\"https:\/\/textinova.lu\/wp-content\/uploads\/2020\/05\/P1020445.jpg\",\"datePublished\":\"2020-05-19T06:52:02+00:00\",\"dateModified\":\"2021-01-09T16:49:04+00:00\",\"breadcrumb\":{\"@id\":\"https:\/\/textinova.lu\/boutique\/chapeaux\/chapeau-vintage-en-liege-texture-texas\/#breadcrumb\"},\"inLanguage\":\"en-US\",\"potentialAction\":[{\"@type\":\"ReadAction\",\"target\":[\"https:\/\/textinova.lu\/boutique\/chapeaux\/chapeau-vintage-en-liege-texture-texas\/\"]}]},{\"@type\":\"ImageObject\",\"inLanguage\":\"en-US\",\"@id\":\"https:\/\/textinova.lu\/boutique\/chapeaux\/chapeau-vintage-en-liege-texture-texas\/#primaryimage\",\"url\":\"https:\/\/textinova.lu\/wp-content\/uploads\/2020\/05\/P1020445.jpg\",\"contentUrl\":\"https:\/\/textinova.lu\/wp-content\/uploads\/2020\/05\/P1020445.jpg\",\"width\":1000,\"height\":918},{\"@type\":\"BreadcrumbList\",\"@id\":\"https:\/\/textinova.lu\/boutique\/chapeaux\/chapeau-vintage-en-liege-texture-texas\/#breadcrumb\",\"itemListElement\":[{\"@type\":\"ListItem\",\"position\":1,\"name\":\"Accueil\",\"item\":\"https:\/\/textinova.lu\/en\/\"},{\"@type\":\"ListItem\",\"position\":2,\"name\":\"Shop\",\"item\":\"https:\/\/textinova.lu\/en\/boutique\/\"},{\"@type\":\"ListItem\",\"position\":3,\"name\":\"Vintage cork hat made of cork fabric\"}]},{\"@type\":\"WebSite\",\"@id\":\"https:\/\/textinova.lu\/#website\",\"url\":\"https:\/\/textinova.lu\/\",\"name\":\"Textinova\",\"description\":\"Cr\u00e9ations Artisanales en Li\u00e8ge 100% Naturel\",\"publisher\":{\"@id\":\"https:\/\/textinova.lu\/#organization\"},\"potentialAction\":[{\"@type\":\"SearchAction\",\"target\":{\"@type\":\"EntryPoint\",\"urlTemplate\":\"https:\/\/textinova.lu\/?s={search_term_string}\"},\"query-input\":{\"@type\":\"PropertyValueSpecification\",\"valueRequired\":true,\"valueName\":\"search_term_string\"}}],\"inLanguage\":\"en-US\"},{\"@type\":\"Organization\",\"@id\":\"https:\/\/textinova.lu\/#organization\",\"name\":\"Textinova\",\"url\":\"https:\/\/textinova.lu\/\",\"logo\":{\"@type\":\"ImageObject\",\"inLanguage\":\"en-US\",\"@id\":\"https:\/\/textinova.lu\/#\/schema\/logo\/image\/\",\"url\":\"https:\/\/textinova.lu\/wp-content\/uploads\/2023\/05\/logo-textinova-cork-luxdesign.-2015jpg.jpg\",\"contentUrl\":\"https:\/\/textinova.lu\/wp-content\/uploads\/2023\/05\/logo-textinova-cork-luxdesign.-2015jpg.jpg\",\"width\":300,\"height\":190,\"caption\":\"Textinova\"},\"image\":{\"@id\":\"https:\/\/textinova.lu\/#\/schema\/logo\/image\/\"},\"sameAs\":[\"https:\/\/www.youtube.com\/channel\/UC-re5faHketDuAZHsyjnxFw\"]}]}<\/script>\n<!-- \/ Yoast SEO plugin. -->","yoast_head_json":{"title":"Vintage cork hat made of cork fabric - Design Textinova - Articles en Li\u00e8ge -Cr\u00e9ateur sacs en Li\u00e8ge,Bijouterie en Li\u00e8ge,accesoires en Li\u00e8ge","robots":{"index":"index","follow":"follow","max-snippet":"max-snippet:-1","max-image-preview":"max-image-preview:large","max-video-preview":"max-video-preview:-1"},"canonical":"https:\/\/textinova.lu\/boutique\/chapeaux\/chapeau-vintage-en-liege-texture-texas\/","og_locale":"en_US","og_type":"article","og_title":"Vintage cork hat made of cork fabric - Design Textinova - Articles en Li\u00e8ge -Cr\u00e9ateur sacs en Li\u00e8ge,Bijouterie en Li\u00e8ge,accesoires en Li\u00e8ge","og_description":"DESIGNER- Neves Barros Vintage cork hat with large brim. A model worn in the 1920s by Greta Garbo [&hellip;]","og_url":"https:\/\/textinova.lu\/boutique\/chapeaux\/chapeau-vintage-en-liege-texture-texas\/","og_site_name":"Design Textinova - Articles en Li\u00e8ge -Cr\u00e9ateur sacs en Li\u00e8ge,Bijouterie en Li\u00e8ge,accesoires en Li\u00e8ge","article_modified_time":"2021-01-09T16:49:04+00:00","og_image":[{"width":1000,"height":918,"url":"https:\/\/textinova.lu\/wp-content\/uploads\/2020\/05\/P1020445.jpg","type":"image\/jpeg"}],"twitter_card":"summary_large_image","schema":{"@context":"https:\/\/schema.org","@graph":[{"@type":"WebPage","@id":"https:\/\/textinova.lu\/boutique\/chapeaux\/chapeau-vintage-en-liege-texture-texas\/","url":"https:\/\/textinova.lu\/boutique\/chapeaux\/chapeau-vintage-en-liege-texture-texas\/","name":"Vintage cork hat made of cork fabric - Design Textinova - Articles en Li\u00e8ge -Cr\u00e9ateur sacs en Li\u00e8ge,Bijouterie en Li\u00e8ge,accesoires en Li\u00e8ge","isPartOf":{"@id":"https:\/\/textinova.lu\/#website"},"primaryImageOfPage":{"@id":"https:\/\/textinova.lu\/boutique\/chapeaux\/chapeau-vintage-en-liege-texture-texas\/#primaryimage"},"image":{"@id":"https:\/\/textinova.lu\/boutique\/chapeaux\/chapeau-vintage-en-liege-texture-texas\/#primaryimage"},"thumbnailUrl":"https:\/\/textinova.lu\/wp-content\/uploads\/2020\/05\/P1020445.jpg","datePublished":"2020-05-19T06:52:02+00:00","dateModified":"2021-01-09T16:49:04+00:00","breadcrumb":{"@id":"https:\/\/textinova.lu\/boutique\/chapeaux\/chapeau-vintage-en-liege-texture-texas\/#breadcrumb"},"inLanguage":"en-US","potentialAction":[{"@type":"ReadAction","target":["https:\/\/textinova.lu\/boutique\/chapeaux\/chapeau-vintage-en-liege-texture-texas\/"]}]},{"@type":"ImageObject","inLanguage":"en-US","@id":"https:\/\/textinova.lu\/boutique\/chapeaux\/chapeau-vintage-en-liege-texture-texas\/#primaryimage","url":"https:\/\/textinova.lu\/wp-content\/uploads\/2020\/05\/P1020445.jpg","contentUrl":"https:\/\/textinova.lu\/wp-content\/uploads\/2020\/05\/P1020445.jpg","width":1000,"height":918},{"@type":"BreadcrumbList","@id":"https:\/\/textinova.lu\/boutique\/chapeaux\/chapeau-vintage-en-liege-texture-texas\/#breadcrumb","itemListElement":[{"@type":"ListItem","position":1,"name":"Accueil","item":"https:\/\/textinova.lu\/en\/"},{"@type":"ListItem","position":2,"name":"Shop","item":"https:\/\/textinova.lu\/en\/boutique\/"},{"@type":"ListItem","position":3,"name":"Vintage cork hat made of cork fabric"}]},{"@type":"WebSite","@id":"https:\/\/textinova.lu\/#website","url":"https:\/\/textinova.lu\/","name":"Textinova","description":"Cr\u00e9ations Artisanales en Li\u00e8ge 100% Naturel","publisher":{"@id":"https:\/\/textinova.lu\/#organization"},"potentialAction":[{"@type":"SearchAction","target":{"@type":"EntryPoint","urlTemplate":"https:\/\/textinova.lu\/?s={search_term_string}"},"query-input":{"@type":"PropertyValueSpecification","valueRequired":true,"valueName":"search_term_string"}}],"inLanguage":"en-US"},{"@type":"Organization","@id":"https:\/\/textinova.lu\/#organization","name":"Textinova","url":"https:\/\/textinova.lu\/","logo":{"@type":"ImageObject","inLanguage":"en-US","@id":"https:\/\/textinova.lu\/#\/schema\/logo\/image\/","url":"https:\/\/textinova.lu\/wp-content\/uploads\/2023\/05\/logo-textinova-cork-luxdesign.-2015jpg.jpg","contentUrl":"https:\/\/textinova.lu\/wp-content\/uploads\/2023\/05\/logo-textinova-cork-luxdesign.-2015jpg.jpg","width":300,"height":190,"caption":"Textinova"},"image":{"@id":"https:\/\/textinova.lu\/#\/schema\/logo\/image\/"},"sameAs":["https:\/\/www.youtube.com\/channel\/UC-re5faHketDuAZHsyjnxFw"]}]}},"_links":{"self":[{"href":"https:\/\/textinova.lu\/en\/wp-json\/wp\/v2\/product\/14360","targetHints":{"allow":["GET"]}}],"collection":[{"href":"https:\/\/textinova.lu\/en\/wp-json\/wp\/v2\/product"}],"about":[{"href":"https:\/\/textinova.lu\/en\/wp-json\/wp\/v2\/types\/product"}],"replies":[{"embeddable":true,"href":"https:\/\/textinova.lu\/en\/wp-json\/wp\/v2\/comments?post=14360"}],"wp:featuredmedia":[{"embeddable":true,"href":"https:\/\/textinova.lu\/en\/wp-json\/wp\/v2\/media\/14359"}],"wp:attachment":[{"href":"https:\/\/textinova.lu\/en\/wp-json\/wp\/v2\/media?parent=14360"}],"wp:term":[{"taxonomy":"product_brand","embeddable":true,"href":"https:\/\/textinova.lu\/en\/wp-json\/wp\/v2\/product_brand?post=14360"},{"taxonomy":"product_cat","embeddable":true,"href":"https:\/\/textinova.lu\/en\/wp-json\/wp\/v2\/product_cat?post=14360"},{"taxonomy":"product_tag","embeddable":true,"href":"https:\/\/textinova.lu\/en\/wp-json\/wp\/v2\/product_tag?post=14360"}],"curies":[{"name":"wp","href":"https:\/\/api.w.org\/{rel}","templated":true}]}}