{"id":14614,"date":"2020-06-24T16:07:57","date_gmt":"2020-06-24T14:10:50","guid":{"rendered":"https:\/\/textinova.lu\/?post_type=product&#038;p=14614"},"modified":"2022-07-22T18:04:43","modified_gmt":"2022-07-22T16:04:43","slug":"coin-purse-made-of-cork-fabric-3","status":"publish","type":"product","link":"https:\/\/textinova.lu\/en\/boutique\/cork-fashion-items\/coin-purse-made-of-cork-fabric-3\/","title":{"rendered":"Coin purse made of cork fabric"},"content":{"rendered":"<p>&nbsp;<\/p>\n<p>&nbsp;<\/p>\n<p><strong><img loading=\"lazy\" decoding=\"async\" class=\"alignnone size-full wp-image-18359\" src=\"https:\/\/textinova.lu\/wp-content\/uploads\/2018\/09\/MADE-IN-PORTUGAL-PETIT-1.jpg\" alt=\"\" width=\"150\" height=\"153\" \/> <img loading=\"lazy\" decoding=\"async\" class=\"alignnone size-full wp-image-18357\" src=\"https:\/\/textinova.lu\/wp-content\/uploads\/2018\/09\/eco-friendly.jpg\" alt=\"\" width=\"150\" height=\"143\" \/><\/strong><\/p>\n<p><strong>Made In Portugal by craftsmen who have the know-how.<\/strong><\/p>\n<p><strong>We will inform you of the colours in stock<\/strong><\/p>\n<p>Cork wallet with zip for closure.<\/p>\n<p>Back pocket with zip<\/p>\n<p>Several colors to choose from.<\/p>\n<p>Dimensions 8,4 x 12 x 2 cm<\/p>\n<p><span style=\"color: #008000;\"><strong>VEGAN PRODUCT<\/strong><\/span><\/p>\n<p>Interview<br \/>\nAll our items are easy to clean with natural soap and water.<br \/>\nTake a sponge, and clean the dirty part, with a damp cloth remove any excess soap, and let it dry naturally.<\/p>\n<p><span style=\"color: #008000;\">A trend chic, ecological, original.<\/span><br \/>\n<span style=\"color: #008000;\">100% Natural, recyclable, and biodegradable.<\/span><br \/>\n<span style=\"color: #008000;\">Li\u00e8ge, nature at your fingertips.<\/span><br \/>\n<span style=\"color: #008000;\">Think Nature &#8211; Think Bio &#8211; Think Cork<\/span><\/p>\n<p>&nbsp;<\/p>\n","protected":false},"excerpt":{"rendered":"<p><strong>COLLECTION FUNCHAL<\/strong><\/p>\n","protected":false},"featured_media":18695,"comment_status":"closed","ping_status":"closed","template":"","meta":[],"product_brand":[],"product_cat":[205],"product_tag":[],"class_list":{"0":"post-14614","1":"product","2":"type-product","3":"status-publish","4":"has-post-thumbnail","6":"product_cat-cork-fashion-items","8":"first","9":"outofstock","10":"taxable","11":"shipping-taxable","12":"purchasable","13":"product-type-simple"},"yoast_head":"<!-- This site is optimized with the Yoast SEO plugin v25.5 - https:\/\/yoast.com\/wordpress\/plugins\/seo\/ -->\n<title>Coin purse made of cork fabric - Design Textinova - Articles en Li\u00e8ge -Cr\u00e9ateur sacs en Li\u00e8ge,Bijouterie en Li\u00e8ge,accesoires en Li\u00e8ge<\/title>\n<meta name=\"robots\" content=\"index, follow, max-snippet:-1, max-image-preview:large, max-video-preview:-1\" \/>\n<link rel=\"canonical\" href=\"https:\/\/textinova.lu\/boutique\/accessoires-100-naturel\/porte-monnaies-doria-en-liege\/\" \/>\n<meta property=\"og:locale\" content=\"en_US\" \/>\n<meta property=\"og:type\" content=\"article\" \/>\n<meta property=\"og:title\" content=\"Coin purse made of cork fabric - Design Textinova - Articles en Li\u00e8ge -Cr\u00e9ateur sacs en Li\u00e8ge,Bijouterie en Li\u00e8ge,accesoires en Li\u00e8ge\" \/>\n<meta property=\"og:description\" content=\"COLLECTION FUNCHAL\" \/>\n<meta property=\"og:url\" content=\"https:\/\/textinova.lu\/boutique\/accessoires-100-naturel\/porte-monnaies-doria-en-liege\/\" \/>\n<meta property=\"og:site_name\" content=\"Design Textinova - Articles en Li\u00e8ge -Cr\u00e9ateur sacs en Li\u00e8ge,Bijouterie en Li\u00e8ge,accesoires en Li\u00e8ge\" \/>\n<meta property=\"article:modified_time\" content=\"2022-07-22T16:04:43+00:00\" \/>\n<meta property=\"og:image\" content=\"https:\/\/textinova.lu\/wp-content\/uploads\/2020\/06\/imagesitem9136616498489209766MSPMS25-ORANGE_1.jpg\" \/>\n\t<meta property=\"og:image:width\" content=\"1000\" \/>\n\t<meta property=\"og:image:height\" content=\"1000\" \/>\n\t<meta property=\"og:image:type\" content=\"image\/jpeg\" \/>\n<meta name=\"twitter:card\" content=\"summary_large_image\" \/>\n<script type=\"application\/ld+json\" class=\"yoast-schema-graph\">{\"@context\":\"https:\/\/schema.org\",\"@graph\":[{\"@type\":\"WebPage\",\"@id\":\"https:\/\/textinova.lu\/boutique\/accessoires-100-naturel\/porte-monnaies-doria-en-liege\/\",\"url\":\"https:\/\/textinova.lu\/boutique\/accessoires-100-naturel\/porte-monnaies-doria-en-liege\/\",\"name\":\"Coin purse made of cork fabric - Design Textinova - Articles en Li\u00e8ge -Cr\u00e9ateur sacs en Li\u00e8ge,Bijouterie en Li\u00e8ge,accesoires en Li\u00e8ge\",\"isPartOf\":{\"@id\":\"https:\/\/textinova.lu\/#website\"},\"primaryImageOfPage\":{\"@id\":\"https:\/\/textinova.lu\/boutique\/accessoires-100-naturel\/porte-monnaies-doria-en-liege\/#primaryimage\"},\"image\":{\"@id\":\"https:\/\/textinova.lu\/boutique\/accessoires-100-naturel\/porte-monnaies-doria-en-liege\/#primaryimage\"},\"thumbnailUrl\":\"https:\/\/textinova.lu\/wp-content\/uploads\/2020\/06\/imagesitem9136616498489209766MSPMS25-ORANGE_1.jpg\",\"datePublished\":\"2020-06-24T14:10:50+00:00\",\"dateModified\":\"2022-07-22T16:04:43+00:00\",\"breadcrumb\":{\"@id\":\"https:\/\/textinova.lu\/boutique\/accessoires-100-naturel\/porte-monnaies-doria-en-liege\/#breadcrumb\"},\"inLanguage\":\"en-US\",\"potentialAction\":[{\"@type\":\"ReadAction\",\"target\":[\"https:\/\/textinova.lu\/boutique\/accessoires-100-naturel\/porte-monnaies-doria-en-liege\/\"]}]},{\"@type\":\"ImageObject\",\"inLanguage\":\"en-US\",\"@id\":\"https:\/\/textinova.lu\/boutique\/accessoires-100-naturel\/porte-monnaies-doria-en-liege\/#primaryimage\",\"url\":\"https:\/\/textinova.lu\/wp-content\/uploads\/2020\/06\/imagesitem9136616498489209766MSPMS25-ORANGE_1.jpg\",\"contentUrl\":\"https:\/\/textinova.lu\/wp-content\/uploads\/2020\/06\/imagesitem9136616498489209766MSPMS25-ORANGE_1.jpg\",\"width\":1000,\"height\":1000},{\"@type\":\"BreadcrumbList\",\"@id\":\"https:\/\/textinova.lu\/boutique\/accessoires-100-naturel\/porte-monnaies-doria-en-liege\/#breadcrumb\",\"itemListElement\":[{\"@type\":\"ListItem\",\"position\":1,\"name\":\"Accueil\",\"item\":\"https:\/\/textinova.lu\/en\/\"},{\"@type\":\"ListItem\",\"position\":2,\"name\":\"Shop\",\"item\":\"https:\/\/textinova.lu\/en\/boutique\/\"},{\"@type\":\"ListItem\",\"position\":3,\"name\":\"Coin purse made of cork fabric\"}]},{\"@type\":\"WebSite\",\"@id\":\"https:\/\/textinova.lu\/#website\",\"url\":\"https:\/\/textinova.lu\/\",\"name\":\"Textinova\",\"description\":\"Cr\u00e9ations Artisanales en Li\u00e8ge 100% Naturel\",\"publisher\":{\"@id\":\"https:\/\/textinova.lu\/#organization\"},\"potentialAction\":[{\"@type\":\"SearchAction\",\"target\":{\"@type\":\"EntryPoint\",\"urlTemplate\":\"https:\/\/textinova.lu\/?s={search_term_string}\"},\"query-input\":{\"@type\":\"PropertyValueSpecification\",\"valueRequired\":true,\"valueName\":\"search_term_string\"}}],\"inLanguage\":\"en-US\"},{\"@type\":\"Organization\",\"@id\":\"https:\/\/textinova.lu\/#organization\",\"name\":\"Textinova\",\"url\":\"https:\/\/textinova.lu\/\",\"logo\":{\"@type\":\"ImageObject\",\"inLanguage\":\"en-US\",\"@id\":\"https:\/\/textinova.lu\/#\/schema\/logo\/image\/\",\"url\":\"https:\/\/textinova.lu\/wp-content\/uploads\/2023\/05\/logo-textinova-cork-luxdesign.-2015jpg.jpg\",\"contentUrl\":\"https:\/\/textinova.lu\/wp-content\/uploads\/2023\/05\/logo-textinova-cork-luxdesign.-2015jpg.jpg\",\"width\":300,\"height\":190,\"caption\":\"Textinova\"},\"image\":{\"@id\":\"https:\/\/textinova.lu\/#\/schema\/logo\/image\/\"},\"sameAs\":[\"https:\/\/www.youtube.com\/channel\/UC-re5faHketDuAZHsyjnxFw\"]}]}<\/script>\n<!-- \/ Yoast SEO plugin. -->","yoast_head_json":{"title":"Coin purse made of cork fabric - Design Textinova - Articles en Li\u00e8ge -Cr\u00e9ateur sacs en Li\u00e8ge,Bijouterie en Li\u00e8ge,accesoires en Li\u00e8ge","robots":{"index":"index","follow":"follow","max-snippet":"max-snippet:-1","max-image-preview":"max-image-preview:large","max-video-preview":"max-video-preview:-1"},"canonical":"https:\/\/textinova.lu\/boutique\/accessoires-100-naturel\/porte-monnaies-doria-en-liege\/","og_locale":"en_US","og_type":"article","og_title":"Coin purse made of cork fabric - Design Textinova - Articles en Li\u00e8ge -Cr\u00e9ateur sacs en Li\u00e8ge,Bijouterie en Li\u00e8ge,accesoires en Li\u00e8ge","og_description":"COLLECTION FUNCHAL","og_url":"https:\/\/textinova.lu\/boutique\/accessoires-100-naturel\/porte-monnaies-doria-en-liege\/","og_site_name":"Design Textinova - Articles en Li\u00e8ge -Cr\u00e9ateur sacs en Li\u00e8ge,Bijouterie en Li\u00e8ge,accesoires en Li\u00e8ge","article_modified_time":"2022-07-22T16:04:43+00:00","og_image":[{"width":1000,"height":1000,"url":"https:\/\/textinova.lu\/wp-content\/uploads\/2020\/06\/imagesitem9136616498489209766MSPMS25-ORANGE_1.jpg","type":"image\/jpeg"}],"twitter_card":"summary_large_image","schema":{"@context":"https:\/\/schema.org","@graph":[{"@type":"WebPage","@id":"https:\/\/textinova.lu\/boutique\/accessoires-100-naturel\/porte-monnaies-doria-en-liege\/","url":"https:\/\/textinova.lu\/boutique\/accessoires-100-naturel\/porte-monnaies-doria-en-liege\/","name":"Coin purse made of cork fabric - Design Textinova - Articles en Li\u00e8ge -Cr\u00e9ateur sacs en Li\u00e8ge,Bijouterie en Li\u00e8ge,accesoires en Li\u00e8ge","isPartOf":{"@id":"https:\/\/textinova.lu\/#website"},"primaryImageOfPage":{"@id":"https:\/\/textinova.lu\/boutique\/accessoires-100-naturel\/porte-monnaies-doria-en-liege\/#primaryimage"},"image":{"@id":"https:\/\/textinova.lu\/boutique\/accessoires-100-naturel\/porte-monnaies-doria-en-liege\/#primaryimage"},"thumbnailUrl":"https:\/\/textinova.lu\/wp-content\/uploads\/2020\/06\/imagesitem9136616498489209766MSPMS25-ORANGE_1.jpg","datePublished":"2020-06-24T14:10:50+00:00","dateModified":"2022-07-22T16:04:43+00:00","breadcrumb":{"@id":"https:\/\/textinova.lu\/boutique\/accessoires-100-naturel\/porte-monnaies-doria-en-liege\/#breadcrumb"},"inLanguage":"en-US","potentialAction":[{"@type":"ReadAction","target":["https:\/\/textinova.lu\/boutique\/accessoires-100-naturel\/porte-monnaies-doria-en-liege\/"]}]},{"@type":"ImageObject","inLanguage":"en-US","@id":"https:\/\/textinova.lu\/boutique\/accessoires-100-naturel\/porte-monnaies-doria-en-liege\/#primaryimage","url":"https:\/\/textinova.lu\/wp-content\/uploads\/2020\/06\/imagesitem9136616498489209766MSPMS25-ORANGE_1.jpg","contentUrl":"https:\/\/textinova.lu\/wp-content\/uploads\/2020\/06\/imagesitem9136616498489209766MSPMS25-ORANGE_1.jpg","width":1000,"height":1000},{"@type":"BreadcrumbList","@id":"https:\/\/textinova.lu\/boutique\/accessoires-100-naturel\/porte-monnaies-doria-en-liege\/#breadcrumb","itemListElement":[{"@type":"ListItem","position":1,"name":"Accueil","item":"https:\/\/textinova.lu\/en\/"},{"@type":"ListItem","position":2,"name":"Shop","item":"https:\/\/textinova.lu\/en\/boutique\/"},{"@type":"ListItem","position":3,"name":"Coin purse made of cork fabric"}]},{"@type":"WebSite","@id":"https:\/\/textinova.lu\/#website","url":"https:\/\/textinova.lu\/","name":"Textinova","description":"Cr\u00e9ations Artisanales en Li\u00e8ge 100% Naturel","publisher":{"@id":"https:\/\/textinova.lu\/#organization"},"potentialAction":[{"@type":"SearchAction","target":{"@type":"EntryPoint","urlTemplate":"https:\/\/textinova.lu\/?s={search_term_string}"},"query-input":{"@type":"PropertyValueSpecification","valueRequired":true,"valueName":"search_term_string"}}],"inLanguage":"en-US"},{"@type":"Organization","@id":"https:\/\/textinova.lu\/#organization","name":"Textinova","url":"https:\/\/textinova.lu\/","logo":{"@type":"ImageObject","inLanguage":"en-US","@id":"https:\/\/textinova.lu\/#\/schema\/logo\/image\/","url":"https:\/\/textinova.lu\/wp-content\/uploads\/2023\/05\/logo-textinova-cork-luxdesign.-2015jpg.jpg","contentUrl":"https:\/\/textinova.lu\/wp-content\/uploads\/2023\/05\/logo-textinova-cork-luxdesign.-2015jpg.jpg","width":300,"height":190,"caption":"Textinova"},"image":{"@id":"https:\/\/textinova.lu\/#\/schema\/logo\/image\/"},"sameAs":["https:\/\/www.youtube.com\/channel\/UC-re5faHketDuAZHsyjnxFw"]}]}},"_links":{"self":[{"href":"https:\/\/textinova.lu\/en\/wp-json\/wp\/v2\/product\/14614","targetHints":{"allow":["GET"]}}],"collection":[{"href":"https:\/\/textinova.lu\/en\/wp-json\/wp\/v2\/product"}],"about":[{"href":"https:\/\/textinova.lu\/en\/wp-json\/wp\/v2\/types\/product"}],"replies":[{"embeddable":true,"href":"https:\/\/textinova.lu\/en\/wp-json\/wp\/v2\/comments?post=14614"}],"wp:featuredmedia":[{"embeddable":true,"href":"https:\/\/textinova.lu\/en\/wp-json\/wp\/v2\/media\/18695"}],"wp:attachment":[{"href":"https:\/\/textinova.lu\/en\/wp-json\/wp\/v2\/media?parent=14614"}],"wp:term":[{"taxonomy":"product_brand","embeddable":true,"href":"https:\/\/textinova.lu\/en\/wp-json\/wp\/v2\/product_brand?post=14614"},{"taxonomy":"product_cat","embeddable":true,"href":"https:\/\/textinova.lu\/en\/wp-json\/wp\/v2\/product_cat?post=14614"},{"taxonomy":"product_tag","embeddable":true,"href":"https:\/\/textinova.lu\/en\/wp-json\/wp\/v2\/product_tag?post=14614"}],"curies":[{"name":"wp","href":"https:\/\/api.w.org\/{rel}","templated":true}]}}