{"id":14665,"date":"2020-07-09T21:52:07","date_gmt":"2020-07-09T19:58:55","guid":{"rendered":"https:\/\/textinova.lu\/?post_type=product&#038;p=14665"},"modified":"2023-07-07T17:01:00","modified_gmt":"2023-07-07T15:01:00","slug":"veka-neocork-slip-on-sneaker","status":"publish","type":"product","link":"https:\/\/textinova.lu\/en\/boutique\/cork-shoes\/veka-neocork-slip-on-sneaker\/","title":{"rendered":"Veka NeoCork \u2013 Slip on sneaker"},"content":{"rendered":"<p><strong><img loading=\"lazy\" decoding=\"async\" class=\"alignnone size-full wp-image-15708\" src=\"https:\/\/textinova.lu\/wp-content\/uploads\/2021\/01\/MADE-IN-PORTUGAL-PETIT-1.jpg\" alt=\"\" width=\"150\" height=\"153\" \/><img loading=\"lazy\" decoding=\"async\" class=\"alignnone size-full wp-image-15705\" src=\"https:\/\/textinova.lu\/wp-content\/uploads\/2020\/03\/eco-friendly.jpg\" alt=\"\" width=\"150\" height=\"143\" \/><\/strong><\/p>\n<h2 dir=\"auto\" style=\"text-align: start;\"><strong><span class=\"pq6dq46d tbxw36s4 knj5qynh kvgmc6g5 ditlmg2l oygrvhab nvdbi5me sf5mxxl7 gl3lb2sf hhz5lgdu\"><img loading=\"lazy\" decoding=\"async\" src=\"https:\/\/static.xx.fbcdn.net\/images\/emoji.php\/v9\/t6b\/1\/16\/1f333.png\" alt=\"?\" width=\"16\" height=\"16\" \/><\/span> vegan shoes<\/strong><\/h2>\n<h1><\/h1>\n<p>Women&#8217;s vegan slip on sneaker made with natural cork and recycled neoprene in black color.<\/p>\n<p>Do not use polish cream.<\/p>\n<p>Sizing: Regular shape, please choose your usual size.<\/p>\n<p>If you are a half size, please order up.<\/p>\n<p>For more details see the Size Guide.<\/p>\n<p>Upper: Natural cork and recycled neoprene, both fresh and water resistant materials.<\/p>\n<p>Lining: Breathable and anti-allergy microfiber. Ecological, CO2 free manufacturing system.<\/p>\n<p>Insole: Paperboard agglomerate, microfiber linned. Footbed not removable.<\/p>\n<p>Outsole: Rubber, 4 cm\/1.5 in back and 2,5 cm\/0.9 in, in front.<\/p>\n<p>&nbsp;<\/p>\n<h4>Availables sizes 36-40-41<strong><br \/>\n<\/strong><\/h4>\n<p><span id=\"result_box\" class=\"\" lang=\"en\"><span class=\"\">Possibility of ordering another size.<\/span> <span class=\"\">Delivery time 10 days<\/span><\/span><\/p>\n<p><strong>Cleaning: Waterproof, washable with soap and water<\/strong><\/p>\n<p><span style=\"color: #008000;\">A stylish, ecological and original fashion choice.<\/span><br \/>\n<span style=\"color: #008000;\">100% natural, recyclable and biodegradable.<\/span><br \/>\n<span style=\"color: #008000;\">Cork \u2013 Nature to wear<\/span><br \/>\n<span style=\"color: #008000;\">Think Nature \u2013 Think Bio \u2013 Think Cork<\/span><\/p>\n","protected":false},"excerpt":{"rendered":"<p><strong>VEGAN SHOES &#8211; MADE IN PORTUGAL<\/strong><\/p>\n<h2><span style=\"color: #ff0000;\">\u00a0<\/span><\/h2>\n","protected":false},"featured_media":14660,"comment_status":"closed","ping_status":"closed","template":"","meta":[],"product_brand":[],"product_cat":[225],"product_tag":[],"class_list":{"0":"post-14665","1":"product","2":"type-product","3":"status-publish","4":"has-post-thumbnail","6":"product_cat-cork-shoes","8":"first","9":"instock","10":"sale","11":"taxable","12":"shipping-taxable","13":"purchasable","14":"product-type-simple"},"yoast_head":"<!-- This site is optimized with the Yoast SEO plugin v25.5 - https:\/\/yoast.com\/wordpress\/plugins\/seo\/ -->\n<title>Veka NeoCork \u2013 Slip on sneaker - Design Textinova - Articles en Li\u00e8ge -Cr\u00e9ateur sacs en Li\u00e8ge,Bijouterie en Li\u00e8ge,accesoires en Li\u00e8ge<\/title>\n<meta name=\"robots\" content=\"index, follow, max-snippet:-1, max-image-preview:large, max-video-preview:-1\" \/>\n<link rel=\"canonical\" href=\"https:\/\/textinova.lu\/boutique\/chaussures\/veka-neocork-chaussure-sneake\/\" \/>\n<meta property=\"og:locale\" content=\"en_US\" \/>\n<meta property=\"og:type\" content=\"article\" \/>\n<meta property=\"og:title\" content=\"Veka NeoCork \u2013 Slip on sneaker - Design Textinova - Articles en Li\u00e8ge -Cr\u00e9ateur sacs en Li\u00e8ge,Bijouterie en Li\u00e8ge,accesoires en Li\u00e8ge\" \/>\n<meta property=\"og:description\" content=\"VEGAN SHOES - MADE IN PORTUGAL \u00a0\" \/>\n<meta property=\"og:url\" content=\"https:\/\/textinova.lu\/boutique\/chaussures\/veka-neocork-chaussure-sneake\/\" \/>\n<meta property=\"og:site_name\" content=\"Design Textinova - Articles en Li\u00e8ge -Cr\u00e9ateur sacs en Li\u00e8ge,Bijouterie en Li\u00e8ge,accesoires en Li\u00e8ge\" \/>\n<meta property=\"article:modified_time\" content=\"2023-07-07T15:01:00+00:00\" \/>\n<meta property=\"og:image\" content=\"https:\/\/textinova.lu\/wp-content\/uploads\/2020\/07\/107504098_3605368106144669_8892827222633046856_n.jpg\" \/>\n\t<meta property=\"og:image:width\" content=\"720\" \/>\n\t<meta property=\"og:image:height\" content=\"960\" \/>\n\t<meta property=\"og:image:type\" content=\"image\/jpeg\" \/>\n<meta name=\"twitter:card\" content=\"summary_large_image\" \/>\n<meta name=\"twitter:label1\" content=\"Est. reading time\" \/>\n\t<meta name=\"twitter:data1\" content=\"1 minute\" \/>\n<script type=\"application\/ld+json\" class=\"yoast-schema-graph\">{\"@context\":\"https:\/\/schema.org\",\"@graph\":[{\"@type\":\"WebPage\",\"@id\":\"https:\/\/textinova.lu\/boutique\/chaussures\/veka-neocork-chaussure-sneake\/\",\"url\":\"https:\/\/textinova.lu\/boutique\/chaussures\/veka-neocork-chaussure-sneake\/\",\"name\":\"Veka NeoCork \u2013 Slip on sneaker - Design Textinova - Articles en Li\u00e8ge -Cr\u00e9ateur sacs en Li\u00e8ge,Bijouterie en Li\u00e8ge,accesoires en Li\u00e8ge\",\"isPartOf\":{\"@id\":\"https:\/\/textinova.lu\/#website\"},\"primaryImageOfPage\":{\"@id\":\"https:\/\/textinova.lu\/boutique\/chaussures\/veka-neocork-chaussure-sneake\/#primaryimage\"},\"image\":{\"@id\":\"https:\/\/textinova.lu\/boutique\/chaussures\/veka-neocork-chaussure-sneake\/#primaryimage\"},\"thumbnailUrl\":\"https:\/\/textinova.lu\/wp-content\/uploads\/2020\/07\/107504098_3605368106144669_8892827222633046856_n.jpg\",\"datePublished\":\"2020-07-09T19:58:55+00:00\",\"dateModified\":\"2023-07-07T15:01:00+00:00\",\"breadcrumb\":{\"@id\":\"https:\/\/textinova.lu\/boutique\/chaussures\/veka-neocork-chaussure-sneake\/#breadcrumb\"},\"inLanguage\":\"en-US\",\"potentialAction\":[{\"@type\":\"ReadAction\",\"target\":[\"https:\/\/textinova.lu\/boutique\/chaussures\/veka-neocork-chaussure-sneake\/\"]}]},{\"@type\":\"ImageObject\",\"inLanguage\":\"en-US\",\"@id\":\"https:\/\/textinova.lu\/boutique\/chaussures\/veka-neocork-chaussure-sneake\/#primaryimage\",\"url\":\"https:\/\/textinova.lu\/wp-content\/uploads\/2020\/07\/107504098_3605368106144669_8892827222633046856_n.jpg\",\"contentUrl\":\"https:\/\/textinova.lu\/wp-content\/uploads\/2020\/07\/107504098_3605368106144669_8892827222633046856_n.jpg\",\"width\":720,\"height\":960},{\"@type\":\"BreadcrumbList\",\"@id\":\"https:\/\/textinova.lu\/boutique\/chaussures\/veka-neocork-chaussure-sneake\/#breadcrumb\",\"itemListElement\":[{\"@type\":\"ListItem\",\"position\":1,\"name\":\"Accueil\",\"item\":\"https:\/\/textinova.lu\/en\/\"},{\"@type\":\"ListItem\",\"position\":2,\"name\":\"Shop\",\"item\":\"https:\/\/textinova.lu\/en\/boutique\/\"},{\"@type\":\"ListItem\",\"position\":3,\"name\":\"Veka NeoCork \u2013 Slip on sneaker\"}]},{\"@type\":\"WebSite\",\"@id\":\"https:\/\/textinova.lu\/#website\",\"url\":\"https:\/\/textinova.lu\/\",\"name\":\"Textinova\",\"description\":\"Cr\u00e9ations Artisanales en Li\u00e8ge 100% Naturel\",\"publisher\":{\"@id\":\"https:\/\/textinova.lu\/#organization\"},\"potentialAction\":[{\"@type\":\"SearchAction\",\"target\":{\"@type\":\"EntryPoint\",\"urlTemplate\":\"https:\/\/textinova.lu\/?s={search_term_string}\"},\"query-input\":{\"@type\":\"PropertyValueSpecification\",\"valueRequired\":true,\"valueName\":\"search_term_string\"}}],\"inLanguage\":\"en-US\"},{\"@type\":\"Organization\",\"@id\":\"https:\/\/textinova.lu\/#organization\",\"name\":\"Textinova\",\"url\":\"https:\/\/textinova.lu\/\",\"logo\":{\"@type\":\"ImageObject\",\"inLanguage\":\"en-US\",\"@id\":\"https:\/\/textinova.lu\/#\/schema\/logo\/image\/\",\"url\":\"https:\/\/textinova.lu\/wp-content\/uploads\/2023\/05\/logo-textinova-cork-luxdesign.-2015jpg.jpg\",\"contentUrl\":\"https:\/\/textinova.lu\/wp-content\/uploads\/2023\/05\/logo-textinova-cork-luxdesign.-2015jpg.jpg\",\"width\":300,\"height\":190,\"caption\":\"Textinova\"},\"image\":{\"@id\":\"https:\/\/textinova.lu\/#\/schema\/logo\/image\/\"},\"sameAs\":[\"https:\/\/www.youtube.com\/channel\/UC-re5faHketDuAZHsyjnxFw\"]}]}<\/script>\n<!-- \/ Yoast SEO plugin. -->","yoast_head_json":{"title":"Veka NeoCork \u2013 Slip on sneaker - Design Textinova - Articles en Li\u00e8ge -Cr\u00e9ateur sacs en Li\u00e8ge,Bijouterie en Li\u00e8ge,accesoires en Li\u00e8ge","robots":{"index":"index","follow":"follow","max-snippet":"max-snippet:-1","max-image-preview":"max-image-preview:large","max-video-preview":"max-video-preview:-1"},"canonical":"https:\/\/textinova.lu\/boutique\/chaussures\/veka-neocork-chaussure-sneake\/","og_locale":"en_US","og_type":"article","og_title":"Veka NeoCork \u2013 Slip on sneaker - Design Textinova - Articles en Li\u00e8ge -Cr\u00e9ateur sacs en Li\u00e8ge,Bijouterie en Li\u00e8ge,accesoires en Li\u00e8ge","og_description":"VEGAN SHOES - MADE IN PORTUGAL \u00a0","og_url":"https:\/\/textinova.lu\/boutique\/chaussures\/veka-neocork-chaussure-sneake\/","og_site_name":"Design Textinova - Articles en Li\u00e8ge -Cr\u00e9ateur sacs en Li\u00e8ge,Bijouterie en Li\u00e8ge,accesoires en Li\u00e8ge","article_modified_time":"2023-07-07T15:01:00+00:00","og_image":[{"width":720,"height":960,"url":"https:\/\/textinova.lu\/wp-content\/uploads\/2020\/07\/107504098_3605368106144669_8892827222633046856_n.jpg","type":"image\/jpeg"}],"twitter_card":"summary_large_image","twitter_misc":{"Est. reading time":"1 minute"},"schema":{"@context":"https:\/\/schema.org","@graph":[{"@type":"WebPage","@id":"https:\/\/textinova.lu\/boutique\/chaussures\/veka-neocork-chaussure-sneake\/","url":"https:\/\/textinova.lu\/boutique\/chaussures\/veka-neocork-chaussure-sneake\/","name":"Veka NeoCork \u2013 Slip on sneaker - Design Textinova - Articles en Li\u00e8ge -Cr\u00e9ateur sacs en Li\u00e8ge,Bijouterie en Li\u00e8ge,accesoires en Li\u00e8ge","isPartOf":{"@id":"https:\/\/textinova.lu\/#website"},"primaryImageOfPage":{"@id":"https:\/\/textinova.lu\/boutique\/chaussures\/veka-neocork-chaussure-sneake\/#primaryimage"},"image":{"@id":"https:\/\/textinova.lu\/boutique\/chaussures\/veka-neocork-chaussure-sneake\/#primaryimage"},"thumbnailUrl":"https:\/\/textinova.lu\/wp-content\/uploads\/2020\/07\/107504098_3605368106144669_8892827222633046856_n.jpg","datePublished":"2020-07-09T19:58:55+00:00","dateModified":"2023-07-07T15:01:00+00:00","breadcrumb":{"@id":"https:\/\/textinova.lu\/boutique\/chaussures\/veka-neocork-chaussure-sneake\/#breadcrumb"},"inLanguage":"en-US","potentialAction":[{"@type":"ReadAction","target":["https:\/\/textinova.lu\/boutique\/chaussures\/veka-neocork-chaussure-sneake\/"]}]},{"@type":"ImageObject","inLanguage":"en-US","@id":"https:\/\/textinova.lu\/boutique\/chaussures\/veka-neocork-chaussure-sneake\/#primaryimage","url":"https:\/\/textinova.lu\/wp-content\/uploads\/2020\/07\/107504098_3605368106144669_8892827222633046856_n.jpg","contentUrl":"https:\/\/textinova.lu\/wp-content\/uploads\/2020\/07\/107504098_3605368106144669_8892827222633046856_n.jpg","width":720,"height":960},{"@type":"BreadcrumbList","@id":"https:\/\/textinova.lu\/boutique\/chaussures\/veka-neocork-chaussure-sneake\/#breadcrumb","itemListElement":[{"@type":"ListItem","position":1,"name":"Accueil","item":"https:\/\/textinova.lu\/en\/"},{"@type":"ListItem","position":2,"name":"Shop","item":"https:\/\/textinova.lu\/en\/boutique\/"},{"@type":"ListItem","position":3,"name":"Veka NeoCork \u2013 Slip on sneaker"}]},{"@type":"WebSite","@id":"https:\/\/textinova.lu\/#website","url":"https:\/\/textinova.lu\/","name":"Textinova","description":"Cr\u00e9ations Artisanales en Li\u00e8ge 100% Naturel","publisher":{"@id":"https:\/\/textinova.lu\/#organization"},"potentialAction":[{"@type":"SearchAction","target":{"@type":"EntryPoint","urlTemplate":"https:\/\/textinova.lu\/?s={search_term_string}"},"query-input":{"@type":"PropertyValueSpecification","valueRequired":true,"valueName":"search_term_string"}}],"inLanguage":"en-US"},{"@type":"Organization","@id":"https:\/\/textinova.lu\/#organization","name":"Textinova","url":"https:\/\/textinova.lu\/","logo":{"@type":"ImageObject","inLanguage":"en-US","@id":"https:\/\/textinova.lu\/#\/schema\/logo\/image\/","url":"https:\/\/textinova.lu\/wp-content\/uploads\/2023\/05\/logo-textinova-cork-luxdesign.-2015jpg.jpg","contentUrl":"https:\/\/textinova.lu\/wp-content\/uploads\/2023\/05\/logo-textinova-cork-luxdesign.-2015jpg.jpg","width":300,"height":190,"caption":"Textinova"},"image":{"@id":"https:\/\/textinova.lu\/#\/schema\/logo\/image\/"},"sameAs":["https:\/\/www.youtube.com\/channel\/UC-re5faHketDuAZHsyjnxFw"]}]}},"_links":{"self":[{"href":"https:\/\/textinova.lu\/en\/wp-json\/wp\/v2\/product\/14665","targetHints":{"allow":["GET"]}}],"collection":[{"href":"https:\/\/textinova.lu\/en\/wp-json\/wp\/v2\/product"}],"about":[{"href":"https:\/\/textinova.lu\/en\/wp-json\/wp\/v2\/types\/product"}],"replies":[{"embeddable":true,"href":"https:\/\/textinova.lu\/en\/wp-json\/wp\/v2\/comments?post=14665"}],"wp:featuredmedia":[{"embeddable":true,"href":"https:\/\/textinova.lu\/en\/wp-json\/wp\/v2\/media\/14660"}],"wp:attachment":[{"href":"https:\/\/textinova.lu\/en\/wp-json\/wp\/v2\/media?parent=14665"}],"wp:term":[{"taxonomy":"product_brand","embeddable":true,"href":"https:\/\/textinova.lu\/en\/wp-json\/wp\/v2\/product_brand?post=14665"},{"taxonomy":"product_cat","embeddable":true,"href":"https:\/\/textinova.lu\/en\/wp-json\/wp\/v2\/product_cat?post=14665"},{"taxonomy":"product_tag","embeddable":true,"href":"https:\/\/textinova.lu\/en\/wp-json\/wp\/v2\/product_tag?post=14665"}],"curies":[{"name":"wp","href":"https:\/\/api.w.org\/{rel}","templated":true}]}}