{"id":14717,"date":"2020-07-20T11:58:53","date_gmt":"2020-07-20T10:03:23","guid":{"rendered":"https:\/\/textinova.lu\/?post_type=product&#038;p=14717"},"modified":"2023-07-14T10:46:25","modified_gmt":"2023-07-14T08:46:25","slug":"cork-backpack-veneza-pattern","status":"publish","type":"product","link":"https:\/\/textinova.lu\/en\/boutique\/bags\/cork-backpack-veneza-pattern\/","title":{"rendered":"Cork backpack, Veneza pattern"},"content":{"rendered":"<p><strong><img loading=\"lazy\" decoding=\"async\" class=\"alignnone size-full wp-image-15708\" src=\"https:\/\/textinova.lu\/wp-content\/uploads\/2021\/01\/MADE-IN-PORTUGAL-PETIT-1.jpg\" alt=\"\" width=\"150\" height=\"153\" \/> <img loading=\"lazy\" decoding=\"async\" class=\"alignnone size-full wp-image-15705\" src=\"https:\/\/textinova.lu\/wp-content\/uploads\/2020\/03\/eco-friendly.jpg\" alt=\"\" width=\"150\" height=\"143\" \/><\/strong><\/p>\n<p>Large cork backpack, exclusive texture with golden shades.<\/p>\n<p>Inside two pockets<\/p>\n<p>Side pocket with zip,<\/p>\n<p>Large pocket for mobile phone and other accessories.<\/p>\n<p>Accordion closure with cork lace,<\/p>\n<p>Flap that closes with magnetic pressure<\/p>\n<p><span style=\"color: #000000;\"><strong>Size 26,5 x 36 x20cm<\/strong><\/span><\/p>\n<p><strong>Available\u00a0 Lisboa pattern<\/strong><\/p>\n<p><span style=\"color: #008000;\"><strong>Vegan Product<\/strong><\/span><\/p>\n<p><strong>Cleaning:<\/strong><br \/>\nAll our items are easy to clean with natural soap and water.<br \/>\nTake a sponge, and clean the dirty part, with a damp cloth remove any excess soap, and let it dry naturally.<\/p>\n<p><strong>We certify &#8211; All our cork articles are of Portuguese origin.<\/strong><\/p>\n<p><span style=\"color: #008000;\">A chic, ecological, original trend.<\/span><br \/>\n<span style=\"color: #008000;\">100% Natural, recyclable and biodegradable.<\/span><br \/>\n<span style=\"color: #008000;\">Li\u00e8ge, nature at your fingertips.<\/span><\/p>\n<p>&nbsp;<\/p>\n","protected":false},"excerpt":{"rendered":"<p><strong>Prestige Collection 2023<\/strong><\/p>\n","protected":false},"featured_media":21441,"comment_status":"closed","ping_status":"closed","template":"","meta":[],"product_brand":[],"product_cat":[204],"product_tag":[],"class_list":{"0":"post-14717","1":"product","2":"type-product","3":"status-publish","4":"has-post-thumbnail","6":"product_cat-bags","8":"first","9":"instock","10":"taxable","11":"shipping-taxable","12":"purchasable","13":"product-type-simple"},"yoast_head":"<!-- This site is optimized with the Yoast SEO plugin v25.5 - https:\/\/yoast.com\/wordpress\/plugins\/seo\/ -->\n<title>Cork backpack, Veneza pattern - Design Textinova - Articles en Li\u00e8ge -Cr\u00e9ateur sacs en Li\u00e8ge,Bijouterie en Li\u00e8ge,accesoires en Li\u00e8ge<\/title>\n<meta name=\"robots\" content=\"index, follow, max-snippet:-1, max-image-preview:large, max-video-preview:-1\" \/>\n<link rel=\"canonical\" href=\"https:\/\/textinova.lu\/boutique\/sac-a-main-en-liege\/sac-a-dos-en-liege-texture-veneza\/\" \/>\n<meta property=\"og:locale\" content=\"en_US\" \/>\n<meta property=\"og:type\" content=\"article\" \/>\n<meta property=\"og:title\" content=\"Cork backpack, Veneza pattern - Design Textinova - Articles en Li\u00e8ge -Cr\u00e9ateur sacs en Li\u00e8ge,Bijouterie en Li\u00e8ge,accesoires en Li\u00e8ge\" \/>\n<meta property=\"og:description\" content=\"Prestige Collection 2023\" \/>\n<meta property=\"og:url\" content=\"https:\/\/textinova.lu\/boutique\/sac-a-main-en-liege\/sac-a-dos-en-liege-texture-veneza\/\" \/>\n<meta property=\"og:site_name\" content=\"Design Textinova - Articles en Li\u00e8ge -Cr\u00e9ateur sacs en Li\u00e8ge,Bijouterie en Li\u00e8ge,accesoires en Li\u00e8ge\" \/>\n<meta property=\"article:modified_time\" content=\"2023-07-14T08:46:25+00:00\" \/>\n<meta property=\"og:image\" content=\"https:\/\/textinova.lu\/wp-content\/uploads\/2020\/07\/GRAND-SAC-A-DOS-DORE.jpg\" \/>\n\t<meta property=\"og:image:width\" content=\"1000\" \/>\n\t<meta property=\"og:image:height\" content=\"1333\" \/>\n\t<meta property=\"og:image:type\" content=\"image\/jpeg\" \/>\n<meta name=\"twitter:card\" content=\"summary_large_image\" \/>\n<meta name=\"twitter:label1\" content=\"Est. reading time\" \/>\n\t<meta name=\"twitter:data1\" content=\"1 minute\" \/>\n<script type=\"application\/ld+json\" class=\"yoast-schema-graph\">{\"@context\":\"https:\/\/schema.org\",\"@graph\":[{\"@type\":\"WebPage\",\"@id\":\"https:\/\/textinova.lu\/boutique\/sac-a-main-en-liege\/sac-a-dos-en-liege-texture-veneza\/\",\"url\":\"https:\/\/textinova.lu\/boutique\/sac-a-main-en-liege\/sac-a-dos-en-liege-texture-veneza\/\",\"name\":\"Cork backpack, Veneza pattern - Design Textinova - Articles en Li\u00e8ge -Cr\u00e9ateur sacs en Li\u00e8ge,Bijouterie en Li\u00e8ge,accesoires en Li\u00e8ge\",\"isPartOf\":{\"@id\":\"https:\/\/textinova.lu\/#website\"},\"primaryImageOfPage\":{\"@id\":\"https:\/\/textinova.lu\/boutique\/sac-a-main-en-liege\/sac-a-dos-en-liege-texture-veneza\/#primaryimage\"},\"image\":{\"@id\":\"https:\/\/textinova.lu\/boutique\/sac-a-main-en-liege\/sac-a-dos-en-liege-texture-veneza\/#primaryimage\"},\"thumbnailUrl\":\"https:\/\/textinova.lu\/wp-content\/uploads\/2020\/07\/sac-a-dos.jpg\",\"datePublished\":\"2020-07-20T10:03:23+00:00\",\"dateModified\":\"2023-07-14T08:46:25+00:00\",\"breadcrumb\":{\"@id\":\"https:\/\/textinova.lu\/boutique\/sac-a-main-en-liege\/sac-a-dos-en-liege-texture-veneza\/#breadcrumb\"},\"inLanguage\":\"en-US\",\"potentialAction\":[{\"@type\":\"ReadAction\",\"target\":[\"https:\/\/textinova.lu\/boutique\/sac-a-main-en-liege\/sac-a-dos-en-liege-texture-veneza\/\"]}]},{\"@type\":\"ImageObject\",\"inLanguage\":\"en-US\",\"@id\":\"https:\/\/textinova.lu\/boutique\/sac-a-main-en-liege\/sac-a-dos-en-liege-texture-veneza\/#primaryimage\",\"url\":\"https:\/\/textinova.lu\/wp-content\/uploads\/2020\/07\/sac-a-dos.jpg\",\"contentUrl\":\"https:\/\/textinova.lu\/wp-content\/uploads\/2020\/07\/sac-a-dos.jpg\",\"width\":406,\"height\":640},{\"@type\":\"BreadcrumbList\",\"@id\":\"https:\/\/textinova.lu\/boutique\/sac-a-main-en-liege\/sac-a-dos-en-liege-texture-veneza\/#breadcrumb\",\"itemListElement\":[{\"@type\":\"ListItem\",\"position\":1,\"name\":\"Accueil\",\"item\":\"https:\/\/textinova.lu\/en\/\"},{\"@type\":\"ListItem\",\"position\":2,\"name\":\"Shop\",\"item\":\"https:\/\/textinova.lu\/en\/boutique\/\"},{\"@type\":\"ListItem\",\"position\":3,\"name\":\"Cork backpack, Veneza pattern\"}]},{\"@type\":\"WebSite\",\"@id\":\"https:\/\/textinova.lu\/#website\",\"url\":\"https:\/\/textinova.lu\/\",\"name\":\"Textinova\",\"description\":\"Cr\u00e9ations Artisanales en Li\u00e8ge 100% Naturel\",\"publisher\":{\"@id\":\"https:\/\/textinova.lu\/#organization\"},\"potentialAction\":[{\"@type\":\"SearchAction\",\"target\":{\"@type\":\"EntryPoint\",\"urlTemplate\":\"https:\/\/textinova.lu\/?s={search_term_string}\"},\"query-input\":{\"@type\":\"PropertyValueSpecification\",\"valueRequired\":true,\"valueName\":\"search_term_string\"}}],\"inLanguage\":\"en-US\"},{\"@type\":\"Organization\",\"@id\":\"https:\/\/textinova.lu\/#organization\",\"name\":\"Textinova\",\"url\":\"https:\/\/textinova.lu\/\",\"logo\":{\"@type\":\"ImageObject\",\"inLanguage\":\"en-US\",\"@id\":\"https:\/\/textinova.lu\/#\/schema\/logo\/image\/\",\"url\":\"https:\/\/textinova.lu\/wp-content\/uploads\/2023\/05\/logo-textinova-cork-luxdesign.-2015jpg.jpg\",\"contentUrl\":\"https:\/\/textinova.lu\/wp-content\/uploads\/2023\/05\/logo-textinova-cork-luxdesign.-2015jpg.jpg\",\"width\":300,\"height\":190,\"caption\":\"Textinova\"},\"image\":{\"@id\":\"https:\/\/textinova.lu\/#\/schema\/logo\/image\/\"},\"sameAs\":[\"https:\/\/www.youtube.com\/channel\/UC-re5faHketDuAZHsyjnxFw\"]}]}<\/script>\n<!-- \/ Yoast SEO plugin. -->","yoast_head_json":{"title":"Cork backpack, Veneza pattern - Design Textinova - Articles en Li\u00e8ge -Cr\u00e9ateur sacs en Li\u00e8ge,Bijouterie en Li\u00e8ge,accesoires en Li\u00e8ge","robots":{"index":"index","follow":"follow","max-snippet":"max-snippet:-1","max-image-preview":"max-image-preview:large","max-video-preview":"max-video-preview:-1"},"canonical":"https:\/\/textinova.lu\/boutique\/sac-a-main-en-liege\/sac-a-dos-en-liege-texture-veneza\/","og_locale":"en_US","og_type":"article","og_title":"Cork backpack, Veneza pattern - Design Textinova - Articles en Li\u00e8ge -Cr\u00e9ateur sacs en Li\u00e8ge,Bijouterie en Li\u00e8ge,accesoires en Li\u00e8ge","og_description":"Prestige Collection 2023","og_url":"https:\/\/textinova.lu\/boutique\/sac-a-main-en-liege\/sac-a-dos-en-liege-texture-veneza\/","og_site_name":"Design Textinova - Articles en Li\u00e8ge -Cr\u00e9ateur sacs en Li\u00e8ge,Bijouterie en Li\u00e8ge,accesoires en Li\u00e8ge","article_modified_time":"2023-07-14T08:46:25+00:00","og_image":[{"width":1000,"height":1333,"url":"https:\/\/textinova.lu\/wp-content\/uploads\/2020\/07\/GRAND-SAC-A-DOS-DORE.jpg","type":"image\/jpeg"}],"twitter_card":"summary_large_image","twitter_misc":{"Est. reading time":"1 minute"},"schema":{"@context":"https:\/\/schema.org","@graph":[{"@type":"WebPage","@id":"https:\/\/textinova.lu\/boutique\/sac-a-main-en-liege\/sac-a-dos-en-liege-texture-veneza\/","url":"https:\/\/textinova.lu\/boutique\/sac-a-main-en-liege\/sac-a-dos-en-liege-texture-veneza\/","name":"Cork backpack, Veneza pattern - Design Textinova - Articles en Li\u00e8ge -Cr\u00e9ateur sacs en Li\u00e8ge,Bijouterie en Li\u00e8ge,accesoires en Li\u00e8ge","isPartOf":{"@id":"https:\/\/textinova.lu\/#website"},"primaryImageOfPage":{"@id":"https:\/\/textinova.lu\/boutique\/sac-a-main-en-liege\/sac-a-dos-en-liege-texture-veneza\/#primaryimage"},"image":{"@id":"https:\/\/textinova.lu\/boutique\/sac-a-main-en-liege\/sac-a-dos-en-liege-texture-veneza\/#primaryimage"},"thumbnailUrl":"https:\/\/textinova.lu\/wp-content\/uploads\/2020\/07\/sac-a-dos.jpg","datePublished":"2020-07-20T10:03:23+00:00","dateModified":"2023-07-14T08:46:25+00:00","breadcrumb":{"@id":"https:\/\/textinova.lu\/boutique\/sac-a-main-en-liege\/sac-a-dos-en-liege-texture-veneza\/#breadcrumb"},"inLanguage":"en-US","potentialAction":[{"@type":"ReadAction","target":["https:\/\/textinova.lu\/boutique\/sac-a-main-en-liege\/sac-a-dos-en-liege-texture-veneza\/"]}]},{"@type":"ImageObject","inLanguage":"en-US","@id":"https:\/\/textinova.lu\/boutique\/sac-a-main-en-liege\/sac-a-dos-en-liege-texture-veneza\/#primaryimage","url":"https:\/\/textinova.lu\/wp-content\/uploads\/2020\/07\/sac-a-dos.jpg","contentUrl":"https:\/\/textinova.lu\/wp-content\/uploads\/2020\/07\/sac-a-dos.jpg","width":406,"height":640},{"@type":"BreadcrumbList","@id":"https:\/\/textinova.lu\/boutique\/sac-a-main-en-liege\/sac-a-dos-en-liege-texture-veneza\/#breadcrumb","itemListElement":[{"@type":"ListItem","position":1,"name":"Accueil","item":"https:\/\/textinova.lu\/en\/"},{"@type":"ListItem","position":2,"name":"Shop","item":"https:\/\/textinova.lu\/en\/boutique\/"},{"@type":"ListItem","position":3,"name":"Cork backpack, Veneza pattern"}]},{"@type":"WebSite","@id":"https:\/\/textinova.lu\/#website","url":"https:\/\/textinova.lu\/","name":"Textinova","description":"Cr\u00e9ations Artisanales en Li\u00e8ge 100% Naturel","publisher":{"@id":"https:\/\/textinova.lu\/#organization"},"potentialAction":[{"@type":"SearchAction","target":{"@type":"EntryPoint","urlTemplate":"https:\/\/textinova.lu\/?s={search_term_string}"},"query-input":{"@type":"PropertyValueSpecification","valueRequired":true,"valueName":"search_term_string"}}],"inLanguage":"en-US"},{"@type":"Organization","@id":"https:\/\/textinova.lu\/#organization","name":"Textinova","url":"https:\/\/textinova.lu\/","logo":{"@type":"ImageObject","inLanguage":"en-US","@id":"https:\/\/textinova.lu\/#\/schema\/logo\/image\/","url":"https:\/\/textinova.lu\/wp-content\/uploads\/2023\/05\/logo-textinova-cork-luxdesign.-2015jpg.jpg","contentUrl":"https:\/\/textinova.lu\/wp-content\/uploads\/2023\/05\/logo-textinova-cork-luxdesign.-2015jpg.jpg","width":300,"height":190,"caption":"Textinova"},"image":{"@id":"https:\/\/textinova.lu\/#\/schema\/logo\/image\/"},"sameAs":["https:\/\/www.youtube.com\/channel\/UC-re5faHketDuAZHsyjnxFw"]}]}},"_links":{"self":[{"href":"https:\/\/textinova.lu\/en\/wp-json\/wp\/v2\/product\/14717","targetHints":{"allow":["GET"]}}],"collection":[{"href":"https:\/\/textinova.lu\/en\/wp-json\/wp\/v2\/product"}],"about":[{"href":"https:\/\/textinova.lu\/en\/wp-json\/wp\/v2\/types\/product"}],"replies":[{"embeddable":true,"href":"https:\/\/textinova.lu\/en\/wp-json\/wp\/v2\/comments?post=14717"}],"wp:featuredmedia":[{"embeddable":true,"href":"https:\/\/textinova.lu\/en\/wp-json\/wp\/v2\/media\/21441"}],"wp:attachment":[{"href":"https:\/\/textinova.lu\/en\/wp-json\/wp\/v2\/media?parent=14717"}],"wp:term":[{"taxonomy":"product_brand","embeddable":true,"href":"https:\/\/textinova.lu\/en\/wp-json\/wp\/v2\/product_brand?post=14717"},{"taxonomy":"product_cat","embeddable":true,"href":"https:\/\/textinova.lu\/en\/wp-json\/wp\/v2\/product_cat?post=14717"},{"taxonomy":"product_tag","embeddable":true,"href":"https:\/\/textinova.lu\/en\/wp-json\/wp\/v2\/product_tag?post=14717"}],"curies":[{"name":"wp","href":"https:\/\/api.w.org\/{rel}","templated":true}]}}