{"id":14931,"date":"2020-08-15T18:56:28","date_gmt":"2020-08-15T16:58:15","guid":{"rendered":"https:\/\/textinova.lu\/?post_type=product&#038;p=14931"},"modified":"2021-01-07T15:14:20","modified_gmt":"2021-01-07T13:14:20","slug":"cork-key-ring-car-brand-printing","status":"publish","type":"product","link":"https:\/\/textinova.lu\/en\/boutique\/cork-fashion-items\/cork-key-ring-car-brand-printing\/","title":{"rendered":"Cork key ring, car brand printing"},"content":{"rendered":"<p><strong><img loading=\"lazy\" decoding=\"async\" class=\"alignnone size-full wp-image-15708\" src=\"https:\/\/textinova.lu\/wp-content\/uploads\/2021\/01\/MADE-IN-PORTUGAL-PETIT-1.jpg\" alt=\"\" width=\"150\" height=\"153\" \/> <img loading=\"lazy\" decoding=\"async\" class=\"alignnone size-full wp-image-15705\" src=\"https:\/\/textinova.lu\/wp-content\/uploads\/2020\/03\/eco-friendly.jpg\" alt=\"\" width=\"150\" height=\"143\" \/><\/strong><\/p>\n<p>Here is the cork key ring which is necessary to avoid scratching the cars.Please tell us the make of the car.<\/p>\n<p><strong>Available according to our stock<\/strong><\/p>\n<p>Cleaning<br \/>\nAll our items are easy to clean with natural soap and water.<br \/>\nTake a sponge, and clean the dirty part, with a damp cloth remove any excess soap, and let it dry naturally.<\/p>\n<p><span style=\"color: #008000;\"><strong>A trend chic, ecological, original.<\/strong><\/span><br \/>\n<span style=\"color: #008000;\"><strong>100% Natural, recyclable, and biodegradable.<\/strong><\/span><br \/>\n<span style=\"color: #008000;\"><strong>Li\u00e8ge, nature at your fingertips.<\/strong><\/span><br \/>\n<span style=\"color: #008000;\"><strong>Think Nature &#8211; Think Bio &#8211; Think Cork<\/strong><\/span><\/p>\n<p>&nbsp;<\/p>\n","protected":false},"excerpt":{"rendered":"<p>Here is the cork key ring which is necessary to avoid scratching the cars.Please tell us the make [&hellip;]<\/p>\n","protected":false},"featured_media":14928,"comment_status":"closed","ping_status":"closed","template":"","meta":[],"product_brand":[],"product_cat":[205],"product_tag":[],"class_list":{"0":"post-14931","1":"product","2":"type-product","3":"status-publish","4":"has-post-thumbnail","6":"product_cat-cork-fashion-items","8":"first","9":"outofstock","10":"taxable","11":"shipping-taxable","12":"purchasable","13":"product-type-simple"},"yoast_head":"<!-- This site is optimized with the Yoast SEO plugin v25.5 - https:\/\/yoast.com\/wordpress\/plugins\/seo\/ -->\n<title>Cork key ring, car brand printing - Design Textinova - Articles en Li\u00e8ge -Cr\u00e9ateur sacs en Li\u00e8ge,Bijouterie en Li\u00e8ge,accesoires en Li\u00e8ge<\/title>\n<meta name=\"robots\" content=\"index, follow, max-snippet:-1, max-image-preview:large, max-video-preview:-1\" \/>\n<link rel=\"canonical\" href=\"https:\/\/textinova.lu\/boutique\/accessoires-100-naturel\/porte-clefs-liege-impression-marques-voitures\/\" \/>\n<meta property=\"og:locale\" content=\"en_US\" \/>\n<meta property=\"og:type\" content=\"article\" \/>\n<meta property=\"og:title\" content=\"Cork key ring, car brand printing - Design Textinova - Articles en Li\u00e8ge -Cr\u00e9ateur sacs en Li\u00e8ge,Bijouterie en Li\u00e8ge,accesoires en Li\u00e8ge\" \/>\n<meta property=\"og:description\" content=\"Here is the cork key ring which is necessary to avoid scratching the cars.Please tell us the make [&hellip;]\" \/>\n<meta property=\"og:url\" content=\"https:\/\/textinova.lu\/boutique\/accessoires-100-naturel\/porte-clefs-liege-impression-marques-voitures\/\" \/>\n<meta property=\"og:site_name\" content=\"Design Textinova - Articles en Li\u00e8ge -Cr\u00e9ateur sacs en Li\u00e8ge,Bijouterie en Li\u00e8ge,accesoires en Li\u00e8ge\" \/>\n<meta property=\"article:modified_time\" content=\"2021-01-07T13:14:20+00:00\" \/>\n<meta property=\"og:image\" content=\"https:\/\/textinova.lu\/wp-content\/uploads\/2020\/08\/116070282_3651282294886583_9168535412245828535_n.jpg\" \/>\n\t<meta property=\"og:image:width\" content=\"960\" \/>\n\t<meta property=\"og:image:height\" content=\"720\" \/>\n\t<meta property=\"og:image:type\" content=\"image\/jpeg\" \/>\n<meta name=\"twitter:card\" content=\"summary_large_image\" \/>\n<script type=\"application\/ld+json\" class=\"yoast-schema-graph\">{\"@context\":\"https:\/\/schema.org\",\"@graph\":[{\"@type\":\"WebPage\",\"@id\":\"https:\/\/textinova.lu\/boutique\/accessoires-100-naturel\/porte-clefs-liege-impression-marques-voitures\/\",\"url\":\"https:\/\/textinova.lu\/boutique\/accessoires-100-naturel\/porte-clefs-liege-impression-marques-voitures\/\",\"name\":\"Cork key ring, car brand printing - Design Textinova - Articles en Li\u00e8ge -Cr\u00e9ateur sacs en Li\u00e8ge,Bijouterie en Li\u00e8ge,accesoires en Li\u00e8ge\",\"isPartOf\":{\"@id\":\"https:\/\/textinova.lu\/#website\"},\"primaryImageOfPage\":{\"@id\":\"https:\/\/textinova.lu\/boutique\/accessoires-100-naturel\/porte-clefs-liege-impression-marques-voitures\/#primaryimage\"},\"image\":{\"@id\":\"https:\/\/textinova.lu\/boutique\/accessoires-100-naturel\/porte-clefs-liege-impression-marques-voitures\/#primaryimage\"},\"thumbnailUrl\":\"https:\/\/textinova.lu\/wp-content\/uploads\/2020\/08\/116070282_3651282294886583_9168535412245828535_n.jpg\",\"datePublished\":\"2020-08-15T16:58:15+00:00\",\"dateModified\":\"2021-01-07T13:14:20+00:00\",\"breadcrumb\":{\"@id\":\"https:\/\/textinova.lu\/boutique\/accessoires-100-naturel\/porte-clefs-liege-impression-marques-voitures\/#breadcrumb\"},\"inLanguage\":\"en-US\",\"potentialAction\":[{\"@type\":\"ReadAction\",\"target\":[\"https:\/\/textinova.lu\/boutique\/accessoires-100-naturel\/porte-clefs-liege-impression-marques-voitures\/\"]}]},{\"@type\":\"ImageObject\",\"inLanguage\":\"en-US\",\"@id\":\"https:\/\/textinova.lu\/boutique\/accessoires-100-naturel\/porte-clefs-liege-impression-marques-voitures\/#primaryimage\",\"url\":\"https:\/\/textinova.lu\/wp-content\/uploads\/2020\/08\/116070282_3651282294886583_9168535412245828535_n.jpg\",\"contentUrl\":\"https:\/\/textinova.lu\/wp-content\/uploads\/2020\/08\/116070282_3651282294886583_9168535412245828535_n.jpg\",\"width\":960,\"height\":720,\"caption\":\"porte-clefs-liege-voitures-marques\"},{\"@type\":\"BreadcrumbList\",\"@id\":\"https:\/\/textinova.lu\/boutique\/accessoires-100-naturel\/porte-clefs-liege-impression-marques-voitures\/#breadcrumb\",\"itemListElement\":[{\"@type\":\"ListItem\",\"position\":1,\"name\":\"Accueil\",\"item\":\"https:\/\/textinova.lu\/en\/\"},{\"@type\":\"ListItem\",\"position\":2,\"name\":\"Shop\",\"item\":\"https:\/\/textinova.lu\/en\/boutique\/\"},{\"@type\":\"ListItem\",\"position\":3,\"name\":\"Cork key ring, car brand printing\"}]},{\"@type\":\"WebSite\",\"@id\":\"https:\/\/textinova.lu\/#website\",\"url\":\"https:\/\/textinova.lu\/\",\"name\":\"Textinova\",\"description\":\"Cr\u00e9ations Artisanales en Li\u00e8ge 100% Naturel\",\"publisher\":{\"@id\":\"https:\/\/textinova.lu\/#organization\"},\"potentialAction\":[{\"@type\":\"SearchAction\",\"target\":{\"@type\":\"EntryPoint\",\"urlTemplate\":\"https:\/\/textinova.lu\/?s={search_term_string}\"},\"query-input\":{\"@type\":\"PropertyValueSpecification\",\"valueRequired\":true,\"valueName\":\"search_term_string\"}}],\"inLanguage\":\"en-US\"},{\"@type\":\"Organization\",\"@id\":\"https:\/\/textinova.lu\/#organization\",\"name\":\"Textinova\",\"url\":\"https:\/\/textinova.lu\/\",\"logo\":{\"@type\":\"ImageObject\",\"inLanguage\":\"en-US\",\"@id\":\"https:\/\/textinova.lu\/#\/schema\/logo\/image\/\",\"url\":\"https:\/\/textinova.lu\/wp-content\/uploads\/2023\/05\/logo-textinova-cork-luxdesign.-2015jpg.jpg\",\"contentUrl\":\"https:\/\/textinova.lu\/wp-content\/uploads\/2023\/05\/logo-textinova-cork-luxdesign.-2015jpg.jpg\",\"width\":300,\"height\":190,\"caption\":\"Textinova\"},\"image\":{\"@id\":\"https:\/\/textinova.lu\/#\/schema\/logo\/image\/\"},\"sameAs\":[\"https:\/\/www.youtube.com\/channel\/UC-re5faHketDuAZHsyjnxFw\"]}]}<\/script>\n<!-- \/ Yoast SEO plugin. -->","yoast_head_json":{"title":"Cork key ring, car brand printing - Design Textinova - Articles en Li\u00e8ge -Cr\u00e9ateur sacs en Li\u00e8ge,Bijouterie en Li\u00e8ge,accesoires en Li\u00e8ge","robots":{"index":"index","follow":"follow","max-snippet":"max-snippet:-1","max-image-preview":"max-image-preview:large","max-video-preview":"max-video-preview:-1"},"canonical":"https:\/\/textinova.lu\/boutique\/accessoires-100-naturel\/porte-clefs-liege-impression-marques-voitures\/","og_locale":"en_US","og_type":"article","og_title":"Cork key ring, car brand printing - Design Textinova - Articles en Li\u00e8ge -Cr\u00e9ateur sacs en Li\u00e8ge,Bijouterie en Li\u00e8ge,accesoires en Li\u00e8ge","og_description":"Here is the cork key ring which is necessary to avoid scratching the cars.Please tell us the make [&hellip;]","og_url":"https:\/\/textinova.lu\/boutique\/accessoires-100-naturel\/porte-clefs-liege-impression-marques-voitures\/","og_site_name":"Design Textinova - Articles en Li\u00e8ge -Cr\u00e9ateur sacs en Li\u00e8ge,Bijouterie en Li\u00e8ge,accesoires en Li\u00e8ge","article_modified_time":"2021-01-07T13:14:20+00:00","og_image":[{"width":960,"height":720,"url":"https:\/\/textinova.lu\/wp-content\/uploads\/2020\/08\/116070282_3651282294886583_9168535412245828535_n.jpg","type":"image\/jpeg"}],"twitter_card":"summary_large_image","schema":{"@context":"https:\/\/schema.org","@graph":[{"@type":"WebPage","@id":"https:\/\/textinova.lu\/boutique\/accessoires-100-naturel\/porte-clefs-liege-impression-marques-voitures\/","url":"https:\/\/textinova.lu\/boutique\/accessoires-100-naturel\/porte-clefs-liege-impression-marques-voitures\/","name":"Cork key ring, car brand printing - Design Textinova - Articles en Li\u00e8ge -Cr\u00e9ateur sacs en Li\u00e8ge,Bijouterie en Li\u00e8ge,accesoires en Li\u00e8ge","isPartOf":{"@id":"https:\/\/textinova.lu\/#website"},"primaryImageOfPage":{"@id":"https:\/\/textinova.lu\/boutique\/accessoires-100-naturel\/porte-clefs-liege-impression-marques-voitures\/#primaryimage"},"image":{"@id":"https:\/\/textinova.lu\/boutique\/accessoires-100-naturel\/porte-clefs-liege-impression-marques-voitures\/#primaryimage"},"thumbnailUrl":"https:\/\/textinova.lu\/wp-content\/uploads\/2020\/08\/116070282_3651282294886583_9168535412245828535_n.jpg","datePublished":"2020-08-15T16:58:15+00:00","dateModified":"2021-01-07T13:14:20+00:00","breadcrumb":{"@id":"https:\/\/textinova.lu\/boutique\/accessoires-100-naturel\/porte-clefs-liege-impression-marques-voitures\/#breadcrumb"},"inLanguage":"en-US","potentialAction":[{"@type":"ReadAction","target":["https:\/\/textinova.lu\/boutique\/accessoires-100-naturel\/porte-clefs-liege-impression-marques-voitures\/"]}]},{"@type":"ImageObject","inLanguage":"en-US","@id":"https:\/\/textinova.lu\/boutique\/accessoires-100-naturel\/porte-clefs-liege-impression-marques-voitures\/#primaryimage","url":"https:\/\/textinova.lu\/wp-content\/uploads\/2020\/08\/116070282_3651282294886583_9168535412245828535_n.jpg","contentUrl":"https:\/\/textinova.lu\/wp-content\/uploads\/2020\/08\/116070282_3651282294886583_9168535412245828535_n.jpg","width":960,"height":720,"caption":"porte-clefs-liege-voitures-marques"},{"@type":"BreadcrumbList","@id":"https:\/\/textinova.lu\/boutique\/accessoires-100-naturel\/porte-clefs-liege-impression-marques-voitures\/#breadcrumb","itemListElement":[{"@type":"ListItem","position":1,"name":"Accueil","item":"https:\/\/textinova.lu\/en\/"},{"@type":"ListItem","position":2,"name":"Shop","item":"https:\/\/textinova.lu\/en\/boutique\/"},{"@type":"ListItem","position":3,"name":"Cork key ring, car brand printing"}]},{"@type":"WebSite","@id":"https:\/\/textinova.lu\/#website","url":"https:\/\/textinova.lu\/","name":"Textinova","description":"Cr\u00e9ations Artisanales en Li\u00e8ge 100% Naturel","publisher":{"@id":"https:\/\/textinova.lu\/#organization"},"potentialAction":[{"@type":"SearchAction","target":{"@type":"EntryPoint","urlTemplate":"https:\/\/textinova.lu\/?s={search_term_string}"},"query-input":{"@type":"PropertyValueSpecification","valueRequired":true,"valueName":"search_term_string"}}],"inLanguage":"en-US"},{"@type":"Organization","@id":"https:\/\/textinova.lu\/#organization","name":"Textinova","url":"https:\/\/textinova.lu\/","logo":{"@type":"ImageObject","inLanguage":"en-US","@id":"https:\/\/textinova.lu\/#\/schema\/logo\/image\/","url":"https:\/\/textinova.lu\/wp-content\/uploads\/2023\/05\/logo-textinova-cork-luxdesign.-2015jpg.jpg","contentUrl":"https:\/\/textinova.lu\/wp-content\/uploads\/2023\/05\/logo-textinova-cork-luxdesign.-2015jpg.jpg","width":300,"height":190,"caption":"Textinova"},"image":{"@id":"https:\/\/textinova.lu\/#\/schema\/logo\/image\/"},"sameAs":["https:\/\/www.youtube.com\/channel\/UC-re5faHketDuAZHsyjnxFw"]}]}},"_links":{"self":[{"href":"https:\/\/textinova.lu\/en\/wp-json\/wp\/v2\/product\/14931","targetHints":{"allow":["GET"]}}],"collection":[{"href":"https:\/\/textinova.lu\/en\/wp-json\/wp\/v2\/product"}],"about":[{"href":"https:\/\/textinova.lu\/en\/wp-json\/wp\/v2\/types\/product"}],"replies":[{"embeddable":true,"href":"https:\/\/textinova.lu\/en\/wp-json\/wp\/v2\/comments?post=14931"}],"wp:featuredmedia":[{"embeddable":true,"href":"https:\/\/textinova.lu\/en\/wp-json\/wp\/v2\/media\/14928"}],"wp:attachment":[{"href":"https:\/\/textinova.lu\/en\/wp-json\/wp\/v2\/media?parent=14931"}],"wp:term":[{"taxonomy":"product_brand","embeddable":true,"href":"https:\/\/textinova.lu\/en\/wp-json\/wp\/v2\/product_brand?post=14931"},{"taxonomy":"product_cat","embeddable":true,"href":"https:\/\/textinova.lu\/en\/wp-json\/wp\/v2\/product_cat?post=14931"},{"taxonomy":"product_tag","embeddable":true,"href":"https:\/\/textinova.lu\/en\/wp-json\/wp\/v2\/product_tag?post=14931"}],"curies":[{"name":"wp","href":"https:\/\/api.w.org\/{rel}","templated":true}]}}