{"id":15083,"date":"2020-10-11T16:43:51","date_gmt":"2020-10-11T15:29:17","guid":{"rendered":"https:\/\/textinova.lu\/?post_type=product&#038;p=15083"},"modified":"2021-11-08T10:52:57","modified_gmt":"2021-11-08T08:52:57","slug":"lili-cork-womens-ballerina-vegan-shoes","status":"publish","type":"product","link":"https:\/\/textinova.lu\/en\/boutique\/cork-shoes\/lili-cork-womens-ballerina-vegan-shoes\/","title":{"rendered":"Lili Cork women&#8217;s ballerina vegan shoes"},"content":{"rendered":"<h4><strong><img loading=\"lazy\" decoding=\"async\" class=\"alignnone size-full wp-image-15708\" src=\"https:\/\/textinova.lu\/wp-content\/uploads\/2021\/01\/MADE-IN-PORTUGAL-PETIT-1.jpg\" alt=\"\" width=\"150\" height=\"153\" \/><\/strong><\/h4>\n<h2 dir=\"auto\" style=\"text-align: start;\"><strong> <span class=\"pq6dq46d tbxw36s4 knj5qynh kvgmc6g5 ditlmg2l oygrvhab nvdbi5me sf5mxxl7 gl3lb2sf hhz5lgdu\"><img loading=\"lazy\" decoding=\"async\" src=\"https:\/\/static.xx.fbcdn.net\/images\/emoji.php\/v9\/t6b\/1\/16\/1f333.png\" alt=\"?\" width=\"16\" height=\"16\" \/><\/span> vegan shoes<\/strong><\/h2>\n<p><strong><span style=\"font-size: 14px;\">Beautifully hand-made in Portugal in a fair work environment. <\/span><\/strong><\/p>\n<p><strong><span style=\"font-size: 14px;\">Available in Natural Brown Cork.<\/span><\/strong><\/p>\n<p><span style=\"font-size: 14px;\"> The women\u2019s ballerina flats made with natural cork, an eco-friendly material. <\/span><\/p>\n<p><span style=\"font-size: 14px;\">The upper is highly resistant to water and breathable \u2013 perfect for any season. These ballerina flats are lined with OEKO-TEX STANDARD 100 certified microfibre manufactured in a system free of CO2 emissions. <\/span><\/p>\n<p><span style=\"font-size: 14px;\">In addition to being hypoallergenic they are also antibacterial and antimicrobial, which helps prevent the development of odours.<\/span><\/p>\n<p><span style=\"font-size: 14px;\"> This vegan shoes feature thermoplastic rubber soles. Take the perfect combination of style and comfort with you wherever you go.<\/span><\/p>\n<h5><strong>Available sizes<\/strong>&#8211; 38-39-41<\/h5>\n<p>&nbsp;<\/p>\n<p>Cleaning: Waterproof, washable with soap and water<\/p>\n<p><strong><span style=\"color: #008000;\">A stylish, ecological and original fashion choice.<\/span><\/strong><br \/>\n<strong><span style=\"color: #008000;\">100% natural, recyclable and biodegradable.<\/span><\/strong><br \/>\n<strong><span style=\"color: #008000;\">Cork \u2013 Nature to wear<\/span><\/strong><br \/>\n<strong><span style=\"color: #008000;\">Think Nature \u2013 Think Bio \u2013 Think Cork<\/span><\/strong><\/p>\n<p><span style=\"font-size: 14px;\">\u00a0<\/span><\/p>\n","protected":false},"excerpt":{"rendered":"<p>vegan shoes Beautifully hand-made in Portugal in a fair work environment. Available in Natural Brown Cork. The women\u2019s [&hellip;]<\/p>\n","protected":false},"featured_media":15078,"comment_status":"closed","ping_status":"closed","template":"","meta":[],"product_brand":[],"product_cat":[225],"product_tag":[],"class_list":{"0":"post-15083","1":"product","2":"type-product","3":"status-publish","4":"has-post-thumbnail","6":"product_cat-cork-shoes","8":"first","9":"instock","10":"sale","11":"taxable","12":"shipping-taxable","13":"purchasable","14":"product-type-simple"},"yoast_head":"<!-- This site is optimized with the Yoast SEO plugin v25.5 - https:\/\/yoast.com\/wordpress\/plugins\/seo\/ -->\n<title>Lili Cork women&#039;s ballerina vegan shoes - Design Textinova - Articles en Li\u00e8ge -Cr\u00e9ateur sacs en Li\u00e8ge,Bijouterie en Li\u00e8ge,accesoires en Li\u00e8ge<\/title>\n<meta name=\"robots\" content=\"index, follow, max-snippet:-1, max-image-preview:large, max-video-preview:-1\" \/>\n<link rel=\"canonical\" href=\"https:\/\/textinova.lu\/en\/boutique\/cork-shoes\/lili-cork-womens-ballerina-vegan-shoes\/\" \/>\n<meta property=\"og:locale\" content=\"en_US\" \/>\n<meta property=\"og:type\" content=\"article\" \/>\n<meta property=\"og:title\" content=\"Lili Cork women&#039;s ballerina vegan shoes - Design Textinova - Articles en Li\u00e8ge -Cr\u00e9ateur sacs en Li\u00e8ge,Bijouterie en Li\u00e8ge,accesoires en Li\u00e8ge\" \/>\n<meta property=\"og:description\" content=\"vegan shoes Beautifully hand-made in Portugal in a fair work environment. Available in Natural Brown Cork. The women\u2019s [&hellip;]\" \/>\n<meta property=\"og:url\" content=\"https:\/\/textinova.lu\/en\/boutique\/cork-shoes\/lili-cork-womens-ballerina-vegan-shoes\/\" \/>\n<meta property=\"og:site_name\" content=\"Design Textinova - Articles en Li\u00e8ge -Cr\u00e9ateur sacs en Li\u00e8ge,Bijouterie en Li\u00e8ge,accesoires en Li\u00e8ge\" \/>\n<meta property=\"article:modified_time\" content=\"2021-11-08T08:52:57+00:00\" \/>\n<meta property=\"og:image\" content=\"https:\/\/textinova.lu\/wp-content\/uploads\/2020\/10\/119567717_3813149875366490_8182640417714947609_o.jpg\" \/>\n\t<meta property=\"og:image:width\" content=\"1500\" \/>\n\t<meta property=\"og:image:height\" content=\"1500\" \/>\n\t<meta property=\"og:image:type\" content=\"image\/jpeg\" \/>\n<meta name=\"twitter:card\" content=\"summary_large_image\" \/>\n<meta name=\"twitter:label1\" content=\"Est. reading time\" \/>\n\t<meta name=\"twitter:data1\" content=\"1 minute\" \/>\n<script type=\"application\/ld+json\" class=\"yoast-schema-graph\">{\"@context\":\"https:\/\/schema.org\",\"@graph\":[{\"@type\":\"WebPage\",\"@id\":\"https:\/\/textinova.lu\/en\/boutique\/cork-shoes\/lili-cork-womens-ballerina-vegan-shoes\/\",\"url\":\"https:\/\/textinova.lu\/en\/boutique\/cork-shoes\/lili-cork-womens-ballerina-vegan-shoes\/\",\"name\":\"Lili Cork women's ballerina vegan shoes - Design Textinova - Articles en Li\u00e8ge -Cr\u00e9ateur sacs en Li\u00e8ge,Bijouterie en Li\u00e8ge,accesoires en Li\u00e8ge\",\"isPartOf\":{\"@id\":\"https:\/\/textinova.lu\/#website\"},\"primaryImageOfPage\":{\"@id\":\"https:\/\/textinova.lu\/en\/boutique\/cork-shoes\/lili-cork-womens-ballerina-vegan-shoes\/#primaryimage\"},\"image\":{\"@id\":\"https:\/\/textinova.lu\/en\/boutique\/cork-shoes\/lili-cork-womens-ballerina-vegan-shoes\/#primaryimage\"},\"thumbnailUrl\":\"https:\/\/textinova.lu\/wp-content\/uploads\/2020\/10\/119567717_3813149875366490_8182640417714947609_o.jpg\",\"datePublished\":\"2020-10-11T15:29:17+00:00\",\"dateModified\":\"2021-11-08T08:52:57+00:00\",\"breadcrumb\":{\"@id\":\"https:\/\/textinova.lu\/en\/boutique\/cork-shoes\/lili-cork-womens-ballerina-vegan-shoes\/#breadcrumb\"},\"inLanguage\":\"en-US\",\"potentialAction\":[{\"@type\":\"ReadAction\",\"target\":[\"https:\/\/textinova.lu\/en\/boutique\/cork-shoes\/lili-cork-womens-ballerina-vegan-shoes\/\"]}]},{\"@type\":\"ImageObject\",\"inLanguage\":\"en-US\",\"@id\":\"https:\/\/textinova.lu\/en\/boutique\/cork-shoes\/lili-cork-womens-ballerina-vegan-shoes\/#primaryimage\",\"url\":\"https:\/\/textinova.lu\/wp-content\/uploads\/2020\/10\/119567717_3813149875366490_8182640417714947609_o.jpg\",\"contentUrl\":\"https:\/\/textinova.lu\/wp-content\/uploads\/2020\/10\/119567717_3813149875366490_8182640417714947609_o.jpg\",\"width\":1500,\"height\":1500},{\"@type\":\"BreadcrumbList\",\"@id\":\"https:\/\/textinova.lu\/en\/boutique\/cork-shoes\/lili-cork-womens-ballerina-vegan-shoes\/#breadcrumb\",\"itemListElement\":[{\"@type\":\"ListItem\",\"position\":1,\"name\":\"Accueil\",\"item\":\"https:\/\/textinova.lu\/en\/\"},{\"@type\":\"ListItem\",\"position\":2,\"name\":\"Shop\",\"item\":\"https:\/\/textinova.lu\/en\/boutique\/\"},{\"@type\":\"ListItem\",\"position\":3,\"name\":\"Lili Cork women&rsquo;s ballerina vegan shoes\"}]},{\"@type\":\"WebSite\",\"@id\":\"https:\/\/textinova.lu\/#website\",\"url\":\"https:\/\/textinova.lu\/\",\"name\":\"Textinova\",\"description\":\"Cr\u00e9ations Artisanales en Li\u00e8ge 100% Naturel\",\"publisher\":{\"@id\":\"https:\/\/textinova.lu\/#organization\"},\"potentialAction\":[{\"@type\":\"SearchAction\",\"target\":{\"@type\":\"EntryPoint\",\"urlTemplate\":\"https:\/\/textinova.lu\/?s={search_term_string}\"},\"query-input\":{\"@type\":\"PropertyValueSpecification\",\"valueRequired\":true,\"valueName\":\"search_term_string\"}}],\"inLanguage\":\"en-US\"},{\"@type\":\"Organization\",\"@id\":\"https:\/\/textinova.lu\/#organization\",\"name\":\"Textinova\",\"url\":\"https:\/\/textinova.lu\/\",\"logo\":{\"@type\":\"ImageObject\",\"inLanguage\":\"en-US\",\"@id\":\"https:\/\/textinova.lu\/#\/schema\/logo\/image\/\",\"url\":\"https:\/\/textinova.lu\/wp-content\/uploads\/2023\/05\/logo-textinova-cork-luxdesign.-2015jpg.jpg\",\"contentUrl\":\"https:\/\/textinova.lu\/wp-content\/uploads\/2023\/05\/logo-textinova-cork-luxdesign.-2015jpg.jpg\",\"width\":300,\"height\":190,\"caption\":\"Textinova\"},\"image\":{\"@id\":\"https:\/\/textinova.lu\/#\/schema\/logo\/image\/\"},\"sameAs\":[\"https:\/\/www.youtube.com\/channel\/UC-re5faHketDuAZHsyjnxFw\"]}]}<\/script>\n<!-- \/ Yoast SEO plugin. -->","yoast_head_json":{"title":"Lili Cork women's ballerina vegan shoes - Design Textinova - Articles en Li\u00e8ge -Cr\u00e9ateur sacs en Li\u00e8ge,Bijouterie en Li\u00e8ge,accesoires en Li\u00e8ge","robots":{"index":"index","follow":"follow","max-snippet":"max-snippet:-1","max-image-preview":"max-image-preview:large","max-video-preview":"max-video-preview:-1"},"canonical":"https:\/\/textinova.lu\/en\/boutique\/cork-shoes\/lili-cork-womens-ballerina-vegan-shoes\/","og_locale":"en_US","og_type":"article","og_title":"Lili Cork women's ballerina vegan shoes - Design Textinova - Articles en Li\u00e8ge -Cr\u00e9ateur sacs en Li\u00e8ge,Bijouterie en Li\u00e8ge,accesoires en Li\u00e8ge","og_description":"vegan shoes Beautifully hand-made in Portugal in a fair work environment. Available in Natural Brown Cork. The women\u2019s [&hellip;]","og_url":"https:\/\/textinova.lu\/en\/boutique\/cork-shoes\/lili-cork-womens-ballerina-vegan-shoes\/","og_site_name":"Design Textinova - Articles en Li\u00e8ge -Cr\u00e9ateur sacs en Li\u00e8ge,Bijouterie en Li\u00e8ge,accesoires en Li\u00e8ge","article_modified_time":"2021-11-08T08:52:57+00:00","og_image":[{"width":1500,"height":1500,"url":"https:\/\/textinova.lu\/wp-content\/uploads\/2020\/10\/119567717_3813149875366490_8182640417714947609_o.jpg","type":"image\/jpeg"}],"twitter_card":"summary_large_image","twitter_misc":{"Est. reading time":"1 minute"},"schema":{"@context":"https:\/\/schema.org","@graph":[{"@type":"WebPage","@id":"https:\/\/textinova.lu\/en\/boutique\/cork-shoes\/lili-cork-womens-ballerina-vegan-shoes\/","url":"https:\/\/textinova.lu\/en\/boutique\/cork-shoes\/lili-cork-womens-ballerina-vegan-shoes\/","name":"Lili Cork women's ballerina vegan shoes - Design Textinova - Articles en Li\u00e8ge -Cr\u00e9ateur sacs en Li\u00e8ge,Bijouterie en Li\u00e8ge,accesoires en Li\u00e8ge","isPartOf":{"@id":"https:\/\/textinova.lu\/#website"},"primaryImageOfPage":{"@id":"https:\/\/textinova.lu\/en\/boutique\/cork-shoes\/lili-cork-womens-ballerina-vegan-shoes\/#primaryimage"},"image":{"@id":"https:\/\/textinova.lu\/en\/boutique\/cork-shoes\/lili-cork-womens-ballerina-vegan-shoes\/#primaryimage"},"thumbnailUrl":"https:\/\/textinova.lu\/wp-content\/uploads\/2020\/10\/119567717_3813149875366490_8182640417714947609_o.jpg","datePublished":"2020-10-11T15:29:17+00:00","dateModified":"2021-11-08T08:52:57+00:00","breadcrumb":{"@id":"https:\/\/textinova.lu\/en\/boutique\/cork-shoes\/lili-cork-womens-ballerina-vegan-shoes\/#breadcrumb"},"inLanguage":"en-US","potentialAction":[{"@type":"ReadAction","target":["https:\/\/textinova.lu\/en\/boutique\/cork-shoes\/lili-cork-womens-ballerina-vegan-shoes\/"]}]},{"@type":"ImageObject","inLanguage":"en-US","@id":"https:\/\/textinova.lu\/en\/boutique\/cork-shoes\/lili-cork-womens-ballerina-vegan-shoes\/#primaryimage","url":"https:\/\/textinova.lu\/wp-content\/uploads\/2020\/10\/119567717_3813149875366490_8182640417714947609_o.jpg","contentUrl":"https:\/\/textinova.lu\/wp-content\/uploads\/2020\/10\/119567717_3813149875366490_8182640417714947609_o.jpg","width":1500,"height":1500},{"@type":"BreadcrumbList","@id":"https:\/\/textinova.lu\/en\/boutique\/cork-shoes\/lili-cork-womens-ballerina-vegan-shoes\/#breadcrumb","itemListElement":[{"@type":"ListItem","position":1,"name":"Accueil","item":"https:\/\/textinova.lu\/en\/"},{"@type":"ListItem","position":2,"name":"Shop","item":"https:\/\/textinova.lu\/en\/boutique\/"},{"@type":"ListItem","position":3,"name":"Lili Cork women&rsquo;s ballerina vegan shoes"}]},{"@type":"WebSite","@id":"https:\/\/textinova.lu\/#website","url":"https:\/\/textinova.lu\/","name":"Textinova","description":"Cr\u00e9ations Artisanales en Li\u00e8ge 100% Naturel","publisher":{"@id":"https:\/\/textinova.lu\/#organization"},"potentialAction":[{"@type":"SearchAction","target":{"@type":"EntryPoint","urlTemplate":"https:\/\/textinova.lu\/?s={search_term_string}"},"query-input":{"@type":"PropertyValueSpecification","valueRequired":true,"valueName":"search_term_string"}}],"inLanguage":"en-US"},{"@type":"Organization","@id":"https:\/\/textinova.lu\/#organization","name":"Textinova","url":"https:\/\/textinova.lu\/","logo":{"@type":"ImageObject","inLanguage":"en-US","@id":"https:\/\/textinova.lu\/#\/schema\/logo\/image\/","url":"https:\/\/textinova.lu\/wp-content\/uploads\/2023\/05\/logo-textinova-cork-luxdesign.-2015jpg.jpg","contentUrl":"https:\/\/textinova.lu\/wp-content\/uploads\/2023\/05\/logo-textinova-cork-luxdesign.-2015jpg.jpg","width":300,"height":190,"caption":"Textinova"},"image":{"@id":"https:\/\/textinova.lu\/#\/schema\/logo\/image\/"},"sameAs":["https:\/\/www.youtube.com\/channel\/UC-re5faHketDuAZHsyjnxFw"]}]}},"_links":{"self":[{"href":"https:\/\/textinova.lu\/en\/wp-json\/wp\/v2\/product\/15083","targetHints":{"allow":["GET"]}}],"collection":[{"href":"https:\/\/textinova.lu\/en\/wp-json\/wp\/v2\/product"}],"about":[{"href":"https:\/\/textinova.lu\/en\/wp-json\/wp\/v2\/types\/product"}],"replies":[{"embeddable":true,"href":"https:\/\/textinova.lu\/en\/wp-json\/wp\/v2\/comments?post=15083"}],"wp:featuredmedia":[{"embeddable":true,"href":"https:\/\/textinova.lu\/en\/wp-json\/wp\/v2\/media\/15078"}],"wp:attachment":[{"href":"https:\/\/textinova.lu\/en\/wp-json\/wp\/v2\/media?parent=15083"}],"wp:term":[{"taxonomy":"product_brand","embeddable":true,"href":"https:\/\/textinova.lu\/en\/wp-json\/wp\/v2\/product_brand?post=15083"},{"taxonomy":"product_cat","embeddable":true,"href":"https:\/\/textinova.lu\/en\/wp-json\/wp\/v2\/product_cat?post=15083"},{"taxonomy":"product_tag","embeddable":true,"href":"https:\/\/textinova.lu\/en\/wp-json\/wp\/v2\/product_tag?post=15083"}],"curies":[{"name":"wp","href":"https:\/\/api.w.org\/{rel}","templated":true}]}}