{"id":15766,"date":"2021-01-06T11:22:18","date_gmt":"2021-01-06T09:25:44","guid":{"rendered":"https:\/\/textinova.lu\/?post_type=product&#038;p=15766"},"modified":"2021-01-17T11:47:06","modified_gmt":"2021-01-17T09:47:06","slug":"cork-bracelet-iberica","status":"publish","type":"product","link":"https:\/\/textinova.lu\/en\/boutique\/bracelets-perfect-combinaison\/cork-bracelet-iberica\/","title":{"rendered":"Cork Bracelet Sofia Ib\u00e9rica"},"content":{"rendered":"<p><img loading=\"lazy\" decoding=\"async\" class=\"alignnone size-full wp-image-15734\" src=\"https:\/\/textinova.lu\/wp-content\/uploads\/2021\/01\/neves-barros-logo-petit-articles.jpg\" alt=\"\" width=\"200\" height=\"149\" \/> <img loading=\"lazy\" decoding=\"async\" class=\"alignnone size-full wp-image-15732\" src=\"https:\/\/textinova.lu\/wp-content\/uploads\/2021\/01\/FABRICATION-ARTISANALE.jpg\" alt=\"\" width=\"148\" height=\"66\" \/><\/p>\n<p>Natural Cork Bracelet , two 1 cm strips<br \/>\nMagnetic closure, silver plated<\/p>\n<p>Sizes S-M-L-XL<\/p>\n<p><strong>Please tell us your size in cm of your order<\/strong><\/p>\n<p>An ecological texture on your skin<br \/>\nThe harmony of cork and nature<br \/>\nA chic, original trend.<\/p>\n<p>Cleaning: Waterproof, washable with soap and water<\/p>\n<p><span style=\"color: #008000;\"><strong>A chic, ecological and original trend.<\/strong><\/span><br \/>\n<span style=\"color: #008000;\"><strong>100% Natural, recyclable and biodegradable.<\/strong><\/span><br \/>\n<span style=\"color: #008000;\"><strong>Cork, nature at your fingertips.<\/strong><\/span><\/p>\n<p><span style=\"color: #008000;\"><strong>Think Nature &#8211; Think Organic &#8211; Think Cork\u00a0<\/strong><\/span><\/p>\n<p>&nbsp;<\/p>\n<p>&nbsp;<\/p>\n","protected":false},"excerpt":{"rendered":"<p>Natural Cork Bracelet , two 1 cm strips Magnetic closure, silver plated Sizes S-M-L-XL Please tell us your [&hellip;]<\/p>\n","protected":false},"featured_media":15765,"comment_status":"closed","ping_status":"closed","template":"","meta":[],"product_brand":[],"product_cat":[211],"product_tag":[],"class_list":{"0":"post-15766","1":"product","2":"type-product","3":"status-publish","4":"has-post-thumbnail","6":"product_cat-bracelets-perfect-combinaison","8":"first","9":"outofstock","10":"taxable","11":"shipping-taxable","12":"purchasable","13":"product-type-simple"},"yoast_head":"<!-- This site is optimized with the Yoast SEO plugin v25.5 - https:\/\/yoast.com\/wordpress\/plugins\/seo\/ -->\n<title>Cork Bracelet Sofia Ib\u00e9rica - Design Textinova - Articles en Li\u00e8ge -Cr\u00e9ateur sacs en Li\u00e8ge,Bijouterie en Li\u00e8ge,accesoires en Li\u00e8ge<\/title>\n<meta name=\"robots\" content=\"index, follow, max-snippet:-1, max-image-preview:large, max-video-preview:-1\" \/>\n<link rel=\"canonical\" href=\"https:\/\/textinova.lu\/en\/boutique\/bracelets-perfect-combinaison\/cork-bracelet-iberica\/\" \/>\n<meta property=\"og:locale\" content=\"en_US\" \/>\n<meta property=\"og:type\" content=\"article\" \/>\n<meta property=\"og:title\" content=\"Cork Bracelet Sofia Ib\u00e9rica - Design Textinova - Articles en Li\u00e8ge -Cr\u00e9ateur sacs en Li\u00e8ge,Bijouterie en Li\u00e8ge,accesoires en Li\u00e8ge\" \/>\n<meta property=\"og:description\" content=\"Natural Cork Bracelet , two 1 cm strips Magnetic closure, silver plated Sizes S-M-L-XL Please tell us your [&hellip;]\" \/>\n<meta property=\"og:url\" content=\"https:\/\/textinova.lu\/en\/boutique\/bracelets-perfect-combinaison\/cork-bracelet-iberica\/\" \/>\n<meta property=\"og:site_name\" content=\"Design Textinova - Articles en Li\u00e8ge -Cr\u00e9ateur sacs en Li\u00e8ge,Bijouterie en Li\u00e8ge,accesoires en Li\u00e8ge\" \/>\n<meta property=\"article:modified_time\" content=\"2021-01-17T09:47:06+00:00\" \/>\n<meta property=\"og:image\" content=\"https:\/\/textinova.lu\/wp-content\/uploads\/2021\/01\/IMG_8348.jpg\" \/>\n\t<meta property=\"og:image:width\" content=\"996\" \/>\n\t<meta property=\"og:image:height\" content=\"1047\" \/>\n\t<meta property=\"og:image:type\" content=\"image\/jpeg\" \/>\n<meta name=\"twitter:card\" content=\"summary_large_image\" \/>\n<script type=\"application\/ld+json\" class=\"yoast-schema-graph\">{\"@context\":\"https:\/\/schema.org\",\"@graph\":[{\"@type\":\"WebPage\",\"@id\":\"https:\/\/textinova.lu\/en\/boutique\/bracelets-perfect-combinaison\/cork-bracelet-iberica\/\",\"url\":\"https:\/\/textinova.lu\/en\/boutique\/bracelets-perfect-combinaison\/cork-bracelet-iberica\/\",\"name\":\"Cork Bracelet Sofia Ib\u00e9rica - Design Textinova - Articles en Li\u00e8ge -Cr\u00e9ateur sacs en Li\u00e8ge,Bijouterie en Li\u00e8ge,accesoires en Li\u00e8ge\",\"isPartOf\":{\"@id\":\"https:\/\/textinova.lu\/#website\"},\"primaryImageOfPage\":{\"@id\":\"https:\/\/textinova.lu\/en\/boutique\/bracelets-perfect-combinaison\/cork-bracelet-iberica\/#primaryimage\"},\"image\":{\"@id\":\"https:\/\/textinova.lu\/en\/boutique\/bracelets-perfect-combinaison\/cork-bracelet-iberica\/#primaryimage\"},\"thumbnailUrl\":\"https:\/\/textinova.lu\/wp-content\/uploads\/2021\/01\/IMG_8348.jpg\",\"datePublished\":\"2021-01-06T09:25:44+00:00\",\"dateModified\":\"2021-01-17T09:47:06+00:00\",\"breadcrumb\":{\"@id\":\"https:\/\/textinova.lu\/en\/boutique\/bracelets-perfect-combinaison\/cork-bracelet-iberica\/#breadcrumb\"},\"inLanguage\":\"en-US\",\"potentialAction\":[{\"@type\":\"ReadAction\",\"target\":[\"https:\/\/textinova.lu\/en\/boutique\/bracelets-perfect-combinaison\/cork-bracelet-iberica\/\"]}]},{\"@type\":\"ImageObject\",\"inLanguage\":\"en-US\",\"@id\":\"https:\/\/textinova.lu\/en\/boutique\/bracelets-perfect-combinaison\/cork-bracelet-iberica\/#primaryimage\",\"url\":\"https:\/\/textinova.lu\/wp-content\/uploads\/2021\/01\/IMG_8348.jpg\",\"contentUrl\":\"https:\/\/textinova.lu\/wp-content\/uploads\/2021\/01\/IMG_8348.jpg\",\"width\":996,\"height\":1047},{\"@type\":\"BreadcrumbList\",\"@id\":\"https:\/\/textinova.lu\/en\/boutique\/bracelets-perfect-combinaison\/cork-bracelet-iberica\/#breadcrumb\",\"itemListElement\":[{\"@type\":\"ListItem\",\"position\":1,\"name\":\"Accueil\",\"item\":\"https:\/\/textinova.lu\/en\/\"},{\"@type\":\"ListItem\",\"position\":2,\"name\":\"Shop\",\"item\":\"https:\/\/textinova.lu\/en\/boutique\/\"},{\"@type\":\"ListItem\",\"position\":3,\"name\":\"Cork Bracelet Sofia Ib\u00e9rica\"}]},{\"@type\":\"WebSite\",\"@id\":\"https:\/\/textinova.lu\/#website\",\"url\":\"https:\/\/textinova.lu\/\",\"name\":\"Textinova\",\"description\":\"Cr\u00e9ations Artisanales en Li\u00e8ge 100% Naturel\",\"publisher\":{\"@id\":\"https:\/\/textinova.lu\/#organization\"},\"potentialAction\":[{\"@type\":\"SearchAction\",\"target\":{\"@type\":\"EntryPoint\",\"urlTemplate\":\"https:\/\/textinova.lu\/?s={search_term_string}\"},\"query-input\":{\"@type\":\"PropertyValueSpecification\",\"valueRequired\":true,\"valueName\":\"search_term_string\"}}],\"inLanguage\":\"en-US\"},{\"@type\":\"Organization\",\"@id\":\"https:\/\/textinova.lu\/#organization\",\"name\":\"Textinova\",\"url\":\"https:\/\/textinova.lu\/\",\"logo\":{\"@type\":\"ImageObject\",\"inLanguage\":\"en-US\",\"@id\":\"https:\/\/textinova.lu\/#\/schema\/logo\/image\/\",\"url\":\"https:\/\/textinova.lu\/wp-content\/uploads\/2023\/05\/logo-textinova-cork-luxdesign.-2015jpg.jpg\",\"contentUrl\":\"https:\/\/textinova.lu\/wp-content\/uploads\/2023\/05\/logo-textinova-cork-luxdesign.-2015jpg.jpg\",\"width\":300,\"height\":190,\"caption\":\"Textinova\"},\"image\":{\"@id\":\"https:\/\/textinova.lu\/#\/schema\/logo\/image\/\"},\"sameAs\":[\"https:\/\/www.youtube.com\/channel\/UC-re5faHketDuAZHsyjnxFw\"]}]}<\/script>\n<!-- \/ Yoast SEO plugin. -->","yoast_head_json":{"title":"Cork Bracelet Sofia Ib\u00e9rica - Design Textinova - Articles en Li\u00e8ge -Cr\u00e9ateur sacs en Li\u00e8ge,Bijouterie en Li\u00e8ge,accesoires en Li\u00e8ge","robots":{"index":"index","follow":"follow","max-snippet":"max-snippet:-1","max-image-preview":"max-image-preview:large","max-video-preview":"max-video-preview:-1"},"canonical":"https:\/\/textinova.lu\/en\/boutique\/bracelets-perfect-combinaison\/cork-bracelet-iberica\/","og_locale":"en_US","og_type":"article","og_title":"Cork Bracelet Sofia Ib\u00e9rica - Design Textinova - Articles en Li\u00e8ge -Cr\u00e9ateur sacs en Li\u00e8ge,Bijouterie en Li\u00e8ge,accesoires en Li\u00e8ge","og_description":"Natural Cork Bracelet , two 1 cm strips Magnetic closure, silver plated Sizes S-M-L-XL Please tell us your [&hellip;]","og_url":"https:\/\/textinova.lu\/en\/boutique\/bracelets-perfect-combinaison\/cork-bracelet-iberica\/","og_site_name":"Design Textinova - Articles en Li\u00e8ge -Cr\u00e9ateur sacs en Li\u00e8ge,Bijouterie en Li\u00e8ge,accesoires en Li\u00e8ge","article_modified_time":"2021-01-17T09:47:06+00:00","og_image":[{"width":996,"height":1047,"url":"https:\/\/textinova.lu\/wp-content\/uploads\/2021\/01\/IMG_8348.jpg","type":"image\/jpeg"}],"twitter_card":"summary_large_image","schema":{"@context":"https:\/\/schema.org","@graph":[{"@type":"WebPage","@id":"https:\/\/textinova.lu\/en\/boutique\/bracelets-perfect-combinaison\/cork-bracelet-iberica\/","url":"https:\/\/textinova.lu\/en\/boutique\/bracelets-perfect-combinaison\/cork-bracelet-iberica\/","name":"Cork Bracelet Sofia Ib\u00e9rica - Design Textinova - Articles en Li\u00e8ge -Cr\u00e9ateur sacs en Li\u00e8ge,Bijouterie en Li\u00e8ge,accesoires en Li\u00e8ge","isPartOf":{"@id":"https:\/\/textinova.lu\/#website"},"primaryImageOfPage":{"@id":"https:\/\/textinova.lu\/en\/boutique\/bracelets-perfect-combinaison\/cork-bracelet-iberica\/#primaryimage"},"image":{"@id":"https:\/\/textinova.lu\/en\/boutique\/bracelets-perfect-combinaison\/cork-bracelet-iberica\/#primaryimage"},"thumbnailUrl":"https:\/\/textinova.lu\/wp-content\/uploads\/2021\/01\/IMG_8348.jpg","datePublished":"2021-01-06T09:25:44+00:00","dateModified":"2021-01-17T09:47:06+00:00","breadcrumb":{"@id":"https:\/\/textinova.lu\/en\/boutique\/bracelets-perfect-combinaison\/cork-bracelet-iberica\/#breadcrumb"},"inLanguage":"en-US","potentialAction":[{"@type":"ReadAction","target":["https:\/\/textinova.lu\/en\/boutique\/bracelets-perfect-combinaison\/cork-bracelet-iberica\/"]}]},{"@type":"ImageObject","inLanguage":"en-US","@id":"https:\/\/textinova.lu\/en\/boutique\/bracelets-perfect-combinaison\/cork-bracelet-iberica\/#primaryimage","url":"https:\/\/textinova.lu\/wp-content\/uploads\/2021\/01\/IMG_8348.jpg","contentUrl":"https:\/\/textinova.lu\/wp-content\/uploads\/2021\/01\/IMG_8348.jpg","width":996,"height":1047},{"@type":"BreadcrumbList","@id":"https:\/\/textinova.lu\/en\/boutique\/bracelets-perfect-combinaison\/cork-bracelet-iberica\/#breadcrumb","itemListElement":[{"@type":"ListItem","position":1,"name":"Accueil","item":"https:\/\/textinova.lu\/en\/"},{"@type":"ListItem","position":2,"name":"Shop","item":"https:\/\/textinova.lu\/en\/boutique\/"},{"@type":"ListItem","position":3,"name":"Cork Bracelet Sofia Ib\u00e9rica"}]},{"@type":"WebSite","@id":"https:\/\/textinova.lu\/#website","url":"https:\/\/textinova.lu\/","name":"Textinova","description":"Cr\u00e9ations Artisanales en Li\u00e8ge 100% Naturel","publisher":{"@id":"https:\/\/textinova.lu\/#organization"},"potentialAction":[{"@type":"SearchAction","target":{"@type":"EntryPoint","urlTemplate":"https:\/\/textinova.lu\/?s={search_term_string}"},"query-input":{"@type":"PropertyValueSpecification","valueRequired":true,"valueName":"search_term_string"}}],"inLanguage":"en-US"},{"@type":"Organization","@id":"https:\/\/textinova.lu\/#organization","name":"Textinova","url":"https:\/\/textinova.lu\/","logo":{"@type":"ImageObject","inLanguage":"en-US","@id":"https:\/\/textinova.lu\/#\/schema\/logo\/image\/","url":"https:\/\/textinova.lu\/wp-content\/uploads\/2023\/05\/logo-textinova-cork-luxdesign.-2015jpg.jpg","contentUrl":"https:\/\/textinova.lu\/wp-content\/uploads\/2023\/05\/logo-textinova-cork-luxdesign.-2015jpg.jpg","width":300,"height":190,"caption":"Textinova"},"image":{"@id":"https:\/\/textinova.lu\/#\/schema\/logo\/image\/"},"sameAs":["https:\/\/www.youtube.com\/channel\/UC-re5faHketDuAZHsyjnxFw"]}]}},"_links":{"self":[{"href":"https:\/\/textinova.lu\/en\/wp-json\/wp\/v2\/product\/15766","targetHints":{"allow":["GET"]}}],"collection":[{"href":"https:\/\/textinova.lu\/en\/wp-json\/wp\/v2\/product"}],"about":[{"href":"https:\/\/textinova.lu\/en\/wp-json\/wp\/v2\/types\/product"}],"replies":[{"embeddable":true,"href":"https:\/\/textinova.lu\/en\/wp-json\/wp\/v2\/comments?post=15766"}],"wp:featuredmedia":[{"embeddable":true,"href":"https:\/\/textinova.lu\/en\/wp-json\/wp\/v2\/media\/15765"}],"wp:attachment":[{"href":"https:\/\/textinova.lu\/en\/wp-json\/wp\/v2\/media?parent=15766"}],"wp:term":[{"taxonomy":"product_brand","embeddable":true,"href":"https:\/\/textinova.lu\/en\/wp-json\/wp\/v2\/product_brand?post=15766"},{"taxonomy":"product_cat","embeddable":true,"href":"https:\/\/textinova.lu\/en\/wp-json\/wp\/v2\/product_cat?post=15766"},{"taxonomy":"product_tag","embeddable":true,"href":"https:\/\/textinova.lu\/en\/wp-json\/wp\/v2\/product_tag?post=15766"}],"curies":[{"name":"wp","href":"https:\/\/api.w.org\/{rel}","templated":true}]}}