{"id":16013,"date":"2021-01-12T16:02:46","date_gmt":"2021-01-12T14:05:36","guid":{"rendered":"https:\/\/textinova.lu\/?post_type=product&#038;p=16013"},"modified":"2025-03-23T18:53:15","modified_gmt":"2025-03-23T16:53:15","slug":"cork-necklace-triple-turn-light-dark-blue-ceramics","status":"publish","type":"product","link":"https:\/\/textinova.lu\/en\/boutique\/necklaces-elegance-and-refinement\/cork-necklace-triple-turn-light-dark-blue-ceramics\/","title":{"rendered":"Cork necklace, red ceramics"},"content":{"rendered":"<p><img loading=\"lazy\" decoding=\"async\" class=\"alignnone size-full wp-image-15734\" src=\"https:\/\/textinova.lu\/wp-content\/uploads\/2021\/01\/neves-barros-logo-petit-articles.jpg\" alt=\"\" width=\"200\" height=\"149\" \/> <img loading=\"lazy\" decoding=\"async\" class=\"alignnone size-full wp-image-15732\" src=\"https:\/\/textinova.lu\/wp-content\/uploads\/2021\/01\/FABRICATION-ARTISANALE.jpg\" alt=\"\" width=\"148\" height=\"66\" \/><\/p>\n<p>Cork necklace, interspersed with ceramic balls in red &amp; silver elements.<\/p>\n<p><strong>Adjustable snap fastener<\/strong><\/p>\n<p><span style=\"color: #008000;\"><strong>The natural characteristics of cork give an exclusive character to each piece.<\/strong><\/span><br \/>\n<span style=\"color: #008000;\"><strong>A pure texture on your skin<\/strong><\/span><br \/>\n<span style=\"color: #008000;\"><strong>The harmony of cork and nature<\/strong><\/span><\/p>\n","protected":false},"excerpt":{"rendered":"<p>Cork necklace, interspersed with ceramic balls in red &amp; silver elements. Adjustable snap fastener The natural characteristics of [&hellip;]<\/p>\n","protected":false},"featured_media":20931,"comment_status":"closed","ping_status":"closed","template":"","meta":[],"product_brand":[],"product_cat":[210],"product_tag":[],"class_list":{"0":"post-16013","1":"product","2":"type-product","3":"status-publish","4":"has-post-thumbnail","6":"product_cat-necklaces-elegance-and-refinement","8":"first","9":"instock","10":"taxable","11":"shipping-taxable","12":"purchasable","13":"product-type-simple"},"yoast_head":"<!-- This site is optimized with the Yoast SEO plugin v25.5 - https:\/\/yoast.com\/wordpress\/plugins\/seo\/ -->\n<title>Cork necklace, red ceramics - Design Textinova - Articles en Li\u00e8ge -Cr\u00e9ateur sacs en Li\u00e8ge,Bijouterie en Li\u00e8ge,accesoires en Li\u00e8ge<\/title>\n<meta name=\"robots\" content=\"index, follow, max-snippet:-1, max-image-preview:large, max-video-preview:-1\" \/>\n<link rel=\"canonical\" href=\"https:\/\/textinova.lu\/en\/boutique\/necklaces-elegance-and-refinement\/cork-necklace-triple-turn-light-dark-blue-ceramics\/\" \/>\n<meta property=\"og:locale\" content=\"en_US\" \/>\n<meta property=\"og:type\" content=\"article\" \/>\n<meta property=\"og:title\" content=\"Cork necklace, red ceramics - Design Textinova - Articles en Li\u00e8ge -Cr\u00e9ateur sacs en Li\u00e8ge,Bijouterie en Li\u00e8ge,accesoires en Li\u00e8ge\" \/>\n<meta property=\"og:description\" content=\"Cork necklace, interspersed with ceramic balls in red &amp; silver elements. Adjustable snap fastener The natural characteristics of [&hellip;]\" \/>\n<meta property=\"og:url\" content=\"https:\/\/textinova.lu\/en\/boutique\/necklaces-elegance-and-refinement\/cork-necklace-triple-turn-light-dark-blue-ceramics\/\" \/>\n<meta property=\"og:site_name\" content=\"Design Textinova - Articles en Li\u00e8ge -Cr\u00e9ateur sacs en Li\u00e8ge,Bijouterie en Li\u00e8ge,accesoires en Li\u00e8ge\" \/>\n<meta property=\"article:modified_time\" content=\"2025-03-23T16:53:15+00:00\" \/>\n<meta property=\"og:image\" content=\"https:\/\/textinova.lu\/wp-content\/uploads\/2025\/03\/CFN-19.png\" \/>\n\t<meta property=\"og:image:width\" content=\"446\" \/>\n\t<meta property=\"og:image:height\" content=\"534\" \/>\n\t<meta property=\"og:image:type\" content=\"image\/png\" \/>\n<meta name=\"twitter:card\" content=\"summary_large_image\" \/>\n<meta name=\"twitter:label1\" content=\"Est. reading time\" \/>\n\t<meta name=\"twitter:data1\" content=\"1 minute\" \/>\n<script type=\"application\/ld+json\" class=\"yoast-schema-graph\">{\"@context\":\"https:\/\/schema.org\",\"@graph\":[{\"@type\":\"WebPage\",\"@id\":\"https:\/\/textinova.lu\/en\/boutique\/necklaces-elegance-and-refinement\/cork-necklace-triple-turn-light-dark-blue-ceramics\/\",\"url\":\"https:\/\/textinova.lu\/en\/boutique\/necklaces-elegance-and-refinement\/cork-necklace-triple-turn-light-dark-blue-ceramics\/\",\"name\":\"Cork necklace, red ceramics - Design Textinova - Articles en Li\u00e8ge -Cr\u00e9ateur sacs en Li\u00e8ge,Bijouterie en Li\u00e8ge,accesoires en Li\u00e8ge\",\"isPartOf\":{\"@id\":\"https:\/\/textinova.lu\/#website\"},\"primaryImageOfPage\":{\"@id\":\"https:\/\/textinova.lu\/en\/boutique\/necklaces-elegance-and-refinement\/cork-necklace-triple-turn-light-dark-blue-ceramics\/#primaryimage\"},\"image\":{\"@id\":\"https:\/\/textinova.lu\/en\/boutique\/necklaces-elegance-and-refinement\/cork-necklace-triple-turn-light-dark-blue-ceramics\/#primaryimage\"},\"thumbnailUrl\":\"https:\/\/textinova.lu\/wp-content\/uploads\/2025\/03\/CFN-19.png\",\"datePublished\":\"2021-01-12T14:05:36+00:00\",\"dateModified\":\"2025-03-23T16:53:15+00:00\",\"breadcrumb\":{\"@id\":\"https:\/\/textinova.lu\/en\/boutique\/necklaces-elegance-and-refinement\/cork-necklace-triple-turn-light-dark-blue-ceramics\/#breadcrumb\"},\"inLanguage\":\"en-US\",\"potentialAction\":[{\"@type\":\"ReadAction\",\"target\":[\"https:\/\/textinova.lu\/en\/boutique\/necklaces-elegance-and-refinement\/cork-necklace-triple-turn-light-dark-blue-ceramics\/\"]}]},{\"@type\":\"ImageObject\",\"inLanguage\":\"en-US\",\"@id\":\"https:\/\/textinova.lu\/en\/boutique\/necklaces-elegance-and-refinement\/cork-necklace-triple-turn-light-dark-blue-ceramics\/#primaryimage\",\"url\":\"https:\/\/textinova.lu\/wp-content\/uploads\/2025\/03\/CFN-19.png\",\"contentUrl\":\"https:\/\/textinova.lu\/wp-content\/uploads\/2025\/03\/CFN-19.png\",\"width\":446,\"height\":534},{\"@type\":\"BreadcrumbList\",\"@id\":\"https:\/\/textinova.lu\/en\/boutique\/necklaces-elegance-and-refinement\/cork-necklace-triple-turn-light-dark-blue-ceramics\/#breadcrumb\",\"itemListElement\":[{\"@type\":\"ListItem\",\"position\":1,\"name\":\"Accueil\",\"item\":\"https:\/\/textinova.lu\/en\/\"},{\"@type\":\"ListItem\",\"position\":2,\"name\":\"Shop\",\"item\":\"https:\/\/textinova.lu\/en\/boutique\/\"},{\"@type\":\"ListItem\",\"position\":3,\"name\":\"Cork necklace, red ceramics\"}]},{\"@type\":\"WebSite\",\"@id\":\"https:\/\/textinova.lu\/#website\",\"url\":\"https:\/\/textinova.lu\/\",\"name\":\"Textinova\",\"description\":\"Cr\u00e9ations Artisanales en Li\u00e8ge 100% Naturel\",\"publisher\":{\"@id\":\"https:\/\/textinova.lu\/#organization\"},\"potentialAction\":[{\"@type\":\"SearchAction\",\"target\":{\"@type\":\"EntryPoint\",\"urlTemplate\":\"https:\/\/textinova.lu\/?s={search_term_string}\"},\"query-input\":{\"@type\":\"PropertyValueSpecification\",\"valueRequired\":true,\"valueName\":\"search_term_string\"}}],\"inLanguage\":\"en-US\"},{\"@type\":\"Organization\",\"@id\":\"https:\/\/textinova.lu\/#organization\",\"name\":\"Textinova\",\"url\":\"https:\/\/textinova.lu\/\",\"logo\":{\"@type\":\"ImageObject\",\"inLanguage\":\"en-US\",\"@id\":\"https:\/\/textinova.lu\/#\/schema\/logo\/image\/\",\"url\":\"https:\/\/textinova.lu\/wp-content\/uploads\/2023\/05\/logo-textinova-cork-luxdesign.-2015jpg.jpg\",\"contentUrl\":\"https:\/\/textinova.lu\/wp-content\/uploads\/2023\/05\/logo-textinova-cork-luxdesign.-2015jpg.jpg\",\"width\":300,\"height\":190,\"caption\":\"Textinova\"},\"image\":{\"@id\":\"https:\/\/textinova.lu\/#\/schema\/logo\/image\/\"},\"sameAs\":[\"https:\/\/www.youtube.com\/channel\/UC-re5faHketDuAZHsyjnxFw\"]}]}<\/script>\n<!-- \/ Yoast SEO plugin. -->","yoast_head_json":{"title":"Cork necklace, red ceramics - Design Textinova - Articles en Li\u00e8ge -Cr\u00e9ateur sacs en Li\u00e8ge,Bijouterie en Li\u00e8ge,accesoires en Li\u00e8ge","robots":{"index":"index","follow":"follow","max-snippet":"max-snippet:-1","max-image-preview":"max-image-preview:large","max-video-preview":"max-video-preview:-1"},"canonical":"https:\/\/textinova.lu\/en\/boutique\/necklaces-elegance-and-refinement\/cork-necklace-triple-turn-light-dark-blue-ceramics\/","og_locale":"en_US","og_type":"article","og_title":"Cork necklace, red ceramics - Design Textinova - Articles en Li\u00e8ge -Cr\u00e9ateur sacs en Li\u00e8ge,Bijouterie en Li\u00e8ge,accesoires en Li\u00e8ge","og_description":"Cork necklace, interspersed with ceramic balls in red &amp; silver elements. Adjustable snap fastener The natural characteristics of [&hellip;]","og_url":"https:\/\/textinova.lu\/en\/boutique\/necklaces-elegance-and-refinement\/cork-necklace-triple-turn-light-dark-blue-ceramics\/","og_site_name":"Design Textinova - Articles en Li\u00e8ge -Cr\u00e9ateur sacs en Li\u00e8ge,Bijouterie en Li\u00e8ge,accesoires en Li\u00e8ge","article_modified_time":"2025-03-23T16:53:15+00:00","og_image":[{"width":446,"height":534,"url":"https:\/\/textinova.lu\/wp-content\/uploads\/2025\/03\/CFN-19.png","type":"image\/png"}],"twitter_card":"summary_large_image","twitter_misc":{"Est. reading time":"1 minute"},"schema":{"@context":"https:\/\/schema.org","@graph":[{"@type":"WebPage","@id":"https:\/\/textinova.lu\/en\/boutique\/necklaces-elegance-and-refinement\/cork-necklace-triple-turn-light-dark-blue-ceramics\/","url":"https:\/\/textinova.lu\/en\/boutique\/necklaces-elegance-and-refinement\/cork-necklace-triple-turn-light-dark-blue-ceramics\/","name":"Cork necklace, red ceramics - Design Textinova - Articles en Li\u00e8ge -Cr\u00e9ateur sacs en Li\u00e8ge,Bijouterie en Li\u00e8ge,accesoires en Li\u00e8ge","isPartOf":{"@id":"https:\/\/textinova.lu\/#website"},"primaryImageOfPage":{"@id":"https:\/\/textinova.lu\/en\/boutique\/necklaces-elegance-and-refinement\/cork-necklace-triple-turn-light-dark-blue-ceramics\/#primaryimage"},"image":{"@id":"https:\/\/textinova.lu\/en\/boutique\/necklaces-elegance-and-refinement\/cork-necklace-triple-turn-light-dark-blue-ceramics\/#primaryimage"},"thumbnailUrl":"https:\/\/textinova.lu\/wp-content\/uploads\/2025\/03\/CFN-19.png","datePublished":"2021-01-12T14:05:36+00:00","dateModified":"2025-03-23T16:53:15+00:00","breadcrumb":{"@id":"https:\/\/textinova.lu\/en\/boutique\/necklaces-elegance-and-refinement\/cork-necklace-triple-turn-light-dark-blue-ceramics\/#breadcrumb"},"inLanguage":"en-US","potentialAction":[{"@type":"ReadAction","target":["https:\/\/textinova.lu\/en\/boutique\/necklaces-elegance-and-refinement\/cork-necklace-triple-turn-light-dark-blue-ceramics\/"]}]},{"@type":"ImageObject","inLanguage":"en-US","@id":"https:\/\/textinova.lu\/en\/boutique\/necklaces-elegance-and-refinement\/cork-necklace-triple-turn-light-dark-blue-ceramics\/#primaryimage","url":"https:\/\/textinova.lu\/wp-content\/uploads\/2025\/03\/CFN-19.png","contentUrl":"https:\/\/textinova.lu\/wp-content\/uploads\/2025\/03\/CFN-19.png","width":446,"height":534},{"@type":"BreadcrumbList","@id":"https:\/\/textinova.lu\/en\/boutique\/necklaces-elegance-and-refinement\/cork-necklace-triple-turn-light-dark-blue-ceramics\/#breadcrumb","itemListElement":[{"@type":"ListItem","position":1,"name":"Accueil","item":"https:\/\/textinova.lu\/en\/"},{"@type":"ListItem","position":2,"name":"Shop","item":"https:\/\/textinova.lu\/en\/boutique\/"},{"@type":"ListItem","position":3,"name":"Cork necklace, red ceramics"}]},{"@type":"WebSite","@id":"https:\/\/textinova.lu\/#website","url":"https:\/\/textinova.lu\/","name":"Textinova","description":"Cr\u00e9ations Artisanales en Li\u00e8ge 100% Naturel","publisher":{"@id":"https:\/\/textinova.lu\/#organization"},"potentialAction":[{"@type":"SearchAction","target":{"@type":"EntryPoint","urlTemplate":"https:\/\/textinova.lu\/?s={search_term_string}"},"query-input":{"@type":"PropertyValueSpecification","valueRequired":true,"valueName":"search_term_string"}}],"inLanguage":"en-US"},{"@type":"Organization","@id":"https:\/\/textinova.lu\/#organization","name":"Textinova","url":"https:\/\/textinova.lu\/","logo":{"@type":"ImageObject","inLanguage":"en-US","@id":"https:\/\/textinova.lu\/#\/schema\/logo\/image\/","url":"https:\/\/textinova.lu\/wp-content\/uploads\/2023\/05\/logo-textinova-cork-luxdesign.-2015jpg.jpg","contentUrl":"https:\/\/textinova.lu\/wp-content\/uploads\/2023\/05\/logo-textinova-cork-luxdesign.-2015jpg.jpg","width":300,"height":190,"caption":"Textinova"},"image":{"@id":"https:\/\/textinova.lu\/#\/schema\/logo\/image\/"},"sameAs":["https:\/\/www.youtube.com\/channel\/UC-re5faHketDuAZHsyjnxFw"]}]}},"_links":{"self":[{"href":"https:\/\/textinova.lu\/en\/wp-json\/wp\/v2\/product\/16013","targetHints":{"allow":["GET"]}}],"collection":[{"href":"https:\/\/textinova.lu\/en\/wp-json\/wp\/v2\/product"}],"about":[{"href":"https:\/\/textinova.lu\/en\/wp-json\/wp\/v2\/types\/product"}],"replies":[{"embeddable":true,"href":"https:\/\/textinova.lu\/en\/wp-json\/wp\/v2\/comments?post=16013"}],"wp:featuredmedia":[{"embeddable":true,"href":"https:\/\/textinova.lu\/en\/wp-json\/wp\/v2\/media\/20931"}],"wp:attachment":[{"href":"https:\/\/textinova.lu\/en\/wp-json\/wp\/v2\/media?parent=16013"}],"wp:term":[{"taxonomy":"product_brand","embeddable":true,"href":"https:\/\/textinova.lu\/en\/wp-json\/wp\/v2\/product_brand?post=16013"},{"taxonomy":"product_cat","embeddable":true,"href":"https:\/\/textinova.lu\/en\/wp-json\/wp\/v2\/product_cat?post=16013"},{"taxonomy":"product_tag","embeddable":true,"href":"https:\/\/textinova.lu\/en\/wp-json\/wp\/v2\/product_tag?post=16013"}],"curies":[{"name":"wp","href":"https:\/\/api.w.org\/{rel}","templated":true}]}}