{"id":16474,"date":"2018-04-11T15:30:54","date_gmt":"2021-02-21T21:59:14","guid":{"rendered":"https:\/\/textinova.lu\/?post_type=product&#038;p=16474"},"modified":"2023-10-23T17:25:29","modified_gmt":"2023-10-23T15:25:29","slug":"rectangular-cork-handbag","status":"publish","type":"product","link":"https:\/\/textinova.lu\/en\/boutique\/bags\/rectangular-cork-handbag\/","title":{"rendered":"Rectangular cork handbag"},"content":{"rendered":"<p><img loading=\"lazy\" decoding=\"async\" class=\"alignnone size-full wp-image-15708\" src=\"https:\/\/textinova.lu\/wp-content\/uploads\/2021\/01\/MADE-IN-PORTUGAL-PETIT-1.jpg\" alt=\"\" width=\"150\" height=\"153\" \/> <img loading=\"lazy\" decoding=\"async\" class=\"alignnone size-full wp-image-15705\" src=\"https:\/\/textinova.lu\/wp-content\/uploads\/2020\/03\/eco-friendly.jpg\" alt=\"\" width=\"150\" height=\"143\" \/><\/p>\n<p>Rigid handbag in Cork, flap closing with magnetic pressure.<\/p>\n<p>Removable shoulder strap.<\/p>\n<p>Inside side pocket with zip<\/p>\n<p>Dimensions W-30cm H-25 cm D-5 cm<\/p>\n<p>Cleaning<br \/>\nAll our articles are easy to clean with natural soap and water.<br \/>\nTake a sponge and clean the dirty part with a damp cloth, remove any excess soap and leave to dry naturally.<\/p>\n<p><span style=\"color: #008000;\">A chic, ecological and original trend.<\/span><br \/>\n<span style=\"color: #008000;\">100% Natural, recyclable and biodegradable.<\/span><br \/>\n<span style=\"color: #008000;\">Cork, nature at your fingertips.<\/span><br \/>\n<span style=\"color: #008000;\">Think Nature &#8211; Think Organic &#8211; Think Cork<\/span><\/p>\n<p>&nbsp;<\/p>\n","protected":false},"excerpt":{"rendered":"<p>Rigid handbag in Cork, flap closing with magnetic pressure. Removable shoulder strap. Inside side pocket with zip Dimensions [&hellip;]<\/p>\n","protected":false},"featured_media":20146,"comment_status":"closed","ping_status":"closed","template":"","meta":[],"product_brand":[],"product_cat":[204],"product_tag":[],"class_list":{"0":"post-16474","1":"product","2":"type-product","3":"status-publish","4":"has-post-thumbnail","6":"product_cat-bags","8":"first","9":"outofstock","10":"taxable","11":"shipping-taxable","12":"purchasable","13":"product-type-simple"},"yoast_head":"<!-- This site is optimized with the Yoast SEO plugin v25.5 - https:\/\/yoast.com\/wordpress\/plugins\/seo\/ -->\n<title>Rectangular cork handbag - Design Textinova - Articles en Li\u00e8ge -Cr\u00e9ateur sacs en Li\u00e8ge,Bijouterie en Li\u00e8ge,accesoires en Li\u00e8ge<\/title>\n<meta name=\"robots\" content=\"index, follow, max-snippet:-1, max-image-preview:large, max-video-preview:-1\" \/>\n<link rel=\"canonical\" href=\"https:\/\/textinova.lu\/boutique\/sac-a-main-en-liege\/sac-a-main-rectangulaire-en-liege-texture-algarve\/\" \/>\n<meta property=\"og:locale\" content=\"en_US\" \/>\n<meta property=\"og:type\" content=\"article\" \/>\n<meta property=\"og:title\" content=\"Rectangular cork handbag - Design Textinova - Articles en Li\u00e8ge -Cr\u00e9ateur sacs en Li\u00e8ge,Bijouterie en Li\u00e8ge,accesoires en Li\u00e8ge\" \/>\n<meta property=\"og:description\" content=\"Rigid handbag in Cork, flap closing with magnetic pressure. Removable shoulder strap. Inside side pocket with zip Dimensions [&hellip;]\" \/>\n<meta property=\"og:url\" content=\"https:\/\/textinova.lu\/boutique\/sac-a-main-en-liege\/sac-a-main-rectangulaire-en-liege-texture-algarve\/\" \/>\n<meta property=\"og:site_name\" content=\"Design Textinova - Articles en Li\u00e8ge -Cr\u00e9ateur sacs en Li\u00e8ge,Bijouterie en Li\u00e8ge,accesoires en Li\u00e8ge\" \/>\n<meta property=\"article:modified_time\" content=\"2023-10-23T15:25:29+00:00\" \/>\n<meta property=\"og:image\" content=\"https:\/\/textinova.lu\/wp-content\/uploads\/2018\/04\/SAC-A-MAIN-CARTABLES.jpg\" \/>\n\t<meta property=\"og:image:width\" content=\"1500\" \/>\n\t<meta property=\"og:image:height\" content=\"2000\" \/>\n\t<meta property=\"og:image:type\" content=\"image\/jpeg\" \/>\n<meta name=\"twitter:card\" content=\"summary_large_image\" \/>\n<script type=\"application\/ld+json\" class=\"yoast-schema-graph\">{\"@context\":\"https:\/\/schema.org\",\"@graph\":[{\"@type\":\"WebPage\",\"@id\":\"https:\/\/textinova.lu\/boutique\/sac-a-main-en-liege\/sac-a-main-rectangulaire-en-liege-texture-algarve\/\",\"url\":\"https:\/\/textinova.lu\/boutique\/sac-a-main-en-liege\/sac-a-main-rectangulaire-en-liege-texture-algarve\/\",\"name\":\"Rectangular cork handbag - Design Textinova - Articles en Li\u00e8ge -Cr\u00e9ateur sacs en Li\u00e8ge,Bijouterie en Li\u00e8ge,accesoires en Li\u00e8ge\",\"isPartOf\":{\"@id\":\"https:\/\/textinova.lu\/#website\"},\"primaryImageOfPage\":{\"@id\":\"https:\/\/textinova.lu\/boutique\/sac-a-main-en-liege\/sac-a-main-rectangulaire-en-liege-texture-algarve\/#primaryimage\"},\"image\":{\"@id\":\"https:\/\/textinova.lu\/boutique\/sac-a-main-en-liege\/sac-a-main-rectangulaire-en-liege-texture-algarve\/#primaryimage\"},\"thumbnailUrl\":\"https:\/\/textinova.lu\/wp-content\/uploads\/2018\/04\/SAC-A-MAIN-CARTABLES.jpg\",\"datePublished\":\"2021-02-21T21:59:14+00:00\",\"dateModified\":\"2023-10-23T15:25:29+00:00\",\"breadcrumb\":{\"@id\":\"https:\/\/textinova.lu\/boutique\/sac-a-main-en-liege\/sac-a-main-rectangulaire-en-liege-texture-algarve\/#breadcrumb\"},\"inLanguage\":\"en-US\",\"potentialAction\":[{\"@type\":\"ReadAction\",\"target\":[\"https:\/\/textinova.lu\/boutique\/sac-a-main-en-liege\/sac-a-main-rectangulaire-en-liege-texture-algarve\/\"]}]},{\"@type\":\"ImageObject\",\"inLanguage\":\"en-US\",\"@id\":\"https:\/\/textinova.lu\/boutique\/sac-a-main-en-liege\/sac-a-main-rectangulaire-en-liege-texture-algarve\/#primaryimage\",\"url\":\"https:\/\/textinova.lu\/wp-content\/uploads\/2018\/04\/SAC-A-MAIN-CARTABLES.jpg\",\"contentUrl\":\"https:\/\/textinova.lu\/wp-content\/uploads\/2018\/04\/SAC-A-MAIN-CARTABLES.jpg\",\"width\":1500,\"height\":2000},{\"@type\":\"BreadcrumbList\",\"@id\":\"https:\/\/textinova.lu\/boutique\/sac-a-main-en-liege\/sac-a-main-rectangulaire-en-liege-texture-algarve\/#breadcrumb\",\"itemListElement\":[{\"@type\":\"ListItem\",\"position\":1,\"name\":\"Accueil\",\"item\":\"https:\/\/textinova.lu\/en\/\"},{\"@type\":\"ListItem\",\"position\":2,\"name\":\"Shop\",\"item\":\"https:\/\/textinova.lu\/en\/boutique\/\"},{\"@type\":\"ListItem\",\"position\":3,\"name\":\"Rectangular cork handbag\"}]},{\"@type\":\"WebSite\",\"@id\":\"https:\/\/textinova.lu\/#website\",\"url\":\"https:\/\/textinova.lu\/\",\"name\":\"Textinova\",\"description\":\"Cr\u00e9ations Artisanales en Li\u00e8ge 100% Naturel\",\"publisher\":{\"@id\":\"https:\/\/textinova.lu\/#organization\"},\"potentialAction\":[{\"@type\":\"SearchAction\",\"target\":{\"@type\":\"EntryPoint\",\"urlTemplate\":\"https:\/\/textinova.lu\/?s={search_term_string}\"},\"query-input\":{\"@type\":\"PropertyValueSpecification\",\"valueRequired\":true,\"valueName\":\"search_term_string\"}}],\"inLanguage\":\"en-US\"},{\"@type\":\"Organization\",\"@id\":\"https:\/\/textinova.lu\/#organization\",\"name\":\"Textinova\",\"url\":\"https:\/\/textinova.lu\/\",\"logo\":{\"@type\":\"ImageObject\",\"inLanguage\":\"en-US\",\"@id\":\"https:\/\/textinova.lu\/#\/schema\/logo\/image\/\",\"url\":\"https:\/\/textinova.lu\/wp-content\/uploads\/2023\/05\/logo-textinova-cork-luxdesign.-2015jpg.jpg\",\"contentUrl\":\"https:\/\/textinova.lu\/wp-content\/uploads\/2023\/05\/logo-textinova-cork-luxdesign.-2015jpg.jpg\",\"width\":300,\"height\":190,\"caption\":\"Textinova\"},\"image\":{\"@id\":\"https:\/\/textinova.lu\/#\/schema\/logo\/image\/\"},\"sameAs\":[\"https:\/\/www.youtube.com\/channel\/UC-re5faHketDuAZHsyjnxFw\"]}]}<\/script>\n<!-- \/ Yoast SEO plugin. -->","yoast_head_json":{"title":"Rectangular cork handbag - Design Textinova - Articles en Li\u00e8ge -Cr\u00e9ateur sacs en Li\u00e8ge,Bijouterie en Li\u00e8ge,accesoires en Li\u00e8ge","robots":{"index":"index","follow":"follow","max-snippet":"max-snippet:-1","max-image-preview":"max-image-preview:large","max-video-preview":"max-video-preview:-1"},"canonical":"https:\/\/textinova.lu\/boutique\/sac-a-main-en-liege\/sac-a-main-rectangulaire-en-liege-texture-algarve\/","og_locale":"en_US","og_type":"article","og_title":"Rectangular cork handbag - Design Textinova - Articles en Li\u00e8ge -Cr\u00e9ateur sacs en Li\u00e8ge,Bijouterie en Li\u00e8ge,accesoires en Li\u00e8ge","og_description":"Rigid handbag in Cork, flap closing with magnetic pressure. Removable shoulder strap. Inside side pocket with zip Dimensions [&hellip;]","og_url":"https:\/\/textinova.lu\/boutique\/sac-a-main-en-liege\/sac-a-main-rectangulaire-en-liege-texture-algarve\/","og_site_name":"Design Textinova - Articles en Li\u00e8ge -Cr\u00e9ateur sacs en Li\u00e8ge,Bijouterie en Li\u00e8ge,accesoires en Li\u00e8ge","article_modified_time":"2023-10-23T15:25:29+00:00","og_image":[{"width":1500,"height":2000,"url":"https:\/\/textinova.lu\/wp-content\/uploads\/2018\/04\/SAC-A-MAIN-CARTABLES.jpg","type":"image\/jpeg"}],"twitter_card":"summary_large_image","schema":{"@context":"https:\/\/schema.org","@graph":[{"@type":"WebPage","@id":"https:\/\/textinova.lu\/boutique\/sac-a-main-en-liege\/sac-a-main-rectangulaire-en-liege-texture-algarve\/","url":"https:\/\/textinova.lu\/boutique\/sac-a-main-en-liege\/sac-a-main-rectangulaire-en-liege-texture-algarve\/","name":"Rectangular cork handbag - Design Textinova - Articles en Li\u00e8ge -Cr\u00e9ateur sacs en Li\u00e8ge,Bijouterie en Li\u00e8ge,accesoires en Li\u00e8ge","isPartOf":{"@id":"https:\/\/textinova.lu\/#website"},"primaryImageOfPage":{"@id":"https:\/\/textinova.lu\/boutique\/sac-a-main-en-liege\/sac-a-main-rectangulaire-en-liege-texture-algarve\/#primaryimage"},"image":{"@id":"https:\/\/textinova.lu\/boutique\/sac-a-main-en-liege\/sac-a-main-rectangulaire-en-liege-texture-algarve\/#primaryimage"},"thumbnailUrl":"https:\/\/textinova.lu\/wp-content\/uploads\/2018\/04\/SAC-A-MAIN-CARTABLES.jpg","datePublished":"2021-02-21T21:59:14+00:00","dateModified":"2023-10-23T15:25:29+00:00","breadcrumb":{"@id":"https:\/\/textinova.lu\/boutique\/sac-a-main-en-liege\/sac-a-main-rectangulaire-en-liege-texture-algarve\/#breadcrumb"},"inLanguage":"en-US","potentialAction":[{"@type":"ReadAction","target":["https:\/\/textinova.lu\/boutique\/sac-a-main-en-liege\/sac-a-main-rectangulaire-en-liege-texture-algarve\/"]}]},{"@type":"ImageObject","inLanguage":"en-US","@id":"https:\/\/textinova.lu\/boutique\/sac-a-main-en-liege\/sac-a-main-rectangulaire-en-liege-texture-algarve\/#primaryimage","url":"https:\/\/textinova.lu\/wp-content\/uploads\/2018\/04\/SAC-A-MAIN-CARTABLES.jpg","contentUrl":"https:\/\/textinova.lu\/wp-content\/uploads\/2018\/04\/SAC-A-MAIN-CARTABLES.jpg","width":1500,"height":2000},{"@type":"BreadcrumbList","@id":"https:\/\/textinova.lu\/boutique\/sac-a-main-en-liege\/sac-a-main-rectangulaire-en-liege-texture-algarve\/#breadcrumb","itemListElement":[{"@type":"ListItem","position":1,"name":"Accueil","item":"https:\/\/textinova.lu\/en\/"},{"@type":"ListItem","position":2,"name":"Shop","item":"https:\/\/textinova.lu\/en\/boutique\/"},{"@type":"ListItem","position":3,"name":"Rectangular cork handbag"}]},{"@type":"WebSite","@id":"https:\/\/textinova.lu\/#website","url":"https:\/\/textinova.lu\/","name":"Textinova","description":"Cr\u00e9ations Artisanales en Li\u00e8ge 100% Naturel","publisher":{"@id":"https:\/\/textinova.lu\/#organization"},"potentialAction":[{"@type":"SearchAction","target":{"@type":"EntryPoint","urlTemplate":"https:\/\/textinova.lu\/?s={search_term_string}"},"query-input":{"@type":"PropertyValueSpecification","valueRequired":true,"valueName":"search_term_string"}}],"inLanguage":"en-US"},{"@type":"Organization","@id":"https:\/\/textinova.lu\/#organization","name":"Textinova","url":"https:\/\/textinova.lu\/","logo":{"@type":"ImageObject","inLanguage":"en-US","@id":"https:\/\/textinova.lu\/#\/schema\/logo\/image\/","url":"https:\/\/textinova.lu\/wp-content\/uploads\/2023\/05\/logo-textinova-cork-luxdesign.-2015jpg.jpg","contentUrl":"https:\/\/textinova.lu\/wp-content\/uploads\/2023\/05\/logo-textinova-cork-luxdesign.-2015jpg.jpg","width":300,"height":190,"caption":"Textinova"},"image":{"@id":"https:\/\/textinova.lu\/#\/schema\/logo\/image\/"},"sameAs":["https:\/\/www.youtube.com\/channel\/UC-re5faHketDuAZHsyjnxFw"]}]}},"_links":{"self":[{"href":"https:\/\/textinova.lu\/en\/wp-json\/wp\/v2\/product\/16474","targetHints":{"allow":["GET"]}}],"collection":[{"href":"https:\/\/textinova.lu\/en\/wp-json\/wp\/v2\/product"}],"about":[{"href":"https:\/\/textinova.lu\/en\/wp-json\/wp\/v2\/types\/product"}],"replies":[{"embeddable":true,"href":"https:\/\/textinova.lu\/en\/wp-json\/wp\/v2\/comments?post=16474"}],"wp:featuredmedia":[{"embeddable":true,"href":"https:\/\/textinova.lu\/en\/wp-json\/wp\/v2\/media\/20146"}],"wp:attachment":[{"href":"https:\/\/textinova.lu\/en\/wp-json\/wp\/v2\/media?parent=16474"}],"wp:term":[{"taxonomy":"product_brand","embeddable":true,"href":"https:\/\/textinova.lu\/en\/wp-json\/wp\/v2\/product_brand?post=16474"},{"taxonomy":"product_cat","embeddable":true,"href":"https:\/\/textinova.lu\/en\/wp-json\/wp\/v2\/product_cat?post=16474"},{"taxonomy":"product_tag","embeddable":true,"href":"https:\/\/textinova.lu\/en\/wp-json\/wp\/v2\/product_tag?post=16474"}],"curies":[{"name":"wp","href":"https:\/\/api.w.org\/{rel}","templated":true}]}}