{"id":16592,"date":"2021-03-21T08:51:31","date_gmt":"2021-03-21T06:57:29","guid":{"rendered":"https:\/\/textinova.lu\/?post_type=product&#038;p=16592"},"modified":"2022-08-18T18:47:04","modified_gmt":"2022-08-18T16:47:04","slug":"leen-cork-vegan-shoes","status":"publish","type":"product","link":"https:\/\/textinova.lu\/en\/boutique\/cork-shoes\/leen-cork-vegan-shoes\/","title":{"rendered":"Leen Cork-vegan shoes"},"content":{"rendered":"<p><img loading=\"lazy\" decoding=\"async\" class=\"alignnone size-full wp-image-15708\" src=\"https:\/\/textinova.lu\/wp-content\/uploads\/2021\/01\/MADE-IN-PORTUGAL-PETIT-1.jpg\" alt=\"\" width=\"150\" height=\"153\" \/>\u00a0<img loading=\"lazy\" decoding=\"async\" class=\"alignnone size-full wp-image-15705\" src=\"https:\/\/textinova.lu\/wp-content\/uploads\/2020\/03\/eco-friendly.jpg\" alt=\"\" width=\"150\" height=\"143\" \/><\/p>\n<p><strong>VEGAN SHOES<\/strong><\/p>\n<p><span style=\"font-size: 14px;\">Women&#8217;s ballerina flats with ankle strap made of natural cork embroidered in cotton. <\/span><\/p>\n<p><span style=\"font-size: 14px;\">These feminine shoes are lined with OEKO-TEX STANDARD 100 certified microfibre manufactured in a system free of CO2 emissions.<\/span><\/p>\n<p><span style=\"font-size: 14px;\"> In addition to being hypoallergenic they are also antibacterial and antimicrobial, which helps prevent the development of odours. <\/span><\/p>\n<p><span style=\"font-size: 14px;\">Take the perfect combination of style and comfort with you wherever you go.<br \/>\nBeautifully hand-made in Portugal in a fair work environment.<br \/>\n<\/span><\/p>\n<h4><strong>Available sizes 41<\/strong><span id=\"result_box\" class=\"\" lang=\"en\"><\/span><\/h4>\n<p>Cleaning: Waterproof, washable with soap and water<\/p>\n<p><strong><span style=\"color: #008000;\">A stylish, ecological and original fashion choice.<\/span><\/strong><br \/>\n<strong><span style=\"color: #008000;\">100% natural, recyclable and biodegradable.<\/span><\/strong><br \/>\n<strong><span style=\"color: #008000;\">Cork \u2013 Nature to wear<\/span><\/strong><br \/>\n<strong><span style=\"color: #008000;\">Think Nature \u2013 Think Bio \u2013 Think Cork<\/span><\/strong><\/p>\n","protected":false},"excerpt":{"rendered":"<p><strong>VEGAN SHOES &#8211; MADE IN PORTUGAL<\/strong><\/p>\n","protected":false},"featured_media":16577,"comment_status":"closed","ping_status":"closed","template":"","meta":[],"product_brand":[],"product_cat":[225],"product_tag":[],"class_list":{"0":"post-16592","1":"product","2":"type-product","3":"status-publish","4":"has-post-thumbnail","6":"product_cat-cork-shoes","8":"first","9":"instock","10":"sale","11":"taxable","12":"shipping-taxable","13":"purchasable","14":"product-type-simple"},"yoast_head":"<!-- This site is optimized with the Yoast SEO plugin v25.5 - https:\/\/yoast.com\/wordpress\/plugins\/seo\/ -->\n<title>Leen Cork-vegan shoes - Design Textinova - Articles en Li\u00e8ge -Cr\u00e9ateur sacs en Li\u00e8ge,Bijouterie en Li\u00e8ge,accesoires en Li\u00e8ge<\/title>\n<meta name=\"robots\" content=\"index, follow, max-snippet:-1, max-image-preview:large, max-video-preview:-1\" \/>\n<link rel=\"canonical\" href=\"https:\/\/textinova.lu\/en\/boutique\/cork-shoes\/leen-cork-vegan-shoes\/\" \/>\n<meta property=\"og:locale\" content=\"en_US\" \/>\n<meta property=\"og:type\" content=\"article\" \/>\n<meta property=\"og:title\" content=\"Leen Cork-vegan shoes - Design Textinova - Articles en Li\u00e8ge -Cr\u00e9ateur sacs en Li\u00e8ge,Bijouterie en Li\u00e8ge,accesoires en Li\u00e8ge\" \/>\n<meta property=\"og:description\" content=\"VEGAN SHOES - MADE IN PORTUGAL\" \/>\n<meta property=\"og:url\" content=\"https:\/\/textinova.lu\/en\/boutique\/cork-shoes\/leen-cork-vegan-shoes\/\" \/>\n<meta property=\"og:site_name\" content=\"Design Textinova - Articles en Li\u00e8ge -Cr\u00e9ateur sacs en Li\u00e8ge,Bijouterie en Li\u00e8ge,accesoires en Li\u00e8ge\" \/>\n<meta property=\"article:modified_time\" content=\"2022-08-18T16:47:04+00:00\" \/>\n<meta property=\"og:image\" content=\"https:\/\/textinova.lu\/wp-content\/uploads\/2020\/03\/1615484503_9cdde6aac5ac961143685666f156f2fa.jpg\" \/>\n\t<meta property=\"og:image:width\" content=\"1500\" \/>\n\t<meta property=\"og:image:height\" content=\"1500\" \/>\n\t<meta property=\"og:image:type\" content=\"image\/jpeg\" \/>\n<meta name=\"twitter:card\" content=\"summary_large_image\" \/>\n<meta name=\"twitter:label1\" content=\"Est. reading time\" \/>\n\t<meta name=\"twitter:data1\" content=\"1 minute\" \/>\n<script type=\"application\/ld+json\" class=\"yoast-schema-graph\">{\"@context\":\"https:\/\/schema.org\",\"@graph\":[{\"@type\":\"WebPage\",\"@id\":\"https:\/\/textinova.lu\/en\/boutique\/cork-shoes\/leen-cork-vegan-shoes\/\",\"url\":\"https:\/\/textinova.lu\/en\/boutique\/cork-shoes\/leen-cork-vegan-shoes\/\",\"name\":\"Leen Cork-vegan shoes - Design Textinova - Articles en Li\u00e8ge -Cr\u00e9ateur sacs en Li\u00e8ge,Bijouterie en Li\u00e8ge,accesoires en Li\u00e8ge\",\"isPartOf\":{\"@id\":\"https:\/\/textinova.lu\/#website\"},\"primaryImageOfPage\":{\"@id\":\"https:\/\/textinova.lu\/en\/boutique\/cork-shoes\/leen-cork-vegan-shoes\/#primaryimage\"},\"image\":{\"@id\":\"https:\/\/textinova.lu\/en\/boutique\/cork-shoes\/leen-cork-vegan-shoes\/#primaryimage\"},\"thumbnailUrl\":\"https:\/\/textinova.lu\/wp-content\/uploads\/2020\/03\/1615484503_9cdde6aac5ac961143685666f156f2fa.jpg\",\"datePublished\":\"2021-03-21T06:57:29+00:00\",\"dateModified\":\"2022-08-18T16:47:04+00:00\",\"breadcrumb\":{\"@id\":\"https:\/\/textinova.lu\/en\/boutique\/cork-shoes\/leen-cork-vegan-shoes\/#breadcrumb\"},\"inLanguage\":\"en-US\",\"potentialAction\":[{\"@type\":\"ReadAction\",\"target\":[\"https:\/\/textinova.lu\/en\/boutique\/cork-shoes\/leen-cork-vegan-shoes\/\"]}]},{\"@type\":\"ImageObject\",\"inLanguage\":\"en-US\",\"@id\":\"https:\/\/textinova.lu\/en\/boutique\/cork-shoes\/leen-cork-vegan-shoes\/#primaryimage\",\"url\":\"https:\/\/textinova.lu\/wp-content\/uploads\/2020\/03\/1615484503_9cdde6aac5ac961143685666f156f2fa.jpg\",\"contentUrl\":\"https:\/\/textinova.lu\/wp-content\/uploads\/2020\/03\/1615484503_9cdde6aac5ac961143685666f156f2fa.jpg\",\"width\":1500,\"height\":1500},{\"@type\":\"BreadcrumbList\",\"@id\":\"https:\/\/textinova.lu\/en\/boutique\/cork-shoes\/leen-cork-vegan-shoes\/#breadcrumb\",\"itemListElement\":[{\"@type\":\"ListItem\",\"position\":1,\"name\":\"Accueil\",\"item\":\"https:\/\/textinova.lu\/en\/\"},{\"@type\":\"ListItem\",\"position\":2,\"name\":\"Shop\",\"item\":\"https:\/\/textinova.lu\/en\/boutique\/\"},{\"@type\":\"ListItem\",\"position\":3,\"name\":\"Leen Cork-vegan shoes\"}]},{\"@type\":\"WebSite\",\"@id\":\"https:\/\/textinova.lu\/#website\",\"url\":\"https:\/\/textinova.lu\/\",\"name\":\"Textinova\",\"description\":\"Cr\u00e9ations Artisanales en Li\u00e8ge 100% Naturel\",\"publisher\":{\"@id\":\"https:\/\/textinova.lu\/#organization\"},\"potentialAction\":[{\"@type\":\"SearchAction\",\"target\":{\"@type\":\"EntryPoint\",\"urlTemplate\":\"https:\/\/textinova.lu\/?s={search_term_string}\"},\"query-input\":{\"@type\":\"PropertyValueSpecification\",\"valueRequired\":true,\"valueName\":\"search_term_string\"}}],\"inLanguage\":\"en-US\"},{\"@type\":\"Organization\",\"@id\":\"https:\/\/textinova.lu\/#organization\",\"name\":\"Textinova\",\"url\":\"https:\/\/textinova.lu\/\",\"logo\":{\"@type\":\"ImageObject\",\"inLanguage\":\"en-US\",\"@id\":\"https:\/\/textinova.lu\/#\/schema\/logo\/image\/\",\"url\":\"https:\/\/textinova.lu\/wp-content\/uploads\/2023\/05\/logo-textinova-cork-luxdesign.-2015jpg.jpg\",\"contentUrl\":\"https:\/\/textinova.lu\/wp-content\/uploads\/2023\/05\/logo-textinova-cork-luxdesign.-2015jpg.jpg\",\"width\":300,\"height\":190,\"caption\":\"Textinova\"},\"image\":{\"@id\":\"https:\/\/textinova.lu\/#\/schema\/logo\/image\/\"},\"sameAs\":[\"https:\/\/www.youtube.com\/channel\/UC-re5faHketDuAZHsyjnxFw\"]}]}<\/script>\n<!-- \/ Yoast SEO plugin. -->","yoast_head_json":{"title":"Leen Cork-vegan shoes - Design Textinova - Articles en Li\u00e8ge -Cr\u00e9ateur sacs en Li\u00e8ge,Bijouterie en Li\u00e8ge,accesoires en Li\u00e8ge","robots":{"index":"index","follow":"follow","max-snippet":"max-snippet:-1","max-image-preview":"max-image-preview:large","max-video-preview":"max-video-preview:-1"},"canonical":"https:\/\/textinova.lu\/en\/boutique\/cork-shoes\/leen-cork-vegan-shoes\/","og_locale":"en_US","og_type":"article","og_title":"Leen Cork-vegan shoes - Design Textinova - Articles en Li\u00e8ge -Cr\u00e9ateur sacs en Li\u00e8ge,Bijouterie en Li\u00e8ge,accesoires en Li\u00e8ge","og_description":"VEGAN SHOES - MADE IN PORTUGAL","og_url":"https:\/\/textinova.lu\/en\/boutique\/cork-shoes\/leen-cork-vegan-shoes\/","og_site_name":"Design Textinova - Articles en Li\u00e8ge -Cr\u00e9ateur sacs en Li\u00e8ge,Bijouterie en Li\u00e8ge,accesoires en Li\u00e8ge","article_modified_time":"2022-08-18T16:47:04+00:00","og_image":[{"width":1500,"height":1500,"url":"https:\/\/textinova.lu\/wp-content\/uploads\/2020\/03\/1615484503_9cdde6aac5ac961143685666f156f2fa.jpg","type":"image\/jpeg"}],"twitter_card":"summary_large_image","twitter_misc":{"Est. reading time":"1 minute"},"schema":{"@context":"https:\/\/schema.org","@graph":[{"@type":"WebPage","@id":"https:\/\/textinova.lu\/en\/boutique\/cork-shoes\/leen-cork-vegan-shoes\/","url":"https:\/\/textinova.lu\/en\/boutique\/cork-shoes\/leen-cork-vegan-shoes\/","name":"Leen Cork-vegan shoes - Design Textinova - Articles en Li\u00e8ge -Cr\u00e9ateur sacs en Li\u00e8ge,Bijouterie en Li\u00e8ge,accesoires en Li\u00e8ge","isPartOf":{"@id":"https:\/\/textinova.lu\/#website"},"primaryImageOfPage":{"@id":"https:\/\/textinova.lu\/en\/boutique\/cork-shoes\/leen-cork-vegan-shoes\/#primaryimage"},"image":{"@id":"https:\/\/textinova.lu\/en\/boutique\/cork-shoes\/leen-cork-vegan-shoes\/#primaryimage"},"thumbnailUrl":"https:\/\/textinova.lu\/wp-content\/uploads\/2020\/03\/1615484503_9cdde6aac5ac961143685666f156f2fa.jpg","datePublished":"2021-03-21T06:57:29+00:00","dateModified":"2022-08-18T16:47:04+00:00","breadcrumb":{"@id":"https:\/\/textinova.lu\/en\/boutique\/cork-shoes\/leen-cork-vegan-shoes\/#breadcrumb"},"inLanguage":"en-US","potentialAction":[{"@type":"ReadAction","target":["https:\/\/textinova.lu\/en\/boutique\/cork-shoes\/leen-cork-vegan-shoes\/"]}]},{"@type":"ImageObject","inLanguage":"en-US","@id":"https:\/\/textinova.lu\/en\/boutique\/cork-shoes\/leen-cork-vegan-shoes\/#primaryimage","url":"https:\/\/textinova.lu\/wp-content\/uploads\/2020\/03\/1615484503_9cdde6aac5ac961143685666f156f2fa.jpg","contentUrl":"https:\/\/textinova.lu\/wp-content\/uploads\/2020\/03\/1615484503_9cdde6aac5ac961143685666f156f2fa.jpg","width":1500,"height":1500},{"@type":"BreadcrumbList","@id":"https:\/\/textinova.lu\/en\/boutique\/cork-shoes\/leen-cork-vegan-shoes\/#breadcrumb","itemListElement":[{"@type":"ListItem","position":1,"name":"Accueil","item":"https:\/\/textinova.lu\/en\/"},{"@type":"ListItem","position":2,"name":"Shop","item":"https:\/\/textinova.lu\/en\/boutique\/"},{"@type":"ListItem","position":3,"name":"Leen Cork-vegan shoes"}]},{"@type":"WebSite","@id":"https:\/\/textinova.lu\/#website","url":"https:\/\/textinova.lu\/","name":"Textinova","description":"Cr\u00e9ations Artisanales en Li\u00e8ge 100% Naturel","publisher":{"@id":"https:\/\/textinova.lu\/#organization"},"potentialAction":[{"@type":"SearchAction","target":{"@type":"EntryPoint","urlTemplate":"https:\/\/textinova.lu\/?s={search_term_string}"},"query-input":{"@type":"PropertyValueSpecification","valueRequired":true,"valueName":"search_term_string"}}],"inLanguage":"en-US"},{"@type":"Organization","@id":"https:\/\/textinova.lu\/#organization","name":"Textinova","url":"https:\/\/textinova.lu\/","logo":{"@type":"ImageObject","inLanguage":"en-US","@id":"https:\/\/textinova.lu\/#\/schema\/logo\/image\/","url":"https:\/\/textinova.lu\/wp-content\/uploads\/2023\/05\/logo-textinova-cork-luxdesign.-2015jpg.jpg","contentUrl":"https:\/\/textinova.lu\/wp-content\/uploads\/2023\/05\/logo-textinova-cork-luxdesign.-2015jpg.jpg","width":300,"height":190,"caption":"Textinova"},"image":{"@id":"https:\/\/textinova.lu\/#\/schema\/logo\/image\/"},"sameAs":["https:\/\/www.youtube.com\/channel\/UC-re5faHketDuAZHsyjnxFw"]}]}},"_links":{"self":[{"href":"https:\/\/textinova.lu\/en\/wp-json\/wp\/v2\/product\/16592","targetHints":{"allow":["GET"]}}],"collection":[{"href":"https:\/\/textinova.lu\/en\/wp-json\/wp\/v2\/product"}],"about":[{"href":"https:\/\/textinova.lu\/en\/wp-json\/wp\/v2\/types\/product"}],"replies":[{"embeddable":true,"href":"https:\/\/textinova.lu\/en\/wp-json\/wp\/v2\/comments?post=16592"}],"wp:featuredmedia":[{"embeddable":true,"href":"https:\/\/textinova.lu\/en\/wp-json\/wp\/v2\/media\/16577"}],"wp:attachment":[{"href":"https:\/\/textinova.lu\/en\/wp-json\/wp\/v2\/media?parent=16592"}],"wp:term":[{"taxonomy":"product_brand","embeddable":true,"href":"https:\/\/textinova.lu\/en\/wp-json\/wp\/v2\/product_brand?post=16592"},{"taxonomy":"product_cat","embeddable":true,"href":"https:\/\/textinova.lu\/en\/wp-json\/wp\/v2\/product_cat?post=16592"},{"taxonomy":"product_tag","embeddable":true,"href":"https:\/\/textinova.lu\/en\/wp-json\/wp\/v2\/product_tag?post=16592"}],"curies":[{"name":"wp","href":"https:\/\/api.w.org\/{rel}","templated":true}]}}