{"id":17508,"date":"2021-11-10T10:52:16","date_gmt":"2021-11-10T09:00:29","guid":{"rendered":"https:\/\/textinova.lu\/?post_type=product&#038;p=17508"},"modified":"2024-03-02T17:55:24","modified_gmt":"2024-03-02T15:55:24","slug":"cork-shoulder-bag-marina","status":"publish","type":"product","link":"https:\/\/textinova.lu\/en\/boutique\/bags\/cork-shoulder-bag-marina\/","title":{"rendered":"Cork shoulder bag Marina"},"content":{"rendered":"<p><img loading=\"lazy\" decoding=\"async\" class=\"alignnone size-full wp-image-15708\" src=\"https:\/\/textinova.lu\/wp-content\/uploads\/2021\/01\/MADE-IN-PORTUGAL-PETIT-1.jpg\" alt=\"\" width=\"150\" height=\"153\" \/> <img loading=\"lazy\" decoding=\"async\" class=\"alignnone size-full wp-image-15705\" src=\"https:\/\/textinova.lu\/wp-content\/uploads\/2020\/03\/eco-friendly.jpg\" alt=\"\" width=\"150\" height=\"143\" \/><\/p>\n<p>Practical cork shoulder bag with retalhos paterns.<\/p>\n<p>Zipper closure all along the bag.<\/p>\n<p>Inside two side pockets<\/p>\n<p>1\/ zipped pocket<\/p>\n<p>2\/ phone pocket<\/p>\n<p>Front two pockets<\/p>\n<p>1\/ pocket that closes with a natural cork flap<\/p>\n<p>2\/ zipped pocket<\/p>\n<p>Back of the bag: one more zipped pocket.<\/p>\n<p><strong>Size (WxHxD)\u00a0 24 x 26 x 6 cm<\/strong><\/p>\n<p>&nbsp;<\/p>\n<p><span style=\"color: #008000;\"><strong>VEGAN PRODUCT<\/strong><\/span><\/p>\n<p><strong>Cleaning: Waterproof, washable with soap and water<\/strong><\/p>\n<p><span style=\"color: #008000;\"><strong>A stylish, ecological and original fashion choice.<\/strong><\/span><br \/>\n<span style=\"color: #008000;\"><strong>100% natural, recyclable and biodegradable.<\/strong><\/span><br \/>\n<span style=\"color: #008000;\"><strong>Cork \u2013 Nature to wear<\/strong><\/span><br \/>\n<span style=\"color: #008000;\"><strong>Think Nature \u2013 Think Bio \u2013 Think Cork<\/strong><\/span><\/p>\n","protected":false},"excerpt":{"rendered":"<p><strong>COLLECTION SOBREIRO<\/strong><\/p>\n","protected":false},"featured_media":20376,"comment_status":"closed","ping_status":"closed","template":"","meta":[],"product_brand":[],"product_cat":[204],"product_tag":[],"class_list":{"0":"post-17508","1":"product","2":"type-product","3":"status-publish","4":"has-post-thumbnail","6":"product_cat-bags","8":"first","9":"onbackorder","10":"taxable","11":"shipping-taxable","12":"purchasable","13":"product-type-simple"},"yoast_head":"<!-- This site is optimized with the Yoast SEO plugin v25.5 - https:\/\/yoast.com\/wordpress\/plugins\/seo\/ -->\n<title>Cork shoulder bag Marina - Design Textinova - Articles en Li\u00e8ge -Cr\u00e9ateur sacs en Li\u00e8ge,Bijouterie en Li\u00e8ge,accesoires en Li\u00e8ge<\/title>\n<meta name=\"robots\" content=\"index, follow, max-snippet:-1, max-image-preview:large, max-video-preview:-1\" \/>\n<link rel=\"canonical\" href=\"https:\/\/textinova.lu\/boutique\/sac-a-main-en-liege\/sac-bandouliere-marina-en-liege\/\" \/>\n<meta property=\"og:locale\" content=\"en_US\" \/>\n<meta property=\"og:type\" content=\"article\" \/>\n<meta property=\"og:title\" content=\"Cork shoulder bag Marina - Design Textinova - Articles en Li\u00e8ge -Cr\u00e9ateur sacs en Li\u00e8ge,Bijouterie en Li\u00e8ge,accesoires en Li\u00e8ge\" \/>\n<meta property=\"og:description\" content=\"COLLECTION SOBREIRO\" \/>\n<meta property=\"og:url\" content=\"https:\/\/textinova.lu\/boutique\/sac-a-main-en-liege\/sac-bandouliere-marina-en-liege\/\" \/>\n<meta property=\"og:site_name\" content=\"Design Textinova - Articles en Li\u00e8ge -Cr\u00e9ateur sacs en Li\u00e8ge,Bijouterie en Li\u00e8ge,accesoires en Li\u00e8ge\" \/>\n<meta property=\"article:modified_time\" content=\"2024-03-02T15:55:24+00:00\" \/>\n<meta property=\"og:image\" content=\"https:\/\/textinova.lu\/wp-content\/uploads\/2021\/11\/imagesitem40745917053332473355MSSOPB12_M2_2.jpg\" \/>\n\t<meta property=\"og:image:width\" content=\"900\" \/>\n\t<meta property=\"og:image:height\" content=\"900\" \/>\n\t<meta property=\"og:image:type\" content=\"image\/jpeg\" \/>\n<meta name=\"twitter:card\" content=\"summary_large_image\" \/>\n<script type=\"application\/ld+json\" class=\"yoast-schema-graph\">{\"@context\":\"https:\/\/schema.org\",\"@graph\":[{\"@type\":\"WebPage\",\"@id\":\"https:\/\/textinova.lu\/boutique\/sac-a-main-en-liege\/sac-bandouliere-marina-en-liege\/\",\"url\":\"https:\/\/textinova.lu\/boutique\/sac-a-main-en-liege\/sac-bandouliere-marina-en-liege\/\",\"name\":\"Cork shoulder bag Marina - Design Textinova - Articles en Li\u00e8ge -Cr\u00e9ateur sacs en Li\u00e8ge,Bijouterie en Li\u00e8ge,accesoires en Li\u00e8ge\",\"isPartOf\":{\"@id\":\"https:\/\/textinova.lu\/#website\"},\"primaryImageOfPage\":{\"@id\":\"https:\/\/textinova.lu\/boutique\/sac-a-main-en-liege\/sac-bandouliere-marina-en-liege\/#primaryimage\"},\"image\":{\"@id\":\"https:\/\/textinova.lu\/boutique\/sac-a-main-en-liege\/sac-bandouliere-marina-en-liege\/#primaryimage\"},\"thumbnailUrl\":\"https:\/\/textinova.lu\/wp-content\/uploads\/2021\/11\/imagesitem40745917053332473355MSSOPB12_M2_2.jpg\",\"datePublished\":\"2021-11-10T09:00:29+00:00\",\"dateModified\":\"2024-03-02T15:55:24+00:00\",\"breadcrumb\":{\"@id\":\"https:\/\/textinova.lu\/boutique\/sac-a-main-en-liege\/sac-bandouliere-marina-en-liege\/#breadcrumb\"},\"inLanguage\":\"en-US\",\"potentialAction\":[{\"@type\":\"ReadAction\",\"target\":[\"https:\/\/textinova.lu\/boutique\/sac-a-main-en-liege\/sac-bandouliere-marina-en-liege\/\"]}]},{\"@type\":\"ImageObject\",\"inLanguage\":\"en-US\",\"@id\":\"https:\/\/textinova.lu\/boutique\/sac-a-main-en-liege\/sac-bandouliere-marina-en-liege\/#primaryimage\",\"url\":\"https:\/\/textinova.lu\/wp-content\/uploads\/2021\/11\/imagesitem40745917053332473355MSSOPB12_M2_2.jpg\",\"contentUrl\":\"https:\/\/textinova.lu\/wp-content\/uploads\/2021\/11\/imagesitem40745917053332473355MSSOPB12_M2_2.jpg\",\"width\":900,\"height\":900},{\"@type\":\"BreadcrumbList\",\"@id\":\"https:\/\/textinova.lu\/boutique\/sac-a-main-en-liege\/sac-bandouliere-marina-en-liege\/#breadcrumb\",\"itemListElement\":[{\"@type\":\"ListItem\",\"position\":1,\"name\":\"Accueil\",\"item\":\"https:\/\/textinova.lu\/en\/\"},{\"@type\":\"ListItem\",\"position\":2,\"name\":\"Shop\",\"item\":\"https:\/\/textinova.lu\/en\/boutique\/\"},{\"@type\":\"ListItem\",\"position\":3,\"name\":\"Cork shoulder bag Marina\"}]},{\"@type\":\"WebSite\",\"@id\":\"https:\/\/textinova.lu\/#website\",\"url\":\"https:\/\/textinova.lu\/\",\"name\":\"Textinova\",\"description\":\"Cr\u00e9ations Artisanales en Li\u00e8ge 100% Naturel\",\"publisher\":{\"@id\":\"https:\/\/textinova.lu\/#organization\"},\"potentialAction\":[{\"@type\":\"SearchAction\",\"target\":{\"@type\":\"EntryPoint\",\"urlTemplate\":\"https:\/\/textinova.lu\/?s={search_term_string}\"},\"query-input\":{\"@type\":\"PropertyValueSpecification\",\"valueRequired\":true,\"valueName\":\"search_term_string\"}}],\"inLanguage\":\"en-US\"},{\"@type\":\"Organization\",\"@id\":\"https:\/\/textinova.lu\/#organization\",\"name\":\"Textinova\",\"url\":\"https:\/\/textinova.lu\/\",\"logo\":{\"@type\":\"ImageObject\",\"inLanguage\":\"en-US\",\"@id\":\"https:\/\/textinova.lu\/#\/schema\/logo\/image\/\",\"url\":\"https:\/\/textinova.lu\/wp-content\/uploads\/2023\/05\/logo-textinova-cork-luxdesign.-2015jpg.jpg\",\"contentUrl\":\"https:\/\/textinova.lu\/wp-content\/uploads\/2023\/05\/logo-textinova-cork-luxdesign.-2015jpg.jpg\",\"width\":300,\"height\":190,\"caption\":\"Textinova\"},\"image\":{\"@id\":\"https:\/\/textinova.lu\/#\/schema\/logo\/image\/\"},\"sameAs\":[\"https:\/\/www.youtube.com\/channel\/UC-re5faHketDuAZHsyjnxFw\"]}]}<\/script>\n<!-- \/ Yoast SEO plugin. -->","yoast_head_json":{"title":"Cork shoulder bag Marina - Design Textinova - Articles en Li\u00e8ge -Cr\u00e9ateur sacs en Li\u00e8ge,Bijouterie en Li\u00e8ge,accesoires en Li\u00e8ge","robots":{"index":"index","follow":"follow","max-snippet":"max-snippet:-1","max-image-preview":"max-image-preview:large","max-video-preview":"max-video-preview:-1"},"canonical":"https:\/\/textinova.lu\/boutique\/sac-a-main-en-liege\/sac-bandouliere-marina-en-liege\/","og_locale":"en_US","og_type":"article","og_title":"Cork shoulder bag Marina - Design Textinova - Articles en Li\u00e8ge -Cr\u00e9ateur sacs en Li\u00e8ge,Bijouterie en Li\u00e8ge,accesoires en Li\u00e8ge","og_description":"COLLECTION SOBREIRO","og_url":"https:\/\/textinova.lu\/boutique\/sac-a-main-en-liege\/sac-bandouliere-marina-en-liege\/","og_site_name":"Design Textinova - Articles en Li\u00e8ge -Cr\u00e9ateur sacs en Li\u00e8ge,Bijouterie en Li\u00e8ge,accesoires en Li\u00e8ge","article_modified_time":"2024-03-02T15:55:24+00:00","og_image":[{"width":900,"height":900,"url":"https:\/\/textinova.lu\/wp-content\/uploads\/2021\/11\/imagesitem40745917053332473355MSSOPB12_M2_2.jpg","type":"image\/jpeg"}],"twitter_card":"summary_large_image","schema":{"@context":"https:\/\/schema.org","@graph":[{"@type":"WebPage","@id":"https:\/\/textinova.lu\/boutique\/sac-a-main-en-liege\/sac-bandouliere-marina-en-liege\/","url":"https:\/\/textinova.lu\/boutique\/sac-a-main-en-liege\/sac-bandouliere-marina-en-liege\/","name":"Cork shoulder bag Marina - Design Textinova - Articles en Li\u00e8ge -Cr\u00e9ateur sacs en Li\u00e8ge,Bijouterie en Li\u00e8ge,accesoires en Li\u00e8ge","isPartOf":{"@id":"https:\/\/textinova.lu\/#website"},"primaryImageOfPage":{"@id":"https:\/\/textinova.lu\/boutique\/sac-a-main-en-liege\/sac-bandouliere-marina-en-liege\/#primaryimage"},"image":{"@id":"https:\/\/textinova.lu\/boutique\/sac-a-main-en-liege\/sac-bandouliere-marina-en-liege\/#primaryimage"},"thumbnailUrl":"https:\/\/textinova.lu\/wp-content\/uploads\/2021\/11\/imagesitem40745917053332473355MSSOPB12_M2_2.jpg","datePublished":"2021-11-10T09:00:29+00:00","dateModified":"2024-03-02T15:55:24+00:00","breadcrumb":{"@id":"https:\/\/textinova.lu\/boutique\/sac-a-main-en-liege\/sac-bandouliere-marina-en-liege\/#breadcrumb"},"inLanguage":"en-US","potentialAction":[{"@type":"ReadAction","target":["https:\/\/textinova.lu\/boutique\/sac-a-main-en-liege\/sac-bandouliere-marina-en-liege\/"]}]},{"@type":"ImageObject","inLanguage":"en-US","@id":"https:\/\/textinova.lu\/boutique\/sac-a-main-en-liege\/sac-bandouliere-marina-en-liege\/#primaryimage","url":"https:\/\/textinova.lu\/wp-content\/uploads\/2021\/11\/imagesitem40745917053332473355MSSOPB12_M2_2.jpg","contentUrl":"https:\/\/textinova.lu\/wp-content\/uploads\/2021\/11\/imagesitem40745917053332473355MSSOPB12_M2_2.jpg","width":900,"height":900},{"@type":"BreadcrumbList","@id":"https:\/\/textinova.lu\/boutique\/sac-a-main-en-liege\/sac-bandouliere-marina-en-liege\/#breadcrumb","itemListElement":[{"@type":"ListItem","position":1,"name":"Accueil","item":"https:\/\/textinova.lu\/en\/"},{"@type":"ListItem","position":2,"name":"Shop","item":"https:\/\/textinova.lu\/en\/boutique\/"},{"@type":"ListItem","position":3,"name":"Cork shoulder bag Marina"}]},{"@type":"WebSite","@id":"https:\/\/textinova.lu\/#website","url":"https:\/\/textinova.lu\/","name":"Textinova","description":"Cr\u00e9ations Artisanales en Li\u00e8ge 100% Naturel","publisher":{"@id":"https:\/\/textinova.lu\/#organization"},"potentialAction":[{"@type":"SearchAction","target":{"@type":"EntryPoint","urlTemplate":"https:\/\/textinova.lu\/?s={search_term_string}"},"query-input":{"@type":"PropertyValueSpecification","valueRequired":true,"valueName":"search_term_string"}}],"inLanguage":"en-US"},{"@type":"Organization","@id":"https:\/\/textinova.lu\/#organization","name":"Textinova","url":"https:\/\/textinova.lu\/","logo":{"@type":"ImageObject","inLanguage":"en-US","@id":"https:\/\/textinova.lu\/#\/schema\/logo\/image\/","url":"https:\/\/textinova.lu\/wp-content\/uploads\/2023\/05\/logo-textinova-cork-luxdesign.-2015jpg.jpg","contentUrl":"https:\/\/textinova.lu\/wp-content\/uploads\/2023\/05\/logo-textinova-cork-luxdesign.-2015jpg.jpg","width":300,"height":190,"caption":"Textinova"},"image":{"@id":"https:\/\/textinova.lu\/#\/schema\/logo\/image\/"},"sameAs":["https:\/\/www.youtube.com\/channel\/UC-re5faHketDuAZHsyjnxFw"]}]}},"_links":{"self":[{"href":"https:\/\/textinova.lu\/en\/wp-json\/wp\/v2\/product\/17508","targetHints":{"allow":["GET"]}}],"collection":[{"href":"https:\/\/textinova.lu\/en\/wp-json\/wp\/v2\/product"}],"about":[{"href":"https:\/\/textinova.lu\/en\/wp-json\/wp\/v2\/types\/product"}],"replies":[{"embeddable":true,"href":"https:\/\/textinova.lu\/en\/wp-json\/wp\/v2\/comments?post=17508"}],"wp:featuredmedia":[{"embeddable":true,"href":"https:\/\/textinova.lu\/en\/wp-json\/wp\/v2\/media\/20376"}],"wp:attachment":[{"href":"https:\/\/textinova.lu\/en\/wp-json\/wp\/v2\/media?parent=17508"}],"wp:term":[{"taxonomy":"product_brand","embeddable":true,"href":"https:\/\/textinova.lu\/en\/wp-json\/wp\/v2\/product_brand?post=17508"},{"taxonomy":"product_cat","embeddable":true,"href":"https:\/\/textinova.lu\/en\/wp-json\/wp\/v2\/product_cat?post=17508"},{"taxonomy":"product_tag","embeddable":true,"href":"https:\/\/textinova.lu\/en\/wp-json\/wp\/v2\/product_tag?post=17508"}],"curies":[{"name":"wp","href":"https:\/\/api.w.org\/{rel}","templated":true}]}}