{"id":18260,"date":"2022-03-30T09:43:43","date_gmt":"2022-03-30T07:47:17","guid":{"rendered":"https:\/\/textinova.lu\/?post_type=product&#038;p=18260"},"modified":"2022-07-06T18:14:03","modified_gmt":"2022-07-06T16:14:03","slug":"paxos-cork-flat-sandal","status":"publish","type":"product","link":"https:\/\/textinova.lu\/en\/boutique\/cork-shoes\/paxos-cork-flat-sandal\/","title":{"rendered":"Paxos Cork &#8211; Flat sandal"},"content":{"rendered":"<h2><span style=\"color: #ff0000;\"><img loading=\"lazy\" decoding=\"async\" class=\"alignnone size-medium wp-image-18257\" src=\"https:\/\/textinova.lu\/wp-content\/uploads\/2022\/03\/1584532125_b73bd0dcf62f93cbb470034437c63778-500x500.jpg\" alt=\"\" width=\"500\" height=\"500\" srcset=\"https:\/\/textinova.lu\/wp-content\/uploads\/2022\/03\/1584532125_b73bd0dcf62f93cbb470034437c63778-500x500.jpg 500w, https:\/\/textinova.lu\/wp-content\/uploads\/2022\/03\/1584532125_b73bd0dcf62f93cbb470034437c63778-1170x1170.jpg 1170w, https:\/\/textinova.lu\/wp-content\/uploads\/2022\/03\/1584532125_b73bd0dcf62f93cbb470034437c63778-200x200.jpg 200w, https:\/\/textinova.lu\/wp-content\/uploads\/2022\/03\/1584532125_b73bd0dcf62f93cbb470034437c63778-768x768.jpg 768w, https:\/\/textinova.lu\/wp-content\/uploads\/2022\/03\/1584532125_b73bd0dcf62f93cbb470034437c63778-117x117.jpg 117w, https:\/\/textinova.lu\/wp-content\/uploads\/2022\/03\/1584532125_b73bd0dcf62f93cbb470034437c63778-300x300.jpg 300w, https:\/\/textinova.lu\/wp-content\/uploads\/2022\/03\/1584532125_b73bd0dcf62f93cbb470034437c63778-920x920.jpg 920w, https:\/\/textinova.lu\/wp-content\/uploads\/2022\/03\/1584532125_b73bd0dcf62f93cbb470034437c63778-100x100.jpg 100w, https:\/\/textinova.lu\/wp-content\/uploads\/2022\/03\/1584532125_b73bd0dcf62f93cbb470034437c63778.jpg 1500w\" sizes=\"auto, (max-width: 500px) 100vw, 500px\" \/><\/span><\/h2>\n<h2><span style=\"color: #ff0000;\">OUT OF STOCK<\/span><\/h2>\n<p>VEGAN SHOES <img loading=\"lazy\" decoding=\"async\" class=\"alignnone size-full wp-image-17838\" src=\"https:\/\/textinova.lu\/wp-content\/uploads\/2015\/06\/1f333.png\" alt=\"\" width=\"24\" height=\"24\" \/><img loading=\"lazy\" decoding=\"async\" class=\"alignnone size-full wp-image-15707\" src=\"https:\/\/textinova.lu\/wp-content\/uploads\/2021\/01\/MADE-IN-PORTUGAL-PETIT-1.jpg\" alt=\"\" width=\"150\" height=\"153\" \/> <img loading=\"lazy\" decoding=\"async\" class=\"alignnone size-full wp-image-15704\" src=\"https:\/\/textinova.lu\/wp-content\/uploads\/2020\/03\/eco-friendly.jpg\" alt=\"\" width=\"150\" height=\"143\" \/><\/p>\n<p>&nbsp;<\/p>\n<p style=\"text-align: left;\">Meet PAXOS CORK, the women\u2019s crisscross strap sandals in natural cork, an eco-friendly material.<\/p>\n<p>&nbsp;<\/p>\n<p style=\"text-align: left;\">These minimalist smart shoes are lined with an OEKO-TEX STANDARD 100 certified microfibre manufactured in a system free of CO2 emissions. In addition to being hypoallergenic they are also antibacterial and antimicrobial, which helps prevent the development of odours. This model features a comfortable footbed made of cork and natural rubber that provides arch support. The outer sole is made of recycled car tires. The straps are secured by two nickel-free rivets. These eco-friendly sandals are perfect for those who love the outdoors!<\/p>\n<p>&nbsp;<\/p>\n<p style=\"text-align: left;\">Beautifully hand-made in Portugal in a fair work environment.<\/p>\n<p>Avaibles Size-\u00a0 39<\/p>\n<p>&nbsp;<\/p>\n<p>Breathable Laminated Cork with Cotton Backing Upper<br \/>\n90% Microfibre 10% PU Lining &#8211; OEKO-TEX Standard 100 certified<br \/>\nAntibacterial, antimicrobial and hypoallergenic lining and sock<br \/>\nNatural Cork and Latex footbed with Recycled Car Tires Sole<br \/>\nHand-made in Portugal<\/p>\n<p>Care:<br \/>\nLightly wipe down dust and dirt with a dry cloth. Use a damp cloth to wipe down the entire shoe in circular motion until clean. Regularly clean the cloth to avoid spreading the removed dirty into the shoe. For particularly difficult stains use a soft-bristle brush with water in circular motions. Laminated cork is very sensitive &#8211; be gentle. Let the shoes air dry before applying polish cream. The application of polishing cream is recommended. Apply a small amount using a dry, soft cloth and rub sparingly over the textile in a circular motion. After the application, leave to dry naturally for 24 hours.<\/p>\n","protected":false},"excerpt":{"rendered":"<p>OUT OF STOCK VEGAN SHOES &nbsp; Meet PAXOS CORK, the women\u2019s crisscross strap sandals in natural cork, an [&hellip;]<\/p>\n","protected":false},"featured_media":18255,"comment_status":"closed","ping_status":"closed","template":"","meta":[],"product_brand":[],"product_cat":[225],"product_tag":[],"class_list":{"0":"post-18260","1":"product","2":"type-product","3":"status-publish","4":"has-post-thumbnail","6":"product_cat-cork-shoes","8":"first","9":"outofstock","10":"taxable","11":"shipping-taxable","12":"purchasable","13":"product-type-simple"},"yoast_head":"<!-- This site is optimized with the Yoast SEO plugin v25.5 - https:\/\/yoast.com\/wordpress\/plugins\/seo\/ -->\n<title>Paxos Cork - Flat sandal - Design Textinova - Articles en Li\u00e8ge -Cr\u00e9ateur sacs en Li\u00e8ge,Bijouterie en Li\u00e8ge,accesoires en Li\u00e8ge<\/title>\n<meta name=\"robots\" content=\"index, follow, max-snippet:-1, max-image-preview:large, max-video-preview:-1\" \/>\n<link rel=\"canonical\" href=\"https:\/\/textinova.lu\/boutique\/chaussures\/paxos-cork-flat-sandal\/\" \/>\n<meta property=\"og:locale\" content=\"en_US\" \/>\n<meta property=\"og:type\" content=\"article\" \/>\n<meta property=\"og:title\" content=\"Paxos Cork - Flat sandal - Design Textinova - Articles en Li\u00e8ge -Cr\u00e9ateur sacs en Li\u00e8ge,Bijouterie en Li\u00e8ge,accesoires en Li\u00e8ge\" \/>\n<meta property=\"og:description\" content=\"OUT OF STOCK VEGAN SHOES &nbsp; Meet PAXOS CORK, the women\u2019s crisscross strap sandals in natural cork, an [&hellip;]\" \/>\n<meta property=\"og:url\" content=\"https:\/\/textinova.lu\/boutique\/chaussures\/paxos-cork-flat-sandal\/\" \/>\n<meta property=\"og:site_name\" content=\"Design Textinova - Articles en Li\u00e8ge -Cr\u00e9ateur sacs en Li\u00e8ge,Bijouterie en Li\u00e8ge,accesoires en Li\u00e8ge\" \/>\n<meta property=\"article:modified_time\" content=\"2022-07-06T16:14:03+00:00\" \/>\n<meta property=\"og:image\" content=\"https:\/\/textinova.lu\/wp-content\/uploads\/2022\/03\/1584532125_fa9046630f07d76c0ceb50214af9b9eb.jpg\" \/>\n\t<meta property=\"og:image:width\" content=\"1500\" \/>\n\t<meta property=\"og:image:height\" content=\"1500\" \/>\n\t<meta property=\"og:image:type\" content=\"image\/jpeg\" \/>\n<meta name=\"twitter:card\" content=\"summary_large_image\" \/>\n<meta name=\"twitter:label1\" content=\"Est. reading time\" \/>\n\t<meta name=\"twitter:data1\" content=\"1 minute\" \/>\n<script type=\"application\/ld+json\" class=\"yoast-schema-graph\">{\"@context\":\"https:\/\/schema.org\",\"@graph\":[{\"@type\":\"WebPage\",\"@id\":\"https:\/\/textinova.lu\/boutique\/chaussures\/paxos-cork-flat-sandal\/\",\"url\":\"https:\/\/textinova.lu\/boutique\/chaussures\/paxos-cork-flat-sandal\/\",\"name\":\"Paxos Cork - Flat sandal - Design Textinova - Articles en Li\u00e8ge -Cr\u00e9ateur sacs en Li\u00e8ge,Bijouterie en Li\u00e8ge,accesoires en Li\u00e8ge\",\"isPartOf\":{\"@id\":\"https:\/\/textinova.lu\/#website\"},\"primaryImageOfPage\":{\"@id\":\"https:\/\/textinova.lu\/boutique\/chaussures\/paxos-cork-flat-sandal\/#primaryimage\"},\"image\":{\"@id\":\"https:\/\/textinova.lu\/boutique\/chaussures\/paxos-cork-flat-sandal\/#primaryimage\"},\"thumbnailUrl\":\"https:\/\/textinova.lu\/wp-content\/uploads\/2022\/03\/1584532125_fa9046630f07d76c0ceb50214af9b9eb.jpg\",\"datePublished\":\"2022-03-30T07:47:17+00:00\",\"dateModified\":\"2022-07-06T16:14:03+00:00\",\"breadcrumb\":{\"@id\":\"https:\/\/textinova.lu\/boutique\/chaussures\/paxos-cork-flat-sandal\/#breadcrumb\"},\"inLanguage\":\"en-US\",\"potentialAction\":[{\"@type\":\"ReadAction\",\"target\":[\"https:\/\/textinova.lu\/boutique\/chaussures\/paxos-cork-flat-sandal\/\"]}]},{\"@type\":\"ImageObject\",\"inLanguage\":\"en-US\",\"@id\":\"https:\/\/textinova.lu\/boutique\/chaussures\/paxos-cork-flat-sandal\/#primaryimage\",\"url\":\"https:\/\/textinova.lu\/wp-content\/uploads\/2022\/03\/1584532125_fa9046630f07d76c0ceb50214af9b9eb.jpg\",\"contentUrl\":\"https:\/\/textinova.lu\/wp-content\/uploads\/2022\/03\/1584532125_fa9046630f07d76c0ceb50214af9b9eb.jpg\",\"width\":1500,\"height\":1500},{\"@type\":\"BreadcrumbList\",\"@id\":\"https:\/\/textinova.lu\/boutique\/chaussures\/paxos-cork-flat-sandal\/#breadcrumb\",\"itemListElement\":[{\"@type\":\"ListItem\",\"position\":1,\"name\":\"Accueil\",\"item\":\"https:\/\/textinova.lu\/en\/\"},{\"@type\":\"ListItem\",\"position\":2,\"name\":\"Shop\",\"item\":\"https:\/\/textinova.lu\/en\/boutique\/\"},{\"@type\":\"ListItem\",\"position\":3,\"name\":\"Paxos Cork &#8211; Flat sandal\"}]},{\"@type\":\"WebSite\",\"@id\":\"https:\/\/textinova.lu\/#website\",\"url\":\"https:\/\/textinova.lu\/\",\"name\":\"Textinova\",\"description\":\"Cr\u00e9ations Artisanales en Li\u00e8ge 100% Naturel\",\"publisher\":{\"@id\":\"https:\/\/textinova.lu\/#organization\"},\"potentialAction\":[{\"@type\":\"SearchAction\",\"target\":{\"@type\":\"EntryPoint\",\"urlTemplate\":\"https:\/\/textinova.lu\/?s={search_term_string}\"},\"query-input\":{\"@type\":\"PropertyValueSpecification\",\"valueRequired\":true,\"valueName\":\"search_term_string\"}}],\"inLanguage\":\"en-US\"},{\"@type\":\"Organization\",\"@id\":\"https:\/\/textinova.lu\/#organization\",\"name\":\"Textinova\",\"url\":\"https:\/\/textinova.lu\/\",\"logo\":{\"@type\":\"ImageObject\",\"inLanguage\":\"en-US\",\"@id\":\"https:\/\/textinova.lu\/#\/schema\/logo\/image\/\",\"url\":\"https:\/\/textinova.lu\/wp-content\/uploads\/2023\/05\/logo-textinova-cork-luxdesign.-2015jpg.jpg\",\"contentUrl\":\"https:\/\/textinova.lu\/wp-content\/uploads\/2023\/05\/logo-textinova-cork-luxdesign.-2015jpg.jpg\",\"width\":300,\"height\":190,\"caption\":\"Textinova\"},\"image\":{\"@id\":\"https:\/\/textinova.lu\/#\/schema\/logo\/image\/\"},\"sameAs\":[\"https:\/\/www.youtube.com\/channel\/UC-re5faHketDuAZHsyjnxFw\"]}]}<\/script>\n<!-- \/ Yoast SEO plugin. -->","yoast_head_json":{"title":"Paxos Cork - Flat sandal - Design Textinova - Articles en Li\u00e8ge -Cr\u00e9ateur sacs en Li\u00e8ge,Bijouterie en Li\u00e8ge,accesoires en Li\u00e8ge","robots":{"index":"index","follow":"follow","max-snippet":"max-snippet:-1","max-image-preview":"max-image-preview:large","max-video-preview":"max-video-preview:-1"},"canonical":"https:\/\/textinova.lu\/boutique\/chaussures\/paxos-cork-flat-sandal\/","og_locale":"en_US","og_type":"article","og_title":"Paxos Cork - Flat sandal - Design Textinova - Articles en Li\u00e8ge -Cr\u00e9ateur sacs en Li\u00e8ge,Bijouterie en Li\u00e8ge,accesoires en Li\u00e8ge","og_description":"OUT OF STOCK VEGAN SHOES &nbsp; Meet PAXOS CORK, the women\u2019s crisscross strap sandals in natural cork, an [&hellip;]","og_url":"https:\/\/textinova.lu\/boutique\/chaussures\/paxos-cork-flat-sandal\/","og_site_name":"Design Textinova - Articles en Li\u00e8ge -Cr\u00e9ateur sacs en Li\u00e8ge,Bijouterie en Li\u00e8ge,accesoires en Li\u00e8ge","article_modified_time":"2022-07-06T16:14:03+00:00","og_image":[{"width":1500,"height":1500,"url":"https:\/\/textinova.lu\/wp-content\/uploads\/2022\/03\/1584532125_fa9046630f07d76c0ceb50214af9b9eb.jpg","type":"image\/jpeg"}],"twitter_card":"summary_large_image","twitter_misc":{"Est. reading time":"1 minute"},"schema":{"@context":"https:\/\/schema.org","@graph":[{"@type":"WebPage","@id":"https:\/\/textinova.lu\/boutique\/chaussures\/paxos-cork-flat-sandal\/","url":"https:\/\/textinova.lu\/boutique\/chaussures\/paxos-cork-flat-sandal\/","name":"Paxos Cork - Flat sandal - Design Textinova - Articles en Li\u00e8ge -Cr\u00e9ateur sacs en Li\u00e8ge,Bijouterie en Li\u00e8ge,accesoires en Li\u00e8ge","isPartOf":{"@id":"https:\/\/textinova.lu\/#website"},"primaryImageOfPage":{"@id":"https:\/\/textinova.lu\/boutique\/chaussures\/paxos-cork-flat-sandal\/#primaryimage"},"image":{"@id":"https:\/\/textinova.lu\/boutique\/chaussures\/paxos-cork-flat-sandal\/#primaryimage"},"thumbnailUrl":"https:\/\/textinova.lu\/wp-content\/uploads\/2022\/03\/1584532125_fa9046630f07d76c0ceb50214af9b9eb.jpg","datePublished":"2022-03-30T07:47:17+00:00","dateModified":"2022-07-06T16:14:03+00:00","breadcrumb":{"@id":"https:\/\/textinova.lu\/boutique\/chaussures\/paxos-cork-flat-sandal\/#breadcrumb"},"inLanguage":"en-US","potentialAction":[{"@type":"ReadAction","target":["https:\/\/textinova.lu\/boutique\/chaussures\/paxos-cork-flat-sandal\/"]}]},{"@type":"ImageObject","inLanguage":"en-US","@id":"https:\/\/textinova.lu\/boutique\/chaussures\/paxos-cork-flat-sandal\/#primaryimage","url":"https:\/\/textinova.lu\/wp-content\/uploads\/2022\/03\/1584532125_fa9046630f07d76c0ceb50214af9b9eb.jpg","contentUrl":"https:\/\/textinova.lu\/wp-content\/uploads\/2022\/03\/1584532125_fa9046630f07d76c0ceb50214af9b9eb.jpg","width":1500,"height":1500},{"@type":"BreadcrumbList","@id":"https:\/\/textinova.lu\/boutique\/chaussures\/paxos-cork-flat-sandal\/#breadcrumb","itemListElement":[{"@type":"ListItem","position":1,"name":"Accueil","item":"https:\/\/textinova.lu\/en\/"},{"@type":"ListItem","position":2,"name":"Shop","item":"https:\/\/textinova.lu\/en\/boutique\/"},{"@type":"ListItem","position":3,"name":"Paxos Cork &#8211; Flat sandal"}]},{"@type":"WebSite","@id":"https:\/\/textinova.lu\/#website","url":"https:\/\/textinova.lu\/","name":"Textinova","description":"Cr\u00e9ations Artisanales en Li\u00e8ge 100% Naturel","publisher":{"@id":"https:\/\/textinova.lu\/#organization"},"potentialAction":[{"@type":"SearchAction","target":{"@type":"EntryPoint","urlTemplate":"https:\/\/textinova.lu\/?s={search_term_string}"},"query-input":{"@type":"PropertyValueSpecification","valueRequired":true,"valueName":"search_term_string"}}],"inLanguage":"en-US"},{"@type":"Organization","@id":"https:\/\/textinova.lu\/#organization","name":"Textinova","url":"https:\/\/textinova.lu\/","logo":{"@type":"ImageObject","inLanguage":"en-US","@id":"https:\/\/textinova.lu\/#\/schema\/logo\/image\/","url":"https:\/\/textinova.lu\/wp-content\/uploads\/2023\/05\/logo-textinova-cork-luxdesign.-2015jpg.jpg","contentUrl":"https:\/\/textinova.lu\/wp-content\/uploads\/2023\/05\/logo-textinova-cork-luxdesign.-2015jpg.jpg","width":300,"height":190,"caption":"Textinova"},"image":{"@id":"https:\/\/textinova.lu\/#\/schema\/logo\/image\/"},"sameAs":["https:\/\/www.youtube.com\/channel\/UC-re5faHketDuAZHsyjnxFw"]}]}},"_links":{"self":[{"href":"https:\/\/textinova.lu\/en\/wp-json\/wp\/v2\/product\/18260","targetHints":{"allow":["GET"]}}],"collection":[{"href":"https:\/\/textinova.lu\/en\/wp-json\/wp\/v2\/product"}],"about":[{"href":"https:\/\/textinova.lu\/en\/wp-json\/wp\/v2\/types\/product"}],"replies":[{"embeddable":true,"href":"https:\/\/textinova.lu\/en\/wp-json\/wp\/v2\/comments?post=18260"}],"wp:featuredmedia":[{"embeddable":true,"href":"https:\/\/textinova.lu\/en\/wp-json\/wp\/v2\/media\/18255"}],"wp:attachment":[{"href":"https:\/\/textinova.lu\/en\/wp-json\/wp\/v2\/media?parent=18260"}],"wp:term":[{"taxonomy":"product_brand","embeddable":true,"href":"https:\/\/textinova.lu\/en\/wp-json\/wp\/v2\/product_brand?post=18260"},{"taxonomy":"product_cat","embeddable":true,"href":"https:\/\/textinova.lu\/en\/wp-json\/wp\/v2\/product_cat?post=18260"},{"taxonomy":"product_tag","embeddable":true,"href":"https:\/\/textinova.lu\/en\/wp-json\/wp\/v2\/product_tag?post=18260"}],"curies":[{"name":"wp","href":"https:\/\/api.w.org\/{rel}","templated":true}]}}