{"id":19254,"date":"2023-02-07T14:28:45","date_gmt":"2023-02-07T12:31:24","guid":{"rendered":"https:\/\/textinova.lu\/?post_type=product&#038;p=19254"},"modified":"2023-02-07T14:34:02","modified_gmt":"2023-02-07T12:34:02","slug":"cork-bracelet-laser-cut-filigree-middle-blue-cork-ribbon","status":"publish","type":"product","link":"https:\/\/textinova.lu\/en\/boutique\/bracelets-perfect-combinaison\/cork-bracelet-laser-cut-filigree-middle-blue-cork-ribbon\/","title":{"rendered":"Cork bracelet, laser cut filigree, middle blue cork ribbon"},"content":{"rendered":"<p><strong><span style=\"color: #008000;\"><em>INTENSE COLLECTION<\/em><\/span><\/strong><\/p>\n<p><strong><span style=\"color: #008000;\"><em>PORTUGUESE FILIGREE<\/em><\/span><\/strong><\/p>\n<p>Beautiful collection of cork jewellery, laser cut, created with precision by Portuguese craftsmen.<\/p>\n<p>Cork bracelet, laser cut filigree, middle red cork ribbon<\/p>\n<p>Width 2 cm<\/p>\n<p>Size1 19,5 cm Size2 20,5cm<\/p>\n<p>Cork with silver shades,<\/p>\n<p>Magnetic closure (extra strong)silver<\/p>\n<p><strong><span style=\"color: #008000;\">The natural characteristics of cork give each piece an exclusive character<\/span><\/strong><br \/>\n<strong><span style=\"color: #008000;\">Pure texture on your skin<\/span><\/strong><br \/>\n<strong><span style=\"color: #008000;\">The harmony of cork and nature<\/span><\/strong><\/p>\n","protected":false},"excerpt":{"rendered":"<p><span style=\"color: #008000;\"><strong><em>PORTUGUESE FILIGREE<\/em><\/strong><\/span><\/p>\n","protected":false},"featured_media":19182,"comment_status":"closed","ping_status":"closed","template":"","meta":[],"product_brand":[],"product_cat":[211,286],"product_tag":[],"class_list":{"0":"post-19254","1":"product","2":"type-product","3":"status-publish","4":"has-post-thumbnail","6":"product_cat-bracelets-perfect-combinaison","7":"product_cat-bijoux-parures-en-liege-en","9":"first","10":"outofstock","11":"taxable","12":"shipping-taxable","13":"purchasable","14":"product-type-simple"},"yoast_head":"<!-- This site is optimized with the Yoast SEO plugin v25.5 - https:\/\/yoast.com\/wordpress\/plugins\/seo\/ -->\n<title>Cork bracelet, laser cut filigree, middle blue cork ribbon - Design Textinova - Articles en Li\u00e8ge -Cr\u00e9ateur sacs en Li\u00e8ge,Bijouterie en Li\u00e8ge,accesoires en Li\u00e8ge<\/title>\n<meta name=\"robots\" content=\"index, follow, max-snippet:-1, max-image-preview:large, max-video-preview:-1\" \/>\n<link rel=\"canonical\" href=\"https:\/\/textinova.lu\/en\/boutique\/bracelets-perfect-combinaison\/cork-bracelet-laser-cut-filigree-middle-blue-cork-ribbon\/\" \/>\n<meta property=\"og:locale\" content=\"en_US\" \/>\n<meta property=\"og:type\" content=\"article\" \/>\n<meta property=\"og:title\" content=\"Cork bracelet, laser cut filigree, middle blue cork ribbon - Design Textinova - Articles en Li\u00e8ge -Cr\u00e9ateur sacs en Li\u00e8ge,Bijouterie en Li\u00e8ge,accesoires en Li\u00e8ge\" \/>\n<meta property=\"og:description\" content=\"PORTUGUESE FILIGREE\" \/>\n<meta property=\"og:url\" content=\"https:\/\/textinova.lu\/en\/boutique\/bracelets-perfect-combinaison\/cork-bracelet-laser-cut-filigree-middle-blue-cork-ribbon\/\" \/>\n<meta property=\"og:site_name\" content=\"Design Textinova - Articles en Li\u00e8ge -Cr\u00e9ateur sacs en Li\u00e8ge,Bijouterie en Li\u00e8ge,accesoires en Li\u00e8ge\" \/>\n<meta property=\"article:modified_time\" content=\"2023-02-07T12:34:02+00:00\" \/>\n<meta property=\"og:image\" content=\"https:\/\/textinova.lu\/wp-content\/uploads\/2023\/01\/BRACELET-20106.jpg\" \/>\n\t<meta property=\"og:image:width\" content=\"960\" \/>\n\t<meta property=\"og:image:height\" content=\"960\" \/>\n\t<meta property=\"og:image:type\" content=\"image\/jpeg\" \/>\n<meta name=\"twitter:card\" content=\"summary_large_image\" \/>\n<script type=\"application\/ld+json\" class=\"yoast-schema-graph\">{\"@context\":\"https:\/\/schema.org\",\"@graph\":[{\"@type\":\"WebPage\",\"@id\":\"https:\/\/textinova.lu\/en\/boutique\/bracelets-perfect-combinaison\/cork-bracelet-laser-cut-filigree-middle-blue-cork-ribbon\/\",\"url\":\"https:\/\/textinova.lu\/en\/boutique\/bracelets-perfect-combinaison\/cork-bracelet-laser-cut-filigree-middle-blue-cork-ribbon\/\",\"name\":\"Cork bracelet, laser cut filigree, middle blue cork ribbon - Design Textinova - Articles en Li\u00e8ge -Cr\u00e9ateur sacs en Li\u00e8ge,Bijouterie en Li\u00e8ge,accesoires en Li\u00e8ge\",\"isPartOf\":{\"@id\":\"https:\/\/textinova.lu\/#website\"},\"primaryImageOfPage\":{\"@id\":\"https:\/\/textinova.lu\/en\/boutique\/bracelets-perfect-combinaison\/cork-bracelet-laser-cut-filigree-middle-blue-cork-ribbon\/#primaryimage\"},\"image\":{\"@id\":\"https:\/\/textinova.lu\/en\/boutique\/bracelets-perfect-combinaison\/cork-bracelet-laser-cut-filigree-middle-blue-cork-ribbon\/#primaryimage\"},\"thumbnailUrl\":\"https:\/\/textinova.lu\/wp-content\/uploads\/2023\/01\/BRACELET-20106.jpg\",\"datePublished\":\"2023-02-07T12:31:24+00:00\",\"dateModified\":\"2023-02-07T12:34:02+00:00\",\"breadcrumb\":{\"@id\":\"https:\/\/textinova.lu\/en\/boutique\/bracelets-perfect-combinaison\/cork-bracelet-laser-cut-filigree-middle-blue-cork-ribbon\/#breadcrumb\"},\"inLanguage\":\"en-US\",\"potentialAction\":[{\"@type\":\"ReadAction\",\"target\":[\"https:\/\/textinova.lu\/en\/boutique\/bracelets-perfect-combinaison\/cork-bracelet-laser-cut-filigree-middle-blue-cork-ribbon\/\"]}]},{\"@type\":\"ImageObject\",\"inLanguage\":\"en-US\",\"@id\":\"https:\/\/textinova.lu\/en\/boutique\/bracelets-perfect-combinaison\/cork-bracelet-laser-cut-filigree-middle-blue-cork-ribbon\/#primaryimage\",\"url\":\"https:\/\/textinova.lu\/wp-content\/uploads\/2023\/01\/BRACELET-20106.jpg\",\"contentUrl\":\"https:\/\/textinova.lu\/wp-content\/uploads\/2023\/01\/BRACELET-20106.jpg\",\"width\":960,\"height\":960},{\"@type\":\"BreadcrumbList\",\"@id\":\"https:\/\/textinova.lu\/en\/boutique\/bracelets-perfect-combinaison\/cork-bracelet-laser-cut-filigree-middle-blue-cork-ribbon\/#breadcrumb\",\"itemListElement\":[{\"@type\":\"ListItem\",\"position\":1,\"name\":\"Accueil\",\"item\":\"https:\/\/textinova.lu\/en\/\"},{\"@type\":\"ListItem\",\"position\":2,\"name\":\"Shop\",\"item\":\"https:\/\/textinova.lu\/en\/boutique\/\"},{\"@type\":\"ListItem\",\"position\":3,\"name\":\"Cork bracelet, laser cut filigree, middle blue cork ribbon\"}]},{\"@type\":\"WebSite\",\"@id\":\"https:\/\/textinova.lu\/#website\",\"url\":\"https:\/\/textinova.lu\/\",\"name\":\"Textinova\",\"description\":\"Cr\u00e9ations Artisanales en Li\u00e8ge 100% Naturel\",\"publisher\":{\"@id\":\"https:\/\/textinova.lu\/#organization\"},\"potentialAction\":[{\"@type\":\"SearchAction\",\"target\":{\"@type\":\"EntryPoint\",\"urlTemplate\":\"https:\/\/textinova.lu\/?s={search_term_string}\"},\"query-input\":{\"@type\":\"PropertyValueSpecification\",\"valueRequired\":true,\"valueName\":\"search_term_string\"}}],\"inLanguage\":\"en-US\"},{\"@type\":\"Organization\",\"@id\":\"https:\/\/textinova.lu\/#organization\",\"name\":\"Textinova\",\"url\":\"https:\/\/textinova.lu\/\",\"logo\":{\"@type\":\"ImageObject\",\"inLanguage\":\"en-US\",\"@id\":\"https:\/\/textinova.lu\/#\/schema\/logo\/image\/\",\"url\":\"https:\/\/textinova.lu\/wp-content\/uploads\/2023\/05\/logo-textinova-cork-luxdesign.-2015jpg.jpg\",\"contentUrl\":\"https:\/\/textinova.lu\/wp-content\/uploads\/2023\/05\/logo-textinova-cork-luxdesign.-2015jpg.jpg\",\"width\":300,\"height\":190,\"caption\":\"Textinova\"},\"image\":{\"@id\":\"https:\/\/textinova.lu\/#\/schema\/logo\/image\/\"},\"sameAs\":[\"https:\/\/www.youtube.com\/channel\/UC-re5faHketDuAZHsyjnxFw\"]}]}<\/script>\n<!-- \/ Yoast SEO plugin. -->","yoast_head_json":{"title":"Cork bracelet, laser cut filigree, middle blue cork ribbon - Design Textinova - Articles en Li\u00e8ge -Cr\u00e9ateur sacs en Li\u00e8ge,Bijouterie en Li\u00e8ge,accesoires en Li\u00e8ge","robots":{"index":"index","follow":"follow","max-snippet":"max-snippet:-1","max-image-preview":"max-image-preview:large","max-video-preview":"max-video-preview:-1"},"canonical":"https:\/\/textinova.lu\/en\/boutique\/bracelets-perfect-combinaison\/cork-bracelet-laser-cut-filigree-middle-blue-cork-ribbon\/","og_locale":"en_US","og_type":"article","og_title":"Cork bracelet, laser cut filigree, middle blue cork ribbon - Design Textinova - Articles en Li\u00e8ge -Cr\u00e9ateur sacs en Li\u00e8ge,Bijouterie en Li\u00e8ge,accesoires en Li\u00e8ge","og_description":"PORTUGUESE FILIGREE","og_url":"https:\/\/textinova.lu\/en\/boutique\/bracelets-perfect-combinaison\/cork-bracelet-laser-cut-filigree-middle-blue-cork-ribbon\/","og_site_name":"Design Textinova - Articles en Li\u00e8ge -Cr\u00e9ateur sacs en Li\u00e8ge,Bijouterie en Li\u00e8ge,accesoires en Li\u00e8ge","article_modified_time":"2023-02-07T12:34:02+00:00","og_image":[{"width":960,"height":960,"url":"https:\/\/textinova.lu\/wp-content\/uploads\/2023\/01\/BRACELET-20106.jpg","type":"image\/jpeg"}],"twitter_card":"summary_large_image","schema":{"@context":"https:\/\/schema.org","@graph":[{"@type":"WebPage","@id":"https:\/\/textinova.lu\/en\/boutique\/bracelets-perfect-combinaison\/cork-bracelet-laser-cut-filigree-middle-blue-cork-ribbon\/","url":"https:\/\/textinova.lu\/en\/boutique\/bracelets-perfect-combinaison\/cork-bracelet-laser-cut-filigree-middle-blue-cork-ribbon\/","name":"Cork bracelet, laser cut filigree, middle blue cork ribbon - Design Textinova - Articles en Li\u00e8ge -Cr\u00e9ateur sacs en Li\u00e8ge,Bijouterie en Li\u00e8ge,accesoires en Li\u00e8ge","isPartOf":{"@id":"https:\/\/textinova.lu\/#website"},"primaryImageOfPage":{"@id":"https:\/\/textinova.lu\/en\/boutique\/bracelets-perfect-combinaison\/cork-bracelet-laser-cut-filigree-middle-blue-cork-ribbon\/#primaryimage"},"image":{"@id":"https:\/\/textinova.lu\/en\/boutique\/bracelets-perfect-combinaison\/cork-bracelet-laser-cut-filigree-middle-blue-cork-ribbon\/#primaryimage"},"thumbnailUrl":"https:\/\/textinova.lu\/wp-content\/uploads\/2023\/01\/BRACELET-20106.jpg","datePublished":"2023-02-07T12:31:24+00:00","dateModified":"2023-02-07T12:34:02+00:00","breadcrumb":{"@id":"https:\/\/textinova.lu\/en\/boutique\/bracelets-perfect-combinaison\/cork-bracelet-laser-cut-filigree-middle-blue-cork-ribbon\/#breadcrumb"},"inLanguage":"en-US","potentialAction":[{"@type":"ReadAction","target":["https:\/\/textinova.lu\/en\/boutique\/bracelets-perfect-combinaison\/cork-bracelet-laser-cut-filigree-middle-blue-cork-ribbon\/"]}]},{"@type":"ImageObject","inLanguage":"en-US","@id":"https:\/\/textinova.lu\/en\/boutique\/bracelets-perfect-combinaison\/cork-bracelet-laser-cut-filigree-middle-blue-cork-ribbon\/#primaryimage","url":"https:\/\/textinova.lu\/wp-content\/uploads\/2023\/01\/BRACELET-20106.jpg","contentUrl":"https:\/\/textinova.lu\/wp-content\/uploads\/2023\/01\/BRACELET-20106.jpg","width":960,"height":960},{"@type":"BreadcrumbList","@id":"https:\/\/textinova.lu\/en\/boutique\/bracelets-perfect-combinaison\/cork-bracelet-laser-cut-filigree-middle-blue-cork-ribbon\/#breadcrumb","itemListElement":[{"@type":"ListItem","position":1,"name":"Accueil","item":"https:\/\/textinova.lu\/en\/"},{"@type":"ListItem","position":2,"name":"Shop","item":"https:\/\/textinova.lu\/en\/boutique\/"},{"@type":"ListItem","position":3,"name":"Cork bracelet, laser cut filigree, middle blue cork ribbon"}]},{"@type":"WebSite","@id":"https:\/\/textinova.lu\/#website","url":"https:\/\/textinova.lu\/","name":"Textinova","description":"Cr\u00e9ations Artisanales en Li\u00e8ge 100% Naturel","publisher":{"@id":"https:\/\/textinova.lu\/#organization"},"potentialAction":[{"@type":"SearchAction","target":{"@type":"EntryPoint","urlTemplate":"https:\/\/textinova.lu\/?s={search_term_string}"},"query-input":{"@type":"PropertyValueSpecification","valueRequired":true,"valueName":"search_term_string"}}],"inLanguage":"en-US"},{"@type":"Organization","@id":"https:\/\/textinova.lu\/#organization","name":"Textinova","url":"https:\/\/textinova.lu\/","logo":{"@type":"ImageObject","inLanguage":"en-US","@id":"https:\/\/textinova.lu\/#\/schema\/logo\/image\/","url":"https:\/\/textinova.lu\/wp-content\/uploads\/2023\/05\/logo-textinova-cork-luxdesign.-2015jpg.jpg","contentUrl":"https:\/\/textinova.lu\/wp-content\/uploads\/2023\/05\/logo-textinova-cork-luxdesign.-2015jpg.jpg","width":300,"height":190,"caption":"Textinova"},"image":{"@id":"https:\/\/textinova.lu\/#\/schema\/logo\/image\/"},"sameAs":["https:\/\/www.youtube.com\/channel\/UC-re5faHketDuAZHsyjnxFw"]}]}},"_links":{"self":[{"href":"https:\/\/textinova.lu\/en\/wp-json\/wp\/v2\/product\/19254","targetHints":{"allow":["GET"]}}],"collection":[{"href":"https:\/\/textinova.lu\/en\/wp-json\/wp\/v2\/product"}],"about":[{"href":"https:\/\/textinova.lu\/en\/wp-json\/wp\/v2\/types\/product"}],"replies":[{"embeddable":true,"href":"https:\/\/textinova.lu\/en\/wp-json\/wp\/v2\/comments?post=19254"}],"wp:featuredmedia":[{"embeddable":true,"href":"https:\/\/textinova.lu\/en\/wp-json\/wp\/v2\/media\/19182"}],"wp:attachment":[{"href":"https:\/\/textinova.lu\/en\/wp-json\/wp\/v2\/media?parent=19254"}],"wp:term":[{"taxonomy":"product_brand","embeddable":true,"href":"https:\/\/textinova.lu\/en\/wp-json\/wp\/v2\/product_brand?post=19254"},{"taxonomy":"product_cat","embeddable":true,"href":"https:\/\/textinova.lu\/en\/wp-json\/wp\/v2\/product_cat?post=19254"},{"taxonomy":"product_tag","embeddable":true,"href":"https:\/\/textinova.lu\/en\/wp-json\/wp\/v2\/product_tag?post=19254"}],"curies":[{"name":"wp","href":"https:\/\/api.w.org\/{rel}","templated":true}]}}