{"id":5165,"date":"2015-08-19T06:48:27","date_gmt":"2015-08-19T06:48:27","guid":{"rendered":"http:\/\/textinova.lu\/boutique\/uncategorized\/cork-hat\/"},"modified":"2023-03-05T20:10:36","modified_gmt":"2023-03-05T18:10:36","slug":"cork-hat-2","status":"publish","type":"product","link":"https:\/\/textinova.lu\/en\/boutique\/cork-hats\/cork-hat-2\/","title":{"rendered":"Cork cowboy hat"},"content":{"rendered":"<p>&nbsp;<\/p>\n<p><span style=\"font-size: 13px; font-style: italic;\"><img loading=\"lazy\" decoding=\"async\" class=\"alignnone size-full wp-image-18359\" src=\"https:\/\/textinova.lu\/wp-content\/uploads\/2018\/09\/MADE-IN-PORTUGAL-PETIT-1.jpg\" alt=\"\" width=\"150\" height=\"153\" \/> <img loading=\"lazy\" decoding=\"async\" class=\"alignnone size-full wp-image-18357\" src=\"https:\/\/textinova.lu\/wp-content\/uploads\/2018\/09\/eco-friendly.jpg\" alt=\"\" width=\"150\" height=\"143\" \/><\/span><\/p>\n<p><span style=\"font-size: 13px; font-style: italic;\">Original cowboy hat made of cork fabric.<\/span><\/p>\n<p>Sizes:<br \/>\nXL \u00a0(60cm)<br \/>\nL\u00a0 (58cm)<\/p>\n<p><strong>Cleaning: Waterproof, washable with soap and water<\/strong><\/p>\n","protected":false},"excerpt":{"rendered":"<p><strong>COLLECTION 2023<\/strong><\/p>\n","protected":false},"featured_media":18766,"comment_status":"closed","ping_status":"closed","template":"","meta":[],"product_brand":[],"product_cat":[215],"product_tag":[],"class_list":{"0":"post-5165","1":"product","2":"type-product","3":"status-publish","4":"has-post-thumbnail","6":"product_cat-cork-hats","8":"first","9":"outofstock","10":"taxable","11":"shipping-taxable","12":"purchasable","13":"product-type-simple"},"yoast_head":"<!-- This site is optimized with the Yoast SEO plugin v25.5 - https:\/\/yoast.com\/wordpress\/plugins\/seo\/ -->\n<title>Cork cowboy hat - Design Textinova - Articles en Li\u00e8ge -Cr\u00e9ateur sacs en Li\u00e8ge,Bijouterie en Li\u00e8ge,accesoires en Li\u00e8ge<\/title>\n<meta name=\"robots\" content=\"index, follow, max-snippet:-1, max-image-preview:large, max-video-preview:-1\" \/>\n<link rel=\"canonical\" href=\"https:\/\/textinova.lu\/boutique\/chapeaux\/chapeau-cowboy-en-liege-4\/\" \/>\n<meta property=\"og:locale\" content=\"en_US\" \/>\n<meta property=\"og:type\" content=\"article\" \/>\n<meta property=\"og:title\" content=\"Cork cowboy hat - Design Textinova - Articles en Li\u00e8ge -Cr\u00e9ateur sacs en Li\u00e8ge,Bijouterie en Li\u00e8ge,accesoires en Li\u00e8ge\" \/>\n<meta property=\"og:description\" content=\"COLLECTION 2023\" \/>\n<meta property=\"og:url\" content=\"https:\/\/textinova.lu\/boutique\/chapeaux\/chapeau-cowboy-en-liege-4\/\" \/>\n<meta property=\"og:site_name\" content=\"Design Textinova - Articles en Li\u00e8ge -Cr\u00e9ateur sacs en Li\u00e8ge,Bijouterie en Li\u00e8ge,accesoires en Li\u00e8ge\" \/>\n<meta property=\"article:modified_time\" content=\"2023-03-05T18:10:36+00:00\" \/>\n<meta property=\"og:image\" content=\"https:\/\/textinova.lu\/wp-content\/uploads\/2015\/08\/297364133_5924443060903817_1676971874463705960_n.jpg\" \/>\n\t<meta property=\"og:image:width\" content=\"768\" \/>\n\t<meta property=\"og:image:height\" content=\"960\" \/>\n\t<meta property=\"og:image:type\" content=\"image\/jpeg\" \/>\n<meta name=\"twitter:card\" content=\"summary_large_image\" \/>\n<script type=\"application\/ld+json\" class=\"yoast-schema-graph\">{\"@context\":\"https:\/\/schema.org\",\"@graph\":[{\"@type\":\"WebPage\",\"@id\":\"https:\/\/textinova.lu\/boutique\/chapeaux\/chapeau-cowboy-en-liege-4\/\",\"url\":\"https:\/\/textinova.lu\/boutique\/chapeaux\/chapeau-cowboy-en-liege-4\/\",\"name\":\"Cork cowboy hat - Design Textinova - Articles en Li\u00e8ge -Cr\u00e9ateur sacs en Li\u00e8ge,Bijouterie en Li\u00e8ge,accesoires en Li\u00e8ge\",\"isPartOf\":{\"@id\":\"https:\/\/textinova.lu\/#website\"},\"primaryImageOfPage\":{\"@id\":\"https:\/\/textinova.lu\/boutique\/chapeaux\/chapeau-cowboy-en-liege-4\/#primaryimage\"},\"image\":{\"@id\":\"https:\/\/textinova.lu\/boutique\/chapeaux\/chapeau-cowboy-en-liege-4\/#primaryimage\"},\"thumbnailUrl\":\"https:\/\/textinova.lu\/wp-content\/uploads\/2015\/08\/297364133_5924443060903817_1676971874463705960_n.jpg\",\"datePublished\":\"2015-08-19T06:48:27+00:00\",\"dateModified\":\"2023-03-05T18:10:36+00:00\",\"breadcrumb\":{\"@id\":\"https:\/\/textinova.lu\/boutique\/chapeaux\/chapeau-cowboy-en-liege-4\/#breadcrumb\"},\"inLanguage\":\"en-US\",\"potentialAction\":[{\"@type\":\"ReadAction\",\"target\":[\"https:\/\/textinova.lu\/boutique\/chapeaux\/chapeau-cowboy-en-liege-4\/\"]}]},{\"@type\":\"ImageObject\",\"inLanguage\":\"en-US\",\"@id\":\"https:\/\/textinova.lu\/boutique\/chapeaux\/chapeau-cowboy-en-liege-4\/#primaryimage\",\"url\":\"https:\/\/textinova.lu\/wp-content\/uploads\/2015\/08\/297364133_5924443060903817_1676971874463705960_n.jpg\",\"contentUrl\":\"https:\/\/textinova.lu\/wp-content\/uploads\/2015\/08\/297364133_5924443060903817_1676971874463705960_n.jpg\",\"width\":768,\"height\":960},{\"@type\":\"BreadcrumbList\",\"@id\":\"https:\/\/textinova.lu\/boutique\/chapeaux\/chapeau-cowboy-en-liege-4\/#breadcrumb\",\"itemListElement\":[{\"@type\":\"ListItem\",\"position\":1,\"name\":\"Accueil\",\"item\":\"https:\/\/textinova.lu\/en\/\"},{\"@type\":\"ListItem\",\"position\":2,\"name\":\"Shop\",\"item\":\"https:\/\/textinova.lu\/en\/boutique\/\"},{\"@type\":\"ListItem\",\"position\":3,\"name\":\"Cork cowboy hat\"}]},{\"@type\":\"WebSite\",\"@id\":\"https:\/\/textinova.lu\/#website\",\"url\":\"https:\/\/textinova.lu\/\",\"name\":\"Textinova\",\"description\":\"Cr\u00e9ations Artisanales en Li\u00e8ge 100% Naturel\",\"publisher\":{\"@id\":\"https:\/\/textinova.lu\/#organization\"},\"potentialAction\":[{\"@type\":\"SearchAction\",\"target\":{\"@type\":\"EntryPoint\",\"urlTemplate\":\"https:\/\/textinova.lu\/?s={search_term_string}\"},\"query-input\":{\"@type\":\"PropertyValueSpecification\",\"valueRequired\":true,\"valueName\":\"search_term_string\"}}],\"inLanguage\":\"en-US\"},{\"@type\":\"Organization\",\"@id\":\"https:\/\/textinova.lu\/#organization\",\"name\":\"Textinova\",\"url\":\"https:\/\/textinova.lu\/\",\"logo\":{\"@type\":\"ImageObject\",\"inLanguage\":\"en-US\",\"@id\":\"https:\/\/textinova.lu\/#\/schema\/logo\/image\/\",\"url\":\"https:\/\/textinova.lu\/wp-content\/uploads\/2023\/05\/logo-textinova-cork-luxdesign.-2015jpg.jpg\",\"contentUrl\":\"https:\/\/textinova.lu\/wp-content\/uploads\/2023\/05\/logo-textinova-cork-luxdesign.-2015jpg.jpg\",\"width\":300,\"height\":190,\"caption\":\"Textinova\"},\"image\":{\"@id\":\"https:\/\/textinova.lu\/#\/schema\/logo\/image\/\"},\"sameAs\":[\"https:\/\/www.youtube.com\/channel\/UC-re5faHketDuAZHsyjnxFw\"]}]}<\/script>\n<!-- \/ Yoast SEO plugin. -->","yoast_head_json":{"title":"Cork cowboy hat - Design Textinova - Articles en Li\u00e8ge -Cr\u00e9ateur sacs en Li\u00e8ge,Bijouterie en Li\u00e8ge,accesoires en Li\u00e8ge","robots":{"index":"index","follow":"follow","max-snippet":"max-snippet:-1","max-image-preview":"max-image-preview:large","max-video-preview":"max-video-preview:-1"},"canonical":"https:\/\/textinova.lu\/boutique\/chapeaux\/chapeau-cowboy-en-liege-4\/","og_locale":"en_US","og_type":"article","og_title":"Cork cowboy hat - Design Textinova - Articles en Li\u00e8ge -Cr\u00e9ateur sacs en Li\u00e8ge,Bijouterie en Li\u00e8ge,accesoires en Li\u00e8ge","og_description":"COLLECTION 2023","og_url":"https:\/\/textinova.lu\/boutique\/chapeaux\/chapeau-cowboy-en-liege-4\/","og_site_name":"Design Textinova - Articles en Li\u00e8ge -Cr\u00e9ateur sacs en Li\u00e8ge,Bijouterie en Li\u00e8ge,accesoires en Li\u00e8ge","article_modified_time":"2023-03-05T18:10:36+00:00","og_image":[{"width":768,"height":960,"url":"https:\/\/textinova.lu\/wp-content\/uploads\/2015\/08\/297364133_5924443060903817_1676971874463705960_n.jpg","type":"image\/jpeg"}],"twitter_card":"summary_large_image","schema":{"@context":"https:\/\/schema.org","@graph":[{"@type":"WebPage","@id":"https:\/\/textinova.lu\/boutique\/chapeaux\/chapeau-cowboy-en-liege-4\/","url":"https:\/\/textinova.lu\/boutique\/chapeaux\/chapeau-cowboy-en-liege-4\/","name":"Cork cowboy hat - Design Textinova - Articles en Li\u00e8ge -Cr\u00e9ateur sacs en Li\u00e8ge,Bijouterie en Li\u00e8ge,accesoires en Li\u00e8ge","isPartOf":{"@id":"https:\/\/textinova.lu\/#website"},"primaryImageOfPage":{"@id":"https:\/\/textinova.lu\/boutique\/chapeaux\/chapeau-cowboy-en-liege-4\/#primaryimage"},"image":{"@id":"https:\/\/textinova.lu\/boutique\/chapeaux\/chapeau-cowboy-en-liege-4\/#primaryimage"},"thumbnailUrl":"https:\/\/textinova.lu\/wp-content\/uploads\/2015\/08\/297364133_5924443060903817_1676971874463705960_n.jpg","datePublished":"2015-08-19T06:48:27+00:00","dateModified":"2023-03-05T18:10:36+00:00","breadcrumb":{"@id":"https:\/\/textinova.lu\/boutique\/chapeaux\/chapeau-cowboy-en-liege-4\/#breadcrumb"},"inLanguage":"en-US","potentialAction":[{"@type":"ReadAction","target":["https:\/\/textinova.lu\/boutique\/chapeaux\/chapeau-cowboy-en-liege-4\/"]}]},{"@type":"ImageObject","inLanguage":"en-US","@id":"https:\/\/textinova.lu\/boutique\/chapeaux\/chapeau-cowboy-en-liege-4\/#primaryimage","url":"https:\/\/textinova.lu\/wp-content\/uploads\/2015\/08\/297364133_5924443060903817_1676971874463705960_n.jpg","contentUrl":"https:\/\/textinova.lu\/wp-content\/uploads\/2015\/08\/297364133_5924443060903817_1676971874463705960_n.jpg","width":768,"height":960},{"@type":"BreadcrumbList","@id":"https:\/\/textinova.lu\/boutique\/chapeaux\/chapeau-cowboy-en-liege-4\/#breadcrumb","itemListElement":[{"@type":"ListItem","position":1,"name":"Accueil","item":"https:\/\/textinova.lu\/en\/"},{"@type":"ListItem","position":2,"name":"Shop","item":"https:\/\/textinova.lu\/en\/boutique\/"},{"@type":"ListItem","position":3,"name":"Cork cowboy hat"}]},{"@type":"WebSite","@id":"https:\/\/textinova.lu\/#website","url":"https:\/\/textinova.lu\/","name":"Textinova","description":"Cr\u00e9ations Artisanales en Li\u00e8ge 100% Naturel","publisher":{"@id":"https:\/\/textinova.lu\/#organization"},"potentialAction":[{"@type":"SearchAction","target":{"@type":"EntryPoint","urlTemplate":"https:\/\/textinova.lu\/?s={search_term_string}"},"query-input":{"@type":"PropertyValueSpecification","valueRequired":true,"valueName":"search_term_string"}}],"inLanguage":"en-US"},{"@type":"Organization","@id":"https:\/\/textinova.lu\/#organization","name":"Textinova","url":"https:\/\/textinova.lu\/","logo":{"@type":"ImageObject","inLanguage":"en-US","@id":"https:\/\/textinova.lu\/#\/schema\/logo\/image\/","url":"https:\/\/textinova.lu\/wp-content\/uploads\/2023\/05\/logo-textinova-cork-luxdesign.-2015jpg.jpg","contentUrl":"https:\/\/textinova.lu\/wp-content\/uploads\/2023\/05\/logo-textinova-cork-luxdesign.-2015jpg.jpg","width":300,"height":190,"caption":"Textinova"},"image":{"@id":"https:\/\/textinova.lu\/#\/schema\/logo\/image\/"},"sameAs":["https:\/\/www.youtube.com\/channel\/UC-re5faHketDuAZHsyjnxFw"]}]}},"_links":{"self":[{"href":"https:\/\/textinova.lu\/en\/wp-json\/wp\/v2\/product\/5165","targetHints":{"allow":["GET"]}}],"collection":[{"href":"https:\/\/textinova.lu\/en\/wp-json\/wp\/v2\/product"}],"about":[{"href":"https:\/\/textinova.lu\/en\/wp-json\/wp\/v2\/types\/product"}],"replies":[{"embeddable":true,"href":"https:\/\/textinova.lu\/en\/wp-json\/wp\/v2\/comments?post=5165"}],"wp:featuredmedia":[{"embeddable":true,"href":"https:\/\/textinova.lu\/en\/wp-json\/wp\/v2\/media\/18766"}],"wp:attachment":[{"href":"https:\/\/textinova.lu\/en\/wp-json\/wp\/v2\/media?parent=5165"}],"wp:term":[{"taxonomy":"product_brand","embeddable":true,"href":"https:\/\/textinova.lu\/en\/wp-json\/wp\/v2\/product_brand?post=5165"},{"taxonomy":"product_cat","embeddable":true,"href":"https:\/\/textinova.lu\/en\/wp-json\/wp\/v2\/product_cat?post=5165"},{"taxonomy":"product_tag","embeddable":true,"href":"https:\/\/textinova.lu\/en\/wp-json\/wp\/v2\/product_tag?post=5165"}],"curies":[{"name":"wp","href":"https:\/\/api.w.org\/{rel}","templated":true}]}}