{"id":5168,"date":"2015-06-30T19:27:52","date_gmt":"2015-06-30T19:27:52","guid":{"rendered":"http:\/\/textinova.lu\/boutique\/uncategorized\/cork-cosmetics-purse\/"},"modified":"2021-06-01T10:04:59","modified_gmt":"2021-06-01T08:04:59","slug":"cork-cosmetics-purse","status":"publish","type":"product","link":"https:\/\/textinova.lu\/en\/boutique\/cork-fashion-items\/cork-cosmetics-purse\/","title":{"rendered":"Large cork cosmetic bag, Rustic pattern"},"content":{"rendered":"<p><img loading=\"lazy\" decoding=\"async\" class=\"alignnone size-full wp-image-15708\" src=\"https:\/\/textinova.lu\/wp-content\/uploads\/2021\/01\/MADE-IN-PORTUGAL-PETIT-1.jpg\" alt=\"\" width=\"150\" height=\"153\" \/> <img loading=\"lazy\" decoding=\"async\" class=\"alignnone size-full wp-image-15705\" src=\"https:\/\/textinova.lu\/wp-content\/uploads\/2020\/03\/eco-friendly.jpg\" alt=\"\" width=\"150\" height=\"143\" \/><\/p>\n<p>&nbsp;<\/p>\n<h4><span style=\"font-size: 13px; font-style: italic;\">Large cosmetic\u00a0bag\u00a0made of cork fabric with a zipper.<\/span><\/p>\n<p><span style=\"font-size: 13px; font-style: italic;\"> Interior lined with cotton.<\/span><\/h4>\n<p>Size: 28,5cm x 14,5cm<\/p>\n<p><span style=\"color: #008000;\">VEGAN PRODUCT<\/span><\/p>\n<p>Available in several patterns<\/p>\n<p>Cleaning: Waterproof, washable with soap and water<\/p>\n<p><span style=\"color: #008000;\">A stylish, ecological and original fashion choice.<\/span><br \/>\n<span style=\"color: #008000;\">100% natural, recyclable and biodegradable.<\/span><\/p>\n<p><span style=\"color: #008000;\"><strong>Protect the Nature \u2013 Think Bio \u2013 Buy Cork !<\/strong><\/span><\/p>\n<p>&nbsp;<\/p>\n<p>&nbsp;<\/p>\n","protected":false},"excerpt":{"rendered":"<p><span style=\"font-size: 24px;\">Cosmetic bag &#8211; Large<\/span><\/p>\n","protected":false},"featured_media":17777,"comment_status":"closed","ping_status":"closed","template":"","meta":[],"product_brand":[],"product_cat":[205],"product_tag":[228,234],"class_list":{"0":"post-5168","1":"product","2":"type-product","3":"status-publish","4":"has-post-thumbnail","6":"product_cat-cork-fashion-items","7":"product_tag-cork-cosmetic-bag","8":"product_tag-cork-texture","10":"first","11":"instock","12":"taxable","13":"shipping-taxable","14":"purchasable","15":"product-type-simple"},"yoast_head":"<!-- This site is optimized with the Yoast SEO plugin v25.5 - https:\/\/yoast.com\/wordpress\/plugins\/seo\/ -->\n<title>Large cork cosmetic bag, Rustic pattern - Design Textinova - Articles en Li\u00e8ge -Cr\u00e9ateur sacs en Li\u00e8ge,Bijouterie en Li\u00e8ge,accesoires en Li\u00e8ge<\/title>\n<meta name=\"robots\" content=\"index, follow, max-snippet:-1, max-image-preview:large, max-video-preview:-1\" \/>\n<link rel=\"canonical\" href=\"https:\/\/textinova.lu\/boutique\/accessoires-100-naturel\/grande-pochette-cosmetique-en-liege-texture-recycle\/\" \/>\n<meta property=\"og:locale\" content=\"en_US\" \/>\n<meta property=\"og:type\" content=\"article\" \/>\n<meta property=\"og:title\" content=\"Large cork cosmetic bag, Rustic pattern - Design Textinova - Articles en Li\u00e8ge -Cr\u00e9ateur sacs en Li\u00e8ge,Bijouterie en Li\u00e8ge,accesoires en Li\u00e8ge\" \/>\n<meta property=\"og:description\" content=\"Cosmetic bag - Large\" \/>\n<meta property=\"og:url\" content=\"https:\/\/textinova.lu\/boutique\/accessoires-100-naturel\/grande-pochette-cosmetique-en-liege-texture-recycle\/\" \/>\n<meta property=\"og:site_name\" content=\"Design Textinova - Articles en Li\u00e8ge -Cr\u00e9ateur sacs en Li\u00e8ge,Bijouterie en Li\u00e8ge,accesoires en Li\u00e8ge\" \/>\n<meta property=\"article:modified_time\" content=\"2021-06-01T08:04:59+00:00\" \/>\n<meta property=\"og:image\" content=\"https:\/\/textinova.lu\/wp-content\/uploads\/2022\/01\/271251551_1875898219269201_9142852441147195569_n.jpg\" \/>\n\t<meta property=\"og:image:width\" content=\"800\" \/>\n\t<meta property=\"og:image:height\" content=\"600\" \/>\n\t<meta property=\"og:image:type\" content=\"image\/jpeg\" \/>\n<meta name=\"twitter:card\" content=\"summary_large_image\" \/>\n<script type=\"application\/ld+json\" class=\"yoast-schema-graph\">{\"@context\":\"https:\/\/schema.org\",\"@graph\":[{\"@type\":\"WebPage\",\"@id\":\"https:\/\/textinova.lu\/boutique\/accessoires-100-naturel\/grande-pochette-cosmetique-en-liege-texture-recycle\/\",\"url\":\"https:\/\/textinova.lu\/boutique\/accessoires-100-naturel\/grande-pochette-cosmetique-en-liege-texture-recycle\/\",\"name\":\"Large cork cosmetic bag, Rustic pattern - Design Textinova - Articles en Li\u00e8ge -Cr\u00e9ateur sacs en Li\u00e8ge,Bijouterie en Li\u00e8ge,accesoires en Li\u00e8ge\",\"isPartOf\":{\"@id\":\"https:\/\/textinova.lu\/#website\"},\"primaryImageOfPage\":{\"@id\":\"https:\/\/textinova.lu\/boutique\/accessoires-100-naturel\/grande-pochette-cosmetique-en-liege-texture-recycle\/#primaryimage\"},\"image\":{\"@id\":\"https:\/\/textinova.lu\/boutique\/accessoires-100-naturel\/grande-pochette-cosmetique-en-liege-texture-recycle\/#primaryimage\"},\"thumbnailUrl\":\"https:\/\/textinova.lu\/wp-content\/uploads\/2022\/01\/271251551_1875898219269201_9142852441147195569_n.jpg\",\"datePublished\":\"2015-06-30T19:27:52+00:00\",\"dateModified\":\"2021-06-01T08:04:59+00:00\",\"breadcrumb\":{\"@id\":\"https:\/\/textinova.lu\/boutique\/accessoires-100-naturel\/grande-pochette-cosmetique-en-liege-texture-recycle\/#breadcrumb\"},\"inLanguage\":\"en-US\",\"potentialAction\":[{\"@type\":\"ReadAction\",\"target\":[\"https:\/\/textinova.lu\/boutique\/accessoires-100-naturel\/grande-pochette-cosmetique-en-liege-texture-recycle\/\"]}]},{\"@type\":\"ImageObject\",\"inLanguage\":\"en-US\",\"@id\":\"https:\/\/textinova.lu\/boutique\/accessoires-100-naturel\/grande-pochette-cosmetique-en-liege-texture-recycle\/#primaryimage\",\"url\":\"https:\/\/textinova.lu\/wp-content\/uploads\/2022\/01\/271251551_1875898219269201_9142852441147195569_n.jpg\",\"contentUrl\":\"https:\/\/textinova.lu\/wp-content\/uploads\/2022\/01\/271251551_1875898219269201_9142852441147195569_n.jpg\",\"width\":800,\"height\":600},{\"@type\":\"BreadcrumbList\",\"@id\":\"https:\/\/textinova.lu\/boutique\/accessoires-100-naturel\/grande-pochette-cosmetique-en-liege-texture-recycle\/#breadcrumb\",\"itemListElement\":[{\"@type\":\"ListItem\",\"position\":1,\"name\":\"Accueil\",\"item\":\"https:\/\/textinova.lu\/en\/\"},{\"@type\":\"ListItem\",\"position\":2,\"name\":\"Shop\",\"item\":\"https:\/\/textinova.lu\/en\/boutique\/\"},{\"@type\":\"ListItem\",\"position\":3,\"name\":\"Large cork cosmetic bag, Rustic pattern\"}]},{\"@type\":\"WebSite\",\"@id\":\"https:\/\/textinova.lu\/#website\",\"url\":\"https:\/\/textinova.lu\/\",\"name\":\"Textinova\",\"description\":\"Cr\u00e9ations Artisanales en Li\u00e8ge 100% Naturel\",\"publisher\":{\"@id\":\"https:\/\/textinova.lu\/#organization\"},\"potentialAction\":[{\"@type\":\"SearchAction\",\"target\":{\"@type\":\"EntryPoint\",\"urlTemplate\":\"https:\/\/textinova.lu\/?s={search_term_string}\"},\"query-input\":{\"@type\":\"PropertyValueSpecification\",\"valueRequired\":true,\"valueName\":\"search_term_string\"}}],\"inLanguage\":\"en-US\"},{\"@type\":\"Organization\",\"@id\":\"https:\/\/textinova.lu\/#organization\",\"name\":\"Textinova\",\"url\":\"https:\/\/textinova.lu\/\",\"logo\":{\"@type\":\"ImageObject\",\"inLanguage\":\"en-US\",\"@id\":\"https:\/\/textinova.lu\/#\/schema\/logo\/image\/\",\"url\":\"https:\/\/textinova.lu\/wp-content\/uploads\/2023\/05\/logo-textinova-cork-luxdesign.-2015jpg.jpg\",\"contentUrl\":\"https:\/\/textinova.lu\/wp-content\/uploads\/2023\/05\/logo-textinova-cork-luxdesign.-2015jpg.jpg\",\"width\":300,\"height\":190,\"caption\":\"Textinova\"},\"image\":{\"@id\":\"https:\/\/textinova.lu\/#\/schema\/logo\/image\/\"},\"sameAs\":[\"https:\/\/www.youtube.com\/channel\/UC-re5faHketDuAZHsyjnxFw\"]}]}<\/script>\n<!-- \/ Yoast SEO plugin. -->","yoast_head_json":{"title":"Large cork cosmetic bag, Rustic pattern - Design Textinova - Articles en Li\u00e8ge -Cr\u00e9ateur sacs en Li\u00e8ge,Bijouterie en Li\u00e8ge,accesoires en Li\u00e8ge","robots":{"index":"index","follow":"follow","max-snippet":"max-snippet:-1","max-image-preview":"max-image-preview:large","max-video-preview":"max-video-preview:-1"},"canonical":"https:\/\/textinova.lu\/boutique\/accessoires-100-naturel\/grande-pochette-cosmetique-en-liege-texture-recycle\/","og_locale":"en_US","og_type":"article","og_title":"Large cork cosmetic bag, Rustic pattern - Design Textinova - Articles en Li\u00e8ge -Cr\u00e9ateur sacs en Li\u00e8ge,Bijouterie en Li\u00e8ge,accesoires en Li\u00e8ge","og_description":"Cosmetic bag - Large","og_url":"https:\/\/textinova.lu\/boutique\/accessoires-100-naturel\/grande-pochette-cosmetique-en-liege-texture-recycle\/","og_site_name":"Design Textinova - Articles en Li\u00e8ge -Cr\u00e9ateur sacs en Li\u00e8ge,Bijouterie en Li\u00e8ge,accesoires en Li\u00e8ge","article_modified_time":"2021-06-01T08:04:59+00:00","og_image":[{"width":800,"height":600,"url":"https:\/\/textinova.lu\/wp-content\/uploads\/2022\/01\/271251551_1875898219269201_9142852441147195569_n.jpg","type":"image\/jpeg"}],"twitter_card":"summary_large_image","schema":{"@context":"https:\/\/schema.org","@graph":[{"@type":"WebPage","@id":"https:\/\/textinova.lu\/boutique\/accessoires-100-naturel\/grande-pochette-cosmetique-en-liege-texture-recycle\/","url":"https:\/\/textinova.lu\/boutique\/accessoires-100-naturel\/grande-pochette-cosmetique-en-liege-texture-recycle\/","name":"Large cork cosmetic bag, Rustic pattern - Design Textinova - Articles en Li\u00e8ge -Cr\u00e9ateur sacs en Li\u00e8ge,Bijouterie en Li\u00e8ge,accesoires en Li\u00e8ge","isPartOf":{"@id":"https:\/\/textinova.lu\/#website"},"primaryImageOfPage":{"@id":"https:\/\/textinova.lu\/boutique\/accessoires-100-naturel\/grande-pochette-cosmetique-en-liege-texture-recycle\/#primaryimage"},"image":{"@id":"https:\/\/textinova.lu\/boutique\/accessoires-100-naturel\/grande-pochette-cosmetique-en-liege-texture-recycle\/#primaryimage"},"thumbnailUrl":"https:\/\/textinova.lu\/wp-content\/uploads\/2022\/01\/271251551_1875898219269201_9142852441147195569_n.jpg","datePublished":"2015-06-30T19:27:52+00:00","dateModified":"2021-06-01T08:04:59+00:00","breadcrumb":{"@id":"https:\/\/textinova.lu\/boutique\/accessoires-100-naturel\/grande-pochette-cosmetique-en-liege-texture-recycle\/#breadcrumb"},"inLanguage":"en-US","potentialAction":[{"@type":"ReadAction","target":["https:\/\/textinova.lu\/boutique\/accessoires-100-naturel\/grande-pochette-cosmetique-en-liege-texture-recycle\/"]}]},{"@type":"ImageObject","inLanguage":"en-US","@id":"https:\/\/textinova.lu\/boutique\/accessoires-100-naturel\/grande-pochette-cosmetique-en-liege-texture-recycle\/#primaryimage","url":"https:\/\/textinova.lu\/wp-content\/uploads\/2022\/01\/271251551_1875898219269201_9142852441147195569_n.jpg","contentUrl":"https:\/\/textinova.lu\/wp-content\/uploads\/2022\/01\/271251551_1875898219269201_9142852441147195569_n.jpg","width":800,"height":600},{"@type":"BreadcrumbList","@id":"https:\/\/textinova.lu\/boutique\/accessoires-100-naturel\/grande-pochette-cosmetique-en-liege-texture-recycle\/#breadcrumb","itemListElement":[{"@type":"ListItem","position":1,"name":"Accueil","item":"https:\/\/textinova.lu\/en\/"},{"@type":"ListItem","position":2,"name":"Shop","item":"https:\/\/textinova.lu\/en\/boutique\/"},{"@type":"ListItem","position":3,"name":"Large cork cosmetic bag, Rustic pattern"}]},{"@type":"WebSite","@id":"https:\/\/textinova.lu\/#website","url":"https:\/\/textinova.lu\/","name":"Textinova","description":"Cr\u00e9ations Artisanales en Li\u00e8ge 100% Naturel","publisher":{"@id":"https:\/\/textinova.lu\/#organization"},"potentialAction":[{"@type":"SearchAction","target":{"@type":"EntryPoint","urlTemplate":"https:\/\/textinova.lu\/?s={search_term_string}"},"query-input":{"@type":"PropertyValueSpecification","valueRequired":true,"valueName":"search_term_string"}}],"inLanguage":"en-US"},{"@type":"Organization","@id":"https:\/\/textinova.lu\/#organization","name":"Textinova","url":"https:\/\/textinova.lu\/","logo":{"@type":"ImageObject","inLanguage":"en-US","@id":"https:\/\/textinova.lu\/#\/schema\/logo\/image\/","url":"https:\/\/textinova.lu\/wp-content\/uploads\/2023\/05\/logo-textinova-cork-luxdesign.-2015jpg.jpg","contentUrl":"https:\/\/textinova.lu\/wp-content\/uploads\/2023\/05\/logo-textinova-cork-luxdesign.-2015jpg.jpg","width":300,"height":190,"caption":"Textinova"},"image":{"@id":"https:\/\/textinova.lu\/#\/schema\/logo\/image\/"},"sameAs":["https:\/\/www.youtube.com\/channel\/UC-re5faHketDuAZHsyjnxFw"]}]}},"_links":{"self":[{"href":"https:\/\/textinova.lu\/en\/wp-json\/wp\/v2\/product\/5168","targetHints":{"allow":["GET"]}}],"collection":[{"href":"https:\/\/textinova.lu\/en\/wp-json\/wp\/v2\/product"}],"about":[{"href":"https:\/\/textinova.lu\/en\/wp-json\/wp\/v2\/types\/product"}],"replies":[{"embeddable":true,"href":"https:\/\/textinova.lu\/en\/wp-json\/wp\/v2\/comments?post=5168"}],"wp:featuredmedia":[{"embeddable":true,"href":"https:\/\/textinova.lu\/en\/wp-json\/wp\/v2\/media\/17777"}],"wp:attachment":[{"href":"https:\/\/textinova.lu\/en\/wp-json\/wp\/v2\/media?parent=5168"}],"wp:term":[{"taxonomy":"product_brand","embeddable":true,"href":"https:\/\/textinova.lu\/en\/wp-json\/wp\/v2\/product_brand?post=5168"},{"taxonomy":"product_cat","embeddable":true,"href":"https:\/\/textinova.lu\/en\/wp-json\/wp\/v2\/product_cat?post=5168"},{"taxonomy":"product_tag","embeddable":true,"href":"https:\/\/textinova.lu\/en\/wp-json\/wp\/v2\/product_tag?post=5168"}],"curies":[{"name":"wp","href":"https:\/\/api.w.org\/{rel}","templated":true}]}}