{"id":5574,"date":"2015-01-22T10:23:21","date_gmt":"2015-01-22T10:23:21","guid":{"rendered":"http:\/\/textinova.lu\/boutique\/uncategorized\/cork-cap-natural-pattern\/"},"modified":"2025-05-25T12:18:01","modified_gmt":"2025-05-25T10:18:01","slug":"cork-cap-natural-pattern","status":"publish","type":"product","link":"https:\/\/textinova.lu\/en\/boutique\/cork-hats\/cork-cap-natural-pattern\/","title":{"rendered":"Cork cap, Texas pattern"},"content":{"rendered":"<p><strong>MADE IN PORTUGAL<\/strong><\/p>\n<p>All-weather cork cap in its Texaspattern, which is of course water resistant.<\/p>\n<p><span id=\"result_box\" class=\"short_text\" lang=\"en\"><span class=\"\">Sizes available\u00a0\u00a0 56 -58<\/span><\/span><\/p>\n<p><span style=\"color: #339966;\"><strong>VEGAN PRODUCT<\/strong><\/span><\/p>\n<p>Also available in dark cork or the Kenya cork pattern.<\/p>\n<p><span style=\"color: #008000;\">A stylish, ecological and original fashion choice.<\/span><br \/>\n<span style=\"color: #008000;\">100% natural, recyclable and biodegradable.<\/span><br \/>\n<span style=\"color: #008000;\">Cork &#8211; Nature to wear<\/span><br \/>\n<span style=\"color: #008000;\">Think Nature &#8211; Think Bio &#8211; Think Cork<\/span><\/p>\n","protected":false},"excerpt":{"rendered":"<p>MADE IN PORTUGAL All-weather cork cap in its Texaspattern, which is of course water resistant. Sizes available\u00a0\u00a0 56 [&hellip;]<\/p>\n","protected":false},"featured_media":14367,"comment_status":"closed","ping_status":"closed","template":"","meta":[],"product_brand":[],"product_cat":[215],"product_tag":[226],"class_list":{"0":"post-5574","1":"product","2":"type-product","3":"status-publish","4":"has-post-thumbnail","6":"product_cat-cork-hats","7":"product_tag-cork-hat","9":"first","10":"outofstock","11":"taxable","12":"shipping-taxable","13":"purchasable","14":"product-type-simple"},"yoast_head":"<!-- This site is optimized with the Yoast SEO plugin v25.5 - https:\/\/yoast.com\/wordpress\/plugins\/seo\/ -->\n<title>Cork cap, Texas pattern - Design Textinova - Articles en Li\u00e8ge -Cr\u00e9ateur sacs en Li\u00e8ge,Bijouterie en Li\u00e8ge,accesoires en Li\u00e8ge<\/title>\n<meta name=\"robots\" content=\"index, follow, max-snippet:-1, max-image-preview:large, max-video-preview:-1\" \/>\n<link rel=\"canonical\" href=\"https:\/\/textinova.lu\/boutique\/chapeaux\/casquette-en-liege-texture-naturel\/\" \/>\n<meta property=\"og:locale\" content=\"en_US\" \/>\n<meta property=\"og:type\" content=\"article\" \/>\n<meta property=\"og:title\" content=\"Cork cap, Texas pattern - Design Textinova - Articles en Li\u00e8ge -Cr\u00e9ateur sacs en Li\u00e8ge,Bijouterie en Li\u00e8ge,accesoires en Li\u00e8ge\" \/>\n<meta property=\"og:description\" content=\"MADE IN PORTUGAL All-weather cork cap in its Texaspattern, which is of course water resistant. Sizes available\u00a0\u00a0 56 [&hellip;]\" \/>\n<meta property=\"og:url\" content=\"https:\/\/textinova.lu\/boutique\/chapeaux\/casquette-en-liege-texture-naturel\/\" \/>\n<meta property=\"og:site_name\" content=\"Design Textinova - Articles en Li\u00e8ge -Cr\u00e9ateur sacs en Li\u00e8ge,Bijouterie en Li\u00e8ge,accesoires en Li\u00e8ge\" \/>\n<meta property=\"article:modified_time\" content=\"2025-05-25T10:18:01+00:00\" \/>\n<meta property=\"og:image\" content=\"https:\/\/textinova.lu\/wp-content\/uploads\/2015\/01\/P1020623.jpg\" \/>\n\t<meta property=\"og:image:width\" content=\"1000\" \/>\n\t<meta property=\"og:image:height\" content=\"1779\" \/>\n\t<meta property=\"og:image:type\" content=\"image\/jpeg\" \/>\n<meta name=\"twitter:card\" content=\"summary_large_image\" \/>\n<script type=\"application\/ld+json\" class=\"yoast-schema-graph\">{\"@context\":\"https:\/\/schema.org\",\"@graph\":[{\"@type\":\"WebPage\",\"@id\":\"https:\/\/textinova.lu\/boutique\/chapeaux\/casquette-en-liege-texture-naturel\/\",\"url\":\"https:\/\/textinova.lu\/boutique\/chapeaux\/casquette-en-liege-texture-naturel\/\",\"name\":\"Cork cap, Texas pattern - Design Textinova - Articles en Li\u00e8ge -Cr\u00e9ateur sacs en Li\u00e8ge,Bijouterie en Li\u00e8ge,accesoires en Li\u00e8ge\",\"isPartOf\":{\"@id\":\"https:\/\/textinova.lu\/#website\"},\"primaryImageOfPage\":{\"@id\":\"https:\/\/textinova.lu\/boutique\/chapeaux\/casquette-en-liege-texture-naturel\/#primaryimage\"},\"image\":{\"@id\":\"https:\/\/textinova.lu\/boutique\/chapeaux\/casquette-en-liege-texture-naturel\/#primaryimage\"},\"thumbnailUrl\":\"https:\/\/textinova.lu\/wp-content\/uploads\/2015\/01\/P1020623.jpg\",\"datePublished\":\"2015-01-22T10:23:21+00:00\",\"dateModified\":\"2025-05-25T10:18:01+00:00\",\"breadcrumb\":{\"@id\":\"https:\/\/textinova.lu\/boutique\/chapeaux\/casquette-en-liege-texture-naturel\/#breadcrumb\"},\"inLanguage\":\"en-US\",\"potentialAction\":[{\"@type\":\"ReadAction\",\"target\":[\"https:\/\/textinova.lu\/boutique\/chapeaux\/casquette-en-liege-texture-naturel\/\"]}]},{\"@type\":\"ImageObject\",\"inLanguage\":\"en-US\",\"@id\":\"https:\/\/textinova.lu\/boutique\/chapeaux\/casquette-en-liege-texture-naturel\/#primaryimage\",\"url\":\"https:\/\/textinova.lu\/wp-content\/uploads\/2015\/01\/P1020623.jpg\",\"contentUrl\":\"https:\/\/textinova.lu\/wp-content\/uploads\/2015\/01\/P1020623.jpg\",\"width\":1000,\"height\":1779},{\"@type\":\"BreadcrumbList\",\"@id\":\"https:\/\/textinova.lu\/boutique\/chapeaux\/casquette-en-liege-texture-naturel\/#breadcrumb\",\"itemListElement\":[{\"@type\":\"ListItem\",\"position\":1,\"name\":\"Accueil\",\"item\":\"https:\/\/textinova.lu\/en\/\"},{\"@type\":\"ListItem\",\"position\":2,\"name\":\"Shop\",\"item\":\"https:\/\/textinova.lu\/en\/boutique\/\"},{\"@type\":\"ListItem\",\"position\":3,\"name\":\"Cork cap, Texas pattern\"}]},{\"@type\":\"WebSite\",\"@id\":\"https:\/\/textinova.lu\/#website\",\"url\":\"https:\/\/textinova.lu\/\",\"name\":\"Textinova\",\"description\":\"Cr\u00e9ations Artisanales en Li\u00e8ge 100% Naturel\",\"publisher\":{\"@id\":\"https:\/\/textinova.lu\/#organization\"},\"potentialAction\":[{\"@type\":\"SearchAction\",\"target\":{\"@type\":\"EntryPoint\",\"urlTemplate\":\"https:\/\/textinova.lu\/?s={search_term_string}\"},\"query-input\":{\"@type\":\"PropertyValueSpecification\",\"valueRequired\":true,\"valueName\":\"search_term_string\"}}],\"inLanguage\":\"en-US\"},{\"@type\":\"Organization\",\"@id\":\"https:\/\/textinova.lu\/#organization\",\"name\":\"Textinova\",\"url\":\"https:\/\/textinova.lu\/\",\"logo\":{\"@type\":\"ImageObject\",\"inLanguage\":\"en-US\",\"@id\":\"https:\/\/textinova.lu\/#\/schema\/logo\/image\/\",\"url\":\"https:\/\/textinova.lu\/wp-content\/uploads\/2023\/05\/logo-textinova-cork-luxdesign.-2015jpg.jpg\",\"contentUrl\":\"https:\/\/textinova.lu\/wp-content\/uploads\/2023\/05\/logo-textinova-cork-luxdesign.-2015jpg.jpg\",\"width\":300,\"height\":190,\"caption\":\"Textinova\"},\"image\":{\"@id\":\"https:\/\/textinova.lu\/#\/schema\/logo\/image\/\"},\"sameAs\":[\"https:\/\/www.youtube.com\/channel\/UC-re5faHketDuAZHsyjnxFw\"]}]}<\/script>\n<!-- \/ Yoast SEO plugin. -->","yoast_head_json":{"title":"Cork cap, Texas pattern - Design Textinova - Articles en Li\u00e8ge -Cr\u00e9ateur sacs en Li\u00e8ge,Bijouterie en Li\u00e8ge,accesoires en Li\u00e8ge","robots":{"index":"index","follow":"follow","max-snippet":"max-snippet:-1","max-image-preview":"max-image-preview:large","max-video-preview":"max-video-preview:-1"},"canonical":"https:\/\/textinova.lu\/boutique\/chapeaux\/casquette-en-liege-texture-naturel\/","og_locale":"en_US","og_type":"article","og_title":"Cork cap, Texas pattern - Design Textinova - Articles en Li\u00e8ge -Cr\u00e9ateur sacs en Li\u00e8ge,Bijouterie en Li\u00e8ge,accesoires en Li\u00e8ge","og_description":"MADE IN PORTUGAL All-weather cork cap in its Texaspattern, which is of course water resistant. Sizes available\u00a0\u00a0 56 [&hellip;]","og_url":"https:\/\/textinova.lu\/boutique\/chapeaux\/casquette-en-liege-texture-naturel\/","og_site_name":"Design Textinova - Articles en Li\u00e8ge -Cr\u00e9ateur sacs en Li\u00e8ge,Bijouterie en Li\u00e8ge,accesoires en Li\u00e8ge","article_modified_time":"2025-05-25T10:18:01+00:00","og_image":[{"width":1000,"height":1779,"url":"https:\/\/textinova.lu\/wp-content\/uploads\/2015\/01\/P1020623.jpg","type":"image\/jpeg"}],"twitter_card":"summary_large_image","schema":{"@context":"https:\/\/schema.org","@graph":[{"@type":"WebPage","@id":"https:\/\/textinova.lu\/boutique\/chapeaux\/casquette-en-liege-texture-naturel\/","url":"https:\/\/textinova.lu\/boutique\/chapeaux\/casquette-en-liege-texture-naturel\/","name":"Cork cap, Texas pattern - Design Textinova - Articles en Li\u00e8ge -Cr\u00e9ateur sacs en Li\u00e8ge,Bijouterie en Li\u00e8ge,accesoires en Li\u00e8ge","isPartOf":{"@id":"https:\/\/textinova.lu\/#website"},"primaryImageOfPage":{"@id":"https:\/\/textinova.lu\/boutique\/chapeaux\/casquette-en-liege-texture-naturel\/#primaryimage"},"image":{"@id":"https:\/\/textinova.lu\/boutique\/chapeaux\/casquette-en-liege-texture-naturel\/#primaryimage"},"thumbnailUrl":"https:\/\/textinova.lu\/wp-content\/uploads\/2015\/01\/P1020623.jpg","datePublished":"2015-01-22T10:23:21+00:00","dateModified":"2025-05-25T10:18:01+00:00","breadcrumb":{"@id":"https:\/\/textinova.lu\/boutique\/chapeaux\/casquette-en-liege-texture-naturel\/#breadcrumb"},"inLanguage":"en-US","potentialAction":[{"@type":"ReadAction","target":["https:\/\/textinova.lu\/boutique\/chapeaux\/casquette-en-liege-texture-naturel\/"]}]},{"@type":"ImageObject","inLanguage":"en-US","@id":"https:\/\/textinova.lu\/boutique\/chapeaux\/casquette-en-liege-texture-naturel\/#primaryimage","url":"https:\/\/textinova.lu\/wp-content\/uploads\/2015\/01\/P1020623.jpg","contentUrl":"https:\/\/textinova.lu\/wp-content\/uploads\/2015\/01\/P1020623.jpg","width":1000,"height":1779},{"@type":"BreadcrumbList","@id":"https:\/\/textinova.lu\/boutique\/chapeaux\/casquette-en-liege-texture-naturel\/#breadcrumb","itemListElement":[{"@type":"ListItem","position":1,"name":"Accueil","item":"https:\/\/textinova.lu\/en\/"},{"@type":"ListItem","position":2,"name":"Shop","item":"https:\/\/textinova.lu\/en\/boutique\/"},{"@type":"ListItem","position":3,"name":"Cork cap, Texas pattern"}]},{"@type":"WebSite","@id":"https:\/\/textinova.lu\/#website","url":"https:\/\/textinova.lu\/","name":"Textinova","description":"Cr\u00e9ations Artisanales en Li\u00e8ge 100% Naturel","publisher":{"@id":"https:\/\/textinova.lu\/#organization"},"potentialAction":[{"@type":"SearchAction","target":{"@type":"EntryPoint","urlTemplate":"https:\/\/textinova.lu\/?s={search_term_string}"},"query-input":{"@type":"PropertyValueSpecification","valueRequired":true,"valueName":"search_term_string"}}],"inLanguage":"en-US"},{"@type":"Organization","@id":"https:\/\/textinova.lu\/#organization","name":"Textinova","url":"https:\/\/textinova.lu\/","logo":{"@type":"ImageObject","inLanguage":"en-US","@id":"https:\/\/textinova.lu\/#\/schema\/logo\/image\/","url":"https:\/\/textinova.lu\/wp-content\/uploads\/2023\/05\/logo-textinova-cork-luxdesign.-2015jpg.jpg","contentUrl":"https:\/\/textinova.lu\/wp-content\/uploads\/2023\/05\/logo-textinova-cork-luxdesign.-2015jpg.jpg","width":300,"height":190,"caption":"Textinova"},"image":{"@id":"https:\/\/textinova.lu\/#\/schema\/logo\/image\/"},"sameAs":["https:\/\/www.youtube.com\/channel\/UC-re5faHketDuAZHsyjnxFw"]}]}},"_links":{"self":[{"href":"https:\/\/textinova.lu\/en\/wp-json\/wp\/v2\/product\/5574","targetHints":{"allow":["GET"]}}],"collection":[{"href":"https:\/\/textinova.lu\/en\/wp-json\/wp\/v2\/product"}],"about":[{"href":"https:\/\/textinova.lu\/en\/wp-json\/wp\/v2\/types\/product"}],"replies":[{"embeddable":true,"href":"https:\/\/textinova.lu\/en\/wp-json\/wp\/v2\/comments?post=5574"}],"wp:featuredmedia":[{"embeddable":true,"href":"https:\/\/textinova.lu\/en\/wp-json\/wp\/v2\/media\/14367"}],"wp:attachment":[{"href":"https:\/\/textinova.lu\/en\/wp-json\/wp\/v2\/media?parent=5574"}],"wp:term":[{"taxonomy":"product_brand","embeddable":true,"href":"https:\/\/textinova.lu\/en\/wp-json\/wp\/v2\/product_brand?post=5574"},{"taxonomy":"product_cat","embeddable":true,"href":"https:\/\/textinova.lu\/en\/wp-json\/wp\/v2\/product_cat?post=5574"},{"taxonomy":"product_tag","embeddable":true,"href":"https:\/\/textinova.lu\/en\/wp-json\/wp\/v2\/product_tag?post=5574"}],"curies":[{"name":"wp","href":"https:\/\/api.w.org\/{rel}","templated":true}]}}