{"id":8837,"date":"2017-07-25T17:12:27","date_gmt":"2017-07-25T15:12:27","guid":{"rendered":"http:\/\/textinova.lu\/boutique\/non%20class\u00e9\/etui-smartphone-en-liege-azulejos-de-portugal\/"},"modified":"2017-07-25T17:30:45","modified_gmt":"2017-07-25T15:30:45","slug":"etui-smartphone-en-liege-azulejos-de-portugal","status":"publish","type":"product","link":"https:\/\/textinova.lu\/en\/boutique\/cork-fashion-items\/etui-smartphone-en-liege-azulejos-de-portugal\/","title":{"rendered":"Cork Case smartphone"},"content":{"rendered":"<p><span id=\"result_box\" class=\"\" lang=\"en\"><span class=\"\">Cork case for smartphone (iphone 4, iphone 5).printed Azulejos Portugal<br \/>\n<\/span><\/span><\/p>\n<p><span id=\"result_box\" class=\"\" lang=\"en\"><span class=\"\"> Closure with scratch<\/span><\/span><\/p>\n<p>Dimensions9 CM x 16 CM<\/p>\n<p>Cleaning: Waterproof, washable with soap and water<\/p>\n<p>A stylish, ecological and original fashion choice.<br \/>\n100% natural, recyclable and biodegradable.<\/p>\n<p><strong>Protect the Nature \u2013 Think Bio \u2013 Buy Cork !<\/strong><\/p>\n","protected":false},"excerpt":{"rendered":"<p>Cork Case\u00a0 (iphone 4, iphone 5)<\/p>\n","protected":false},"featured_media":8833,"comment_status":"closed","ping_status":"closed","template":"","meta":[],"product_brand":[],"product_cat":[205],"product_tag":[],"class_list":{"0":"post-8837","1":"product","2":"type-product","3":"status-publish","4":"has-post-thumbnail","6":"product_cat-cork-fashion-items","8":"first","9":"outofstock","10":"taxable","11":"shipping-taxable","12":"purchasable","13":"product-type-simple"},"yoast_head":"<!-- This site is optimized with the Yoast SEO plugin v25.5 - https:\/\/yoast.com\/wordpress\/plugins\/seo\/ -->\n<title>Cork Case smartphone - Design Textinova - Articles en Li\u00e8ge -Cr\u00e9ateur sacs en Li\u00e8ge,Bijouterie en Li\u00e8ge,accesoires en Li\u00e8ge<\/title>\n<meta name=\"robots\" content=\"index, follow, max-snippet:-1, max-image-preview:large, max-video-preview:-1\" \/>\n<link rel=\"canonical\" href=\"https:\/\/textinova.lu\/boutique\/accessoires-100-naturel\/etui-smartphone-en-liege-azulejos-de-portugal\/\" \/>\n<meta property=\"og:locale\" content=\"en_US\" \/>\n<meta property=\"og:type\" content=\"article\" \/>\n<meta property=\"og:title\" content=\"Cork Case smartphone - Design Textinova - Articles en Li\u00e8ge -Cr\u00e9ateur sacs en Li\u00e8ge,Bijouterie en Li\u00e8ge,accesoires en Li\u00e8ge\" \/>\n<meta property=\"og:description\" content=\"Cork Case\u00a0 (iphone 4, iphone 5)\" \/>\n<meta property=\"og:url\" content=\"https:\/\/textinova.lu\/boutique\/accessoires-100-naturel\/etui-smartphone-en-liege-azulejos-de-portugal\/\" \/>\n<meta property=\"og:site_name\" content=\"Design Textinova - Articles en Li\u00e8ge -Cr\u00e9ateur sacs en Li\u00e8ge,Bijouterie en Li\u00e8ge,accesoires en Li\u00e8ge\" \/>\n<meta property=\"article:modified_time\" content=\"2017-07-25T15:30:45+00:00\" \/>\n<meta property=\"og:image\" content=\"https:\/\/textinova.lu\/wp-content\/uploads\/2016\/04\/f3286569b45c93ac4f0c2ee21634853e-1.jpg\" \/>\n\t<meta property=\"og:image:width\" content=\"564\" \/>\n\t<meta property=\"og:image:height\" content=\"545\" \/>\n\t<meta property=\"og:image:type\" content=\"image\/jpeg\" \/>\n<meta name=\"twitter:card\" content=\"summary_large_image\" \/>\n<script type=\"application\/ld+json\" class=\"yoast-schema-graph\">{\"@context\":\"https:\/\/schema.org\",\"@graph\":[{\"@type\":\"WebPage\",\"@id\":\"https:\/\/textinova.lu\/boutique\/accessoires-100-naturel\/etui-smartphone-en-liege-azulejos-de-portugal\/\",\"url\":\"https:\/\/textinova.lu\/boutique\/accessoires-100-naturel\/etui-smartphone-en-liege-azulejos-de-portugal\/\",\"name\":\"Cork Case smartphone - Design Textinova - Articles en Li\u00e8ge -Cr\u00e9ateur sacs en Li\u00e8ge,Bijouterie en Li\u00e8ge,accesoires en Li\u00e8ge\",\"isPartOf\":{\"@id\":\"https:\/\/textinova.lu\/#website\"},\"primaryImageOfPage\":{\"@id\":\"https:\/\/textinova.lu\/boutique\/accessoires-100-naturel\/etui-smartphone-en-liege-azulejos-de-portugal\/#primaryimage\"},\"image\":{\"@id\":\"https:\/\/textinova.lu\/boutique\/accessoires-100-naturel\/etui-smartphone-en-liege-azulejos-de-portugal\/#primaryimage\"},\"thumbnailUrl\":\"https:\/\/textinova.lu\/wp-content\/uploads\/2016\/04\/f3286569b45c93ac4f0c2ee21634853e-1.jpg\",\"datePublished\":\"2017-07-25T15:12:27+00:00\",\"dateModified\":\"2017-07-25T15:30:45+00:00\",\"breadcrumb\":{\"@id\":\"https:\/\/textinova.lu\/boutique\/accessoires-100-naturel\/etui-smartphone-en-liege-azulejos-de-portugal\/#breadcrumb\"},\"inLanguage\":\"en-US\",\"potentialAction\":[{\"@type\":\"ReadAction\",\"target\":[\"https:\/\/textinova.lu\/boutique\/accessoires-100-naturel\/etui-smartphone-en-liege-azulejos-de-portugal\/\"]}]},{\"@type\":\"ImageObject\",\"inLanguage\":\"en-US\",\"@id\":\"https:\/\/textinova.lu\/boutique\/accessoires-100-naturel\/etui-smartphone-en-liege-azulejos-de-portugal\/#primaryimage\",\"url\":\"https:\/\/textinova.lu\/wp-content\/uploads\/2016\/04\/f3286569b45c93ac4f0c2ee21634853e-1.jpg\",\"contentUrl\":\"https:\/\/textinova.lu\/wp-content\/uploads\/2016\/04\/f3286569b45c93ac4f0c2ee21634853e-1.jpg\",\"width\":564,\"height\":545},{\"@type\":\"BreadcrumbList\",\"@id\":\"https:\/\/textinova.lu\/boutique\/accessoires-100-naturel\/etui-smartphone-en-liege-azulejos-de-portugal\/#breadcrumb\",\"itemListElement\":[{\"@type\":\"ListItem\",\"position\":1,\"name\":\"Accueil\",\"item\":\"https:\/\/textinova.lu\/en\/\"},{\"@type\":\"ListItem\",\"position\":2,\"name\":\"Shop\",\"item\":\"https:\/\/textinova.lu\/en\/boutique\/\"},{\"@type\":\"ListItem\",\"position\":3,\"name\":\"Cork Case smartphone\"}]},{\"@type\":\"WebSite\",\"@id\":\"https:\/\/textinova.lu\/#website\",\"url\":\"https:\/\/textinova.lu\/\",\"name\":\"Textinova\",\"description\":\"Cr\u00e9ations Artisanales en Li\u00e8ge 100% Naturel\",\"publisher\":{\"@id\":\"https:\/\/textinova.lu\/#organization\"},\"potentialAction\":[{\"@type\":\"SearchAction\",\"target\":{\"@type\":\"EntryPoint\",\"urlTemplate\":\"https:\/\/textinova.lu\/?s={search_term_string}\"},\"query-input\":{\"@type\":\"PropertyValueSpecification\",\"valueRequired\":true,\"valueName\":\"search_term_string\"}}],\"inLanguage\":\"en-US\"},{\"@type\":\"Organization\",\"@id\":\"https:\/\/textinova.lu\/#organization\",\"name\":\"Textinova\",\"url\":\"https:\/\/textinova.lu\/\",\"logo\":{\"@type\":\"ImageObject\",\"inLanguage\":\"en-US\",\"@id\":\"https:\/\/textinova.lu\/#\/schema\/logo\/image\/\",\"url\":\"https:\/\/textinova.lu\/wp-content\/uploads\/2023\/05\/logo-textinova-cork-luxdesign.-2015jpg.jpg\",\"contentUrl\":\"https:\/\/textinova.lu\/wp-content\/uploads\/2023\/05\/logo-textinova-cork-luxdesign.-2015jpg.jpg\",\"width\":300,\"height\":190,\"caption\":\"Textinova\"},\"image\":{\"@id\":\"https:\/\/textinova.lu\/#\/schema\/logo\/image\/\"},\"sameAs\":[\"https:\/\/www.youtube.com\/channel\/UC-re5faHketDuAZHsyjnxFw\"]}]}<\/script>\n<!-- \/ Yoast SEO plugin. -->","yoast_head_json":{"title":"Cork Case smartphone - Design Textinova - Articles en Li\u00e8ge -Cr\u00e9ateur sacs en Li\u00e8ge,Bijouterie en Li\u00e8ge,accesoires en Li\u00e8ge","robots":{"index":"index","follow":"follow","max-snippet":"max-snippet:-1","max-image-preview":"max-image-preview:large","max-video-preview":"max-video-preview:-1"},"canonical":"https:\/\/textinova.lu\/boutique\/accessoires-100-naturel\/etui-smartphone-en-liege-azulejos-de-portugal\/","og_locale":"en_US","og_type":"article","og_title":"Cork Case smartphone - Design Textinova - Articles en Li\u00e8ge -Cr\u00e9ateur sacs en Li\u00e8ge,Bijouterie en Li\u00e8ge,accesoires en Li\u00e8ge","og_description":"Cork Case\u00a0 (iphone 4, iphone 5)","og_url":"https:\/\/textinova.lu\/boutique\/accessoires-100-naturel\/etui-smartphone-en-liege-azulejos-de-portugal\/","og_site_name":"Design Textinova - Articles en Li\u00e8ge -Cr\u00e9ateur sacs en Li\u00e8ge,Bijouterie en Li\u00e8ge,accesoires en Li\u00e8ge","article_modified_time":"2017-07-25T15:30:45+00:00","og_image":[{"width":564,"height":545,"url":"https:\/\/textinova.lu\/wp-content\/uploads\/2016\/04\/f3286569b45c93ac4f0c2ee21634853e-1.jpg","type":"image\/jpeg"}],"twitter_card":"summary_large_image","schema":{"@context":"https:\/\/schema.org","@graph":[{"@type":"WebPage","@id":"https:\/\/textinova.lu\/boutique\/accessoires-100-naturel\/etui-smartphone-en-liege-azulejos-de-portugal\/","url":"https:\/\/textinova.lu\/boutique\/accessoires-100-naturel\/etui-smartphone-en-liege-azulejos-de-portugal\/","name":"Cork Case smartphone - Design Textinova - Articles en Li\u00e8ge -Cr\u00e9ateur sacs en Li\u00e8ge,Bijouterie en Li\u00e8ge,accesoires en Li\u00e8ge","isPartOf":{"@id":"https:\/\/textinova.lu\/#website"},"primaryImageOfPage":{"@id":"https:\/\/textinova.lu\/boutique\/accessoires-100-naturel\/etui-smartphone-en-liege-azulejos-de-portugal\/#primaryimage"},"image":{"@id":"https:\/\/textinova.lu\/boutique\/accessoires-100-naturel\/etui-smartphone-en-liege-azulejos-de-portugal\/#primaryimage"},"thumbnailUrl":"https:\/\/textinova.lu\/wp-content\/uploads\/2016\/04\/f3286569b45c93ac4f0c2ee21634853e-1.jpg","datePublished":"2017-07-25T15:12:27+00:00","dateModified":"2017-07-25T15:30:45+00:00","breadcrumb":{"@id":"https:\/\/textinova.lu\/boutique\/accessoires-100-naturel\/etui-smartphone-en-liege-azulejos-de-portugal\/#breadcrumb"},"inLanguage":"en-US","potentialAction":[{"@type":"ReadAction","target":["https:\/\/textinova.lu\/boutique\/accessoires-100-naturel\/etui-smartphone-en-liege-azulejos-de-portugal\/"]}]},{"@type":"ImageObject","inLanguage":"en-US","@id":"https:\/\/textinova.lu\/boutique\/accessoires-100-naturel\/etui-smartphone-en-liege-azulejos-de-portugal\/#primaryimage","url":"https:\/\/textinova.lu\/wp-content\/uploads\/2016\/04\/f3286569b45c93ac4f0c2ee21634853e-1.jpg","contentUrl":"https:\/\/textinova.lu\/wp-content\/uploads\/2016\/04\/f3286569b45c93ac4f0c2ee21634853e-1.jpg","width":564,"height":545},{"@type":"BreadcrumbList","@id":"https:\/\/textinova.lu\/boutique\/accessoires-100-naturel\/etui-smartphone-en-liege-azulejos-de-portugal\/#breadcrumb","itemListElement":[{"@type":"ListItem","position":1,"name":"Accueil","item":"https:\/\/textinova.lu\/en\/"},{"@type":"ListItem","position":2,"name":"Shop","item":"https:\/\/textinova.lu\/en\/boutique\/"},{"@type":"ListItem","position":3,"name":"Cork Case smartphone"}]},{"@type":"WebSite","@id":"https:\/\/textinova.lu\/#website","url":"https:\/\/textinova.lu\/","name":"Textinova","description":"Cr\u00e9ations Artisanales en Li\u00e8ge 100% Naturel","publisher":{"@id":"https:\/\/textinova.lu\/#organization"},"potentialAction":[{"@type":"SearchAction","target":{"@type":"EntryPoint","urlTemplate":"https:\/\/textinova.lu\/?s={search_term_string}"},"query-input":{"@type":"PropertyValueSpecification","valueRequired":true,"valueName":"search_term_string"}}],"inLanguage":"en-US"},{"@type":"Organization","@id":"https:\/\/textinova.lu\/#organization","name":"Textinova","url":"https:\/\/textinova.lu\/","logo":{"@type":"ImageObject","inLanguage":"en-US","@id":"https:\/\/textinova.lu\/#\/schema\/logo\/image\/","url":"https:\/\/textinova.lu\/wp-content\/uploads\/2023\/05\/logo-textinova-cork-luxdesign.-2015jpg.jpg","contentUrl":"https:\/\/textinova.lu\/wp-content\/uploads\/2023\/05\/logo-textinova-cork-luxdesign.-2015jpg.jpg","width":300,"height":190,"caption":"Textinova"},"image":{"@id":"https:\/\/textinova.lu\/#\/schema\/logo\/image\/"},"sameAs":["https:\/\/www.youtube.com\/channel\/UC-re5faHketDuAZHsyjnxFw"]}]}},"_links":{"self":[{"href":"https:\/\/textinova.lu\/en\/wp-json\/wp\/v2\/product\/8837","targetHints":{"allow":["GET"]}}],"collection":[{"href":"https:\/\/textinova.lu\/en\/wp-json\/wp\/v2\/product"}],"about":[{"href":"https:\/\/textinova.lu\/en\/wp-json\/wp\/v2\/types\/product"}],"replies":[{"embeddable":true,"href":"https:\/\/textinova.lu\/en\/wp-json\/wp\/v2\/comments?post=8837"}],"wp:featuredmedia":[{"embeddable":true,"href":"https:\/\/textinova.lu\/en\/wp-json\/wp\/v2\/media\/8833"}],"wp:attachment":[{"href":"https:\/\/textinova.lu\/en\/wp-json\/wp\/v2\/media?parent=8837"}],"wp:term":[{"taxonomy":"product_brand","embeddable":true,"href":"https:\/\/textinova.lu\/en\/wp-json\/wp\/v2\/product_brand?post=8837"},{"taxonomy":"product_cat","embeddable":true,"href":"https:\/\/textinova.lu\/en\/wp-json\/wp\/v2\/product_cat?post=8837"},{"taxonomy":"product_tag","embeddable":true,"href":"https:\/\/textinova.lu\/en\/wp-json\/wp\/v2\/product_tag?post=8837"}],"curies":[{"name":"wp","href":"https:\/\/api.w.org\/{rel}","templated":true}]}}