{"id":9352,"date":"2018-02-05T12:12:26","date_gmt":"2018-02-05T10:15:17","guid":{"rendered":"http:\/\/textinova.lu\/?post_type=product&#038;p=9352"},"modified":"2021-01-12T12:36:50","modified_gmt":"2021-01-12T10:36:50","slug":"cork-earrings-with-owl-pendants","status":"publish","type":"product","link":"https:\/\/textinova.lu\/en\/boutique\/earrings-the-detail-makes-a-difference\/cork-earrings-with-owl-pendants\/","title":{"rendered":"Cork earrings with owl pendants"},"content":{"rendered":"<p><img loading=\"lazy\" decoding=\"async\" class=\"alignnone size-full wp-image-15734\" src=\"https:\/\/textinova.lu\/wp-content\/uploads\/2021\/01\/neves-barros-logo-petit-articles.jpg\" alt=\"\" width=\"200\" height=\"149\" \/> <img loading=\"lazy\" decoding=\"async\" class=\"alignnone size-full wp-image-15732\" src=\"https:\/\/textinova.lu\/wp-content\/uploads\/2021\/01\/FABRICATION-ARTISANALE.jpg\" alt=\"\" width=\"148\" height=\"66\" \/><\/p>\n<p>Original these earrings with owl pendants<\/p>\n<p><strong>Also available in blue azure-green-red-brown cork<\/strong><\/p>\n<p>A stylish, ecological and original fashion choice.<br \/>\n100% natural, recyclable and biodegradable.<\/p>\n<p>Cleaning: Waterproof, washable with soap and water<\/p>\n<p><span style=\"color: #008000;\"><strong>Cork \u2013 The natural wear texture !<\/strong><\/span><\/p>\n<p><span style=\"color: #008000;\"><strong>Think Nature \u2013 Think Bio \u2013 Buy Cork !<\/strong><\/span><\/p>\n","protected":false},"excerpt":{"rendered":"<p>Collection Textinova Cork Fashion<br \/>\nCreations NB<\/p>\n","protected":false},"featured_media":9172,"comment_status":"closed","ping_status":"closed","template":"","meta":[],"product_brand":[],"product_cat":[212],"product_tag":[],"class_list":{"0":"post-9352","1":"product","2":"type-product","3":"status-publish","4":"has-post-thumbnail","6":"product_cat-earrings-the-detail-makes-a-difference","8":"first","9":"outofstock","10":"taxable","11":"shipping-taxable","12":"purchasable","13":"product-type-simple"},"yoast_head":"<!-- This site is optimized with the Yoast SEO plugin v25.5 - https:\/\/yoast.com\/wordpress\/plugins\/seo\/ -->\n<title>Cork earrings with owl pendants - Design Textinova - Articles en Li\u00e8ge -Cr\u00e9ateur sacs en Li\u00e8ge,Bijouterie en Li\u00e8ge,accesoires en Li\u00e8ge<\/title>\n<meta name=\"robots\" content=\"index, follow, max-snippet:-1, max-image-preview:large, max-video-preview:-1\" \/>\n<link rel=\"canonical\" href=\"https:\/\/textinova.lu\/en\/boutique\/earrings-the-detail-makes-a-difference\/cork-earrings-with-owl-pendants\/\" \/>\n<meta property=\"og:locale\" content=\"en_US\" \/>\n<meta property=\"og:type\" content=\"article\" \/>\n<meta property=\"og:title\" content=\"Cork earrings with owl pendants - Design Textinova - Articles en Li\u00e8ge -Cr\u00e9ateur sacs en Li\u00e8ge,Bijouterie en Li\u00e8ge,accesoires en Li\u00e8ge\" \/>\n<meta property=\"og:description\" content=\"Collection Textinova Cork Fashion Creations NB\" \/>\n<meta property=\"og:url\" content=\"https:\/\/textinova.lu\/en\/boutique\/earrings-the-detail-makes-a-difference\/cork-earrings-with-owl-pendants\/\" \/>\n<meta property=\"og:site_name\" content=\"Design Textinova - Articles en Li\u00e8ge -Cr\u00e9ateur sacs en Li\u00e8ge,Bijouterie en Li\u00e8ge,accesoires en Li\u00e8ge\" \/>\n<meta property=\"article:modified_time\" content=\"2021-01-12T10:36:50+00:00\" \/>\n<meta property=\"og:image\" content=\"https:\/\/textinova.lu\/wp-content\/uploads\/2018\/02\/PHOTO-56.jpg\" \/>\n\t<meta property=\"og:image:width\" content=\"1096\" \/>\n\t<meta property=\"og:image:height\" content=\"1231\" \/>\n\t<meta property=\"og:image:type\" content=\"image\/jpeg\" \/>\n<meta name=\"twitter:card\" content=\"summary_large_image\" \/>\n<script type=\"application\/ld+json\" class=\"yoast-schema-graph\">{\"@context\":\"https:\/\/schema.org\",\"@graph\":[{\"@type\":\"WebPage\",\"@id\":\"https:\/\/textinova.lu\/en\/boutique\/earrings-the-detail-makes-a-difference\/cork-earrings-with-owl-pendants\/\",\"url\":\"https:\/\/textinova.lu\/en\/boutique\/earrings-the-detail-makes-a-difference\/cork-earrings-with-owl-pendants\/\",\"name\":\"Cork earrings with owl pendants - Design Textinova - Articles en Li\u00e8ge -Cr\u00e9ateur sacs en Li\u00e8ge,Bijouterie en Li\u00e8ge,accesoires en Li\u00e8ge\",\"isPartOf\":{\"@id\":\"https:\/\/textinova.lu\/#website\"},\"primaryImageOfPage\":{\"@id\":\"https:\/\/textinova.lu\/en\/boutique\/earrings-the-detail-makes-a-difference\/cork-earrings-with-owl-pendants\/#primaryimage\"},\"image\":{\"@id\":\"https:\/\/textinova.lu\/en\/boutique\/earrings-the-detail-makes-a-difference\/cork-earrings-with-owl-pendants\/#primaryimage\"},\"thumbnailUrl\":\"https:\/\/textinova.lu\/wp-content\/uploads\/2018\/02\/PHOTO-56.jpg\",\"datePublished\":\"2018-02-05T10:15:17+00:00\",\"dateModified\":\"2021-01-12T10:36:50+00:00\",\"breadcrumb\":{\"@id\":\"https:\/\/textinova.lu\/en\/boutique\/earrings-the-detail-makes-a-difference\/cork-earrings-with-owl-pendants\/#breadcrumb\"},\"inLanguage\":\"en-US\",\"potentialAction\":[{\"@type\":\"ReadAction\",\"target\":[\"https:\/\/textinova.lu\/en\/boutique\/earrings-the-detail-makes-a-difference\/cork-earrings-with-owl-pendants\/\"]}]},{\"@type\":\"ImageObject\",\"inLanguage\":\"en-US\",\"@id\":\"https:\/\/textinova.lu\/en\/boutique\/earrings-the-detail-makes-a-difference\/cork-earrings-with-owl-pendants\/#primaryimage\",\"url\":\"https:\/\/textinova.lu\/wp-content\/uploads\/2018\/02\/PHOTO-56.jpg\",\"contentUrl\":\"https:\/\/textinova.lu\/wp-content\/uploads\/2018\/02\/PHOTO-56.jpg\",\"width\":1096,\"height\":1231},{\"@type\":\"BreadcrumbList\",\"@id\":\"https:\/\/textinova.lu\/en\/boutique\/earrings-the-detail-makes-a-difference\/cork-earrings-with-owl-pendants\/#breadcrumb\",\"itemListElement\":[{\"@type\":\"ListItem\",\"position\":1,\"name\":\"Accueil\",\"item\":\"https:\/\/textinova.lu\/en\/\"},{\"@type\":\"ListItem\",\"position\":2,\"name\":\"Shop\",\"item\":\"https:\/\/textinova.lu\/en\/boutique\/\"},{\"@type\":\"ListItem\",\"position\":3,\"name\":\"Cork earrings with owl pendants\"}]},{\"@type\":\"WebSite\",\"@id\":\"https:\/\/textinova.lu\/#website\",\"url\":\"https:\/\/textinova.lu\/\",\"name\":\"Textinova\",\"description\":\"Cr\u00e9ations Artisanales en Li\u00e8ge 100% Naturel\",\"publisher\":{\"@id\":\"https:\/\/textinova.lu\/#organization\"},\"potentialAction\":[{\"@type\":\"SearchAction\",\"target\":{\"@type\":\"EntryPoint\",\"urlTemplate\":\"https:\/\/textinova.lu\/?s={search_term_string}\"},\"query-input\":{\"@type\":\"PropertyValueSpecification\",\"valueRequired\":true,\"valueName\":\"search_term_string\"}}],\"inLanguage\":\"en-US\"},{\"@type\":\"Organization\",\"@id\":\"https:\/\/textinova.lu\/#organization\",\"name\":\"Textinova\",\"url\":\"https:\/\/textinova.lu\/\",\"logo\":{\"@type\":\"ImageObject\",\"inLanguage\":\"en-US\",\"@id\":\"https:\/\/textinova.lu\/#\/schema\/logo\/image\/\",\"url\":\"https:\/\/textinova.lu\/wp-content\/uploads\/2023\/05\/logo-textinova-cork-luxdesign.-2015jpg.jpg\",\"contentUrl\":\"https:\/\/textinova.lu\/wp-content\/uploads\/2023\/05\/logo-textinova-cork-luxdesign.-2015jpg.jpg\",\"width\":300,\"height\":190,\"caption\":\"Textinova\"},\"image\":{\"@id\":\"https:\/\/textinova.lu\/#\/schema\/logo\/image\/\"},\"sameAs\":[\"https:\/\/www.youtube.com\/channel\/UC-re5faHketDuAZHsyjnxFw\"]}]}<\/script>\n<!-- \/ Yoast SEO plugin. -->","yoast_head_json":{"title":"Cork earrings with owl pendants - Design Textinova - Articles en Li\u00e8ge -Cr\u00e9ateur sacs en Li\u00e8ge,Bijouterie en Li\u00e8ge,accesoires en Li\u00e8ge","robots":{"index":"index","follow":"follow","max-snippet":"max-snippet:-1","max-image-preview":"max-image-preview:large","max-video-preview":"max-video-preview:-1"},"canonical":"https:\/\/textinova.lu\/en\/boutique\/earrings-the-detail-makes-a-difference\/cork-earrings-with-owl-pendants\/","og_locale":"en_US","og_type":"article","og_title":"Cork earrings with owl pendants - Design Textinova - Articles en Li\u00e8ge -Cr\u00e9ateur sacs en Li\u00e8ge,Bijouterie en Li\u00e8ge,accesoires en Li\u00e8ge","og_description":"Collection Textinova Cork Fashion Creations NB","og_url":"https:\/\/textinova.lu\/en\/boutique\/earrings-the-detail-makes-a-difference\/cork-earrings-with-owl-pendants\/","og_site_name":"Design Textinova - Articles en Li\u00e8ge -Cr\u00e9ateur sacs en Li\u00e8ge,Bijouterie en Li\u00e8ge,accesoires en Li\u00e8ge","article_modified_time":"2021-01-12T10:36:50+00:00","og_image":[{"width":1096,"height":1231,"url":"https:\/\/textinova.lu\/wp-content\/uploads\/2018\/02\/PHOTO-56.jpg","type":"image\/jpeg"}],"twitter_card":"summary_large_image","schema":{"@context":"https:\/\/schema.org","@graph":[{"@type":"WebPage","@id":"https:\/\/textinova.lu\/en\/boutique\/earrings-the-detail-makes-a-difference\/cork-earrings-with-owl-pendants\/","url":"https:\/\/textinova.lu\/en\/boutique\/earrings-the-detail-makes-a-difference\/cork-earrings-with-owl-pendants\/","name":"Cork earrings with owl pendants - Design Textinova - Articles en Li\u00e8ge -Cr\u00e9ateur sacs en Li\u00e8ge,Bijouterie en Li\u00e8ge,accesoires en Li\u00e8ge","isPartOf":{"@id":"https:\/\/textinova.lu\/#website"},"primaryImageOfPage":{"@id":"https:\/\/textinova.lu\/en\/boutique\/earrings-the-detail-makes-a-difference\/cork-earrings-with-owl-pendants\/#primaryimage"},"image":{"@id":"https:\/\/textinova.lu\/en\/boutique\/earrings-the-detail-makes-a-difference\/cork-earrings-with-owl-pendants\/#primaryimage"},"thumbnailUrl":"https:\/\/textinova.lu\/wp-content\/uploads\/2018\/02\/PHOTO-56.jpg","datePublished":"2018-02-05T10:15:17+00:00","dateModified":"2021-01-12T10:36:50+00:00","breadcrumb":{"@id":"https:\/\/textinova.lu\/en\/boutique\/earrings-the-detail-makes-a-difference\/cork-earrings-with-owl-pendants\/#breadcrumb"},"inLanguage":"en-US","potentialAction":[{"@type":"ReadAction","target":["https:\/\/textinova.lu\/en\/boutique\/earrings-the-detail-makes-a-difference\/cork-earrings-with-owl-pendants\/"]}]},{"@type":"ImageObject","inLanguage":"en-US","@id":"https:\/\/textinova.lu\/en\/boutique\/earrings-the-detail-makes-a-difference\/cork-earrings-with-owl-pendants\/#primaryimage","url":"https:\/\/textinova.lu\/wp-content\/uploads\/2018\/02\/PHOTO-56.jpg","contentUrl":"https:\/\/textinova.lu\/wp-content\/uploads\/2018\/02\/PHOTO-56.jpg","width":1096,"height":1231},{"@type":"BreadcrumbList","@id":"https:\/\/textinova.lu\/en\/boutique\/earrings-the-detail-makes-a-difference\/cork-earrings-with-owl-pendants\/#breadcrumb","itemListElement":[{"@type":"ListItem","position":1,"name":"Accueil","item":"https:\/\/textinova.lu\/en\/"},{"@type":"ListItem","position":2,"name":"Shop","item":"https:\/\/textinova.lu\/en\/boutique\/"},{"@type":"ListItem","position":3,"name":"Cork earrings with owl pendants"}]},{"@type":"WebSite","@id":"https:\/\/textinova.lu\/#website","url":"https:\/\/textinova.lu\/","name":"Textinova","description":"Cr\u00e9ations Artisanales en Li\u00e8ge 100% Naturel","publisher":{"@id":"https:\/\/textinova.lu\/#organization"},"potentialAction":[{"@type":"SearchAction","target":{"@type":"EntryPoint","urlTemplate":"https:\/\/textinova.lu\/?s={search_term_string}"},"query-input":{"@type":"PropertyValueSpecification","valueRequired":true,"valueName":"search_term_string"}}],"inLanguage":"en-US"},{"@type":"Organization","@id":"https:\/\/textinova.lu\/#organization","name":"Textinova","url":"https:\/\/textinova.lu\/","logo":{"@type":"ImageObject","inLanguage":"en-US","@id":"https:\/\/textinova.lu\/#\/schema\/logo\/image\/","url":"https:\/\/textinova.lu\/wp-content\/uploads\/2023\/05\/logo-textinova-cork-luxdesign.-2015jpg.jpg","contentUrl":"https:\/\/textinova.lu\/wp-content\/uploads\/2023\/05\/logo-textinova-cork-luxdesign.-2015jpg.jpg","width":300,"height":190,"caption":"Textinova"},"image":{"@id":"https:\/\/textinova.lu\/#\/schema\/logo\/image\/"},"sameAs":["https:\/\/www.youtube.com\/channel\/UC-re5faHketDuAZHsyjnxFw"]}]}},"_links":{"self":[{"href":"https:\/\/textinova.lu\/en\/wp-json\/wp\/v2\/product\/9352","targetHints":{"allow":["GET"]}}],"collection":[{"href":"https:\/\/textinova.lu\/en\/wp-json\/wp\/v2\/product"}],"about":[{"href":"https:\/\/textinova.lu\/en\/wp-json\/wp\/v2\/types\/product"}],"replies":[{"embeddable":true,"href":"https:\/\/textinova.lu\/en\/wp-json\/wp\/v2\/comments?post=9352"}],"wp:featuredmedia":[{"embeddable":true,"href":"https:\/\/textinova.lu\/en\/wp-json\/wp\/v2\/media\/9172"}],"wp:attachment":[{"href":"https:\/\/textinova.lu\/en\/wp-json\/wp\/v2\/media?parent=9352"}],"wp:term":[{"taxonomy":"product_brand","embeddable":true,"href":"https:\/\/textinova.lu\/en\/wp-json\/wp\/v2\/product_brand?post=9352"},{"taxonomy":"product_cat","embeddable":true,"href":"https:\/\/textinova.lu\/en\/wp-json\/wp\/v2\/product_cat?post=9352"},{"taxonomy":"product_tag","embeddable":true,"href":"https:\/\/textinova.lu\/en\/wp-json\/wp\/v2\/product_tag?post=9352"}],"curies":[{"name":"wp","href":"https:\/\/api.w.org\/{rel}","templated":true}]}}