{"id":9533,"date":"2017-02-19T19:07:06","date_gmt":"2018-02-09T13:23:44","guid":{"rendered":"http:\/\/textinova.lu\/?post_type=product&#038;p=9533"},"modified":"2021-06-01T09:36:10","modified_gmt":"2021-06-01T07:36:10","slug":"purse-made-of-cork-fabric-pattern-natural","status":"publish","type":"product","link":"https:\/\/textinova.lu\/en\/boutique\/cork-fashion-women\/purse-made-of-cork-fabric-pattern-natural\/","title":{"rendered":"Purse made of cork fabric, pattern natural"},"content":{"rendered":"<p><strong>MADE IN PORTUGAL<\/strong><\/p>\n<p>Classic woman purse made of cork fabric with a visor and snap closure.<\/p>\n<p>Inside, has a credit card slot and notes. Inside has a coin purse.<\/p>\n<p>Size (LxH): 22 cm*10cm<\/p>\n<p><span style=\"color: #008000;\"><strong>Pattern: Lisboa<\/strong><\/span><\/p>\n<p><span style=\"color: #008000;\"><strong>VEGAN PRODUCT<\/strong><\/span><\/p>\n<p>Cleaning: Waterproof, washable with soap and water<\/p>\n<p><span style=\"color: #008000;\">A stylish, ecological and original fashion choice.<\/span><br \/>\n<span style=\"color: #008000;\">100% natural, recyclable and biodegradable.<\/span><\/p>\n<p><span style=\"color: #008000;\"><strong>Protect the Nature \u2013 Think Bio \u2013 Buy Cork !<\/strong><\/span><\/p>\n","protected":false},"excerpt":{"rendered":"<p><strong>Collection Textinova Cork Fashion<\/strong><\/p>\n","protected":false},"featured_media":20765,"comment_status":"closed","ping_status":"closed","template":"","meta":[],"product_brand":[],"product_cat":[199],"product_tag":[],"class_list":{"0":"post-9533","1":"product","2":"type-product","3":"status-publish","4":"has-post-thumbnail","6":"product_cat-cork-fashion-women","8":"first","9":"outofstock","10":"taxable","11":"shipping-taxable","12":"purchasable","13":"product-type-simple"},"yoast_head":"<!-- This site is optimized with the Yoast SEO plugin v25.5 - https:\/\/yoast.com\/wordpress\/plugins\/seo\/ -->\n<title>Purse made of cork fabric, pattern natural - Design Textinova - Articles en Li\u00e8ge -Cr\u00e9ateur sacs en Li\u00e8ge,Bijouterie en Li\u00e8ge,accesoires en Li\u00e8ge<\/title>\n<meta name=\"robots\" content=\"index, follow, max-snippet:-1, max-image-preview:large, max-video-preview:-1\" \/>\n<link rel=\"canonical\" href=\"https:\/\/textinova.lu\/boutique\/maroquinerie-dame\/portefeuille-en-liegetexture-texas-fonce-2\/\" \/>\n<meta property=\"og:locale\" content=\"en_US\" \/>\n<meta property=\"og:type\" content=\"article\" \/>\n<meta property=\"og:title\" content=\"Purse made of cork fabric, pattern natural - Design Textinova - Articles en Li\u00e8ge -Cr\u00e9ateur sacs en Li\u00e8ge,Bijouterie en Li\u00e8ge,accesoires en Li\u00e8ge\" \/>\n<meta property=\"og:description\" content=\"Collection Textinova Cork Fashion\" \/>\n<meta property=\"og:url\" content=\"https:\/\/textinova.lu\/boutique\/maroquinerie-dame\/portefeuille-en-liegetexture-texas-fonce-2\/\" \/>\n<meta property=\"og:site_name\" content=\"Design Textinova - Articles en Li\u00e8ge -Cr\u00e9ateur sacs en Li\u00e8ge,Bijouterie en Li\u00e8ge,accesoires en Li\u00e8ge\" \/>\n<meta property=\"article:modified_time\" content=\"2021-06-01T07:36:10+00:00\" \/>\n<meta property=\"og:image\" content=\"https:\/\/textinova.lu\/wp-content\/uploads\/2015\/01\/EC57-RETALHOS.jpg\" \/>\n\t<meta property=\"og:image:width\" content=\"1536\" \/>\n\t<meta property=\"og:image:height\" content=\"1788\" \/>\n\t<meta property=\"og:image:type\" content=\"image\/jpeg\" \/>\n<meta name=\"twitter:card\" content=\"summary_large_image\" \/>\n<script type=\"application\/ld+json\" class=\"yoast-schema-graph\">{\"@context\":\"https:\/\/schema.org\",\"@graph\":[{\"@type\":\"WebPage\",\"@id\":\"https:\/\/textinova.lu\/boutique\/maroquinerie-dame\/portefeuille-en-liegetexture-texas-fonce-2\/\",\"url\":\"https:\/\/textinova.lu\/boutique\/maroquinerie-dame\/portefeuille-en-liegetexture-texas-fonce-2\/\",\"name\":\"Purse made of cork fabric, pattern natural - Design Textinova - Articles en Li\u00e8ge -Cr\u00e9ateur sacs en Li\u00e8ge,Bijouterie en Li\u00e8ge,accesoires en Li\u00e8ge\",\"isPartOf\":{\"@id\":\"https:\/\/textinova.lu\/#website\"},\"primaryImageOfPage\":{\"@id\":\"https:\/\/textinova.lu\/boutique\/maroquinerie-dame\/portefeuille-en-liegetexture-texas-fonce-2\/#primaryimage\"},\"image\":{\"@id\":\"https:\/\/textinova.lu\/boutique\/maroquinerie-dame\/portefeuille-en-liegetexture-texas-fonce-2\/#primaryimage\"},\"thumbnailUrl\":\"https:\/\/textinova.lu\/wp-content\/uploads\/2020\/05\/EC57-TEXTURE-VENEZA-GOLD.jpg\",\"datePublished\":\"2018-02-09T13:23:44+00:00\",\"dateModified\":\"2021-06-01T07:36:10+00:00\",\"breadcrumb\":{\"@id\":\"https:\/\/textinova.lu\/boutique\/maroquinerie-dame\/portefeuille-en-liegetexture-texas-fonce-2\/#breadcrumb\"},\"inLanguage\":\"en-US\",\"potentialAction\":[{\"@type\":\"ReadAction\",\"target\":[\"https:\/\/textinova.lu\/boutique\/maroquinerie-dame\/portefeuille-en-liegetexture-texas-fonce-2\/\"]}]},{\"@type\":\"ImageObject\",\"inLanguage\":\"en-US\",\"@id\":\"https:\/\/textinova.lu\/boutique\/maroquinerie-dame\/portefeuille-en-liegetexture-texas-fonce-2\/#primaryimage\",\"url\":\"https:\/\/textinova.lu\/wp-content\/uploads\/2020\/05\/EC57-TEXTURE-VENEZA-GOLD.jpg\",\"contentUrl\":\"https:\/\/textinova.lu\/wp-content\/uploads\/2020\/05\/EC57-TEXTURE-VENEZA-GOLD.jpg\",\"width\":640,\"height\":550},{\"@type\":\"BreadcrumbList\",\"@id\":\"https:\/\/textinova.lu\/boutique\/maroquinerie-dame\/portefeuille-en-liegetexture-texas-fonce-2\/#breadcrumb\",\"itemListElement\":[{\"@type\":\"ListItem\",\"position\":1,\"name\":\"Accueil\",\"item\":\"https:\/\/textinova.lu\/en\/\"},{\"@type\":\"ListItem\",\"position\":2,\"name\":\"Shop\",\"item\":\"https:\/\/textinova.lu\/en\/boutique\/\"},{\"@type\":\"ListItem\",\"position\":3,\"name\":\"Purse made of cork fabric, pattern natural\"}]},{\"@type\":\"WebSite\",\"@id\":\"https:\/\/textinova.lu\/#website\",\"url\":\"https:\/\/textinova.lu\/\",\"name\":\"Textinova\",\"description\":\"Cr\u00e9ations Artisanales en Li\u00e8ge 100% Naturel\",\"publisher\":{\"@id\":\"https:\/\/textinova.lu\/#organization\"},\"potentialAction\":[{\"@type\":\"SearchAction\",\"target\":{\"@type\":\"EntryPoint\",\"urlTemplate\":\"https:\/\/textinova.lu\/?s={search_term_string}\"},\"query-input\":{\"@type\":\"PropertyValueSpecification\",\"valueRequired\":true,\"valueName\":\"search_term_string\"}}],\"inLanguage\":\"en-US\"},{\"@type\":\"Organization\",\"@id\":\"https:\/\/textinova.lu\/#organization\",\"name\":\"Textinova\",\"url\":\"https:\/\/textinova.lu\/\",\"logo\":{\"@type\":\"ImageObject\",\"inLanguage\":\"en-US\",\"@id\":\"https:\/\/textinova.lu\/#\/schema\/logo\/image\/\",\"url\":\"https:\/\/textinova.lu\/wp-content\/uploads\/2023\/05\/logo-textinova-cork-luxdesign.-2015jpg.jpg\",\"contentUrl\":\"https:\/\/textinova.lu\/wp-content\/uploads\/2023\/05\/logo-textinova-cork-luxdesign.-2015jpg.jpg\",\"width\":300,\"height\":190,\"caption\":\"Textinova\"},\"image\":{\"@id\":\"https:\/\/textinova.lu\/#\/schema\/logo\/image\/\"},\"sameAs\":[\"https:\/\/www.youtube.com\/channel\/UC-re5faHketDuAZHsyjnxFw\"]}]}<\/script>\n<!-- \/ Yoast SEO plugin. -->","yoast_head_json":{"title":"Purse made of cork fabric, pattern natural - Design Textinova - Articles en Li\u00e8ge -Cr\u00e9ateur sacs en Li\u00e8ge,Bijouterie en Li\u00e8ge,accesoires en Li\u00e8ge","robots":{"index":"index","follow":"follow","max-snippet":"max-snippet:-1","max-image-preview":"max-image-preview:large","max-video-preview":"max-video-preview:-1"},"canonical":"https:\/\/textinova.lu\/boutique\/maroquinerie-dame\/portefeuille-en-liegetexture-texas-fonce-2\/","og_locale":"en_US","og_type":"article","og_title":"Purse made of cork fabric, pattern natural - Design Textinova - Articles en Li\u00e8ge -Cr\u00e9ateur sacs en Li\u00e8ge,Bijouterie en Li\u00e8ge,accesoires en Li\u00e8ge","og_description":"Collection Textinova Cork Fashion","og_url":"https:\/\/textinova.lu\/boutique\/maroquinerie-dame\/portefeuille-en-liegetexture-texas-fonce-2\/","og_site_name":"Design Textinova - Articles en Li\u00e8ge -Cr\u00e9ateur sacs en Li\u00e8ge,Bijouterie en Li\u00e8ge,accesoires en Li\u00e8ge","article_modified_time":"2021-06-01T07:36:10+00:00","og_image":[{"width":1536,"height":1788,"url":"https:\/\/textinova.lu\/wp-content\/uploads\/2015\/01\/EC57-RETALHOS.jpg","type":"image\/jpeg"}],"twitter_card":"summary_large_image","schema":{"@context":"https:\/\/schema.org","@graph":[{"@type":"WebPage","@id":"https:\/\/textinova.lu\/boutique\/maroquinerie-dame\/portefeuille-en-liegetexture-texas-fonce-2\/","url":"https:\/\/textinova.lu\/boutique\/maroquinerie-dame\/portefeuille-en-liegetexture-texas-fonce-2\/","name":"Purse made of cork fabric, pattern natural - Design Textinova - Articles en Li\u00e8ge -Cr\u00e9ateur sacs en Li\u00e8ge,Bijouterie en Li\u00e8ge,accesoires en Li\u00e8ge","isPartOf":{"@id":"https:\/\/textinova.lu\/#website"},"primaryImageOfPage":{"@id":"https:\/\/textinova.lu\/boutique\/maroquinerie-dame\/portefeuille-en-liegetexture-texas-fonce-2\/#primaryimage"},"image":{"@id":"https:\/\/textinova.lu\/boutique\/maroquinerie-dame\/portefeuille-en-liegetexture-texas-fonce-2\/#primaryimage"},"thumbnailUrl":"https:\/\/textinova.lu\/wp-content\/uploads\/2020\/05\/EC57-TEXTURE-VENEZA-GOLD.jpg","datePublished":"2018-02-09T13:23:44+00:00","dateModified":"2021-06-01T07:36:10+00:00","breadcrumb":{"@id":"https:\/\/textinova.lu\/boutique\/maroquinerie-dame\/portefeuille-en-liegetexture-texas-fonce-2\/#breadcrumb"},"inLanguage":"en-US","potentialAction":[{"@type":"ReadAction","target":["https:\/\/textinova.lu\/boutique\/maroquinerie-dame\/portefeuille-en-liegetexture-texas-fonce-2\/"]}]},{"@type":"ImageObject","inLanguage":"en-US","@id":"https:\/\/textinova.lu\/boutique\/maroquinerie-dame\/portefeuille-en-liegetexture-texas-fonce-2\/#primaryimage","url":"https:\/\/textinova.lu\/wp-content\/uploads\/2020\/05\/EC57-TEXTURE-VENEZA-GOLD.jpg","contentUrl":"https:\/\/textinova.lu\/wp-content\/uploads\/2020\/05\/EC57-TEXTURE-VENEZA-GOLD.jpg","width":640,"height":550},{"@type":"BreadcrumbList","@id":"https:\/\/textinova.lu\/boutique\/maroquinerie-dame\/portefeuille-en-liegetexture-texas-fonce-2\/#breadcrumb","itemListElement":[{"@type":"ListItem","position":1,"name":"Accueil","item":"https:\/\/textinova.lu\/en\/"},{"@type":"ListItem","position":2,"name":"Shop","item":"https:\/\/textinova.lu\/en\/boutique\/"},{"@type":"ListItem","position":3,"name":"Purse made of cork fabric, pattern natural"}]},{"@type":"WebSite","@id":"https:\/\/textinova.lu\/#website","url":"https:\/\/textinova.lu\/","name":"Textinova","description":"Cr\u00e9ations Artisanales en Li\u00e8ge 100% Naturel","publisher":{"@id":"https:\/\/textinova.lu\/#organization"},"potentialAction":[{"@type":"SearchAction","target":{"@type":"EntryPoint","urlTemplate":"https:\/\/textinova.lu\/?s={search_term_string}"},"query-input":{"@type":"PropertyValueSpecification","valueRequired":true,"valueName":"search_term_string"}}],"inLanguage":"en-US"},{"@type":"Organization","@id":"https:\/\/textinova.lu\/#organization","name":"Textinova","url":"https:\/\/textinova.lu\/","logo":{"@type":"ImageObject","inLanguage":"en-US","@id":"https:\/\/textinova.lu\/#\/schema\/logo\/image\/","url":"https:\/\/textinova.lu\/wp-content\/uploads\/2023\/05\/logo-textinova-cork-luxdesign.-2015jpg.jpg","contentUrl":"https:\/\/textinova.lu\/wp-content\/uploads\/2023\/05\/logo-textinova-cork-luxdesign.-2015jpg.jpg","width":300,"height":190,"caption":"Textinova"},"image":{"@id":"https:\/\/textinova.lu\/#\/schema\/logo\/image\/"},"sameAs":["https:\/\/www.youtube.com\/channel\/UC-re5faHketDuAZHsyjnxFw"]}]}},"_links":{"self":[{"href":"https:\/\/textinova.lu\/en\/wp-json\/wp\/v2\/product\/9533","targetHints":{"allow":["GET"]}}],"collection":[{"href":"https:\/\/textinova.lu\/en\/wp-json\/wp\/v2\/product"}],"about":[{"href":"https:\/\/textinova.lu\/en\/wp-json\/wp\/v2\/types\/product"}],"replies":[{"embeddable":true,"href":"https:\/\/textinova.lu\/en\/wp-json\/wp\/v2\/comments?post=9533"}],"wp:featuredmedia":[{"embeddable":true,"href":"https:\/\/textinova.lu\/en\/wp-json\/wp\/v2\/media\/20765"}],"wp:attachment":[{"href":"https:\/\/textinova.lu\/en\/wp-json\/wp\/v2\/media?parent=9533"}],"wp:term":[{"taxonomy":"product_brand","embeddable":true,"href":"https:\/\/textinova.lu\/en\/wp-json\/wp\/v2\/product_brand?post=9533"},{"taxonomy":"product_cat","embeddable":true,"href":"https:\/\/textinova.lu\/en\/wp-json\/wp\/v2\/product_cat?post=9533"},{"taxonomy":"product_tag","embeddable":true,"href":"https:\/\/textinova.lu\/en\/wp-json\/wp\/v2\/product_tag?post=9533"}],"curies":[{"name":"wp","href":"https:\/\/api.w.org\/{rel}","templated":true}]}}