{"id":9695,"date":"2018-02-21T12:07:40","date_gmt":"2018-02-21T10:10:59","guid":{"rendered":"http:\/\/textinova.lu\/?post_type=product&#038;p=9695"},"modified":"2025-02-04T11:08:08","modified_gmt":"2025-02-04T09:08:08","slug":"coin-purse-made-of-cork-fabric-pattern-recycled","status":"publish","type":"product","link":"https:\/\/textinova.lu\/en\/boutique\/cork-fashion-women\/coin-purse-made-of-cork-fabric-pattern-recycled\/","title":{"rendered":"Coin purse, made of cork fabric, pattern recycled"},"content":{"rendered":"<p>Zippered coin purse made of cork fabric.<\/p>\n<p>It has two pockets with a slot on each side for cards<\/p>\n<p>Size (LxH): 8,5cm*12cm<\/p>\n<p>Available in several patterns<\/p>\n<p>Cleaning: Waterproof, washable with soap and water<\/p>\n<p>A stylish, ecological and original fashion choice.<br \/>\n100% natural, recyclable and biodegradable.<\/p>\n<p><strong>Protect the Nature \u2013 Think Bio \u2013 Buy Cork !<\/strong><\/p>\n","protected":false},"excerpt":{"rendered":"<p>Zippered coin purse made of cork fabric. It has two pockets with a slot on each side for [&hellip;]<\/p>\n","protected":false},"featured_media":17769,"comment_status":"closed","ping_status":"closed","template":"","meta":[],"product_brand":[],"product_cat":[203,199],"product_tag":[],"class_list":{"0":"post-9695","1":"product","2":"type-product","3":"status-publish","4":"has-post-thumbnail","6":"product_cat-cork-fashion-men","7":"product_cat-cork-fashion-women","9":"first","10":"outofstock","11":"taxable","12":"shipping-taxable","13":"purchasable","14":"product-type-simple"},"yoast_head":"<!-- This site is optimized with the Yoast SEO plugin v25.5 - https:\/\/yoast.com\/wordpress\/plugins\/seo\/ -->\n<title>Coin purse, made of cork fabric, pattern recycled - Design Textinova - Articles en Li\u00e8ge -Cr\u00e9ateur sacs en Li\u00e8ge,Bijouterie en Li\u00e8ge,accesoires en Li\u00e8ge<\/title>\n<meta name=\"robots\" content=\"index, follow, max-snippet:-1, max-image-preview:large, max-video-preview:-1\" \/>\n<link rel=\"canonical\" href=\"https:\/\/textinova.lu\/boutique\/fashion-men\/porte-monnaies-en-liege-texture-recycled\/\" \/>\n<meta property=\"og:locale\" content=\"en_US\" \/>\n<meta property=\"og:type\" content=\"article\" \/>\n<meta property=\"og:title\" content=\"Coin purse, made of cork fabric, pattern recycled - Design Textinova - Articles en Li\u00e8ge -Cr\u00e9ateur sacs en Li\u00e8ge,Bijouterie en Li\u00e8ge,accesoires en Li\u00e8ge\" \/>\n<meta property=\"og:description\" content=\"Zippered coin purse made of cork fabric. It has two pockets with a slot on each side for [&hellip;]\" \/>\n<meta property=\"og:url\" content=\"https:\/\/textinova.lu\/boutique\/fashion-men\/porte-monnaies-en-liege-texture-recycled\/\" \/>\n<meta property=\"og:site_name\" content=\"Design Textinova - Articles en Li\u00e8ge -Cr\u00e9ateur sacs en Li\u00e8ge,Bijouterie en Li\u00e8ge,accesoires en Li\u00e8ge\" \/>\n<meta property=\"article:modified_time\" content=\"2025-02-04T09:08:08+00:00\" \/>\n<meta property=\"og:image\" content=\"https:\/\/textinova.lu\/wp-content\/uploads\/2022\/01\/271228642_278895774144352_4367590967367151388_n.jpg\" \/>\n\t<meta property=\"og:image:width\" content=\"800\" \/>\n\t<meta property=\"og:image:height\" content=\"780\" \/>\n\t<meta property=\"og:image:type\" content=\"image\/jpeg\" \/>\n<meta name=\"twitter:card\" content=\"summary_large_image\" \/>\n<script type=\"application\/ld+json\" class=\"yoast-schema-graph\">{\"@context\":\"https:\/\/schema.org\",\"@graph\":[{\"@type\":\"WebPage\",\"@id\":\"https:\/\/textinova.lu\/boutique\/fashion-men\/porte-monnaies-en-liege-texture-recycled\/\",\"url\":\"https:\/\/textinova.lu\/boutique\/fashion-men\/porte-monnaies-en-liege-texture-recycled\/\",\"name\":\"Coin purse, made of cork fabric, pattern recycled - Design Textinova - Articles en Li\u00e8ge -Cr\u00e9ateur sacs en Li\u00e8ge,Bijouterie en Li\u00e8ge,accesoires en Li\u00e8ge\",\"isPartOf\":{\"@id\":\"https:\/\/textinova.lu\/#website\"},\"primaryImageOfPage\":{\"@id\":\"https:\/\/textinova.lu\/boutique\/fashion-men\/porte-monnaies-en-liege-texture-recycled\/#primaryimage\"},\"image\":{\"@id\":\"https:\/\/textinova.lu\/boutique\/fashion-men\/porte-monnaies-en-liege-texture-recycled\/#primaryimage\"},\"thumbnailUrl\":\"https:\/\/textinova.lu\/wp-content\/uploads\/2022\/01\/271228642_278895774144352_4367590967367151388_n.jpg\",\"datePublished\":\"2018-02-21T10:10:59+00:00\",\"dateModified\":\"2025-02-04T09:08:08+00:00\",\"breadcrumb\":{\"@id\":\"https:\/\/textinova.lu\/boutique\/fashion-men\/porte-monnaies-en-liege-texture-recycled\/#breadcrumb\"},\"inLanguage\":\"en-US\",\"potentialAction\":[{\"@type\":\"ReadAction\",\"target\":[\"https:\/\/textinova.lu\/boutique\/fashion-men\/porte-monnaies-en-liege-texture-recycled\/\"]}]},{\"@type\":\"ImageObject\",\"inLanguage\":\"en-US\",\"@id\":\"https:\/\/textinova.lu\/boutique\/fashion-men\/porte-monnaies-en-liege-texture-recycled\/#primaryimage\",\"url\":\"https:\/\/textinova.lu\/wp-content\/uploads\/2022\/01\/271228642_278895774144352_4367590967367151388_n.jpg\",\"contentUrl\":\"https:\/\/textinova.lu\/wp-content\/uploads\/2022\/01\/271228642_278895774144352_4367590967367151388_n.jpg\",\"width\":800,\"height\":780},{\"@type\":\"BreadcrumbList\",\"@id\":\"https:\/\/textinova.lu\/boutique\/fashion-men\/porte-monnaies-en-liege-texture-recycled\/#breadcrumb\",\"itemListElement\":[{\"@type\":\"ListItem\",\"position\":1,\"name\":\"Accueil\",\"item\":\"https:\/\/textinova.lu\/en\/\"},{\"@type\":\"ListItem\",\"position\":2,\"name\":\"Shop\",\"item\":\"https:\/\/textinova.lu\/en\/boutique\/\"},{\"@type\":\"ListItem\",\"position\":3,\"name\":\"Coin purse, made of cork fabric, pattern recycled\"}]},{\"@type\":\"WebSite\",\"@id\":\"https:\/\/textinova.lu\/#website\",\"url\":\"https:\/\/textinova.lu\/\",\"name\":\"Textinova\",\"description\":\"Cr\u00e9ations Artisanales en Li\u00e8ge 100% Naturel\",\"publisher\":{\"@id\":\"https:\/\/textinova.lu\/#organization\"},\"potentialAction\":[{\"@type\":\"SearchAction\",\"target\":{\"@type\":\"EntryPoint\",\"urlTemplate\":\"https:\/\/textinova.lu\/?s={search_term_string}\"},\"query-input\":{\"@type\":\"PropertyValueSpecification\",\"valueRequired\":true,\"valueName\":\"search_term_string\"}}],\"inLanguage\":\"en-US\"},{\"@type\":\"Organization\",\"@id\":\"https:\/\/textinova.lu\/#organization\",\"name\":\"Textinova\",\"url\":\"https:\/\/textinova.lu\/\",\"logo\":{\"@type\":\"ImageObject\",\"inLanguage\":\"en-US\",\"@id\":\"https:\/\/textinova.lu\/#\/schema\/logo\/image\/\",\"url\":\"https:\/\/textinova.lu\/wp-content\/uploads\/2023\/05\/logo-textinova-cork-luxdesign.-2015jpg.jpg\",\"contentUrl\":\"https:\/\/textinova.lu\/wp-content\/uploads\/2023\/05\/logo-textinova-cork-luxdesign.-2015jpg.jpg\",\"width\":300,\"height\":190,\"caption\":\"Textinova\"},\"image\":{\"@id\":\"https:\/\/textinova.lu\/#\/schema\/logo\/image\/\"},\"sameAs\":[\"https:\/\/www.youtube.com\/channel\/UC-re5faHketDuAZHsyjnxFw\"]}]}<\/script>\n<!-- \/ Yoast SEO plugin. -->","yoast_head_json":{"title":"Coin purse, made of cork fabric, pattern recycled - Design Textinova - Articles en Li\u00e8ge -Cr\u00e9ateur sacs en Li\u00e8ge,Bijouterie en Li\u00e8ge,accesoires en Li\u00e8ge","robots":{"index":"index","follow":"follow","max-snippet":"max-snippet:-1","max-image-preview":"max-image-preview:large","max-video-preview":"max-video-preview:-1"},"canonical":"https:\/\/textinova.lu\/boutique\/fashion-men\/porte-monnaies-en-liege-texture-recycled\/","og_locale":"en_US","og_type":"article","og_title":"Coin purse, made of cork fabric, pattern recycled - Design Textinova - Articles en Li\u00e8ge -Cr\u00e9ateur sacs en Li\u00e8ge,Bijouterie en Li\u00e8ge,accesoires en Li\u00e8ge","og_description":"Zippered coin purse made of cork fabric. It has two pockets with a slot on each side for [&hellip;]","og_url":"https:\/\/textinova.lu\/boutique\/fashion-men\/porte-monnaies-en-liege-texture-recycled\/","og_site_name":"Design Textinova - Articles en Li\u00e8ge -Cr\u00e9ateur sacs en Li\u00e8ge,Bijouterie en Li\u00e8ge,accesoires en Li\u00e8ge","article_modified_time":"2025-02-04T09:08:08+00:00","og_image":[{"width":800,"height":780,"url":"https:\/\/textinova.lu\/wp-content\/uploads\/2022\/01\/271228642_278895774144352_4367590967367151388_n.jpg","type":"image\/jpeg"}],"twitter_card":"summary_large_image","schema":{"@context":"https:\/\/schema.org","@graph":[{"@type":"WebPage","@id":"https:\/\/textinova.lu\/boutique\/fashion-men\/porte-monnaies-en-liege-texture-recycled\/","url":"https:\/\/textinova.lu\/boutique\/fashion-men\/porte-monnaies-en-liege-texture-recycled\/","name":"Coin purse, made of cork fabric, pattern recycled - Design Textinova - Articles en Li\u00e8ge -Cr\u00e9ateur sacs en Li\u00e8ge,Bijouterie en Li\u00e8ge,accesoires en Li\u00e8ge","isPartOf":{"@id":"https:\/\/textinova.lu\/#website"},"primaryImageOfPage":{"@id":"https:\/\/textinova.lu\/boutique\/fashion-men\/porte-monnaies-en-liege-texture-recycled\/#primaryimage"},"image":{"@id":"https:\/\/textinova.lu\/boutique\/fashion-men\/porte-monnaies-en-liege-texture-recycled\/#primaryimage"},"thumbnailUrl":"https:\/\/textinova.lu\/wp-content\/uploads\/2022\/01\/271228642_278895774144352_4367590967367151388_n.jpg","datePublished":"2018-02-21T10:10:59+00:00","dateModified":"2025-02-04T09:08:08+00:00","breadcrumb":{"@id":"https:\/\/textinova.lu\/boutique\/fashion-men\/porte-monnaies-en-liege-texture-recycled\/#breadcrumb"},"inLanguage":"en-US","potentialAction":[{"@type":"ReadAction","target":["https:\/\/textinova.lu\/boutique\/fashion-men\/porte-monnaies-en-liege-texture-recycled\/"]}]},{"@type":"ImageObject","inLanguage":"en-US","@id":"https:\/\/textinova.lu\/boutique\/fashion-men\/porte-monnaies-en-liege-texture-recycled\/#primaryimage","url":"https:\/\/textinova.lu\/wp-content\/uploads\/2022\/01\/271228642_278895774144352_4367590967367151388_n.jpg","contentUrl":"https:\/\/textinova.lu\/wp-content\/uploads\/2022\/01\/271228642_278895774144352_4367590967367151388_n.jpg","width":800,"height":780},{"@type":"BreadcrumbList","@id":"https:\/\/textinova.lu\/boutique\/fashion-men\/porte-monnaies-en-liege-texture-recycled\/#breadcrumb","itemListElement":[{"@type":"ListItem","position":1,"name":"Accueil","item":"https:\/\/textinova.lu\/en\/"},{"@type":"ListItem","position":2,"name":"Shop","item":"https:\/\/textinova.lu\/en\/boutique\/"},{"@type":"ListItem","position":3,"name":"Coin purse, made of cork fabric, pattern recycled"}]},{"@type":"WebSite","@id":"https:\/\/textinova.lu\/#website","url":"https:\/\/textinova.lu\/","name":"Textinova","description":"Cr\u00e9ations Artisanales en Li\u00e8ge 100% Naturel","publisher":{"@id":"https:\/\/textinova.lu\/#organization"},"potentialAction":[{"@type":"SearchAction","target":{"@type":"EntryPoint","urlTemplate":"https:\/\/textinova.lu\/?s={search_term_string}"},"query-input":{"@type":"PropertyValueSpecification","valueRequired":true,"valueName":"search_term_string"}}],"inLanguage":"en-US"},{"@type":"Organization","@id":"https:\/\/textinova.lu\/#organization","name":"Textinova","url":"https:\/\/textinova.lu\/","logo":{"@type":"ImageObject","inLanguage":"en-US","@id":"https:\/\/textinova.lu\/#\/schema\/logo\/image\/","url":"https:\/\/textinova.lu\/wp-content\/uploads\/2023\/05\/logo-textinova-cork-luxdesign.-2015jpg.jpg","contentUrl":"https:\/\/textinova.lu\/wp-content\/uploads\/2023\/05\/logo-textinova-cork-luxdesign.-2015jpg.jpg","width":300,"height":190,"caption":"Textinova"},"image":{"@id":"https:\/\/textinova.lu\/#\/schema\/logo\/image\/"},"sameAs":["https:\/\/www.youtube.com\/channel\/UC-re5faHketDuAZHsyjnxFw"]}]}},"_links":{"self":[{"href":"https:\/\/textinova.lu\/en\/wp-json\/wp\/v2\/product\/9695","targetHints":{"allow":["GET"]}}],"collection":[{"href":"https:\/\/textinova.lu\/en\/wp-json\/wp\/v2\/product"}],"about":[{"href":"https:\/\/textinova.lu\/en\/wp-json\/wp\/v2\/types\/product"}],"replies":[{"embeddable":true,"href":"https:\/\/textinova.lu\/en\/wp-json\/wp\/v2\/comments?post=9695"}],"wp:featuredmedia":[{"embeddable":true,"href":"https:\/\/textinova.lu\/en\/wp-json\/wp\/v2\/media\/17769"}],"wp:attachment":[{"href":"https:\/\/textinova.lu\/en\/wp-json\/wp\/v2\/media?parent=9695"}],"wp:term":[{"taxonomy":"product_brand","embeddable":true,"href":"https:\/\/textinova.lu\/en\/wp-json\/wp\/v2\/product_brand?post=9695"},{"taxonomy":"product_cat","embeddable":true,"href":"https:\/\/textinova.lu\/en\/wp-json\/wp\/v2\/product_cat?post=9695"},{"taxonomy":"product_tag","embeddable":true,"href":"https:\/\/textinova.lu\/en\/wp-json\/wp\/v2\/product_tag?post=9695"}],"curies":[{"name":"wp","href":"https:\/\/api.w.org\/{rel}","templated":true}]}}